{"id":73947,"date":"2024-07-05T09:55:00","date_gmt":"2024-07-05T08:55:00","guid":{"rendered":"https:\/\/www.memoria.cat\/josep-compte\/?page_id=73947"},"modified":"2024-07-06T15:44:04","modified_gmt":"2024-07-06T14:44:04","slug":"fotografies","status":"publish","type":"page","link":"https:\/\/www.memoria.cat\/josep-compte\/fotografies\/","title":{"rendered":"Fotografies"},"content":{"rendered":"<div id=\"jig1\" class=\"justified-image-grid jig-806b3ec24ed7ae86a485d32c4fb34f3f jig-preset-c3 jig-source-wp-gallery jig-rml-id-2\"><div class=\"jig-clearfix\"><\/div><noscript id=\"jig1-html\" class=\"justified-image-grid-html\" data-lazy-src=\"skiplazyload\" data-src=\"skipunveillazyload\"><ul><li><a href=\"https:\/\/www.memoria.cat\/josep-compte\/wp-content\/uploads\/sites\/137\/2024\/07\/001.jpg\" title=\"Carnet de soci del CECB.\"><img fetchpriority=\"high\" decoding=\"async\" src=\"https:\/\/www.memoria.cat\/josep-compte\/wp-content\/plugins\/justified-image-grid\/timthumb.php?src=https%3A%2F%2Fwww.memoria.cat%2Fjosep-compte%2Fwp-content%2Fuploads%2Fsites%2F137%2F2024%2F07%2F001.jpg&amp;h=230&amp;q=90&amp;f=.jpg\" alt=\"Carnet de soci del CECB.\" width=\"287\" height=\"230\" \/><\/a><p class=\"jig-HTMLdescription\">Carnet de soci del CECB.<\/p><\/li><li><a href=\"https:\/\/www.memoria.cat\/josep-compte\/wp-content\/uploads\/sites\/137\/2024\/07\/002-scaled.jpg\" title=\"Acampada a Sant Vicen\u00e7 de Castellet, any 1934.\"><img decoding=\"async\" src=\"https:\/\/www.memoria.cat\/josep-compte\/wp-content\/plugins\/justified-image-grid\/timthumb.php?src=https%3A%2F%2Fwww.memoria.cat%2Fjosep-compte%2Fwp-content%2Fuploads%2Fsites%2F137%2F2024%2F07%2F002-scaled.jpg&amp;h=230&amp;q=90&amp;f=.jpg\" alt=\"Acampada a Sant Vicen\u00e7 de Castellet, any 1934.\" width=\"357\" height=\"230\" \/><\/a><p class=\"jig-HTMLdescription\">Acampada a Sant Vicen\u00e7 de Castellet, any 1934.<\/p><\/li><li><a href=\"https:\/\/www.memoria.cat\/josep-compte\/wp-content\/uploads\/sites\/137\/2024\/07\/003-scaled.jpg\" title=\"Acampada a Sant Vicen\u00e7 de Castellet, any 1934.\"><img decoding=\"async\" src=\"https:\/\/www.memoria.cat\/josep-compte\/wp-content\/plugins\/justified-image-grid\/timthumb.php?src=https%3A%2F%2Fwww.memoria.cat%2Fjosep-compte%2Fwp-content%2Fuploads%2Fsites%2F137%2F2024%2F07%2F003-scaled.jpg&amp;h=230&amp;q=90&amp;f=.jpg\" alt=\"Acampada a Sant Vicen\u00e7 de Castellet, any 1934.\" width=\"389\" height=\"230\" \/><\/a><p class=\"jig-HTMLdescription\">Acampada a Sant Vicen\u00e7 de Castellet, any 1934.<\/p><\/li><li><a href=\"https:\/\/www.memoria.cat\/josep-compte\/wp-content\/uploads\/sites\/137\/2024\/07\/004-scaled.jpg\" title=\"Esqu\u00ed als Rasos de Peguera amb companys del CECB.\"><img loading=\"lazy\" decoding=\"async\" src=\"https:\/\/www.memoria.cat\/josep-compte\/wp-content\/plugins\/justified-image-grid\/timthumb.php?src=https%3A%2F%2Fwww.memoria.cat%2Fjosep-compte%2Fwp-content%2Fuploads%2Fsites%2F137%2F2024%2F07%2F004-scaled.jpg&amp;h=230&amp;q=90&amp;f=.jpg\" alt=\"Esqu\u00ed als Rasos de Peguera amb companys del CECB.\" width=\"377\" height=\"230\" \/><\/a><p class=\"jig-HTMLdescription\">Esqu\u00ed als Rasos de Peguera amb companys del CECB.<\/p><\/li><li><a href=\"https:\/\/www.memoria.cat\/josep-compte\/wp-content\/uploads\/sites\/137\/2024\/07\/005-scaled.jpg\" title=\"Carnet de soldat del Regiment Pirinenc n\u00fam.1 de Catalunya.\"><img loading=\"lazy\" decoding=\"async\" src=\"https:\/\/www.memoria.cat\/josep-compte\/wp-content\/plugins\/justified-image-grid\/timthumb.php?src=https%3A%2F%2Fwww.memoria.cat%2Fjosep-compte%2Fwp-content%2Fuploads%2Fsites%2F137%2F2024%2F07%2F005-scaled.jpg&amp;h=230&amp;q=90&amp;f=.jpg\" alt=\"Carnet de soldat del Regiment Pirinenc n\u00fam.1 de Catalunya.\" width=\"347\" height=\"230\" \/><\/a><p class=\"jig-HTMLdescription\">Carnet de soldat del Regiment Pirinenc n\u00fam.1 de Catalunya.<\/p><\/li><li><a href=\"https:\/\/www.memoria.cat\/josep-compte\/wp-content\/uploads\/sites\/137\/2024\/07\/006-scaled.jpg\" title=\"La Primera Companyia d\u2019Esqu\u00ed fent pr\u00e0ctiques militars a La Molina.\"><img loading=\"lazy\" decoding=\"async\" src=\"https:\/\/www.memoria.cat\/josep-compte\/wp-content\/plugins\/justified-image-grid\/timthumb.php?src=https%3A%2F%2Fwww.memoria.cat%2Fjosep-compte%2Fwp-content%2Fuploads%2Fsites%2F137%2F2024%2F07%2F006-scaled.jpg&amp;h=230&amp;q=90&amp;f=.jpg\" alt=\"La Primera Companyia d\u2019Esqu\u00ed fent pr\u00e0ctiques militars a La Molina.\" width=\"337\" height=\"230\" \/><\/a><p class=\"jig-HTMLdescription\">La Primera Companyia d\u2019Esqu\u00ed fent pr\u00e0ctiques militars a La Molina.<\/p><\/li><li><a href=\"https:\/\/www.memoria.cat\/josep-compte\/wp-content\/uploads\/sites\/137\/2024\/07\/007-scaled.jpg\" title=\"La Companyia d\u2019Esqu\u00ed a la placeta del xalet de La Molina per anar a fer pr\u00e0ctiques militars.\"><img loading=\"lazy\" decoding=\"async\" src=\"https:\/\/www.memoria.cat\/josep-compte\/wp-content\/plugins\/justified-image-grid\/timthumb.php?src=https%3A%2F%2Fwww.memoria.cat%2Fjosep-compte%2Fwp-content%2Fuploads%2Fsites%2F137%2F2024%2F07%2F007-scaled.jpg&amp;h=230&amp;q=90&amp;f=.jpg\" alt=\"La Companyia d\u2019Esqu\u00ed a la placeta del xalet de La Molina per anar a fer pr\u00e0ctiques militars.\" width=\"253\" height=\"230\" \/><\/a><p class=\"jig-HTMLdescription\">La Companyia d\u2019Esqu\u00ed a la placeta del xalet de La Molina per anar a fer pr\u00e0ctiques militars.<\/p><\/li><li><a href=\"https:\/\/www.memoria.cat\/josep-compte\/wp-content\/uploads\/sites\/137\/2024\/07\/008.jpg\" title=\"La Companyia d\u2019Esqu\u00ed  de marxa per La Molina.\"><img loading=\"lazy\" decoding=\"async\" src=\"https:\/\/www.memoria.cat\/josep-compte\/wp-content\/plugins\/justified-image-grid\/timthumb.php?src=https%3A%2F%2Fwww.memoria.cat%2Fjosep-compte%2Fwp-content%2Fuploads%2Fsites%2F137%2F2024%2F07%2F008.jpg&amp;h=230&amp;q=90&amp;f=.jpg\" alt=\"La Companyia d\u2019Esqu\u00ed  de marxa per La Molina.\" width=\"230\" height=\"230\" \/><\/a><p class=\"jig-HTMLdescription\">La Companyia d\u2019Esqu\u00ed  de marxa per La Molina.<\/p><\/li><li><a href=\"https:\/\/www.memoria.cat\/josep-compte\/wp-content\/uploads\/sites\/137\/2024\/07\/009.jpg\" title=\"La Companyia d\u2019Esqu\u00ed a l\u2019estaci\u00f3 de tren de La Molina.\"><img loading=\"lazy\" decoding=\"async\" src=\"https:\/\/www.memoria.cat\/josep-compte\/wp-content\/plugins\/justified-image-grid\/timthumb.php?src=https%3A%2F%2Fwww.memoria.cat%2Fjosep-compte%2Fwp-content%2Fuploads%2Fsites%2F137%2F2024%2F07%2F009.jpg&amp;h=230&amp;q=90&amp;f=.jpg\" alt=\"La Companyia d\u2019Esqu\u00ed a l\u2019estaci\u00f3 de tren de La Molina.\" width=\"353\" height=\"230\" \/><\/a><p class=\"jig-HTMLdescription\">La Companyia d\u2019Esqu\u00ed a l\u2019estaci\u00f3 de tren de La Molina.<\/p><\/li><li><a href=\"https:\/\/www.memoria.cat\/josep-compte\/wp-content\/uploads\/sites\/137\/2024\/07\/010-scaled.jpg\" title=\". Grup manres\u00e0 a la Companyia d\u2019Esqu\u00ed: Josep Compte, Joan Prat, Enric Vilajosana i Miquel Pujol, que duu la bandera catalana amb l\u2019emblema de la companyia, la Flor de Neu.\"><img loading=\"lazy\" decoding=\"async\" src=\"https:\/\/www.memoria.cat\/josep-compte\/wp-content\/plugins\/justified-image-grid\/timthumb.php?src=https%3A%2F%2Fwww.memoria.cat%2Fjosep-compte%2Fwp-content%2Fuploads%2Fsites%2F137%2F2024%2F07%2F010-scaled.jpg&amp;h=230&amp;q=90&amp;f=.jpg\" alt=\". Grup manres\u00e0 a la Companyia d\u2019Esqu\u00ed: Josep Compte, Joan Prat, Enric Vilajosana i Miquel Pujol, que duu la bandera catalana amb l\u2019emblema de la companyia, la Flor de Neu.\" width=\"156\" height=\"230\" \/><\/a><p class=\"jig-HTMLdescription\">. Grup manres\u00e0 a la Companyia d\u2019Esqu\u00ed: Josep Compte, Joan Prat, Enric Vilajosana i Miquel Pujol, que duu la bandera catalana amb l\u2019emblema de la companyia, la Flor de Neu.<\/p><\/li><li><a href=\"https:\/\/www.memoria.cat\/josep-compte\/wp-content\/uploads\/sites\/137\/2024\/07\/011-scaled.jpg\" title=\"A la Vall d\u2019Otal. Compte \u00e9s el del mig.\"><img loading=\"lazy\" decoding=\"async\" src=\"https:\/\/www.memoria.cat\/josep-compte\/wp-content\/plugins\/justified-image-grid\/timthumb.php?src=https%3A%2F%2Fwww.memoria.cat%2Fjosep-compte%2Fwp-content%2Fuploads%2Fsites%2F137%2F2024%2F07%2F011-scaled.jpg&amp;h=230&amp;q=90&amp;f=.jpg\" alt=\"A la Vall d\u2019Otal. Compte \u00e9s el del mig.\" width=\"156\" height=\"230\" \/><\/a><p class=\"jig-HTMLdescription\">A la Vall d\u2019Otal. Compte \u00e9s el del mig.<\/p><\/li><li><a href=\"https:\/\/www.memoria.cat\/josep-compte\/wp-content\/uploads\/sites\/137\/2024\/07\/012-scaled.jpg\" title=\"Josep Compte i el tamb\u00e9 manres\u00e0 Miquel Pujol a La Molina.\"><img loading=\"lazy\" decoding=\"async\" src=\"https:\/\/www.memoria.cat\/josep-compte\/wp-content\/plugins\/justified-image-grid\/timthumb.php?src=https%3A%2F%2Fwww.memoria.cat%2Fjosep-compte%2Fwp-content%2Fuploads%2Fsites%2F137%2F2024%2F07%2F012-scaled.jpg&amp;h=230&amp;q=90&amp;f=.jpg\" alt=\"Josep Compte i el tamb\u00e9 manres\u00e0 Miquel Pujol a La Molina.\" width=\"156\" height=\"230\" \/><\/a><p class=\"jig-HTMLdescription\">Josep Compte i el tamb\u00e9 manres\u00e0 Miquel Pujol a La Molina.<\/p><\/li><li><a href=\"https:\/\/www.memoria.cat\/josep-compte\/wp-content\/uploads\/sites\/137\/2024\/07\/013.jpg\" title=\"La Companyia d\u2019Esqu\u00ed fent pr\u00e0ctiques de tir a La Molina.\"><img loading=\"lazy\" decoding=\"async\" src=\"https:\/\/www.memoria.cat\/josep-compte\/wp-content\/plugins\/justified-image-grid\/timthumb.php?src=https%3A%2F%2Fwww.memoria.cat%2Fjosep-compte%2Fwp-content%2Fuploads%2Fsites%2F137%2F2024%2F07%2F013.jpg&amp;h=230&amp;q=90&amp;f=.jpg\" alt=\"La Companyia d\u2019Esqu\u00ed fent pr\u00e0ctiques de tir a La Molina.\" width=\"344\" height=\"230\" \/><\/a><p class=\"jig-HTMLdescription\">La Companyia d\u2019Esqu\u00ed fent pr\u00e0ctiques de tir a La Molina.<\/p><\/li><li><a href=\"https:\/\/www.memoria.cat\/josep-compte\/wp-content\/uploads\/sites\/137\/2024\/07\/014.jpg\" title=\"La Companyia d\u2019Esqu\u00ed fent pr\u00e0ctiques de tir a La Molina.\"><img loading=\"lazy\" decoding=\"async\" src=\"https:\/\/www.memoria.cat\/josep-compte\/wp-content\/plugins\/justified-image-grid\/timthumb.php?src=https%3A%2F%2Fwww.memoria.cat%2Fjosep-compte%2Fwp-content%2Fuploads%2Fsites%2F137%2F2024%2F07%2F014.jpg&amp;h=230&amp;q=90&amp;f=.jpg\" alt=\"La Companyia d\u2019Esqu\u00ed fent pr\u00e0ctiques de tir a La Molina.\" width=\"383\" height=\"230\" \/><\/a><p class=\"jig-HTMLdescription\">La Companyia d\u2019Esqu\u00ed fent pr\u00e0ctiques de tir a La Molina.<\/p><\/li><li><a href=\"https:\/\/www.memoria.cat\/josep-compte\/wp-content\/uploads\/sites\/137\/2024\/07\/015-scaled.jpg\" title=\"Josep Compte i Miquel Pujol a La Molina\"><img loading=\"lazy\" decoding=\"async\" src=\"https:\/\/www.memoria.cat\/josep-compte\/wp-content\/plugins\/justified-image-grid\/timthumb.php?src=https%3A%2F%2Fwww.memoria.cat%2Fjosep-compte%2Fwp-content%2Fuploads%2Fsites%2F137%2F2024%2F07%2F015-scaled.jpg&amp;h=230&amp;q=90&amp;f=.jpg\" alt=\"Josep Compte i Miquel Pujol a La Molina\" width=\"389\" height=\"230\" \/><\/a><p class=\"jig-HTMLdescription\">Josep Compte i Miquel Pujol a La Molina<\/p><\/li><li><a href=\"https:\/\/www.memoria.cat\/josep-compte\/wp-content\/uploads\/sites\/137\/2024\/07\/016-scaled.jpg\" title=\"Josep Compte i Miquel Pujol, esquiant entre els boscos de La Molina.\"><img loading=\"lazy\" decoding=\"async\" src=\"https:\/\/www.memoria.cat\/josep-compte\/wp-content\/plugins\/justified-image-grid\/timthumb.php?src=https%3A%2F%2Fwww.memoria.cat%2Fjosep-compte%2Fwp-content%2Fuploads%2Fsites%2F137%2F2024%2F07%2F016-scaled.jpg&amp;h=230&amp;q=90&amp;f=.jpg\" alt=\"Josep Compte i Miquel Pujol, esquiant entre els boscos de La Molina.\" width=\"337\" height=\"230\" \/><\/a><p class=\"jig-HTMLdescription\">Josep Compte i Miquel Pujol, esquiant entre els boscos de La Molina.<\/p><\/li><li><a href=\"https:\/\/www.memoria.cat\/josep-compte\/wp-content\/uploads\/sites\/137\/2024\/07\/017-scaled.jpg\" title=\"Els soldats de la Companyia d\u2019Esqu\u00ed, fets presoners per la FAI de la Cerdanya, recullen els bagatges.\"><img loading=\"lazy\" decoding=\"async\" src=\"https:\/\/www.memoria.cat\/josep-compte\/wp-content\/plugins\/justified-image-grid\/timthumb.php?src=https%3A%2F%2Fwww.memoria.cat%2Fjosep-compte%2Fwp-content%2Fuploads%2Fsites%2F137%2F2024%2F07%2F017-scaled.jpg&amp;h=230&amp;q=90&amp;f=.jpg\" alt=\"Els soldats de la Companyia d\u2019Esqu\u00ed, fets presoners per la FAI de la Cerdanya, recullen els bagatges.\" width=\"337\" height=\"230\" \/><\/a><p class=\"jig-HTMLdescription\">Els soldats de la Companyia d\u2019Esqu\u00ed, fets presoners per la FAI de la Cerdanya, recullen els bagatges.<\/p><\/li><li><a href=\"https:\/\/www.memoria.cat\/josep-compte\/wp-content\/uploads\/sites\/137\/2024\/07\/018-scaled.jpg\" title=\"La 3a secci\u00f3 de la Companyia d\u2019Esqu\u00ed a Torla el 1937, poc abans de  l\u2019absorci\u00f3 per l\u2019Ex\u00e8rcit Popular de la Rep\u00fablica. El distintiu de la gorra militar \u00e9s la Flor de Neu.\"><img loading=\"lazy\" decoding=\"async\" src=\"https:\/\/www.memoria.cat\/josep-compte\/wp-content\/plugins\/justified-image-grid\/timthumb.php?src=https%3A%2F%2Fwww.memoria.cat%2Fjosep-compte%2Fwp-content%2Fuploads%2Fsites%2F137%2F2024%2F07%2F018-scaled.jpg&amp;h=230&amp;q=90&amp;f=.jpg\" alt=\"La 3a secci\u00f3 de la Companyia d\u2019Esqu\u00ed a Torla el 1937, poc abans de  l\u2019absorci\u00f3 per l\u2019Ex\u00e8rcit Popular de la Rep\u00fablica. El distintiu de la gorra militar \u00e9s la Flor de Neu.\" width=\"377\" height=\"230\" \/><\/a><p class=\"jig-HTMLdescription\">La 3a secci\u00f3 de la Companyia d\u2019Esqu\u00ed a Torla el 1937, poc abans de  l\u2019absorci\u00f3 per l\u2019Ex\u00e8rcit Popular de la Rep\u00fablica. El distintiu de la gorra militar \u00e9s la Flor de Neu.<\/p><\/li><li><a href=\"https:\/\/www.memoria.cat\/josep-compte\/wp-content\/uploads\/sites\/137\/2024\/07\/019.jpg\" title=\"La barberia. Bujaruelo, primavera de 1937.\"><img loading=\"lazy\" decoding=\"async\" src=\"https:\/\/www.memoria.cat\/josep-compte\/wp-content\/plugins\/justified-image-grid\/timthumb.php?src=https%3A%2F%2Fwww.memoria.cat%2Fjosep-compte%2Fwp-content%2Fuploads%2Fsites%2F137%2F2024%2F07%2F019.jpg&amp;h=230&amp;q=90&amp;f=.jpg\" alt=\"La barberia. Bujaruelo, primavera de 1937.\" width=\"327\" height=\"230\" \/><\/a><p class=\"jig-HTMLdescription\">La barberia. Bujaruelo, primavera de 1937.<\/p><\/li><li><a href=\"https:\/\/www.memoria.cat\/josep-compte\/wp-content\/uploads\/sites\/137\/2024\/07\/020.jpg\" title=\"La cabana d\u2019Otal. Al fons, el port de Bujaruelo.\"><img loading=\"lazy\" decoding=\"async\" src=\"https:\/\/www.memoria.cat\/josep-compte\/wp-content\/plugins\/justified-image-grid\/timthumb.php?src=https%3A%2F%2Fwww.memoria.cat%2Fjosep-compte%2Fwp-content%2Fuploads%2Fsites%2F137%2F2024%2F07%2F020.jpg&amp;h=230&amp;q=90&amp;f=.jpg\" alt=\"La cabana d\u2019Otal. Al fons, el port de Bujaruelo.\" width=\"234\" height=\"230\" \/><\/a><p class=\"jig-HTMLdescription\">La cabana d\u2019Otal. Al fons, el port de Bujaruelo.<\/p><\/li><li><a href=\"https:\/\/www.memoria.cat\/josep-compte\/wp-content\/uploads\/sites\/137\/2024\/07\/021-scaled.jpg\" title=\"Destacament a la cabana d\u2019Otal. Compte \u00e9s el que est\u00e0 assegut llegint.\"><img loading=\"lazy\" decoding=\"async\" src=\"https:\/\/www.memoria.cat\/josep-compte\/wp-content\/plugins\/justified-image-grid\/timthumb.php?src=https%3A%2F%2Fwww.memoria.cat%2Fjosep-compte%2Fwp-content%2Fuploads%2Fsites%2F137%2F2024%2F07%2F021-scaled.jpg&amp;h=230&amp;q=90&amp;f=.jpg\" alt=\"Destacament a la cabana d\u2019Otal. Compte \u00e9s el que est\u00e0 assegut llegint.\" width=\"377\" height=\"230\" \/><\/a><p class=\"jig-HTMLdescription\">Destacament a la cabana d\u2019Otal. Compte \u00e9s el que est\u00e0 assegut llegint.<\/p><\/li><li><a href=\"https:\/\/www.memoria.cat\/josep-compte\/wp-content\/uploads\/sites\/137\/2024\/07\/022-scaled.jpg\" title=\"Fotografiat de soldat a Pamplona.\"><img loading=\"lazy\" decoding=\"async\" src=\"https:\/\/www.memoria.cat\/josep-compte\/wp-content\/plugins\/justified-image-grid\/timthumb.php?src=https%3A%2F%2Fwww.memoria.cat%2Fjosep-compte%2Fwp-content%2Fuploads%2Fsites%2F137%2F2024%2F07%2F022-scaled.jpg&amp;h=230&amp;q=90&amp;f=.jpg\" alt=\"Fotografiat de soldat a Pamplona.\" width=\"156\" height=\"230\" \/><\/a><p class=\"jig-HTMLdescription\">Fotografiat de soldat a Pamplona.<\/p><\/li><li><a href=\"https:\/\/www.memoria.cat\/josep-compte\/wp-content\/uploads\/sites\/137\/2024\/07\/023-scaled.jpg\" title=\"Compte, primer per l\u2019esquerra, amb un grup de catalans del Regiment Am\u00e9rica 23 a Pamplona.\"><img loading=\"lazy\" decoding=\"async\" src=\"https:\/\/www.memoria.cat\/josep-compte\/wp-content\/plugins\/justified-image-grid\/timthumb.php?src=https%3A%2F%2Fwww.memoria.cat%2Fjosep-compte%2Fwp-content%2Fuploads%2Fsites%2F137%2F2024%2F07%2F023-scaled.jpg&amp;h=230&amp;q=90&amp;f=.jpg\" alt=\"Compte, primer per l\u2019esquerra, amb un grup de catalans del Regiment Am\u00e9rica 23 a Pamplona.\" width=\"156\" height=\"230\" \/><\/a><p class=\"jig-HTMLdescription\">Compte, primer per l\u2019esquerra, amb un grup de catalans del Regiment Am\u00e9rica 23 a Pamplona.<\/p><\/li><li><a href=\"https:\/\/www.memoria.cat\/josep-compte\/wp-content\/uploads\/sites\/137\/2024\/07\/024-scaled.jpg\" title=\"Compte, en una fotografia de galeria, feta a l\u2019antic estudi Sard\u00e0 del carrer Guimer\u00e0 15 de Manresa.\"><img loading=\"lazy\" decoding=\"async\" src=\"https:\/\/www.memoria.cat\/josep-compte\/wp-content\/plugins\/justified-image-grid\/timthumb.php?src=https%3A%2F%2Fwww.memoria.cat%2Fjosep-compte%2Fwp-content%2Fuploads%2Fsites%2F137%2F2024%2F07%2F024-scaled.jpg&amp;h=230&amp;q=90&amp;f=.jpg\" alt=\"Compte, en una fotografia de galeria, feta a l\u2019antic estudi Sard\u00e0 del carrer Guimer\u00e0 15 de Manresa.\" width=\"148\" height=\"230\" \/><\/a><p class=\"jig-HTMLdescription\">Compte, en una fotografia de galeria, feta a l\u2019antic estudi Sard\u00e0 del carrer Guimer\u00e0 15 de Manresa.<\/p><\/li><\/ul><\/noscript><\/div>\n<p>&nbsp;<\/p>\n","protected":false},"excerpt":{"rendered":"<p>&nbsp;<\/p>\n","protected":false},"author":28,"featured_media":0,"parent":0,"menu_order":0,"comment_status":"closed","ping_status":"closed","template":"","meta":{"iawp_total_views":4,"footnotes":""},"class_list":["post-73947","page","type-page","status-publish","hentry"],"_links":{"self":[{"href":"https:\/\/www.memoria.cat\/josep-compte\/wp-json\/wp\/v2\/pages\/73947","targetHints":{"allow":["GET"]}}],"collection":[{"href":"https:\/\/www.memoria.cat\/josep-compte\/wp-json\/wp\/v2\/pages"}],"about":[{"href":"https:\/\/www.memoria.cat\/josep-compte\/wp-json\/wp\/v2\/types\/page"}],"author":[{"embeddable":true,"href":"https:\/\/www.memoria.cat\/josep-compte\/wp-json\/wp\/v2\/users\/28"}],"replies":[{"embeddable":true,"href":"https:\/\/www.memoria.cat\/josep-compte\/wp-json\/wp\/v2\/comments?post=73947"}],"version-history":[{"count":0,"href":"https:\/\/www.memoria.cat\/josep-compte\/wp-json\/wp\/v2\/pages\/73947\/revisions"}],"wp:attachment":[{"href":"https:\/\/www.memoria.cat\/josep-compte\/wp-json\/wp\/v2\/media?parent=73947"}],"curies":[{"name":"wp","href":"https:\/\/api.w.org\/{rel}","templated":true}]}}