{"id":16,"date":"2009-12-16T14:55:19","date_gmt":"2009-12-16T13:55:19","guid":{"rendered":"https:\/\/www.memoria.cat\/jacint-carrio\/articles-de-jacint-carrio-i-vilaseca-publicats-la-premsa-manresana\/"},"modified":"2023-05-02T19:31:15","modified_gmt":"2023-05-02T18:31:15","slug":"articles-de-jacint-carrio-i-vilaseca-publicats-la-premsa-manresana","status":"publish","type":"page","link":"https:\/\/www.memoria.cat\/jacint-carrio\/articles-de-jacint-carrio-i-vilaseca-publicats-la-premsa-manresana\/","title":{"rendered":"Articles de Jacint Carri\u00f3 i Vilaseca publicats a la premsa manresana"},"content":{"rendered":"<p>&nbsp;<\/p>\n<p style=\"text-align: center;\">\u201cBernat Toran i el 5 de maig\u201d. <em>Regi\u00f3 7<\/em>. 5 de maig del 1979<div id=\"jig1\" class=\"justified-image-grid jig-955b6d1eadf97d9053f4819fb42b29c7 jig-preset-c2 jig-source-wp-gallery jig-rml-id-82\"><div class=\"jig-clearfix\"><\/div><noscript id=\"jig1-html\" class=\"justified-image-grid-html\" data-lazy-src=\"skiplazyload\" data-src=\"skipunveillazyload\"><ul><li><a href=\"https:\/\/www.memoria.cat\/jacint-carrio\/wp-content\/uploads\/sites\/75\/2022\/12\/5-5-1979.-Bernat-Toran-i-el-5-de-maig.pdf\" rel=\"external\"><img fetchpriority=\"high\" decoding=\"async\" src=\"https:\/\/www.memoria.cat\/jacint-carrio\/wp-content\/uploads\/sites\/75\/2022\/12\/5-5-1979.-Bernat-Toran-i-el-5-de-maig-pdf.jpg\" alt=\"\" width=\"235\" height=\"230\" \/><\/a><\/li><\/ul><\/noscript><\/div><\/p>\n<p style=\"text-align: center;\">\u201cL\u2019Esquerra de nou amb vosaltres\u201d. <em>Regi\u00f3 7<\/em>. 13 de mar\u00e7 del 1980<div id=\"jig2\" class=\"justified-image-grid jig-8bc4f0ba4112af1027e933566cccb2e4 jig-preset-c2 jig-source-wp-gallery jig-rml-id-83\"><div class=\"jig-clearfix\"><\/div><noscript id=\"jig2-html\" class=\"justified-image-grid-html\" data-lazy-src=\"skiplazyload\" data-src=\"skipunveillazyload\"><ul><li><a href=\"https:\/\/www.memoria.cat\/jacint-carrio\/wp-content\/uploads\/sites\/75\/2022\/12\/esquerra-de-nou-amb-nosaltres.jpeg\"><img decoding=\"async\" src=\"https:\/\/www.memoria.cat\/jacint-carrio\/wp-content\/uploads\/sites\/75\/2022\/12\/esquerra-de-nou-amb-nosaltres.jpeg\" alt=\"\" width=\"160\" height=\"230\" \/><\/a><\/li><\/ul><\/noscript><\/div><\/p>\n<p style=\"text-align: center;\">\u201cQu\u00e8 \u00e9s i qu\u00e8 vol E.R.C.\u201d. \u201c<em>Gazeta de Manresa<\/em>\u201d. Secci\u00f3 \u201cCartas a Gazeta de Manresa\u201d, 13 de mar\u00e7 del 1980<div id=\"jig3\" class=\"justified-image-grid jig-ba25461705102e9098cddb238b6e3159 jig-preset-c2 jig-source-wp-gallery jig-rml-id-86\"><div class=\"jig-clearfix\"><\/div><noscript id=\"jig3-html\" class=\"justified-image-grid-html\" data-lazy-src=\"skiplazyload\" data-src=\"skipunveillazyload\"><ul><li><a href=\"https:\/\/www.memoria.cat\/jacint-carrio\/wp-content\/uploads\/sites\/75\/2023\/03\/Que_es_i_que_vol_ERC.jpg\" title=\"Que_es_i_que_vol_ERC\"><img decoding=\"async\" src=\"https:\/\/www.memoria.cat\/jacint-carrio\/wp-content\/uploads\/sites\/75\/2023\/03\/Que_es_i_que_vol_ERC.jpg\" alt=\"Que_es_i_que_vol_ERC\" width=\"156\" height=\"230\" \/><\/a><p class=\"jig-HTMLdescription\">Que_es_i_que_vol_ERC<\/p><\/li><\/ul><\/noscript><\/div><\/p>\n<p style=\"text-align: center;\">\u201cA Llu\u00eds Companys i Jover\u201d. <em>Regi\u00f3 7<\/em>.\u00a0 17 d\u2019octubre del 1981<div id=\"jig4\" class=\"justified-image-grid jig-950552e0080918517c45263d3e3fc733 jig-preset-c2 jig-source-wp-gallery jig-rml-id-87\"><div class=\"jig-clearfix\"><\/div><noscript id=\"jig4-html\" class=\"justified-image-grid-html\" data-lazy-src=\"skiplazyload\" data-src=\"skipunveillazyload\"><ul><li><a href=\"https:\/\/www.memoria.cat\/jacint-carrio\/wp-content\/uploads\/sites\/75\/2023\/03\/17-10-1981_A_Lluis_Companys_i_Jover.pdf\" rel=\"external\"><img loading=\"lazy\" decoding=\"async\" src=\"https:\/\/www.memoria.cat\/jacint-carrio\/wp-content\/uploads\/sites\/75\/2023\/03\/17-10-1981_A_Lluis_Companys_i_Jover-pdf.jpg\" alt=\"\" width=\"37\" height=\"230\" \/><\/a><\/li><\/ul><\/noscript><\/div><\/p>\n<p style=\"text-align: center;\">\u201cM\u00fasica per a sobreviure\u201d. <em>Regi\u00f3 7<\/em>. Lectura, n\u00famero 9. 14 de novembre del 1981<div id=\"jig5\" class=\"justified-image-grid jig-12bc9ae24286a8f5d5720a72e484c50e jig-preset-c2 jig-source-wp-gallery jig-rml-id-88\"><div class=\"jig-clearfix\"><\/div><noscript id=\"jig5-html\" class=\"justified-image-grid-html\" data-lazy-src=\"skiplazyload\" data-src=\"skipunveillazyload\"><ul><li><a href=\"https:\/\/www.memoria.cat\/jacint-carrio\/wp-content\/uploads\/sites\/75\/2023\/03\/14-11-1981_Musica_per_a_sobreviure.pdf\" rel=\"external\"><img loading=\"lazy\" decoding=\"async\" src=\"https:\/\/www.memoria.cat\/jacint-carrio\/wp-content\/uploads\/sites\/75\/2023\/03\/14-11-1981_Musica_per_a_sobreviure-pdf.jpg\" alt=\"\" width=\"222\" height=\"230\" \/><\/a><\/li><\/ul><\/noscript><\/div><\/p>\n<p style=\"text-align: center;\">\u201cRecordant el cor de La Uni\u00f3\u201d. <em>Regi\u00f3 7<\/em>. Lectura, n\u00famero 21. 13 de febrer del 1982<div id=\"jig6\" class=\"justified-image-grid jig-da23bf7c0c16360eaaa746903c4a4805 jig-preset-c2 jig-source-wp-gallery jig-rml-id-89\"><div class=\"jig-clearfix\"><\/div><noscript id=\"jig6-html\" class=\"justified-image-grid-html\" data-lazy-src=\"skiplazyload\" data-src=\"skipunveillazyload\"><ul><li><a href=\"https:\/\/www.memoria.cat\/jacint-carrio\/wp-content\/uploads\/sites\/75\/2023\/03\/13-2-1982_Recordant_el_cor_de_La_Unio.pdf\" rel=\"external\"><img loading=\"lazy\" decoding=\"async\" src=\"https:\/\/www.memoria.cat\/jacint-carrio\/wp-content\/uploads\/sites\/75\/2023\/03\/13-2-1982_Recordant_el_cor_de_La_Unio-pdf.jpg\" alt=\"\" width=\"181\" height=\"230\" \/><\/a><\/li><\/ul><\/noscript><\/div><\/p>\n<p style=\"text-align: center;\">\u201cUn llarg i dif\u00edcil cam\u00ed\u201d. <em>Regi\u00f3 7<\/em>. Lectura, n\u00famero 32. 8 de maig del 1982<div id=\"jig7\" class=\"justified-image-grid jig-b4701db914a734972ca74666e308061b jig-preset-c2 jig-source-wp-gallery jig-rml-id-90\"><div class=\"jig-clearfix\"><\/div><noscript id=\"jig7-html\" class=\"justified-image-grid-html\" data-lazy-src=\"skiplazyload\" data-src=\"skipunveillazyload\"><ul><li><a href=\"https:\/\/www.memoria.cat\/jacint-carrio\/wp-content\/uploads\/sites\/75\/2023\/03\/8-5-1982_Un_llarg_i_dificil_cami.pdf\" rel=\"external\"><img loading=\"lazy\" decoding=\"async\" src=\"https:\/\/www.memoria.cat\/jacint-carrio\/wp-content\/uploads\/sites\/75\/2023\/03\/8-5-1982_Un_llarg_i_dificil_cami-pdf.jpg\" alt=\"\" width=\"167\" height=\"230\" \/><\/a><\/li><\/ul><\/noscript><\/div><\/p>\n<p style=\"text-align: center;\">\u201cJoan Selves i l\u201911 de setembre\u201d. <em>Regi\u00f3 7<\/em>. 10 de setembre de 1984.<div id=\"jig8\" class=\"justified-image-grid jig-ff83c95d21d665e4587751c02f15d72f jig-preset-c2 jig-source-wp-gallery jig-rml-id-91\"><div class=\"jig-clearfix\"><\/div><noscript id=\"jig8-html\" class=\"justified-image-grid-html\" data-lazy-src=\"skiplazyload\" data-src=\"skipunveillazyload\"><ul><li><a href=\"https:\/\/www.memoria.cat\/jacint-carrio\/wp-content\/uploads\/sites\/75\/2023\/03\/10-9-1984_Joan_Selves_i_11_de_Setembre.pdf\" rel=\"external\"><img loading=\"lazy\" decoding=\"async\" src=\"https:\/\/www.memoria.cat\/jacint-carrio\/wp-content\/uploads\/sites\/75\/2023\/03\/10-9-1984_Joan_Selves_i_11_de_Setembre-pdf.jpg\" alt=\"\" width=\"111\" height=\"230\" \/><\/a><\/li><\/ul><\/noscript><\/div><\/p>\n<p style=\"text-align: center;\">\u201cJoaquim Amat-Piniella, un s\u00edmbol de la deportaci\u00f3\u201d. ( <em>Regi\u00f3 7<\/em>. 4 de maig del 1985<div id=\"jig9\" class=\"justified-image-grid jig-e4012afa17a2011d44a178160907a599 jig-preset-c2 jig-source-wp-gallery jig-rml-id-92\"><div class=\"jig-clearfix\"><\/div><noscript id=\"jig9-html\" class=\"justified-image-grid-html\" data-lazy-src=\"skiplazyload\" data-src=\"skipunveillazyload\"><ul><li><a href=\"https:\/\/www.memoria.cat\/jacint-carrio\/wp-content\/uploads\/sites\/75\/2023\/03\/1g-1.jpg\"><img loading=\"lazy\" decoding=\"async\" src=\"https:\/\/www.memoria.cat\/jacint-carrio\/wp-content\/uploads\/sites\/75\/2023\/03\/1g-1.jpg\" alt=\"\" width=\"162\" height=\"230\" \/><\/a><\/li><li><a href=\"https:\/\/www.memoria.cat\/jacint-carrio\/wp-content\/uploads\/sites\/75\/2023\/03\/2g-1.jpg\"><img loading=\"lazy\" decoding=\"async\" src=\"https:\/\/www.memoria.cat\/jacint-carrio\/wp-content\/uploads\/sites\/75\/2023\/03\/2g-1.jpg\" alt=\"\" width=\"163\" height=\"230\" \/><\/a><\/li><\/ul><\/noscript><\/div><\/p>\n<p style=\"text-align: center;\">\u201cRecordan\u00e7a d\u2019aquell 14 d\u2019abril del 1931\u201d. <em>Regi\u00f3 7<\/em>. 19 d\u2019abril del 1988<div id=\"jig10\" class=\"justified-image-grid jig-efe616760946e8a374c72443ce2718a1 jig-preset-c2 jig-source-wp-gallery jig-rml-id-93\"><div class=\"jig-clearfix\"><\/div><noscript id=\"jig10-html\" class=\"justified-image-grid-html\" data-lazy-src=\"skiplazyload\" data-src=\"skipunveillazyload\"><ul><li><a href=\"https:\/\/www.memoria.cat\/jacint-carrio\/wp-content\/uploads\/sites\/75\/2023\/03\/19-4-1988_Recordanca_aquell_14_abril_del_1931.pdf\" rel=\"external\"><img loading=\"lazy\" decoding=\"async\" src=\"https:\/\/www.memoria.cat\/jacint-carrio\/wp-content\/uploads\/sites\/75\/2023\/03\/19-4-1988_Recordanca_aquell_14_abril_del_1931-pdf.jpg\" alt=\"\" width=\"93\" height=\"230\" \/><\/a><\/li><\/ul><\/noscript><\/div><\/p>\n<p style=\"text-align: center;\">\u201cLlu\u00eds Companys\u201d. <em>Regi\u00f3 7<\/em>. 14 d\u2019octubre del 1989<div id=\"jig11\" class=\"justified-image-grid jig-90db7747dfefc5e11900e49c95b73824 jig-preset-c2 jig-source-wp-gallery jig-rml-id-94\"><div class=\"jig-clearfix\"><\/div><noscript id=\"jig11-html\" class=\"justified-image-grid-html\" data-lazy-src=\"skiplazyload\" data-src=\"skipunveillazyload\"><ul><li><a href=\"https:\/\/www.memoria.cat\/jacint-carrio\/wp-content\/uploads\/sites\/75\/2023\/03\/14-10-1989_Lluis_Companys.pdf\" rel=\"external\"><img loading=\"lazy\" decoding=\"async\" src=\"https:\/\/www.memoria.cat\/jacint-carrio\/wp-content\/uploads\/sites\/75\/2023\/03\/14-10-1989_Lluis_Companys-pdf.jpg\" alt=\"\" width=\"122\" height=\"230\" \/><\/a><\/li><\/ul><\/noscript><\/div><\/p>\n<p>\u201cAvui fa cinquanta anys vaig ser lliure\u201d. <em>Regi\u00f3 7<\/em>. 5 de maig del 1995 (publicat de nou l\u20191 de novembre del 2000).<div id=\"jig12\" class=\"justified-image-grid jig-fccdd538b2dca216dd5c1d5a5e3fe134 jig-preset-c2 jig-source-wp-gallery jig-rml-id-95\"><div class=\"jig-clearfix\"><\/div><noscript id=\"jig12-html\" class=\"justified-image-grid-html\" data-lazy-src=\"skiplazyload\" data-src=\"skipunveillazyload\"><ul><li><a href=\"https:\/\/www.memoria.cat\/jacint-carrio\/wp-content\/uploads\/sites\/75\/2023\/03\/Avui_fa_50_anys_vaig_ser_lliure.pdf\" rel=\"external\"><img loading=\"lazy\" decoding=\"async\" src=\"https:\/\/www.memoria.cat\/jacint-carrio\/wp-content\/uploads\/sites\/75\/2023\/03\/Avui_fa_50_anys_vaig_ser_lliure-pdf.jpg\" alt=\"\" width=\"159\" height=\"230\" \/><\/a><\/li><\/ul><\/noscript><\/div><\/p>\n<p style=\"text-align: center;\">\u201cOpini\u00f3 o viv\u00e8ncia\u201d. <em>Regi\u00f3 7<\/em>. 15 de novembre del 1996<div id=\"jig13\" class=\"justified-image-grid jig-bb6a18778c11b681045da1d38e53fae4 jig-preset-c2 jig-source-wp-gallery jig-rml-id-96\"><div class=\"jig-clearfix\"><\/div><noscript id=\"jig13-html\" class=\"justified-image-grid-html\" data-lazy-src=\"skiplazyload\" data-src=\"skipunveillazyload\"><ul><li><a href=\"https:\/\/www.memoria.cat\/jacint-carrio\/wp-content\/uploads\/sites\/75\/2023\/03\/15-11-1996_Opinio_o_vivencia.pdf\" rel=\"external\"><img loading=\"lazy\" decoding=\"async\" src=\"https:\/\/www.memoria.cat\/jacint-carrio\/wp-content\/uploads\/sites\/75\/2023\/03\/15-11-1996_Opinio_o_vivencia-pdf.jpg\" alt=\"\" width=\"130\" height=\"230\" \/><\/a><\/li><\/ul><\/noscript><\/div><\/p>\n<p style=\"text-align: center;\">\u201cPresident en moments cr\u00edtics\u201d. <em>Regi\u00f3 7<\/em>. 14 d\u2019octubre del 2000<div id=\"jig14\" class=\"justified-image-grid jig-33a82e7bb72404e1885445bfb080f63f jig-preset-c2 jig-source-wp-gallery jig-rml-id-97\"><div class=\"jig-clearfix\"><\/div><noscript id=\"jig14-html\" class=\"justified-image-grid-html\" data-lazy-src=\"skiplazyload\" data-src=\"skipunveillazyload\"><ul><li><a href=\"https:\/\/www.memoria.cat\/jacint-carrio\/wp-content\/uploads\/sites\/75\/2023\/03\/President_en_moments_critics-scaled.jpg\"><img loading=\"lazy\" decoding=\"async\" src=\"https:\/\/www.memoria.cat\/jacint-carrio\/wp-content\/uploads\/sites\/75\/2023\/03\/President_en_moments_critics-scaled.jpg\" alt=\"\" width=\"85\" height=\"230\" \/><\/a><\/li><\/ul><\/noscript><\/div><\/p>\n","protected":false},"excerpt":{"rendered":"<p>&nbsp; \u201cBernat Toran i el 5 de maig\u201d. Regi\u00f3 7. 5 de maig del 1979 \u201cL\u2019Esquerra de nou amb vosaltres\u201d. Regi\u00f3 7. 13 de mar\u00e7 del 1980 \u201cQu\u00e8 \u00e9s i qu\u00e8 vol E.R.C.\u201d. \u201cGazeta de Manresa\u201d. Secci\u00f3 \u201cCartas a Gazeta de Manresa\u201d, 13 de mar\u00e7 del 1980 \u201cA Llu\u00eds Companys i Jover\u201d. Regi\u00f3 7.\u00a0 17 [&hellip;]<\/p>\n","protected":false},"author":67,"featured_media":0,"parent":0,"menu_order":0,"comment_status":"closed","ping_status":"closed","template":"","meta":{"iawp_total_views":2,"footnotes":""},"class_list":["post-16","page","type-page","status-publish","hentry"],"_links":{"self":[{"href":"https:\/\/www.memoria.cat\/jacint-carrio\/wp-json\/wp\/v2\/pages\/16","targetHints":{"allow":["GET"]}}],"collection":[{"href":"https:\/\/www.memoria.cat\/jacint-carrio\/wp-json\/wp\/v2\/pages"}],"about":[{"href":"https:\/\/www.memoria.cat\/jacint-carrio\/wp-json\/wp\/v2\/types\/page"}],"author":[{"embeddable":true,"href":"https:\/\/www.memoria.cat\/jacint-carrio\/wp-json\/wp\/v2\/users\/67"}],"replies":[{"embeddable":true,"href":"https:\/\/www.memoria.cat\/jacint-carrio\/wp-json\/wp\/v2\/comments?post=16"}],"version-history":[{"count":0,"href":"https:\/\/www.memoria.cat\/jacint-carrio\/wp-json\/wp\/v2\/pages\/16\/revisions"}],"wp:attachment":[{"href":"https:\/\/www.memoria.cat\/jacint-carrio\/wp-json\/wp\/v2\/media?parent=16"}],"curies":[{"name":"wp","href":"https:\/\/api.w.org\/{rel}","templated":true}]}}