{"id":72150,"date":"2019-09-08T18:06:04","date_gmt":"2019-09-08T17:06:04","guid":{"rendered":"https:\/\/www.memoria.cat\/ilamortvacauredelcel\/?page_id=72150"},"modified":"2019-11-26T17:35:19","modified_gmt":"2019-11-26T16:35:19","slug":"video","status":"publish","type":"page","link":"https:\/\/www.memoria.cat\/ilamortvacauredelcel\/video\/","title":{"rendered":"V\u00eddeo"},"content":{"rendered":"<p>Aqu\u00ed podeu veure una pe\u00e7a audiovisual sobre l\u2019espectacle <em>Refugiar-se,<\/em> de cinc minuts de durada, produ\u00eft pel fot\u00f2graf documental\u00a0<strong>Oriol Segon Torra<\/strong>:\u00a0<a href=\"https:\/\/memoria.us17.list-manage.com\/track\/click?u=3e9e357525388ff87d17c688f&amp;id=b38a56866c&amp;e=b3b9051729\" target=\"_blank\" rel=\"noopener noreferrer\">https:\/\/goo.gl\/HLhCyX<\/a><\/p>\n","protected":false},"excerpt":{"rendered":"<p>Aqu\u00ed podeu veure una pe\u00e7a audiovisual sobre l\u2019espectacle Refugiar-se, de cinc minuts de durada, produ\u00eft pel fot\u00f2graf documental\u00a0Oriol Segon Torra:\u00a0https:\/\/goo.gl\/HLhCyX<\/p>\n","protected":false},"author":27,"featured_media":0,"parent":0,"menu_order":0,"comment_status":"closed","ping_status":"closed","template":"","meta":{"iawp_total_views":0,"footnotes":""},"class_list":["post-72150","page","type-page","status-publish","hentry"],"yoast_head":"<!-- This site is optimized with the Yoast SEO plugin v26.2 - https:\/\/yoast.com\/wordpress\/plugins\/seo\/ -->\n<title>V\u00eddeo - Web de l&#039;exposici\u00f3 &quot;I la mort va caure del cel. 80 anys dels bombardeigs franquistes a Manresa&quot;<\/title>\n<meta name=\"robots\" content=\"index, follow, max-snippet:-1, max-image-preview:large, max-video-preview:-1\" \/>\n<link rel=\"canonical\" href=\"https:\/\/www.memoria.cat\/ilamortvacauredelcel\/video\/\" \/>\n<meta property=\"og:locale\" content=\"ca_ES\" \/>\n<meta property=\"og:type\" content=\"article\" \/>\n<meta property=\"og:title\" content=\"V\u00eddeo - Web de l&#039;exposici\u00f3 &quot;I la mort va caure del cel. 80 anys dels bombardeigs franquistes a Manresa&quot;\" \/>\n<meta property=\"og:description\" content=\"Aqu\u00ed podeu veure una pe\u00e7a audiovisual sobre l\u2019espectacle Refugiar-se, de cinc minuts de durada, produ\u00eft pel fot\u00f2graf documental\u00a0Oriol Segon Torra:\u00a0https:\/\/goo.gl\/HLhCyX\" \/>\n<meta property=\"og:url\" content=\"https:\/\/www.memoria.cat\/ilamortvacauredelcel\/video\/\" \/>\n<meta property=\"og:site_name\" content=\"Web de l&#039;exposici\u00f3 &quot;I la mort va caure del cel. 80 anys dels bombardeigs franquistes a Manresa&quot;\" \/>\n<meta property=\"article:modified_time\" content=\"2019-11-26T16:35:19+00:00\" \/>\n<meta name=\"twitter:card\" content=\"summary_large_image\" \/>\n<script type=\"application\/ld+json\" class=\"yoast-schema-graph\">{\"@context\":\"https:\/\/schema.org\",\"@graph\":[{\"@type\":\"WebPage\",\"@id\":\"https:\/\/www.memoria.cat\/ilamortvacauredelcel\/video\/\",\"url\":\"https:\/\/www.memoria.cat\/ilamortvacauredelcel\/video\/\",\"name\":\"V\u00eddeo - Web de l&#039;exposici\u00f3 &quot;I la mort va caure del cel. 80 anys dels bombardeigs franquistes a Manresa&quot;\",\"isPartOf\":{\"@id\":\"https:\/\/www.memoria.cat\/ilamortvacauredelcel\/#website\"},\"datePublished\":\"2019-09-08T17:06:04+00:00\",\"dateModified\":\"2019-11-26T16:35:19+00:00\",\"breadcrumb\":{\"@id\":\"https:\/\/www.memoria.cat\/ilamortvacauredelcel\/video\/#breadcrumb\"},\"inLanguage\":\"ca\",\"potentialAction\":[{\"@type\":\"ReadAction\",\"target\":[\"https:\/\/www.memoria.cat\/ilamortvacauredelcel\/video\/\"]}]},{\"@type\":\"BreadcrumbList\",\"@id\":\"https:\/\/www.memoria.cat\/ilamortvacauredelcel\/video\/#breadcrumb\",\"itemListElement\":[{\"@type\":\"ListItem\",\"position\":1,\"name\":\"Inici\",\"item\":\"https:\/\/www.memoria.cat\/ilamortvacauredelcel\/\"},{\"@type\":\"ListItem\",\"position\":2,\"name\":\"V\u00eddeo\"}]},{\"@type\":\"WebSite\",\"@id\":\"https:\/\/www.memoria.cat\/ilamortvacauredelcel\/#website\",\"url\":\"https:\/\/www.memoria.cat\/ilamortvacauredelcel\/\",\"name\":\"Web de l&#039;exposici\u00f3 &quot;I la mort va caure del cel. 80 anys dels bombardeigs franquistes a Manresa&quot;\",\"description\":\"\",\"potentialAction\":[{\"@type\":\"SearchAction\",\"target\":{\"@type\":\"EntryPoint\",\"urlTemplate\":\"https:\/\/www.memoria.cat\/ilamortvacauredelcel\/?s={search_term_string}\"},\"query-input\":{\"@type\":\"PropertyValueSpecification\",\"valueRequired\":true,\"valueName\":\"search_term_string\"}}],\"inLanguage\":\"ca\"}]}<\/script>\n<!-- \/ Yoast SEO plugin. -->","yoast_head_json":{"title":"V\u00eddeo - Web de l&#039;exposici\u00f3 &quot;I la mort va caure del cel. 80 anys dels bombardeigs franquistes a Manresa&quot;","robots":{"index":"index","follow":"follow","max-snippet":"max-snippet:-1","max-image-preview":"max-image-preview:large","max-video-preview":"max-video-preview:-1"},"canonical":"https:\/\/www.memoria.cat\/ilamortvacauredelcel\/video\/","og_locale":"ca_ES","og_type":"article","og_title":"V\u00eddeo - Web de l&#039;exposici\u00f3 &quot;I la mort va caure del cel. 80 anys dels bombardeigs franquistes a Manresa&quot;","og_description":"Aqu\u00ed podeu veure una pe\u00e7a audiovisual sobre l\u2019espectacle Refugiar-se, de cinc minuts de durada, produ\u00eft pel fot\u00f2graf documental\u00a0Oriol Segon Torra:\u00a0https:\/\/goo.gl\/HLhCyX","og_url":"https:\/\/www.memoria.cat\/ilamortvacauredelcel\/video\/","og_site_name":"Web de l&#039;exposici\u00f3 &quot;I la mort va caure del cel. 80 anys dels bombardeigs franquistes a Manresa&quot;","article_modified_time":"2019-11-26T16:35:19+00:00","twitter_card":"summary_large_image","schema":{"@context":"https:\/\/schema.org","@graph":[{"@type":"WebPage","@id":"https:\/\/www.memoria.cat\/ilamortvacauredelcel\/video\/","url":"https:\/\/www.memoria.cat\/ilamortvacauredelcel\/video\/","name":"V\u00eddeo - Web de l&#039;exposici\u00f3 &quot;I la mort va caure del cel. 80 anys dels bombardeigs franquistes a Manresa&quot;","isPartOf":{"@id":"https:\/\/www.memoria.cat\/ilamortvacauredelcel\/#website"},"datePublished":"2019-09-08T17:06:04+00:00","dateModified":"2019-11-26T16:35:19+00:00","breadcrumb":{"@id":"https:\/\/www.memoria.cat\/ilamortvacauredelcel\/video\/#breadcrumb"},"inLanguage":"ca","potentialAction":[{"@type":"ReadAction","target":["https:\/\/www.memoria.cat\/ilamortvacauredelcel\/video\/"]}]},{"@type":"BreadcrumbList","@id":"https:\/\/www.memoria.cat\/ilamortvacauredelcel\/video\/#breadcrumb","itemListElement":[{"@type":"ListItem","position":1,"name":"Inici","item":"https:\/\/www.memoria.cat\/ilamortvacauredelcel\/"},{"@type":"ListItem","position":2,"name":"V\u00eddeo"}]},{"@type":"WebSite","@id":"https:\/\/www.memoria.cat\/ilamortvacauredelcel\/#website","url":"https:\/\/www.memoria.cat\/ilamortvacauredelcel\/","name":"Web de l&#039;exposici\u00f3 &quot;I la mort va caure del cel. 80 anys dels bombardeigs franquistes a Manresa&quot;","description":"","potentialAction":[{"@type":"SearchAction","target":{"@type":"EntryPoint","urlTemplate":"https:\/\/www.memoria.cat\/ilamortvacauredelcel\/?s={search_term_string}"},"query-input":{"@type":"PropertyValueSpecification","valueRequired":true,"valueName":"search_term_string"}}],"inLanguage":"ca"}]}},"_links":{"self":[{"href":"https:\/\/www.memoria.cat\/ilamortvacauredelcel\/wp-json\/wp\/v2\/pages\/72150","targetHints":{"allow":["GET"]}}],"collection":[{"href":"https:\/\/www.memoria.cat\/ilamortvacauredelcel\/wp-json\/wp\/v2\/pages"}],"about":[{"href":"https:\/\/www.memoria.cat\/ilamortvacauredelcel\/wp-json\/wp\/v2\/types\/page"}],"author":[{"embeddable":true,"href":"https:\/\/www.memoria.cat\/ilamortvacauredelcel\/wp-json\/wp\/v2\/users\/27"}],"replies":[{"embeddable":true,"href":"https:\/\/www.memoria.cat\/ilamortvacauredelcel\/wp-json\/wp\/v2\/comments?post=72150"}],"version-history":[{"count":0,"href":"https:\/\/www.memoria.cat\/ilamortvacauredelcel\/wp-json\/wp\/v2\/pages\/72150\/revisions"}],"wp:attachment":[{"href":"https:\/\/www.memoria.cat\/ilamortvacauredelcel\/wp-json\/wp\/v2\/media?parent=72150"}],"curies":[{"name":"wp","href":"https:\/\/api.w.org\/{rel}","templated":true}]}}