{"id":72120,"date":"2019-09-08T18:00:37","date_gmt":"2019-09-08T17:00:37","guid":{"rendered":"https:\/\/www.memoria.cat\/ilamortvacauredelcel\/?page_id=72120"},"modified":"2024-12-12T19:16:19","modified_gmt":"2024-12-12T18:16:19","slug":"audio-crides-de-la-junta-de-defensa-passiva-358","status":"publish","type":"page","link":"https:\/\/www.memoria.cat\/ilamortvacauredelcel\/audio-crides-de-la-junta-de-defensa-passiva-358\/","title":{"rendered":"\u00c0udio. Crides de la Junta de Defensa Passiva (3&#8217;58&#8221;)"},"content":{"rendered":"<iframe width=\"100%\" height=\"100\" scrolling=\"no\" frameborder=\"no\" src=\"https:\/\/w.soundcloud.com\/player?url=https%3A%2F%2Fapi.soundcloud.com%2Ftracks%2F684973696&player_height=100&player_height_multi=&player_width=&player_type=html5&color=&auto_play=false&show_comments=false&show_user=false&buying=false&sharing=false&download=false&show_artwork=false&show_playcount=false&hide_related=false\"><\/iframe>\n<h2>Transcripci\u00f3<\/h2>\n<p><strong>Crides de la Junta de Defensa Passiva de la Poblaci\u00f3 Civil de Manresa <\/strong><strong>davant del perill dels atacs de l\u2019aviaci\u00f3 enemiga<\/strong><\/p>\n<p>&nbsp;<\/p>\n<p>Ciutad\u00e0 de Manresa, ja has anat a oferir la teva col\u00b7laboraci\u00f3 a la Junta de Defensa Passiva per a la construcci\u00f3 de refugis i trinxeres?<\/p>\n<p>&nbsp;<\/p>\n<p>Ciutad\u00e0: Quan sentis les sirenes tocant senyal d&#8217;alarma, acudeix al refugi m\u00e9s proper i evita circular pel carrer. Si no arribes a temps al refugi, ajeu-te a terra amb les mans al clatell i amb un tronc a la boca . No passis per sota de balcons i galeries ni romanguis als balcons i als terrats.<\/p>\n<p>&nbsp;<\/p>\n<p>A tots els vidres dels establiments p\u00fablics i de les cases particulars que donin al carrer s\u2019enganxaran tires de paper engomat de 3 a 5 cent\u00edmetres d\u2019amplada, segons el format dels vidres. Han d\u2019enganxar-se per les dues cares, en forma de X o de quadr\u00edcula.<\/p>\n<p>&nbsp;<\/p>\n<p>A partir d\u2019avui, i per evitar mostrar senyals a l\u2019aviaci\u00f3 enemiga, tots els establiments industrials i comercials de Manresa hauran d\u2019apagar a les nou del vespre els llums dels aparadors i altres que tinguin instal\u00b7lats a la fa\u00e7ana del local, de forma que la via p\u00fablica resti \u00fanicament amb l\u2019enllumenat p\u00fablic.<\/p>\n<p>Contravenir aquest punt de l\u2019enllumenat ser\u00e0 considerat com a un sabotatge a la lluita antifeixista.<\/p>\n<p>&nbsp;<\/p>\n<p>Havent considerat la Junta de Defensa de la Poblaci\u00f3 Civil, la necessitat de la construcci\u00f3 immediata dels refugis que calguin a Manresa, queden mobilitzats tots els ciutadans, residents a la nostra ciutat dels 18 als 45 anys, per treballar obligat\u00f2riament en la construcci\u00f3 de refugis.<\/p>\n<p>L\u2019allistament ser\u00e0 per mediaci\u00f3 de les organitzacions sindicals, per ram u oficis als quals pertanyin. La jornada de treball ser\u00e0 de dues hores per torns. El treball ser\u00e0 obligatori per a tots els ciutadans. El que no comparegui al treball li ser\u00e0 imposada una contribuci\u00f3 de 25 pessetes com a m\u00ednim.<\/p>\n<p>&nbsp;<\/p>\n<p>Davant la necessitat d\u2019accelerar la construcci\u00f3 de refugis i trinxeres per resguardar la poblaci\u00f3 dels estralls de possibles bombardeigs de l\u2019aviaci\u00f3 enemiga, la Junta de Defensa Passiva es veu obligada a acordar que:<\/p>\n<p>Tots els ciutadans, empreses col\u00b7lectivitzades, particulars o altres que tinguin en\u00a0 el seu poder pics, pales, o altres eines similars, venen obligats sense excusa de cap classe a lliurar-los al domicili d\u2019aquesta Junta.<\/p>\n<p>Tot el personal del ram de construcci\u00f3, peons, paletes i similars, queden a disposici\u00f3 d\u2019aquesta Junta per efectuar els treballs de construcci\u00f3 de refugis. La Junta designar\u00e0 el lloc on han de comen\u00e7ar el seu treball<\/p>\n<p>&nbsp;<\/p>\n<p>A les llars familiars no utilitzis cuines de gas excepte a les hores de dinar i sopar.<\/p>\n","protected":false},"excerpt":{"rendered":"<p>Transcripci\u00f3 Crides de la Junta de Defensa Passiva de la Poblaci\u00f3 Civil de Manresa davant del perill dels atacs de l\u2019aviaci\u00f3 enemiga &nbsp; Ciutad\u00e0 de Manresa, ja has anat a oferir la teva col\u00b7laboraci\u00f3 a la Junta de Defensa Passiva per a la construcci\u00f3 de refugis i trinxeres? &nbsp; Ciutad\u00e0: Quan sentis les sirenes tocant [&hellip;]<\/p>\n","protected":false},"author":27,"featured_media":0,"parent":0,"menu_order":0,"comment_status":"closed","ping_status":"closed","template":"","meta":{"iawp_total_views":6,"footnotes":""},"class_list":["post-72120","page","type-page","status-publish","hentry"],"yoast_head":"<!-- This site is optimized with the Yoast SEO plugin v26.2 - https:\/\/yoast.com\/wordpress\/plugins\/seo\/ -->\n<title>\u00c0udio. Crides de la Junta de Defensa Passiva (3&#039;58&quot;) - Web de l&#039;exposici\u00f3 &quot;I la mort va caure del cel. 80 anys dels bombardeigs franquistes a Manresa&quot;<\/title>\n<meta name=\"robots\" content=\"index, follow, max-snippet:-1, max-image-preview:large, max-video-preview:-1\" \/>\n<link rel=\"canonical\" href=\"https:\/\/www.memoria.cat\/ilamortvacauredelcel\/audio-crides-de-la-junta-de-defensa-passiva-358\/\" \/>\n<meta property=\"og:locale\" content=\"ca_ES\" \/>\n<meta property=\"og:type\" content=\"article\" \/>\n<meta property=\"og:title\" content=\"\u00c0udio. Crides de la Junta de Defensa Passiva (3&#039;58&quot;) - Web de l&#039;exposici\u00f3 &quot;I la mort va caure del cel. 80 anys dels bombardeigs franquistes a Manresa&quot;\" \/>\n<meta property=\"og:description\" content=\"Transcripci\u00f3 Crides de la Junta de Defensa Passiva de la Poblaci\u00f3 Civil de Manresa davant del perill dels atacs de l\u2019aviaci\u00f3 enemiga &nbsp; Ciutad\u00e0 de Manresa, ja has anat a oferir la teva col\u00b7laboraci\u00f3 a la Junta de Defensa Passiva per a la construcci\u00f3 de refugis i trinxeres? &nbsp; Ciutad\u00e0: Quan sentis les sirenes tocant [&hellip;]\" \/>\n<meta property=\"og:url\" content=\"https:\/\/www.memoria.cat\/ilamortvacauredelcel\/audio-crides-de-la-junta-de-defensa-passiva-358\/\" \/>\n<meta property=\"og:site_name\" content=\"Web de l&#039;exposici\u00f3 &quot;I la mort va caure del cel. 80 anys dels bombardeigs franquistes a Manresa&quot;\" \/>\n<meta property=\"article:modified_time\" content=\"2024-12-12T18:16:19+00:00\" \/>\n<meta name=\"twitter:card\" content=\"summary_large_image\" \/>\n<meta name=\"twitter:label1\" content=\"Temps estimat de lectura\" \/>\n\t<meta name=\"twitter:data1\" content=\"3 minuts\" \/>\n<script type=\"application\/ld+json\" class=\"yoast-schema-graph\">{\"@context\":\"https:\/\/schema.org\",\"@graph\":[{\"@type\":\"WebPage\",\"@id\":\"https:\/\/www.memoria.cat\/ilamortvacauredelcel\/audio-crides-de-la-junta-de-defensa-passiva-358\/\",\"url\":\"https:\/\/www.memoria.cat\/ilamortvacauredelcel\/audio-crides-de-la-junta-de-defensa-passiva-358\/\",\"name\":\"\u00c0udio. Crides de la Junta de Defensa Passiva (3'58\\\") - Web de l&#039;exposici\u00f3 &quot;I la mort va caure del cel. 80 anys dels bombardeigs franquistes a Manresa&quot;\",\"isPartOf\":{\"@id\":\"https:\/\/www.memoria.cat\/ilamortvacauredelcel\/#website\"},\"datePublished\":\"2019-09-08T17:00:37+00:00\",\"dateModified\":\"2024-12-12T18:16:19+00:00\",\"breadcrumb\":{\"@id\":\"https:\/\/www.memoria.cat\/ilamortvacauredelcel\/audio-crides-de-la-junta-de-defensa-passiva-358\/#breadcrumb\"},\"inLanguage\":\"ca\",\"potentialAction\":[{\"@type\":\"ReadAction\",\"target\":[\"https:\/\/www.memoria.cat\/ilamortvacauredelcel\/audio-crides-de-la-junta-de-defensa-passiva-358\/\"]}]},{\"@type\":\"BreadcrumbList\",\"@id\":\"https:\/\/www.memoria.cat\/ilamortvacauredelcel\/audio-crides-de-la-junta-de-defensa-passiva-358\/#breadcrumb\",\"itemListElement\":[{\"@type\":\"ListItem\",\"position\":1,\"name\":\"Inici\",\"item\":\"https:\/\/www.memoria.cat\/ilamortvacauredelcel\/\"},{\"@type\":\"ListItem\",\"position\":2,\"name\":\"\u00c0udio. Crides de la Junta de Defensa Passiva (3&#8217;58&#8221;)\"}]},{\"@type\":\"WebSite\",\"@id\":\"https:\/\/www.memoria.cat\/ilamortvacauredelcel\/#website\",\"url\":\"https:\/\/www.memoria.cat\/ilamortvacauredelcel\/\",\"name\":\"Web de l&#039;exposici\u00f3 &quot;I la mort va caure del cel. 80 anys dels bombardeigs franquistes a Manresa&quot;\",\"description\":\"\",\"potentialAction\":[{\"@type\":\"SearchAction\",\"target\":{\"@type\":\"EntryPoint\",\"urlTemplate\":\"https:\/\/www.memoria.cat\/ilamortvacauredelcel\/?s={search_term_string}\"},\"query-input\":{\"@type\":\"PropertyValueSpecification\",\"valueRequired\":true,\"valueName\":\"search_term_string\"}}],\"inLanguage\":\"ca\"}]}<\/script>\n<!-- \/ Yoast SEO plugin. -->","yoast_head_json":{"title":"\u00c0udio. Crides de la Junta de Defensa Passiva (3'58\") - Web de l&#039;exposici\u00f3 &quot;I la mort va caure del cel. 80 anys dels bombardeigs franquistes a Manresa&quot;","robots":{"index":"index","follow":"follow","max-snippet":"max-snippet:-1","max-image-preview":"max-image-preview:large","max-video-preview":"max-video-preview:-1"},"canonical":"https:\/\/www.memoria.cat\/ilamortvacauredelcel\/audio-crides-de-la-junta-de-defensa-passiva-358\/","og_locale":"ca_ES","og_type":"article","og_title":"\u00c0udio. Crides de la Junta de Defensa Passiva (3'58\") - Web de l&#039;exposici\u00f3 &quot;I la mort va caure del cel. 80 anys dels bombardeigs franquistes a Manresa&quot;","og_description":"Transcripci\u00f3 Crides de la Junta de Defensa Passiva de la Poblaci\u00f3 Civil de Manresa davant del perill dels atacs de l\u2019aviaci\u00f3 enemiga &nbsp; Ciutad\u00e0 de Manresa, ja has anat a oferir la teva col\u00b7laboraci\u00f3 a la Junta de Defensa Passiva per a la construcci\u00f3 de refugis i trinxeres? &nbsp; Ciutad\u00e0: Quan sentis les sirenes tocant [&hellip;]","og_url":"https:\/\/www.memoria.cat\/ilamortvacauredelcel\/audio-crides-de-la-junta-de-defensa-passiva-358\/","og_site_name":"Web de l&#039;exposici\u00f3 &quot;I la mort va caure del cel. 80 anys dels bombardeigs franquistes a Manresa&quot;","article_modified_time":"2024-12-12T18:16:19+00:00","twitter_card":"summary_large_image","twitter_misc":{"Temps estimat de lectura":"3 minuts"},"schema":{"@context":"https:\/\/schema.org","@graph":[{"@type":"WebPage","@id":"https:\/\/www.memoria.cat\/ilamortvacauredelcel\/audio-crides-de-la-junta-de-defensa-passiva-358\/","url":"https:\/\/www.memoria.cat\/ilamortvacauredelcel\/audio-crides-de-la-junta-de-defensa-passiva-358\/","name":"\u00c0udio. Crides de la Junta de Defensa Passiva (3'58\") - Web de l&#039;exposici\u00f3 &quot;I la mort va caure del cel. 80 anys dels bombardeigs franquistes a Manresa&quot;","isPartOf":{"@id":"https:\/\/www.memoria.cat\/ilamortvacauredelcel\/#website"},"datePublished":"2019-09-08T17:00:37+00:00","dateModified":"2024-12-12T18:16:19+00:00","breadcrumb":{"@id":"https:\/\/www.memoria.cat\/ilamortvacauredelcel\/audio-crides-de-la-junta-de-defensa-passiva-358\/#breadcrumb"},"inLanguage":"ca","potentialAction":[{"@type":"ReadAction","target":["https:\/\/www.memoria.cat\/ilamortvacauredelcel\/audio-crides-de-la-junta-de-defensa-passiva-358\/"]}]},{"@type":"BreadcrumbList","@id":"https:\/\/www.memoria.cat\/ilamortvacauredelcel\/audio-crides-de-la-junta-de-defensa-passiva-358\/#breadcrumb","itemListElement":[{"@type":"ListItem","position":1,"name":"Inici","item":"https:\/\/www.memoria.cat\/ilamortvacauredelcel\/"},{"@type":"ListItem","position":2,"name":"\u00c0udio. Crides de la Junta de Defensa Passiva (3&#8217;58&#8221;)"}]},{"@type":"WebSite","@id":"https:\/\/www.memoria.cat\/ilamortvacauredelcel\/#website","url":"https:\/\/www.memoria.cat\/ilamortvacauredelcel\/","name":"Web de l&#039;exposici\u00f3 &quot;I la mort va caure del cel. 80 anys dels bombardeigs franquistes a Manresa&quot;","description":"","potentialAction":[{"@type":"SearchAction","target":{"@type":"EntryPoint","urlTemplate":"https:\/\/www.memoria.cat\/ilamortvacauredelcel\/?s={search_term_string}"},"query-input":{"@type":"PropertyValueSpecification","valueRequired":true,"valueName":"search_term_string"}}],"inLanguage":"ca"}]}},"_links":{"self":[{"href":"https:\/\/www.memoria.cat\/ilamortvacauredelcel\/wp-json\/wp\/v2\/pages\/72120","targetHints":{"allow":["GET"]}}],"collection":[{"href":"https:\/\/www.memoria.cat\/ilamortvacauredelcel\/wp-json\/wp\/v2\/pages"}],"about":[{"href":"https:\/\/www.memoria.cat\/ilamortvacauredelcel\/wp-json\/wp\/v2\/types\/page"}],"author":[{"embeddable":true,"href":"https:\/\/www.memoria.cat\/ilamortvacauredelcel\/wp-json\/wp\/v2\/users\/27"}],"replies":[{"embeddable":true,"href":"https:\/\/www.memoria.cat\/ilamortvacauredelcel\/wp-json\/wp\/v2\/comments?post=72120"}],"version-history":[{"count":0,"href":"https:\/\/www.memoria.cat\/ilamortvacauredelcel\/wp-json\/wp\/v2\/pages\/72120\/revisions"}],"wp:attachment":[{"href":"https:\/\/www.memoria.cat\/ilamortvacauredelcel\/wp-json\/wp\/v2\/media?parent=72120"}],"curies":[{"name":"wp","href":"https:\/\/api.w.org\/{rel}","templated":true}]}}