{"id":72110,"date":"2019-09-08T17:58:45","date_gmt":"2019-09-08T16:58:45","guid":{"rendered":"https:\/\/www.memoria.cat\/ilamortvacauredelcel\/?page_id=72110"},"modified":"2019-11-26T17:13:41","modified_gmt":"2019-11-26T16:13:41","slug":"materials","status":"publish","type":"page","link":"https:\/\/www.memoria.cat\/ilamortvacauredelcel\/materials\/","title":{"rendered":"Els materials"},"content":{"rendered":"<p>Alguns dels materials que es van mostrar a l\u2019exposici\u00f3: una farmaciola amb diferents medicaments d\u2019\u00e8poca i objectes \u201cde superviv\u00e8ncia\u201d que devien portar al damunt les persones que venien a resguardar-se: mantes, coberts, fogons, estris de cuina, peces de roba&#8230; Tamb\u00e9 una nina dels anys 30 -una acompanyant imprescindible per a moltes criatures- i diferents eines i materials de construcci\u00f3.<\/p>\n<p>La vitrina, entre altres elements, va exhibir una careta antig\u00e0s de l\u2019\u00e8poca per protegir-se dels efectes de les armes qu\u00edmiques -que no van ser utilitzades-, un bastonet com els que es posaven a la boca els infants durant els bombardeigs, el crucifix amb impacte de metralla que portava Valent\u00ed Bonveh\u00ed i Closas &#8211;\u00a0 i la \u00a0cartera d\u2019Ignasi Corrons i Llad\u00f3, on tamb\u00e9 es poden veure els efectes de la metralla, i un bra\u00e7alet de la Brigada de Salvament dels bombers de Manresa.<\/p>\n<p>&nbsp;<\/p>\n<div id=\"jig1\" class=\"justified-image-grid jig-ac9d8c1d02cddb38c3f059c51c223514 jig-preset-c2 jig-source-wp-gallery jig-rml-id-20\"><div class=\"jig-clearfix\"><\/div><noscript id=\"jig1-html\" class=\"justified-image-grid-html\" data-lazy-src=\"skiplazyload\" data-src=\"skipunveillazyload\"><ul><li><a href=\"https:\/\/www.memoria.cat\/ilamortvacauredelcel\/wp-content\/uploads\/sites\/203\/2019\/09\/2019.01.19-Expo-2a-e1569143308765.jpg\"><img fetchpriority=\"high\" decoding=\"async\" src=\"https:\/\/www.memoria.cat\/ilamortvacauredelcel\/wp-content\/uploads\/sites\/203\/2019\/09\/2019.01.19-Expo-2a-e1569143308765.jpg\" alt=\"\" width=\"287\" height=\"230\" \/><\/a><\/li><li><a href=\"https:\/\/www.memoria.cat\/ilamortvacauredelcel\/wp-content\/uploads\/sites\/203\/2019\/09\/5a_red-1-e1569143328775.jpg\"><img decoding=\"async\" src=\"https:\/\/www.memoria.cat\/ilamortvacauredelcel\/wp-content\/uploads\/sites\/203\/2019\/09\/5a_red-1-e1569143328775.jpg\" alt=\"\" width=\"408\" height=\"230\" \/><\/a><\/li><li><a href=\"https:\/\/www.memoria.cat\/ilamortvacauredelcel\/wp-content\/uploads\/sites\/203\/2019\/09\/DSC1483a_red-e1569143337475.jpg\"><img decoding=\"async\" src=\"https:\/\/www.memoria.cat\/ilamortvacauredelcel\/wp-content\/uploads\/sites\/203\/2019\/09\/DSC1483a_red-e1569143337475.jpg\" alt=\"\" width=\"345\" height=\"230\" \/><\/a><\/li><\/ul><\/noscript><\/div>\n<div id=\"jig2\" class=\"justified-image-grid jig-38d8bbd6c74899c77061881b5f775beb jig-preset-c2 jig-source-wp-gallery jig-rml-id-21\"><div class=\"jig-clearfix\"><\/div><noscript id=\"jig2-html\" class=\"justified-image-grid-html\" data-lazy-src=\"skiplazyload\" data-src=\"skipunveillazyload\"><ul><li><a href=\"https:\/\/www.memoria.cat\/ilamortvacauredelcel\/wp-content\/uploads\/sites\/203\/2019\/09\/P1570366-1_red-e1569143356327.jpg\"><img loading=\"lazy\" decoding=\"async\" src=\"https:\/\/www.memoria.cat\/ilamortvacauredelcel\/wp-content\/uploads\/sites\/203\/2019\/09\/P1570366-1_red-e1569143356327.jpg\" alt=\"\" width=\"306\" height=\"230\" \/><\/a><\/li><li><a href=\"https:\/\/www.memoria.cat\/ilamortvacauredelcel\/wp-content\/uploads\/sites\/203\/2019\/09\/D0foXWuW0AAMUeV.jpeg\" title=\"D0foXWuW0AAMUeV\"><img loading=\"lazy\" decoding=\"async\" src=\"https:\/\/www.memoria.cat\/ilamortvacauredelcel\/wp-content\/uploads\/sites\/203\/2019\/09\/D0foXWuW0AAMUeV.jpeg\" alt=\"D0foXWuW0AAMUeV\" width=\"306\" height=\"230\" \/><\/a><p class=\"jig-HTMLdescription\">D0foXWuW0AAMUeV<\/p><\/li><li><a href=\"https:\/\/www.memoria.cat\/ilamortvacauredelcel\/wp-content\/uploads\/sites\/203\/2019\/09\/39a_red-1-e1569143368553.jpg\"><img loading=\"lazy\" decoding=\"async\" src=\"https:\/\/www.memoria.cat\/ilamortvacauredelcel\/wp-content\/uploads\/sites\/203\/2019\/09\/39a_red-1-e1569143368553.jpg\" alt=\"\" width=\"306\" height=\"230\" \/><\/a><\/li><\/ul><\/noscript><\/div>\n<div id=\"jig3\" class=\"justified-image-grid jig-643d3844abc1c34845dbab98af92dff8 jig-preset-c2 jig-source-wp-gallery jig-rml-id-22\"><div class=\"jig-clearfix\"><\/div><noscript id=\"jig3-html\" class=\"justified-image-grid-html\" data-lazy-src=\"skiplazyload\" data-src=\"skipunveillazyload\"><ul><li><a href=\"https:\/\/www.memoria.cat\/ilamortvacauredelcel\/wp-content\/uploads\/sites\/203\/2019\/09\/DxN8JS-WoAUxtn0.jpeg\"><img loading=\"lazy\" decoding=\"async\" src=\"https:\/\/www.memoria.cat\/ilamortvacauredelcel\/wp-content\/uploads\/sites\/203\/2019\/09\/DxN8JS-WoAUxtn0.jpeg\" alt=\"\" width=\"306\" height=\"230\" \/><\/a><\/li><li><a href=\"https:\/\/www.memoria.cat\/ilamortvacauredelcel\/wp-content\/uploads\/sites\/203\/2019\/09\/IMG_1178a-e1569143385471.jpg\"><img loading=\"lazy\" decoding=\"async\" src=\"https:\/\/www.memoria.cat\/ilamortvacauredelcel\/wp-content\/uploads\/sites\/203\/2019\/09\/IMG_1178a-e1569143385471.jpg\" alt=\"\" width=\"172\" height=\"230\" \/><\/a><\/li><li><a href=\"https:\/\/www.memoria.cat\/ilamortvacauredelcel\/wp-content\/uploads\/sites\/203\/2019\/09\/IMG_1179a_red-e1569143403535.jpg\"><img loading=\"lazy\" decoding=\"async\" src=\"https:\/\/www.memoria.cat\/ilamortvacauredelcel\/wp-content\/uploads\/sites\/203\/2019\/09\/IMG_1179a_red-e1569143403535.jpg\" alt=\"\" width=\"306\" height=\"230\" \/><\/a><\/li><li><a href=\"https:\/\/www.memoria.cat\/ilamortvacauredelcel\/wp-content\/uploads\/sites\/203\/2019\/09\/P1570394-1_red-e1569143394315.jpg\"><img loading=\"lazy\" decoding=\"async\" src=\"https:\/\/www.memoria.cat\/ilamortvacauredelcel\/wp-content\/uploads\/sites\/203\/2019\/09\/P1570394-1_red-e1569143394315.jpg\" alt=\"\" width=\"172\" height=\"230\" \/><\/a><\/li><li><a href=\"https:\/\/www.memoria.cat\/ilamortvacauredelcel\/wp-content\/uploads\/sites\/203\/2019\/09\/IMG_0500a_red-e1569143412794.jpg\"><img loading=\"lazy\" decoding=\"async\" src=\"https:\/\/www.memoria.cat\/ilamortvacauredelcel\/wp-content\/uploads\/sites\/203\/2019\/09\/IMG_0500a_red-e1569143412794.jpg\" alt=\"\" width=\"172\" height=\"230\" \/><\/a><\/li><li><a href=\"https:\/\/www.memoria.cat\/ilamortvacauredelcel\/wp-content\/uploads\/sites\/203\/2019\/09\/58a_red_marca.jpg\" title=\"58a_red_marca\"><img loading=\"lazy\" decoding=\"async\" src=\"https:\/\/www.memoria.cat\/ilamortvacauredelcel\/wp-content\/uploads\/sites\/203\/2019\/09\/58a_red_marca.jpg\" alt=\"58a_red_marca\" width=\"298\" height=\"230\" \/><\/a><p class=\"jig-HTMLdescription\">58a_red_marca<\/p><\/li><\/ul><\/noscript><\/div>\n<p>&nbsp;<\/p>\n","protected":false},"excerpt":{"rendered":"<p>Alguns dels materials que es van mostrar a l\u2019exposici\u00f3: una farmaciola amb diferents medicaments d\u2019\u00e8poca i objectes \u201cde superviv\u00e8ncia\u201d que devien portar al damunt les persones que venien a resguardar-se: mantes, coberts, fogons, estris de cuina, peces de roba&#8230; Tamb\u00e9 una nina dels anys 30 -una acompanyant imprescindible per a moltes criatures- i diferents eines [&hellip;]<\/p>\n","protected":false},"author":27,"featured_media":0,"parent":0,"menu_order":0,"comment_status":"closed","ping_status":"closed","template":"","meta":{"iawp_total_views":11,"footnotes":""},"class_list":["post-72110","page","type-page","status-publish","hentry"],"yoast_head":"<!-- This site is optimized with the Yoast SEO plugin v26.2 - https:\/\/yoast.com\/wordpress\/plugins\/seo\/ -->\n<title>Els materials - Web de l&#039;exposici\u00f3 &quot;I la mort va caure del cel. 80 anys dels bombardeigs franquistes a Manresa&quot;<\/title>\n<meta name=\"robots\" content=\"index, follow, max-snippet:-1, max-image-preview:large, max-video-preview:-1\" \/>\n<link rel=\"canonical\" href=\"https:\/\/www.memoria.cat\/ilamortvacauredelcel\/materials\/\" \/>\n<meta property=\"og:locale\" content=\"ca_ES\" \/>\n<meta property=\"og:type\" content=\"article\" \/>\n<meta property=\"og:title\" content=\"Els materials - Web de l&#039;exposici\u00f3 &quot;I la mort va caure del cel. 80 anys dels bombardeigs franquistes a Manresa&quot;\" \/>\n<meta property=\"og:description\" content=\"Alguns dels materials que es van mostrar a l\u2019exposici\u00f3: una farmaciola amb diferents medicaments d\u2019\u00e8poca i objectes \u201cde superviv\u00e8ncia\u201d que devien portar al damunt les persones que venien a resguardar-se: mantes, coberts, fogons, estris de cuina, peces de roba&#8230; Tamb\u00e9 una nina dels anys 30 -una acompanyant imprescindible per a moltes criatures- i diferents eines [&hellip;]\" \/>\n<meta property=\"og:url\" content=\"https:\/\/www.memoria.cat\/ilamortvacauredelcel\/materials\/\" \/>\n<meta property=\"og:site_name\" content=\"Web de l&#039;exposici\u00f3 &quot;I la mort va caure del cel. 80 anys dels bombardeigs franquistes a Manresa&quot;\" \/>\n<meta property=\"article:modified_time\" content=\"2019-11-26T16:13:41+00:00\" \/>\n<meta name=\"twitter:card\" content=\"summary_large_image\" \/>\n<meta name=\"twitter:label1\" content=\"Temps estimat de lectura\" \/>\n\t<meta name=\"twitter:data1\" content=\"1 minut\" \/>\n<script type=\"application\/ld+json\" class=\"yoast-schema-graph\">{\"@context\":\"https:\/\/schema.org\",\"@graph\":[{\"@type\":\"WebPage\",\"@id\":\"https:\/\/www.memoria.cat\/ilamortvacauredelcel\/materials\/\",\"url\":\"https:\/\/www.memoria.cat\/ilamortvacauredelcel\/materials\/\",\"name\":\"Els materials - Web de l&#039;exposici\u00f3 &quot;I la mort va caure del cel. 80 anys dels bombardeigs franquistes a Manresa&quot;\",\"isPartOf\":{\"@id\":\"https:\/\/www.memoria.cat\/ilamortvacauredelcel\/#website\"},\"datePublished\":\"2019-09-08T16:58:45+00:00\",\"dateModified\":\"2019-11-26T16:13:41+00:00\",\"breadcrumb\":{\"@id\":\"https:\/\/www.memoria.cat\/ilamortvacauredelcel\/materials\/#breadcrumb\"},\"inLanguage\":\"ca\",\"potentialAction\":[{\"@type\":\"ReadAction\",\"target\":[\"https:\/\/www.memoria.cat\/ilamortvacauredelcel\/materials\/\"]}]},{\"@type\":\"BreadcrumbList\",\"@id\":\"https:\/\/www.memoria.cat\/ilamortvacauredelcel\/materials\/#breadcrumb\",\"itemListElement\":[{\"@type\":\"ListItem\",\"position\":1,\"name\":\"Inici\",\"item\":\"https:\/\/www.memoria.cat\/ilamortvacauredelcel\/\"},{\"@type\":\"ListItem\",\"position\":2,\"name\":\"Els materials\"}]},{\"@type\":\"WebSite\",\"@id\":\"https:\/\/www.memoria.cat\/ilamortvacauredelcel\/#website\",\"url\":\"https:\/\/www.memoria.cat\/ilamortvacauredelcel\/\",\"name\":\"Web de l&#039;exposici\u00f3 &quot;I la mort va caure del cel. 80 anys dels bombardeigs franquistes a Manresa&quot;\",\"description\":\"\",\"potentialAction\":[{\"@type\":\"SearchAction\",\"target\":{\"@type\":\"EntryPoint\",\"urlTemplate\":\"https:\/\/www.memoria.cat\/ilamortvacauredelcel\/?s={search_term_string}\"},\"query-input\":{\"@type\":\"PropertyValueSpecification\",\"valueRequired\":true,\"valueName\":\"search_term_string\"}}],\"inLanguage\":\"ca\"}]}<\/script>\n<!-- \/ Yoast SEO plugin. -->","yoast_head_json":{"title":"Els materials - Web de l&#039;exposici\u00f3 &quot;I la mort va caure del cel. 80 anys dels bombardeigs franquistes a Manresa&quot;","robots":{"index":"index","follow":"follow","max-snippet":"max-snippet:-1","max-image-preview":"max-image-preview:large","max-video-preview":"max-video-preview:-1"},"canonical":"https:\/\/www.memoria.cat\/ilamortvacauredelcel\/materials\/","og_locale":"ca_ES","og_type":"article","og_title":"Els materials - Web de l&#039;exposici\u00f3 &quot;I la mort va caure del cel. 80 anys dels bombardeigs franquistes a Manresa&quot;","og_description":"Alguns dels materials que es van mostrar a l\u2019exposici\u00f3: una farmaciola amb diferents medicaments d\u2019\u00e8poca i objectes \u201cde superviv\u00e8ncia\u201d que devien portar al damunt les persones que venien a resguardar-se: mantes, coberts, fogons, estris de cuina, peces de roba&#8230; Tamb\u00e9 una nina dels anys 30 -una acompanyant imprescindible per a moltes criatures- i diferents eines [&hellip;]","og_url":"https:\/\/www.memoria.cat\/ilamortvacauredelcel\/materials\/","og_site_name":"Web de l&#039;exposici\u00f3 &quot;I la mort va caure del cel. 80 anys dels bombardeigs franquistes a Manresa&quot;","article_modified_time":"2019-11-26T16:13:41+00:00","twitter_card":"summary_large_image","twitter_misc":{"Temps estimat de lectura":"1 minut"},"schema":{"@context":"https:\/\/schema.org","@graph":[{"@type":"WebPage","@id":"https:\/\/www.memoria.cat\/ilamortvacauredelcel\/materials\/","url":"https:\/\/www.memoria.cat\/ilamortvacauredelcel\/materials\/","name":"Els materials - Web de l&#039;exposici\u00f3 &quot;I la mort va caure del cel. 80 anys dels bombardeigs franquistes a Manresa&quot;","isPartOf":{"@id":"https:\/\/www.memoria.cat\/ilamortvacauredelcel\/#website"},"datePublished":"2019-09-08T16:58:45+00:00","dateModified":"2019-11-26T16:13:41+00:00","breadcrumb":{"@id":"https:\/\/www.memoria.cat\/ilamortvacauredelcel\/materials\/#breadcrumb"},"inLanguage":"ca","potentialAction":[{"@type":"ReadAction","target":["https:\/\/www.memoria.cat\/ilamortvacauredelcel\/materials\/"]}]},{"@type":"BreadcrumbList","@id":"https:\/\/www.memoria.cat\/ilamortvacauredelcel\/materials\/#breadcrumb","itemListElement":[{"@type":"ListItem","position":1,"name":"Inici","item":"https:\/\/www.memoria.cat\/ilamortvacauredelcel\/"},{"@type":"ListItem","position":2,"name":"Els materials"}]},{"@type":"WebSite","@id":"https:\/\/www.memoria.cat\/ilamortvacauredelcel\/#website","url":"https:\/\/www.memoria.cat\/ilamortvacauredelcel\/","name":"Web de l&#039;exposici\u00f3 &quot;I la mort va caure del cel. 80 anys dels bombardeigs franquistes a Manresa&quot;","description":"","potentialAction":[{"@type":"SearchAction","target":{"@type":"EntryPoint","urlTemplate":"https:\/\/www.memoria.cat\/ilamortvacauredelcel\/?s={search_term_string}"},"query-input":{"@type":"PropertyValueSpecification","valueRequired":true,"valueName":"search_term_string"}}],"inLanguage":"ca"}]}},"_links":{"self":[{"href":"https:\/\/www.memoria.cat\/ilamortvacauredelcel\/wp-json\/wp\/v2\/pages\/72110","targetHints":{"allow":["GET"]}}],"collection":[{"href":"https:\/\/www.memoria.cat\/ilamortvacauredelcel\/wp-json\/wp\/v2\/pages"}],"about":[{"href":"https:\/\/www.memoria.cat\/ilamortvacauredelcel\/wp-json\/wp\/v2\/types\/page"}],"author":[{"embeddable":true,"href":"https:\/\/www.memoria.cat\/ilamortvacauredelcel\/wp-json\/wp\/v2\/users\/27"}],"replies":[{"embeddable":true,"href":"https:\/\/www.memoria.cat\/ilamortvacauredelcel\/wp-json\/wp\/v2\/comments?post=72110"}],"version-history":[{"count":0,"href":"https:\/\/www.memoria.cat\/ilamortvacauredelcel\/wp-json\/wp\/v2\/pages\/72110\/revisions"}],"wp:attachment":[{"href":"https:\/\/www.memoria.cat\/ilamortvacauredelcel\/wp-json\/wp\/v2\/media?parent=72110"}],"curies":[{"name":"wp","href":"https:\/\/api.w.org\/{rel}","templated":true}]}}