{"id":72099,"date":"2019-09-08T17:54:55","date_gmt":"2019-09-08T16:54:55","guid":{"rendered":"https:\/\/www.memoria.cat\/ilamortvacauredelcel\/?page_id=72099"},"modified":"2019-11-26T17:09:13","modified_gmt":"2019-11-26T16:09:13","slug":"presentacio-de-lexposicio-i-de-lespectacle-refugiar-se","status":"publish","type":"page","link":"https:\/\/www.memoria.cat\/ilamortvacauredelcel\/presentacio-de-lexposicio-i-de-lespectacle-refugiar-se\/","title":{"rendered":"Presentaci\u00f3 de l&#8217;exposici\u00f3 i de l&#8217;espectacle &#8220;Refugiar-se&#8221;"},"content":{"rendered":"<p><strong>El 3 de desembre del 2018 l\u2019Ajuntament de Manresa i l\u2019Associaci\u00f3 Mem\u00f2ria i Hist\u00f2ria de Manresa presentaven als mitjans de comunicaci\u00f3 la programaci\u00f3 d\u2019activitats per commemorar els 80 anys dels bombardeigs franquistes i el final de la guerra civil. Entre aquestes activitats destacaven les seg\u00fcents:<\/strong><\/p>\n<ul>\n<li><strong>L\u2019exposici\u00f3 <em>I la mort va caure del cel<\/em>, que romandria instal\u00b7lada entre el 18 de gener i el 3 de mar\u00e7 de 2019 al refugi antiaeri del Grup Escolar Renaixen\u00e7a. <\/strong>Es buscava una mostra innovadora i impactant sobre els bombardeigs franquistes a la capital del Bages, que dediqu\u00e9s una especial atenci\u00f3 a les 35 v\u00edctimes mortals que van produir.<\/li>\n<li><strong>L\u2019espectacle <em>Refugiar-se,<\/em> una <em>performance <\/em>art\u00edstica concebuda expressament amb motiu de la commemoraci\u00f3 dels 80 anys dels bombardeigs, que es representaria al mateix refugi antiaeri els dies 22 i 23 de desembre de 2018. <\/strong>Es tractava d\u2019un espectacle multidisciplinari, amb dansa, pintura i poesia, a c\u00e0rrec de diversos artistes locals, dirigit per Quim Moya.<\/li>\n<li><strong>La taula rodona <\/strong><em>Els bombardeigs franquistes durant la guerra civil<\/em>, el 25 de gener, amb la participaci\u00f3 d\u2019especialistes i la projecci\u00f3 d\u2019un v\u00eddeo protagonitzat per testimonis d\u2019aquests fets.<\/li>\n<\/ul>\n<p><strong>Els actes van ser presentats al mateix refugi antiaeri <\/strong>per la regidora de Cultura de l\u2019Ajuntament de Manresa, Anna Crespo; Jordi Bordes, de l\u2019equip de L\u2019Arada, Creativitat Social -productor de l\u2019exposici\u00f3-; el president de l\u2019Associaci\u00f3 Mem\u00f2ria i Hist\u00f2ria de Manresa, Joaquim Aloy, i els artistes visuals Quim Moya i S\u00f2nia Moya. Aquests darrers van fer <em>in\u00a0 situ<\/em> una petita intervenci\u00f3 poeticopict\u00f2rica.<\/p>\n<p>&nbsp;<\/p>\n<p>Vegeu la cr\u00f2nica de la presentaci\u00f3 dels actes:<\/p>\n<p><a href=\"https:\/\/www.manresa.cat\/web\/noticies\/6262-manresa-commemora-els-80-anys-dels-bombardeigs-franquistes-durant-la-guerra-civil\" target=\"_blank\" rel=\"noopener noreferrer\">Manresa commemora els 80 anys dels bombardeigs franquistes durant la guerra civil<\/a>\u00a0(Web Ajuntament de Manresa, 3\/12\/2018)<\/p>\n<p><a href=\"http:\/\/manresadiari.cat\/noticies\/detail.php?id=43955\" target=\"_blank\" rel=\"noopener noreferrer\">80 anys dels bombardeigs franquistes a Manresa durant la guerra civil<\/a>\u00a0(Manresadiari, 4\/12\/2018)<\/p>\n<p>&nbsp;<\/p>\n<div id=\"jig1\" class=\"justified-image-grid jig-bd605a59d5a504bfa2c8f8eb715a322a jig-preset-c2 jig-source-wp-gallery jig-rml-id-36\"><div class=\"jig-clearfix\"><\/div><noscript id=\"jig1-html\" class=\"justified-image-grid-html\" data-lazy-src=\"skiplazyload\" data-src=\"skipunveillazyload\"><ul><li><a href=\"https:\/\/www.memoria.cat\/ilamortvacauredelcel\/wp-content\/uploads\/sites\/203\/2019\/11\/IMG_8246_red-e1572978663658.jpg\"><img fetchpriority=\"high\" decoding=\"async\" src=\"https:\/\/www.memoria.cat\/ilamortvacauredelcel\/wp-content\/uploads\/sites\/203\/2019\/11\/IMG_8246_red-e1572978663658.jpg\" alt=\"\" width=\"408\" height=\"230\" \/><\/a><\/li><li><a href=\"https:\/\/www.memoria.cat\/ilamortvacauredelcel\/wp-content\/uploads\/sites\/203\/2019\/11\/IMG_9503_red-e1572978655956.jpg\"><img decoding=\"async\" src=\"https:\/\/www.memoria.cat\/ilamortvacauredelcel\/wp-content\/uploads\/sites\/203\/2019\/11\/IMG_9503_red-e1572978655956.jpg\" alt=\"\" width=\"306\" height=\"230\" \/><\/a><\/li><li><a href=\"https:\/\/www.memoria.cat\/ilamortvacauredelcel\/wp-content\/uploads\/sites\/203\/2019\/11\/IMG_9511_red-e1572978643242.jpg\"><img decoding=\"async\" src=\"https:\/\/www.memoria.cat\/ilamortvacauredelcel\/wp-content\/uploads\/sites\/203\/2019\/11\/IMG_9511_red-e1572978643242.jpg\" alt=\"\" width=\"306\" height=\"230\" \/><\/a><\/li><li><a href=\"https:\/\/www.memoria.cat\/ilamortvacauredelcel\/wp-content\/uploads\/sites\/203\/2019\/11\/IMG_8198_red-e1572978678320.jpg\"><img loading=\"lazy\" decoding=\"async\" src=\"https:\/\/www.memoria.cat\/ilamortvacauredelcel\/wp-content\/uploads\/sites\/203\/2019\/11\/IMG_8198_red-e1572978678320.jpg\" alt=\"\" width=\"408\" height=\"230\" \/><\/a><\/li><\/ul><\/noscript><\/div>\n<p>&nbsp;<\/p>\n<p>&nbsp;<\/p>\n","protected":false},"excerpt":{"rendered":"<p>El 3 de desembre del 2018 l\u2019Ajuntament de Manresa i l\u2019Associaci\u00f3 Mem\u00f2ria i Hist\u00f2ria de Manresa presentaven als mitjans de comunicaci\u00f3 la programaci\u00f3 d\u2019activitats per commemorar els 80 anys dels bombardeigs franquistes i el final de la guerra civil. Entre aquestes activitats destacaven les seg\u00fcents: L\u2019exposici\u00f3 I la mort va caure del cel, que romandria [&hellip;]<\/p>\n","protected":false},"author":27,"featured_media":0,"parent":0,"menu_order":0,"comment_status":"closed","ping_status":"closed","template":"","meta":{"iawp_total_views":6,"footnotes":""},"class_list":["post-72099","page","type-page","status-publish","hentry"],"yoast_head":"<!-- This site is optimized with the Yoast SEO plugin v26.2 - https:\/\/yoast.com\/wordpress\/plugins\/seo\/ -->\n<title>Presentaci\u00f3 de l&#039;exposici\u00f3 i de l&#039;espectacle &quot;Refugiar-se&quot; - Web de l&#039;exposici\u00f3 &quot;I la mort va caure del cel. 80 anys dels bombardeigs franquistes a Manresa&quot;<\/title>\n<meta name=\"robots\" content=\"index, follow, max-snippet:-1, max-image-preview:large, max-video-preview:-1\" \/>\n<link rel=\"canonical\" href=\"https:\/\/www.memoria.cat\/ilamortvacauredelcel\/presentacio-de-lexposicio-i-de-lespectacle-refugiar-se\/\" \/>\n<meta property=\"og:locale\" content=\"ca_ES\" \/>\n<meta property=\"og:type\" content=\"article\" \/>\n<meta property=\"og:title\" content=\"Presentaci\u00f3 de l&#039;exposici\u00f3 i de l&#039;espectacle &quot;Refugiar-se&quot; - Web de l&#039;exposici\u00f3 &quot;I la mort va caure del cel. 80 anys dels bombardeigs franquistes a Manresa&quot;\" \/>\n<meta property=\"og:description\" content=\"El 3 de desembre del 2018 l\u2019Ajuntament de Manresa i l\u2019Associaci\u00f3 Mem\u00f2ria i Hist\u00f2ria de Manresa presentaven als mitjans de comunicaci\u00f3 la programaci\u00f3 d\u2019activitats per commemorar els 80 anys dels bombardeigs franquistes i el final de la guerra civil. Entre aquestes activitats destacaven les seg\u00fcents: L\u2019exposici\u00f3 I la mort va caure del cel, que romandria [&hellip;]\" \/>\n<meta property=\"og:url\" content=\"https:\/\/www.memoria.cat\/ilamortvacauredelcel\/presentacio-de-lexposicio-i-de-lespectacle-refugiar-se\/\" \/>\n<meta property=\"og:site_name\" content=\"Web de l&#039;exposici\u00f3 &quot;I la mort va caure del cel. 80 anys dels bombardeigs franquistes a Manresa&quot;\" \/>\n<meta property=\"article:modified_time\" content=\"2019-11-26T16:09:13+00:00\" \/>\n<meta name=\"twitter:card\" content=\"summary_large_image\" \/>\n<meta name=\"twitter:label1\" content=\"Temps estimat de lectura\" \/>\n\t<meta name=\"twitter:data1\" content=\"2 minuts\" \/>\n<script type=\"application\/ld+json\" class=\"yoast-schema-graph\">{\"@context\":\"https:\/\/schema.org\",\"@graph\":[{\"@type\":\"WebPage\",\"@id\":\"https:\/\/www.memoria.cat\/ilamortvacauredelcel\/presentacio-de-lexposicio-i-de-lespectacle-refugiar-se\/\",\"url\":\"https:\/\/www.memoria.cat\/ilamortvacauredelcel\/presentacio-de-lexposicio-i-de-lespectacle-refugiar-se\/\",\"name\":\"Presentaci\u00f3 de l'exposici\u00f3 i de l'espectacle \\\"Refugiar-se\\\" - Web de l&#039;exposici\u00f3 &quot;I la mort va caure del cel. 80 anys dels bombardeigs franquistes a Manresa&quot;\",\"isPartOf\":{\"@id\":\"https:\/\/www.memoria.cat\/ilamortvacauredelcel\/#website\"},\"datePublished\":\"2019-09-08T16:54:55+00:00\",\"dateModified\":\"2019-11-26T16:09:13+00:00\",\"breadcrumb\":{\"@id\":\"https:\/\/www.memoria.cat\/ilamortvacauredelcel\/presentacio-de-lexposicio-i-de-lespectacle-refugiar-se\/#breadcrumb\"},\"inLanguage\":\"ca\",\"potentialAction\":[{\"@type\":\"ReadAction\",\"target\":[\"https:\/\/www.memoria.cat\/ilamortvacauredelcel\/presentacio-de-lexposicio-i-de-lespectacle-refugiar-se\/\"]}]},{\"@type\":\"BreadcrumbList\",\"@id\":\"https:\/\/www.memoria.cat\/ilamortvacauredelcel\/presentacio-de-lexposicio-i-de-lespectacle-refugiar-se\/#breadcrumb\",\"itemListElement\":[{\"@type\":\"ListItem\",\"position\":1,\"name\":\"Inici\",\"item\":\"https:\/\/www.memoria.cat\/ilamortvacauredelcel\/\"},{\"@type\":\"ListItem\",\"position\":2,\"name\":\"Presentaci\u00f3 de l&#8217;exposici\u00f3 i de l&#8217;espectacle &#8220;Refugiar-se&#8221;\"}]},{\"@type\":\"WebSite\",\"@id\":\"https:\/\/www.memoria.cat\/ilamortvacauredelcel\/#website\",\"url\":\"https:\/\/www.memoria.cat\/ilamortvacauredelcel\/\",\"name\":\"Web de l&#039;exposici\u00f3 &quot;I la mort va caure del cel. 80 anys dels bombardeigs franquistes a Manresa&quot;\",\"description\":\"\",\"potentialAction\":[{\"@type\":\"SearchAction\",\"target\":{\"@type\":\"EntryPoint\",\"urlTemplate\":\"https:\/\/www.memoria.cat\/ilamortvacauredelcel\/?s={search_term_string}\"},\"query-input\":{\"@type\":\"PropertyValueSpecification\",\"valueRequired\":true,\"valueName\":\"search_term_string\"}}],\"inLanguage\":\"ca\"}]}<\/script>\n<!-- \/ Yoast SEO plugin. -->","yoast_head_json":{"title":"Presentaci\u00f3 de l'exposici\u00f3 i de l'espectacle \"Refugiar-se\" - Web de l&#039;exposici\u00f3 &quot;I la mort va caure del cel. 80 anys dels bombardeigs franquistes a Manresa&quot;","robots":{"index":"index","follow":"follow","max-snippet":"max-snippet:-1","max-image-preview":"max-image-preview:large","max-video-preview":"max-video-preview:-1"},"canonical":"https:\/\/www.memoria.cat\/ilamortvacauredelcel\/presentacio-de-lexposicio-i-de-lespectacle-refugiar-se\/","og_locale":"ca_ES","og_type":"article","og_title":"Presentaci\u00f3 de l'exposici\u00f3 i de l'espectacle \"Refugiar-se\" - Web de l&#039;exposici\u00f3 &quot;I la mort va caure del cel. 80 anys dels bombardeigs franquistes a Manresa&quot;","og_description":"El 3 de desembre del 2018 l\u2019Ajuntament de Manresa i l\u2019Associaci\u00f3 Mem\u00f2ria i Hist\u00f2ria de Manresa presentaven als mitjans de comunicaci\u00f3 la programaci\u00f3 d\u2019activitats per commemorar els 80 anys dels bombardeigs franquistes i el final de la guerra civil. Entre aquestes activitats destacaven les seg\u00fcents: L\u2019exposici\u00f3 I la mort va caure del cel, que romandria [&hellip;]","og_url":"https:\/\/www.memoria.cat\/ilamortvacauredelcel\/presentacio-de-lexposicio-i-de-lespectacle-refugiar-se\/","og_site_name":"Web de l&#039;exposici\u00f3 &quot;I la mort va caure del cel. 80 anys dels bombardeigs franquistes a Manresa&quot;","article_modified_time":"2019-11-26T16:09:13+00:00","twitter_card":"summary_large_image","twitter_misc":{"Temps estimat de lectura":"2 minuts"},"schema":{"@context":"https:\/\/schema.org","@graph":[{"@type":"WebPage","@id":"https:\/\/www.memoria.cat\/ilamortvacauredelcel\/presentacio-de-lexposicio-i-de-lespectacle-refugiar-se\/","url":"https:\/\/www.memoria.cat\/ilamortvacauredelcel\/presentacio-de-lexposicio-i-de-lespectacle-refugiar-se\/","name":"Presentaci\u00f3 de l'exposici\u00f3 i de l'espectacle \"Refugiar-se\" - Web de l&#039;exposici\u00f3 &quot;I la mort va caure del cel. 80 anys dels bombardeigs franquistes a Manresa&quot;","isPartOf":{"@id":"https:\/\/www.memoria.cat\/ilamortvacauredelcel\/#website"},"datePublished":"2019-09-08T16:54:55+00:00","dateModified":"2019-11-26T16:09:13+00:00","breadcrumb":{"@id":"https:\/\/www.memoria.cat\/ilamortvacauredelcel\/presentacio-de-lexposicio-i-de-lespectacle-refugiar-se\/#breadcrumb"},"inLanguage":"ca","potentialAction":[{"@type":"ReadAction","target":["https:\/\/www.memoria.cat\/ilamortvacauredelcel\/presentacio-de-lexposicio-i-de-lespectacle-refugiar-se\/"]}]},{"@type":"BreadcrumbList","@id":"https:\/\/www.memoria.cat\/ilamortvacauredelcel\/presentacio-de-lexposicio-i-de-lespectacle-refugiar-se\/#breadcrumb","itemListElement":[{"@type":"ListItem","position":1,"name":"Inici","item":"https:\/\/www.memoria.cat\/ilamortvacauredelcel\/"},{"@type":"ListItem","position":2,"name":"Presentaci\u00f3 de l&#8217;exposici\u00f3 i de l&#8217;espectacle &#8220;Refugiar-se&#8221;"}]},{"@type":"WebSite","@id":"https:\/\/www.memoria.cat\/ilamortvacauredelcel\/#website","url":"https:\/\/www.memoria.cat\/ilamortvacauredelcel\/","name":"Web de l&#039;exposici\u00f3 &quot;I la mort va caure del cel. 80 anys dels bombardeigs franquistes a Manresa&quot;","description":"","potentialAction":[{"@type":"SearchAction","target":{"@type":"EntryPoint","urlTemplate":"https:\/\/www.memoria.cat\/ilamortvacauredelcel\/?s={search_term_string}"},"query-input":{"@type":"PropertyValueSpecification","valueRequired":true,"valueName":"search_term_string"}}],"inLanguage":"ca"}]}},"_links":{"self":[{"href":"https:\/\/www.memoria.cat\/ilamortvacauredelcel\/wp-json\/wp\/v2\/pages\/72099","targetHints":{"allow":["GET"]}}],"collection":[{"href":"https:\/\/www.memoria.cat\/ilamortvacauredelcel\/wp-json\/wp\/v2\/pages"}],"about":[{"href":"https:\/\/www.memoria.cat\/ilamortvacauredelcel\/wp-json\/wp\/v2\/types\/page"}],"author":[{"embeddable":true,"href":"https:\/\/www.memoria.cat\/ilamortvacauredelcel\/wp-json\/wp\/v2\/users\/27"}],"replies":[{"embeddable":true,"href":"https:\/\/www.memoria.cat\/ilamortvacauredelcel\/wp-json\/wp\/v2\/comments?post=72099"}],"version-history":[{"count":0,"href":"https:\/\/www.memoria.cat\/ilamortvacauredelcel\/wp-json\/wp\/v2\/pages\/72099\/revisions"}],"wp:attachment":[{"href":"https:\/\/www.memoria.cat\/ilamortvacauredelcel\/wp-json\/wp\/v2\/media?parent=72099"}],"curies":[{"name":"wp","href":"https:\/\/api.w.org\/{rel}","templated":true}]}}