{"id":74149,"date":"2025-08-23T10:09:57","date_gmt":"2025-08-23T09:09:57","guid":{"rendered":"https:\/\/www.memoria.cat\/ignasi-perramon\/?page_id=74149"},"modified":"2025-08-28T16:47:54","modified_gmt":"2025-08-28T15:47:54","slug":"videos-de-lantrevista-a-ignasi-perramon-i-carrio","status":"publish","type":"page","link":"https:\/\/www.memoria.cat\/ignasi-perramon\/videos-de-lantrevista-a-ignasi-perramon-i-carrio\/","title":{"rendered":"V\u00eddeos de l&#8217;entrevista a Ignasi Perramon i Carri\u00f3"},"content":{"rendered":"<p class=\"elementor-heading-title elementor-size-default\"><strong>(Entrevista enregistrada el 18 d&#8217;agost del 2025, a c\u00e0rrec de Joaquim Aloy i Salvador Red\u00f3. C\u00e0mera: Joan Griera).<\/strong><\/p>\n<p>&nbsp;<br \/>\n<a id=\"1\"><\/a><br \/>\n&nbsp;<\/p>\n<h3>La import\u00e0ncia del pare, Jaume Perramon Ros, la HOAC, l\u2019escoltisme i la Universitat<\/h3>\n<p><iframe title=\"Els or\u00edgens\" src=\"https:\/\/player.vimeo.com\/video\/1112512949?dnt=1&amp;app_id=122963\" width=\"800\" height=\"450\" frameborder=\"0\" allow=\"autoplay; fullscreen; picture-in-picture; clipboard-write; encrypted-media; web-share\" referrerpolicy=\"strict-origin-when-cross-origin\"><\/iframe><br \/>\n<a id=\"2\"><\/a><br \/>\n&nbsp;<\/p>\n<h3>La Comissi\u00f3 de Promoci\u00f3 Pol\u00edtica i la Uni\u00f3 Socialista del Bages<\/h3>\n<p><iframe title=\"La Comissi\u00f3 de Promoci\u00f3 Pol\u00edtica i la Uni\u00f3 Socialista del Bages\" src=\"https:\/\/player.vimeo.com\/video\/1112514663?dnt=1&amp;app_id=122963\" width=\"800\" height=\"450\" frameborder=\"0\" allow=\"autoplay; fullscreen; picture-in-picture; clipboard-write; encrypted-media; web-share\" referrerpolicy=\"strict-origin-when-cross-origin\"><\/iframe><br \/>\n<a id=\"3\"><\/a><br \/>\n&nbsp;<\/p>\n<h3>L\u2019Assemblea del Bages<\/h3>\n<p><iframe title=\"L&#039;Assemblea del Bages\" src=\"https:\/\/player.vimeo.com\/video\/1112517391?dnt=1&amp;app_id=122963\" width=\"800\" height=\"450\" frameborder=\"0\" allow=\"autoplay; fullscreen; picture-in-picture; clipboard-write; encrypted-media; web-share\" referrerpolicy=\"strict-origin-when-cross-origin\"><\/iframe><br \/>\n<a id=\"4\"><\/a><br \/>\n&nbsp;<\/p>\n<h3>Les detencions de la Comissi\u00f3 Ciutadana de Solidaritat (abril 1973) i el judici al TOP (18\/2\/1975)<\/h3>\n<p><iframe title=\"Les detencions de la Comissi\u00f3 Ciutadana de Solidaritat\" src=\"https:\/\/player.vimeo.com\/video\/1112515497?dnt=1&amp;app_id=122963\" width=\"800\" height=\"450\" frameborder=\"0\" allow=\"autoplay; fullscreen; picture-in-picture; clipboard-write; encrypted-media; web-share\" referrerpolicy=\"strict-origin-when-cross-origin\"><\/iframe><br \/>\n<a id=\"5\"><\/a><br \/>\n&nbsp;<\/p>\n<h3>Mostres de la repressi\u00f3 franquista a Manresa<\/h3>\n<p><iframe title=\"La repressi\u00f3 franquista\" src=\"https:\/\/player.vimeo.com\/video\/1112513499?dnt=1&amp;app_id=122963\" width=\"800\" height=\"450\" frameborder=\"0\" allow=\"autoplay; fullscreen; picture-in-picture; clipboard-write; encrypted-media; web-share\" referrerpolicy=\"strict-origin-when-cross-origin\"><\/iframe><br \/>\n<a id=\"6\"><\/a><br \/>\n&nbsp;<\/p>\n<h3>El Partit Socialista d\u2019Alliberament Nacional (PSAN)<\/h3>\n<p><iframe title=\"El Partit Socialista d\u2019Alliberament Nacional (PSAN)\" src=\"https:\/\/player.vimeo.com\/video\/1112513171?dnt=1&amp;app_id=122963\" width=\"800\" height=\"450\" frameborder=\"0\" allow=\"autoplay; fullscreen; picture-in-picture; clipboard-write; encrypted-media; web-share\" referrerpolicy=\"strict-origin-when-cross-origin\"><\/iframe><br \/>\n<a id=\"7\"><\/a><br \/>\n&nbsp;<\/p>\n<h3>L\u2019etapa com a regidor del primer Ajuntament democr\u00e0tic<\/h3>\n<p><iframe title=\"L\u2019etapa com a regidor del primer Ajuntament democr\u00e0tic\" src=\"https:\/\/player.vimeo.com\/video\/1112514188?dnt=1&amp;app_id=122963\" width=\"800\" height=\"450\" frameborder=\"0\" allow=\"autoplay; fullscreen; picture-in-picture; clipboard-write; encrypted-media; web-share\" referrerpolicy=\"strict-origin-when-cross-origin\"><\/iframe><br \/>\n<a id=\"8\"><\/a><br \/>\n&nbsp;<\/p>\n<h3>El 23F<\/h3>\n<p><iframe title=\"El 23F\" src=\"https:\/\/player.vimeo.com\/video\/1112511986?dnt=1&amp;app_id=122963\" width=\"800\" height=\"450\" frameborder=\"0\" allow=\"autoplay; fullscreen; picture-in-picture; clipboard-write; encrypted-media; web-share\" referrerpolicy=\"strict-origin-when-cross-origin\"><\/iframe><br \/>\n<a id=\"9\"><\/a><br \/>\n&nbsp;<\/p>\n<h3>Qu\u00e8 es pot veure a l\u2019exposici\u00f3 de l\u2019Assemblea del Bages del programa \u201cMem\u00f2ria en Xarxa\u201d?<\/h3>\n<p><iframe title=\"Exposici\u00f3 de l&#039;Assemblea del Bages\" src=\"https:\/\/player.vimeo.com\/video\/1112512368?dnt=1&amp;app_id=122963\" width=\"800\" height=\"450\" frameborder=\"0\" allow=\"autoplay; fullscreen; picture-in-picture; clipboard-write; encrypted-media; web-share\" referrerpolicy=\"strict-origin-when-cross-origin\"><\/iframe><\/p>\n<p>&nbsp;<\/p>\n<p>&nbsp;<\/p>\n","protected":false},"excerpt":{"rendered":"<p>(Entrevista enregistrada el 18 d&#8217;agost del 2025, a c\u00e0rrec de Joaquim Aloy i Salvador Red\u00f3. C\u00e0mera: Joan Griera). &nbsp; &nbsp; La import\u00e0ncia del pare, Jaume Perramon Ros, la HOAC, l\u2019escoltisme i la Universitat &nbsp; La Comissi\u00f3 de Promoci\u00f3 Pol\u00edtica i la Uni\u00f3 Socialista del Bages &nbsp; L\u2019Assemblea del Bages &nbsp; Les detencions de la Comissi\u00f3 [&hellip;]<\/p>\n","protected":false},"author":28,"featured_media":0,"parent":0,"menu_order":0,"comment_status":"closed","ping_status":"closed","template":"","meta":{"footnotes":""},"class_list":["post-74149","page","type-page","status-publish","hentry"],"_links":{"self":[{"href":"https:\/\/www.memoria.cat\/ignasi-perramon\/wp-json\/wp\/v2\/pages\/74149","targetHints":{"allow":["GET"]}}],"collection":[{"href":"https:\/\/www.memoria.cat\/ignasi-perramon\/wp-json\/wp\/v2\/pages"}],"about":[{"href":"https:\/\/www.memoria.cat\/ignasi-perramon\/wp-json\/wp\/v2\/types\/page"}],"author":[{"embeddable":true,"href":"https:\/\/www.memoria.cat\/ignasi-perramon\/wp-json\/wp\/v2\/users\/28"}],"replies":[{"embeddable":true,"href":"https:\/\/www.memoria.cat\/ignasi-perramon\/wp-json\/wp\/v2\/comments?post=74149"}],"version-history":[{"count":0,"href":"https:\/\/www.memoria.cat\/ignasi-perramon\/wp-json\/wp\/v2\/pages\/74149\/revisions"}],"wp:attachment":[{"href":"https:\/\/www.memoria.cat\/ignasi-perramon\/wp-json\/wp\/v2\/media?parent=74149"}],"curies":[{"name":"wp","href":"https:\/\/api.w.org\/{rel}","templated":true}]}}