{"id":73404,"date":"2019-11-11T13:18:10","date_gmt":"2019-11-11T12:18:10","guid":{"rendered":"https:\/\/www.memoria.cat\/ignasi-perramon\/?page_id=73404"},"modified":"2025-08-29T06:46:01","modified_gmt":"2025-08-29T05:46:01","slug":"portada","status":"publish","type":"page","link":"https:\/\/www.memoria.cat\/ignasi-perramon\/","title":{"rendered":"Portada"},"content":{"rendered":"<p><strong>Ignasi Perramon i Carri\u00f3 <\/strong>(Manresa, 1951) \u00e9s un hist\u00f2ric militant d\u2019esquerres i independentista de Manresa. Va estar en els or\u00edgens de diverses iniciatives unit\u00e0ries antifranquistes de la ciutat com la Comissi\u00f3 de Promoci\u00f3 Pol\u00edtica, la Uni\u00f3 Socialista del Bages o en la formaci\u00f3 de l\u2019Assemblea del Bages el mar\u00e7 de 1971.<\/p>\n<p>Ignasi Perramon \u00e9s el comissari de\u00a0<a href=\"https:\/\/www.memoria.cat\/blog\/lassemblea-democratica-del-bages-una-pionera-oposicio-al-franquisme\/\">l\u2019exposici\u00f3 \u201cL\u2019Assemblea democr\u00e0tica del Bages: Una pionera oposici\u00f3 al franquisme\u201d.<\/a> El tema de l\u2019Assemblea \u00e9s el motiu principal de l\u2019entrevista que presentem en aquest web, per\u00f2 hem aprofitat l\u2019avinentesa per parlar tamb\u00e9 de la seva traject\u00f2ria pol\u00edtica.<\/p>\n<p>El primer enquadrament pol\u00edtic de Perramon va ser a les files del Partit Socialista d\u2019Alliberament Nacional (PSAN), comunista i independentista, amb el qual entr\u00e0 de regidor al primer ajuntament democr\u00e0tic de Manresa l\u2019abril de 1979. Va passar per Nacionalistes d\u2019Esquerra i posteriorment entr\u00e0 a ERC formaci\u00f3 per la qual tamb\u00e9 ha estat regidor tant de govern com d\u2019oposici\u00f3.<\/p>\n<p>Va participar activament en la posada en marxa de l\u2019Assemblea del Bages l\u2019any 1971. Perramon va aprendre del seu pare, Jaume Perramon Ros, el comprom\u00eds social i de catalanitat que l\u2019ha marcat de per vida. S\u2019inici\u00e0 en el m\u00f3n de l\u2019escoltisme manres\u00e0 a l\u2019Agrupament Sant Francesc Xavier vinculat a la Seu, activitat que, de la m\u00e0 d\u2019alguns dels noms que han esdevingut senyers en la societat local, li marc\u00e0 el cam\u00ed que ha tra\u00e7at fins l\u2019actualitat.<\/p>\n<p>L\u2019any 1973 va ser detingut com a membre de la Comissi\u00f3 Ciutadana de Solidaritat de Manresa. Tamb\u00e9 van detenir el seu pare, Jaume Perramon, Joan Badia i Herm\u00ednia Torra. El 1975 van ser jutjats al temible Tribunal de Orden P\u00fablico (TOP), acusats de propaganda il\u00b7legal. Finalment el fiscal, que demanava 2 anys de pres\u00f3 per cada acusat, va retirar les acusacions. Les detencions i el judici van desvetllar una \u00e0mplia solidaritat enves els processats.<\/p>\n<p>L\u2019entrevista que us oferim est\u00e0 desglossada en aquests nou v\u00eddeos:<\/p>\n<ul>\n<li><a href=\"https:\/\/www.memoria.cat\/ignasi-perramon\/videos-de-lantrevista-a-ignasi-perramon-i-carrio\/#1\">La import\u00e0ncia del pare, Jaume Perramon Ros, la HOAC, l\u2019escoltisme i la Universitat<\/a><\/li>\n<li><a href=\"https:\/\/www.memoria.cat\/ignasi-perramon\/videos-de-lantrevista-a-ignasi-perramon-i-carrio\/#2\">La Comissi\u00f3 de Promoci\u00f3 Pol\u00edtica i la Uni\u00f3 Socialista del Bages<\/a><\/li>\n<li><a href=\"https:\/\/www.memoria.cat\/ignasi-perramon\/videos-de-lantrevista-a-ignasi-perramon-i-carrio\/#3\">L\u2019Assemblea del Bages<\/a><\/li>\n<li><a href=\"https:\/\/www.memoria.cat\/ignasi-perramon\/videos-de-lantrevista-a-ignasi-perramon-i-carrio\/#4\">Les detencions de la Comissi\u00f3 Ciutadana de Solidaritat (abril 1973) i el judici al TOP (18\/2\/1975)<\/a><\/li>\n<li><a href=\"https:\/\/www.memoria.cat\/ignasi-perramon\/videos-de-lantrevista-a-ignasi-perramon-i-carrio\/#5\">Mostres de la repressi\u00f3 franquista a Manresa<\/a><\/li>\n<li><a href=\"https:\/\/www.memoria.cat\/ignasi-perramon\/videos-de-lantrevista-a-ignasi-perramon-i-carrio\/#6\">El Partit Socialista d\u2019Alliberament Nacional (PSAN)<\/a><\/li>\n<li><a href=\"https:\/\/www.memoria.cat\/ignasi-perramon\/videos-de-lantrevista-a-ignasi-perramon-i-carrio\/#7\">L\u2019etapa com a regidor del primer Ajuntament democr\u00e0tic<\/a><\/li>\n<li><a href=\"https:\/\/www.memoria.cat\/ignasi-perramon\/videos-de-lantrevista-a-ignasi-perramon-i-carrio\/#8\">El 23F<\/a><\/li>\n<li><a href=\"https:\/\/www.memoria.cat\/ignasi-perramon\/videos-de-lantrevista-a-ignasi-perramon-i-carrio\/#9\">Qu\u00e8 es pot veure a l\u2019exposici\u00f3 de l\u2019Assemblea del Bages del programa \u201cMem\u00f2ria en Xarxa\u201d?<\/a><\/li>\n<\/ul>\n<p>&nbsp;<\/p>\n","protected":false},"excerpt":{"rendered":"<p>Ignasi Perramon i Carri\u00f3 (Manresa, 1951) \u00e9s un hist\u00f2ric militant d\u2019esquerres i independentista de Manresa. Va estar en els or\u00edgens de diverses iniciatives unit\u00e0ries antifranquistes de la ciutat com la Comissi\u00f3 de Promoci\u00f3 Pol\u00edtica, la Uni\u00f3 Socialista del Bages o en la formaci\u00f3 de l\u2019Assemblea del Bages el mar\u00e7 de 1971. Ignasi Perramon \u00e9s el [&hellip;]<\/p>\n","protected":false},"author":1,"featured_media":0,"parent":0,"menu_order":0,"comment_status":"closed","ping_status":"closed","template":"","meta":{"footnotes":""},"class_list":["post-73404","page","type-page","status-publish","hentry"],"_links":{"self":[{"href":"https:\/\/www.memoria.cat\/ignasi-perramon\/wp-json\/wp\/v2\/pages\/73404","targetHints":{"allow":["GET"]}}],"collection":[{"href":"https:\/\/www.memoria.cat\/ignasi-perramon\/wp-json\/wp\/v2\/pages"}],"about":[{"href":"https:\/\/www.memoria.cat\/ignasi-perramon\/wp-json\/wp\/v2\/types\/page"}],"author":[{"embeddable":true,"href":"https:\/\/www.memoria.cat\/ignasi-perramon\/wp-json\/wp\/v2\/users\/1"}],"replies":[{"embeddable":true,"href":"https:\/\/www.memoria.cat\/ignasi-perramon\/wp-json\/wp\/v2\/comments?post=73404"}],"version-history":[{"count":0,"href":"https:\/\/www.memoria.cat\/ignasi-perramon\/wp-json\/wp\/v2\/pages\/73404\/revisions"}],"wp:attachment":[{"href":"https:\/\/www.memoria.cat\/ignasi-perramon\/wp-json\/wp\/v2\/media?parent=73404"}],"curies":[{"name":"wp","href":"https:\/\/api.w.org\/{rel}","templated":true}]}}