{"id":73967,"date":"2024-07-30T11:32:55","date_gmt":"2024-07-30T10:32:55","guid":{"rendered":"https:\/\/www.memoria.cat\/ignasi-casas\/?page_id=73967"},"modified":"2024-08-02T07:56:44","modified_gmt":"2024-08-02T06:56:44","slug":"credits","status":"publish","type":"page","link":"https:\/\/www.memoria.cat\/ignasi-casas\/credits\/","title":{"rendered":"Cr\u00e8dits"},"content":{"rendered":"<p><strong>Autor<\/strong>: Salvador Red\u00f3 i Mart\u00ed<\/p>\n<p><strong>Introducci\u00f3: <\/strong>Montserrat Morera Perramon<\/p>\n<p><strong>Transcripci\u00f3 i traducci\u00f3 de les mem\u00f2ries: <\/strong>Montserrat Morera Perramon<\/p>\n<p><strong>Proced\u00e8ncia de la documentaci\u00f3<\/strong>: Montserrat Morera Perramon<\/p>\n<p><strong>Digitalitzaci\u00f3 de la documentaci\u00f3 i de les imatges<\/strong>: Salvador Red\u00f3 i Mart\u00ed i Teresa Torra i Oliveres<\/p>\n<p><strong>Maquetaci\u00f3 del web<\/strong>: Jordi Griera-Cors<\/p>\n<p><strong>Disseny<\/strong>: Arnau Aloy Oliv\u00e9\u00a0 \u00a0<strong>Cap\u00e7alera<\/strong>: Carla M\u00e9ndez<\/p>\n<p><strong>Revisi\u00f3 ortogr\u00e0fica<\/strong>: Teresa Torra i Oliveres<\/p>\n<p><strong>Agra\u00efments<\/strong>: <strong>Montserrat Morera Perramon<\/strong><\/p>\n<p>Manresa, juliol del 2024<\/p>\n<p>&nbsp;<\/p>\n","protected":false},"excerpt":{"rendered":"<p>Autor: Salvador Red\u00f3 i Mart\u00ed Introducci\u00f3: Montserrat Morera Perramon Transcripci\u00f3 i traducci\u00f3 de les mem\u00f2ries: Montserrat Morera Perramon Proced\u00e8ncia de la documentaci\u00f3: Montserrat Morera Perramon Digitalitzaci\u00f3 de la documentaci\u00f3 i de les imatges: Salvador Red\u00f3 i Mart\u00ed i Teresa Torra i Oliveres Maquetaci\u00f3 del web: Jordi Griera-Cors Disseny: Arnau Aloy Oliv\u00e9\u00a0 \u00a0Cap\u00e7alera: Carla M\u00e9ndez Revisi\u00f3 [&hellip;]<\/p>\n","protected":false},"author":28,"featured_media":0,"parent":0,"menu_order":0,"comment_status":"closed","ping_status":"closed","template":"","meta":{"iawp_total_views":4,"footnotes":""},"class_list":["post-73967","page","type-page","status-publish","hentry"],"_links":{"self":[{"href":"https:\/\/www.memoria.cat\/ignasi-casas\/wp-json\/wp\/v2\/pages\/73967","targetHints":{"allow":["GET"]}}],"collection":[{"href":"https:\/\/www.memoria.cat\/ignasi-casas\/wp-json\/wp\/v2\/pages"}],"about":[{"href":"https:\/\/www.memoria.cat\/ignasi-casas\/wp-json\/wp\/v2\/types\/page"}],"author":[{"embeddable":true,"href":"https:\/\/www.memoria.cat\/ignasi-casas\/wp-json\/wp\/v2\/users\/28"}],"replies":[{"embeddable":true,"href":"https:\/\/www.memoria.cat\/ignasi-casas\/wp-json\/wp\/v2\/comments?post=73967"}],"version-history":[{"count":0,"href":"https:\/\/www.memoria.cat\/ignasi-casas\/wp-json\/wp\/v2\/pages\/73967\/revisions"}],"wp:attachment":[{"href":"https:\/\/www.memoria.cat\/ignasi-casas\/wp-json\/wp\/v2\/media?parent=73967"}],"curies":[{"name":"wp","href":"https:\/\/api.w.org\/{rel}","templated":true}]}}