{"id":73963,"date":"2024-07-30T11:32:16","date_gmt":"2024-07-30T10:32:16","guid":{"rendered":"https:\/\/www.memoria.cat\/ignasi-casas\/?page_id=73963"},"modified":"2024-08-02T20:31:29","modified_gmt":"2024-08-02T19:31:29","slug":"text-integre-de-les-memories-traduides-al-catala","status":"publish","type":"page","link":"https:\/\/www.memoria.cat\/ignasi-casas\/text-integre-de-les-memories-traduides-al-catala\/","title":{"rendered":"Text \u00edntegre de les mem\u00f2ries tradu\u00efdes al catal\u00e0"},"content":{"rendered":"<p><div id=\"jig1\" class=\"justified-image-grid jig-1d5f59e30d9be5c631a13b7092db70e3 jig-preset-c1 jig-source-wp-gallery jig-rml-id-5\"><div class=\"jig-clearfix\"><\/div><noscript id=\"jig1-html\" class=\"justified-image-grid-html\" data-lazy-src=\"skiplazyload\" data-src=\"skipunveillazyload\"><ul><li><a href=\"https:\/\/www.memoria.cat\/ignasi-casas\/wp-content\/uploads\/sites\/139\/2024\/07\/001-Manresa-scaled.jpg\"><img decoding=\"async\" src=\"https:\/\/www.memoria.cat\/ignasi-casas\/wp-content\/plugins\/justified-image-grid\/timthumb.php?src=https%3A%2F%2Fwww.memoria.cat%2Fignasi-casas%2Fwp-content%2Fuploads%2Fsites%2F139%2F2024%2F07%2F001-Manresa-scaled.jpg&amp;h=230&amp;q=90&amp;f=.jpg\" alt=\"\" width=\"173\" height=\"230\" \/><\/a><\/li><li><a href=\"https:\/\/www.memoria.cat\/ignasi-casas\/wp-content\/uploads\/sites\/139\/2024\/07\/002-Manresa-scaled.jpg\"><img decoding=\"async\" src=\"https:\/\/www.memoria.cat\/ignasi-casas\/wp-content\/plugins\/justified-image-grid\/timthumb.php?src=https%3A%2F%2Fwww.memoria.cat%2Fignasi-casas%2Fwp-content%2Fuploads%2Fsites%2F139%2F2024%2F07%2F002-Manresa-scaled.jpg&amp;h=230&amp;q=90&amp;f=.jpg\" alt=\"\" width=\"173\" height=\"230\" \/><\/a><\/li><li><a href=\"https:\/\/www.memoria.cat\/ignasi-casas\/wp-content\/uploads\/sites\/139\/2024\/07\/003-Manresa-scaled.jpg\"><img decoding=\"async\" src=\"https:\/\/www.memoria.cat\/ignasi-casas\/wp-content\/plugins\/justified-image-grid\/timthumb.php?src=https%3A%2F%2Fwww.memoria.cat%2Fignasi-casas%2Fwp-content%2Fuploads%2Fsites%2F139%2F2024%2F07%2F003-Manresa-scaled.jpg&amp;h=230&amp;q=90&amp;f=.jpg\" alt=\"\" width=\"173\" height=\"230\" \/><\/a><\/li><li><a href=\"https:\/\/www.memoria.cat\/ignasi-casas\/wp-content\/uploads\/sites\/139\/2024\/07\/004-Manresa-scaled.jpg\"><img loading=\"lazy\" decoding=\"async\" src=\"https:\/\/www.memoria.cat\/ignasi-casas\/wp-content\/plugins\/justified-image-grid\/timthumb.php?src=https%3A%2F%2Fwww.memoria.cat%2Fignasi-casas%2Fwp-content%2Fuploads%2Fsites%2F139%2F2024%2F07%2F004-Manresa-scaled.jpg&amp;h=230&amp;q=90&amp;f=.jpg\" alt=\"\" width=\"173\" height=\"230\" \/><\/a><\/li><li><a href=\"https:\/\/www.memoria.cat\/ignasi-casas\/wp-content\/uploads\/sites\/139\/2024\/07\/005-Manresa-scaled.jpg\"><img loading=\"lazy\" decoding=\"async\" src=\"https:\/\/www.memoria.cat\/ignasi-casas\/wp-content\/plugins\/justified-image-grid\/timthumb.php?src=https%3A%2F%2Fwww.memoria.cat%2Fignasi-casas%2Fwp-content%2Fuploads%2Fsites%2F139%2F2024%2F07%2F005-Manresa-scaled.jpg&amp;h=230&amp;q=90&amp;f=.jpg\" alt=\"\" width=\"173\" height=\"230\" \/><\/a><\/li><li><a href=\"https:\/\/www.memoria.cat\/ignasi-casas\/wp-content\/uploads\/sites\/139\/2024\/07\/006-Manresa-scaled.jpg\"><img loading=\"lazy\" decoding=\"async\" src=\"https:\/\/www.memoria.cat\/ignasi-casas\/wp-content\/plugins\/justified-image-grid\/timthumb.php?src=https%3A%2F%2Fwww.memoria.cat%2Fignasi-casas%2Fwp-content%2Fuploads%2Fsites%2F139%2F2024%2F07%2F006-Manresa-scaled.jpg&amp;h=230&amp;q=90&amp;f=.jpg\" alt=\"\" width=\"173\" height=\"230\" \/><\/a><\/li><li><a href=\"https:\/\/www.memoria.cat\/ignasi-casas\/wp-content\/uploads\/sites\/139\/2024\/07\/007-Manresa-scaled.jpg\"><img loading=\"lazy\" decoding=\"async\" src=\"https:\/\/www.memoria.cat\/ignasi-casas\/wp-content\/plugins\/justified-image-grid\/timthumb.php?src=https%3A%2F%2Fwww.memoria.cat%2Fignasi-casas%2Fwp-content%2Fuploads%2Fsites%2F139%2F2024%2F07%2F007-Manresa-scaled.jpg&amp;h=230&amp;q=90&amp;f=.jpg\" alt=\"\" width=\"173\" height=\"230\" \/><\/a><\/li><li><a href=\"https:\/\/www.memoria.cat\/ignasi-casas\/wp-content\/uploads\/sites\/139\/2024\/07\/008-Manresa-scaled.jpg\"><img loading=\"lazy\" decoding=\"async\" src=\"https:\/\/www.memoria.cat\/ignasi-casas\/wp-content\/plugins\/justified-image-grid\/timthumb.php?src=https%3A%2F%2Fwww.memoria.cat%2Fignasi-casas%2Fwp-content%2Fuploads%2Fsites%2F139%2F2024%2F07%2F008-Manresa-scaled.jpg&amp;h=230&amp;q=90&amp;f=.jpg\" alt=\"\" width=\"173\" height=\"230\" \/><\/a><\/li><li><a href=\"https:\/\/www.memoria.cat\/ignasi-casas\/wp-content\/uploads\/sites\/139\/2024\/07\/009-Manresa-scaled.jpg\"><img loading=\"lazy\" decoding=\"async\" src=\"https:\/\/www.memoria.cat\/ignasi-casas\/wp-content\/plugins\/justified-image-grid\/timthumb.php?src=https%3A%2F%2Fwww.memoria.cat%2Fignasi-casas%2Fwp-content%2Fuploads%2Fsites%2F139%2F2024%2F07%2F009-Manresa-scaled.jpg&amp;h=230&amp;q=90&amp;f=.jpg\" alt=\"\" width=\"173\" height=\"230\" \/><\/a><\/li><li><a href=\"https:\/\/www.memoria.cat\/ignasi-casas\/wp-content\/uploads\/sites\/139\/2024\/07\/010-Manresa-scaled.jpg\"><img loading=\"lazy\" decoding=\"async\" src=\"https:\/\/www.memoria.cat\/ignasi-casas\/wp-content\/plugins\/justified-image-grid\/timthumb.php?src=https%3A%2F%2Fwww.memoria.cat%2Fignasi-casas%2Fwp-content%2Fuploads%2Fsites%2F139%2F2024%2F07%2F010-Manresa-scaled.jpg&amp;h=230&amp;q=90&amp;f=.jpg\" alt=\"\" width=\"173\" height=\"230\" \/><\/a><\/li><li><a href=\"https:\/\/www.memoria.cat\/ignasi-casas\/wp-content\/uploads\/sites\/139\/2024\/07\/011-Manresa-scaled.jpg\"><img loading=\"lazy\" decoding=\"async\" src=\"https:\/\/www.memoria.cat\/ignasi-casas\/wp-content\/plugins\/justified-image-grid\/timthumb.php?src=https%3A%2F%2Fwww.memoria.cat%2Fignasi-casas%2Fwp-content%2Fuploads%2Fsites%2F139%2F2024%2F07%2F011-Manresa-scaled.jpg&amp;h=230&amp;q=90&amp;f=.jpg\" alt=\"\" width=\"173\" height=\"230\" \/><\/a><\/li><li><a href=\"https:\/\/www.memoria.cat\/ignasi-casas\/wp-content\/uploads\/sites\/139\/2024\/07\/012-Manresa-scaled.jpg\"><img loading=\"lazy\" decoding=\"async\" src=\"https:\/\/www.memoria.cat\/ignasi-casas\/wp-content\/plugins\/justified-image-grid\/timthumb.php?src=https%3A%2F%2Fwww.memoria.cat%2Fignasi-casas%2Fwp-content%2Fuploads%2Fsites%2F139%2F2024%2F07%2F012-Manresa-scaled.jpg&amp;h=230&amp;q=90&amp;f=.jpg\" alt=\"\" width=\"173\" height=\"230\" \/><\/a><\/li><li><a href=\"https:\/\/www.memoria.cat\/ignasi-casas\/wp-content\/uploads\/sites\/139\/2024\/07\/013-Manresa-scaled.jpg\"><img loading=\"lazy\" decoding=\"async\" src=\"https:\/\/www.memoria.cat\/ignasi-casas\/wp-content\/plugins\/justified-image-grid\/timthumb.php?src=https%3A%2F%2Fwww.memoria.cat%2Fignasi-casas%2Fwp-content%2Fuploads%2Fsites%2F139%2F2024%2F07%2F013-Manresa-scaled.jpg&amp;h=230&amp;q=90&amp;f=.jpg\" alt=\"\" width=\"173\" height=\"230\" \/><\/a><\/li><li><a href=\"https:\/\/www.memoria.cat\/ignasi-casas\/wp-content\/uploads\/sites\/139\/2024\/07\/014-Manresa-scaled.jpg\"><img loading=\"lazy\" decoding=\"async\" src=\"https:\/\/www.memoria.cat\/ignasi-casas\/wp-content\/plugins\/justified-image-grid\/timthumb.php?src=https%3A%2F%2Fwww.memoria.cat%2Fignasi-casas%2Fwp-content%2Fuploads%2Fsites%2F139%2F2024%2F07%2F014-Manresa-scaled.jpg&amp;h=230&amp;q=90&amp;f=.jpg\" alt=\"\" width=\"173\" height=\"230\" \/><\/a><\/li><li><a href=\"https:\/\/www.memoria.cat\/ignasi-casas\/wp-content\/uploads\/sites\/139\/2024\/07\/015-Manresa-scaled.jpg\"><img loading=\"lazy\" decoding=\"async\" src=\"https:\/\/www.memoria.cat\/ignasi-casas\/wp-content\/plugins\/justified-image-grid\/timthumb.php?src=https%3A%2F%2Fwww.memoria.cat%2Fignasi-casas%2Fwp-content%2Fuploads%2Fsites%2F139%2F2024%2F07%2F015-Manresa-scaled.jpg&amp;h=230&amp;q=90&amp;f=.jpg\" alt=\"\" width=\"173\" height=\"230\" \/><\/a><\/li><li><a href=\"https:\/\/www.memoria.cat\/ignasi-casas\/wp-content\/uploads\/sites\/139\/2024\/07\/016-Manresa-scaled.jpg\"><img loading=\"lazy\" decoding=\"async\" src=\"https:\/\/www.memoria.cat\/ignasi-casas\/wp-content\/plugins\/justified-image-grid\/timthumb.php?src=https%3A%2F%2Fwww.memoria.cat%2Fignasi-casas%2Fwp-content%2Fuploads%2Fsites%2F139%2F2024%2F07%2F016-Manresa-scaled.jpg&amp;h=230&amp;q=90&amp;f=.jpg\" alt=\"\" width=\"173\" height=\"230\" \/><\/a><\/li><li><a href=\"https:\/\/www.memoria.cat\/ignasi-casas\/wp-content\/uploads\/sites\/139\/2024\/07\/017-Manresa-scaled.jpg\"><img loading=\"lazy\" decoding=\"async\" src=\"https:\/\/www.memoria.cat\/ignasi-casas\/wp-content\/plugins\/justified-image-grid\/timthumb.php?src=https%3A%2F%2Fwww.memoria.cat%2Fignasi-casas%2Fwp-content%2Fuploads%2Fsites%2F139%2F2024%2F07%2F017-Manresa-scaled.jpg&amp;h=230&amp;q=90&amp;f=.jpg\" alt=\"\" width=\"173\" height=\"230\" \/><\/a><\/li><li><a href=\"https:\/\/www.memoria.cat\/ignasi-casas\/wp-content\/uploads\/sites\/139\/2024\/07\/018-Manresa-scaled.jpg\"><img loading=\"lazy\" decoding=\"async\" src=\"https:\/\/www.memoria.cat\/ignasi-casas\/wp-content\/plugins\/justified-image-grid\/timthumb.php?src=https%3A%2F%2Fwww.memoria.cat%2Fignasi-casas%2Fwp-content%2Fuploads%2Fsites%2F139%2F2024%2F07%2F018-Manresa-scaled.jpg&amp;h=230&amp;q=90&amp;f=.jpg\" alt=\"\" width=\"173\" height=\"230\" \/><\/a><\/li><li><a href=\"https:\/\/www.memoria.cat\/ignasi-casas\/wp-content\/uploads\/sites\/139\/2024\/07\/019-Manresa-scaled.jpg\"><img loading=\"lazy\" decoding=\"async\" src=\"https:\/\/www.memoria.cat\/ignasi-casas\/wp-content\/plugins\/justified-image-grid\/timthumb.php?src=https%3A%2F%2Fwww.memoria.cat%2Fignasi-casas%2Fwp-content%2Fuploads%2Fsites%2F139%2F2024%2F07%2F019-Manresa-scaled.jpg&amp;h=230&amp;q=90&amp;f=.jpg\" alt=\"\" width=\"173\" height=\"230\" \/><\/a><\/li><li><a href=\"https:\/\/www.memoria.cat\/ignasi-casas\/wp-content\/uploads\/sites\/139\/2024\/07\/020-Manresa-scaled.jpg\"><img loading=\"lazy\" decoding=\"async\" src=\"https:\/\/www.memoria.cat\/ignasi-casas\/wp-content\/plugins\/justified-image-grid\/timthumb.php?src=https%3A%2F%2Fwww.memoria.cat%2Fignasi-casas%2Fwp-content%2Fuploads%2Fsites%2F139%2F2024%2F07%2F020-Manresa-scaled.jpg&amp;h=230&amp;q=90&amp;f=.jpg\" alt=\"\" width=\"173\" height=\"230\" \/><\/a><\/li><li><a href=\"https:\/\/www.memoria.cat\/ignasi-casas\/wp-content\/uploads\/sites\/139\/2024\/07\/021-Manresa-scaled.jpg\"><img loading=\"lazy\" decoding=\"async\" src=\"https:\/\/www.memoria.cat\/ignasi-casas\/wp-content\/plugins\/justified-image-grid\/timthumb.php?src=https%3A%2F%2Fwww.memoria.cat%2Fignasi-casas%2Fwp-content%2Fuploads%2Fsites%2F139%2F2024%2F07%2F021-Manresa-scaled.jpg&amp;h=230&amp;q=90&amp;f=.jpg\" alt=\"\" width=\"173\" height=\"230\" \/><\/a><\/li><li><a href=\"https:\/\/www.memoria.cat\/ignasi-casas\/wp-content\/uploads\/sites\/139\/2024\/07\/022-Manresa-scaled.jpg\"><img loading=\"lazy\" decoding=\"async\" src=\"https:\/\/www.memoria.cat\/ignasi-casas\/wp-content\/plugins\/justified-image-grid\/timthumb.php?src=https%3A%2F%2Fwww.memoria.cat%2Fignasi-casas%2Fwp-content%2Fuploads%2Fsites%2F139%2F2024%2F07%2F022-Manresa-scaled.jpg&amp;h=230&amp;q=90&amp;f=.jpg\" alt=\"\" width=\"173\" height=\"230\" \/><\/a><\/li><li><a href=\"https:\/\/www.memoria.cat\/ignasi-casas\/wp-content\/uploads\/sites\/139\/2024\/07\/023-Manresa-scaled.jpg\"><img loading=\"lazy\" decoding=\"async\" src=\"https:\/\/www.memoria.cat\/ignasi-casas\/wp-content\/plugins\/justified-image-grid\/timthumb.php?src=https%3A%2F%2Fwww.memoria.cat%2Fignasi-casas%2Fwp-content%2Fuploads%2Fsites%2F139%2F2024%2F07%2F023-Manresa-scaled.jpg&amp;h=230&amp;q=90&amp;f=.jpg\" alt=\"\" width=\"173\" height=\"230\" \/><\/a><\/li><li><a href=\"https:\/\/www.memoria.cat\/ignasi-casas\/wp-content\/uploads\/sites\/139\/2024\/07\/024-Manresa-scaled.jpg\"><img loading=\"lazy\" decoding=\"async\" src=\"https:\/\/www.memoria.cat\/ignasi-casas\/wp-content\/plugins\/justified-image-grid\/timthumb.php?src=https%3A%2F%2Fwww.memoria.cat%2Fignasi-casas%2Fwp-content%2Fuploads%2Fsites%2F139%2F2024%2F07%2F024-Manresa-scaled.jpg&amp;h=230&amp;q=90&amp;f=.jpg\" alt=\"\" width=\"173\" height=\"230\" \/><\/a><\/li><li><a href=\"https:\/\/www.memoria.cat\/ignasi-casas\/wp-content\/uploads\/sites\/139\/2024\/07\/025-Manresa-scaled.jpg\"><img loading=\"lazy\" decoding=\"async\" src=\"https:\/\/www.memoria.cat\/ignasi-casas\/wp-content\/plugins\/justified-image-grid\/timthumb.php?src=https%3A%2F%2Fwww.memoria.cat%2Fignasi-casas%2Fwp-content%2Fuploads%2Fsites%2F139%2F2024%2F07%2F025-Manresa-scaled.jpg&amp;h=230&amp;q=90&amp;f=.jpg\" alt=\"\" width=\"173\" height=\"230\" \/><\/a><\/li><li><a href=\"https:\/\/www.memoria.cat\/ignasi-casas\/wp-content\/uploads\/sites\/139\/2024\/07\/026-Manresa-scaled.jpg\"><img loading=\"lazy\" decoding=\"async\" src=\"https:\/\/www.memoria.cat\/ignasi-casas\/wp-content\/plugins\/justified-image-grid\/timthumb.php?src=https%3A%2F%2Fwww.memoria.cat%2Fignasi-casas%2Fwp-content%2Fuploads%2Fsites%2F139%2F2024%2F07%2F026-Manresa-scaled.jpg&amp;h=230&amp;q=90&amp;f=.jpg\" alt=\"\" width=\"173\" height=\"230\" \/><\/a><\/li><li><a href=\"https:\/\/www.memoria.cat\/ignasi-casas\/wp-content\/uploads\/sites\/139\/2024\/07\/027-Manresa-scaled.jpg\"><img loading=\"lazy\" decoding=\"async\" src=\"https:\/\/www.memoria.cat\/ignasi-casas\/wp-content\/plugins\/justified-image-grid\/timthumb.php?src=https%3A%2F%2Fwww.memoria.cat%2Fignasi-casas%2Fwp-content%2Fuploads%2Fsites%2F139%2F2024%2F07%2F027-Manresa-scaled.jpg&amp;h=230&amp;q=90&amp;f=.jpg\" alt=\"\" width=\"173\" height=\"230\" \/><\/a><\/li><li><a href=\"https:\/\/www.memoria.cat\/ignasi-casas\/wp-content\/uploads\/sites\/139\/2024\/07\/028-Manresa-scaled.jpg\"><img loading=\"lazy\" decoding=\"async\" src=\"https:\/\/www.memoria.cat\/ignasi-casas\/wp-content\/plugins\/justified-image-grid\/timthumb.php?src=https%3A%2F%2Fwww.memoria.cat%2Fignasi-casas%2Fwp-content%2Fuploads%2Fsites%2F139%2F2024%2F07%2F028-Manresa-scaled.jpg&amp;h=230&amp;q=90&amp;f=.jpg\" alt=\"\" width=\"173\" height=\"230\" \/><\/a><\/li><li><a href=\"https:\/\/www.memoria.cat\/ignasi-casas\/wp-content\/uploads\/sites\/139\/2024\/07\/029-Manresa-scaled.jpg\"><img loading=\"lazy\" decoding=\"async\" src=\"https:\/\/www.memoria.cat\/ignasi-casas\/wp-content\/plugins\/justified-image-grid\/timthumb.php?src=https%3A%2F%2Fwww.memoria.cat%2Fignasi-casas%2Fwp-content%2Fuploads%2Fsites%2F139%2F2024%2F07%2F029-Manresa-scaled.jpg&amp;h=230&amp;q=90&amp;f=.jpg\" alt=\"\" width=\"173\" height=\"230\" \/><\/a><\/li><li><a href=\"https:\/\/www.memoria.cat\/ignasi-casas\/wp-content\/uploads\/sites\/139\/2024\/07\/030-Manresa-scaled.jpg\"><img loading=\"lazy\" decoding=\"async\" src=\"https:\/\/www.memoria.cat\/ignasi-casas\/wp-content\/plugins\/justified-image-grid\/timthumb.php?src=https%3A%2F%2Fwww.memoria.cat%2Fignasi-casas%2Fwp-content%2Fuploads%2Fsites%2F139%2F2024%2F07%2F030-Manresa-scaled.jpg&amp;h=230&amp;q=90&amp;f=.jpg\" alt=\"\" width=\"173\" height=\"230\" \/><\/a><\/li><li><a href=\"https:\/\/www.memoria.cat\/ignasi-casas\/wp-content\/uploads\/sites\/139\/2024\/07\/031-Manresa-scaled.jpg\"><img loading=\"lazy\" decoding=\"async\" src=\"https:\/\/www.memoria.cat\/ignasi-casas\/wp-content\/plugins\/justified-image-grid\/timthumb.php?src=https%3A%2F%2Fwww.memoria.cat%2Fignasi-casas%2Fwp-content%2Fuploads%2Fsites%2F139%2F2024%2F07%2F031-Manresa-scaled.jpg&amp;h=230&amp;q=90&amp;f=.jpg\" alt=\"\" width=\"173\" height=\"230\" \/><\/a><\/li><li><a href=\"https:\/\/www.memoria.cat\/ignasi-casas\/wp-content\/uploads\/sites\/139\/2024\/07\/032-Manresa-scaled.jpg\"><img loading=\"lazy\" decoding=\"async\" src=\"https:\/\/www.memoria.cat\/ignasi-casas\/wp-content\/plugins\/justified-image-grid\/timthumb.php?src=https%3A%2F%2Fwww.memoria.cat%2Fignasi-casas%2Fwp-content%2Fuploads%2Fsites%2F139%2F2024%2F07%2F032-Manresa-scaled.jpg&amp;h=230&amp;q=90&amp;f=.jpg\" alt=\"\" width=\"173\" height=\"230\" \/><\/a><\/li><li><a href=\"https:\/\/www.memoria.cat\/ignasi-casas\/wp-content\/uploads\/sites\/139\/2024\/07\/033-Manresa-scaled.jpg\"><img loading=\"lazy\" decoding=\"async\" src=\"https:\/\/www.memoria.cat\/ignasi-casas\/wp-content\/plugins\/justified-image-grid\/timthumb.php?src=https%3A%2F%2Fwww.memoria.cat%2Fignasi-casas%2Fwp-content%2Fuploads%2Fsites%2F139%2F2024%2F07%2F033-Manresa-scaled.jpg&amp;h=230&amp;q=90&amp;f=.jpg\" alt=\"\" width=\"173\" height=\"230\" \/><\/a><\/li><li><a href=\"https:\/\/www.memoria.cat\/ignasi-casas\/wp-content\/uploads\/sites\/139\/2024\/07\/034-Manresa-scaled.jpg\"><img loading=\"lazy\" decoding=\"async\" src=\"https:\/\/www.memoria.cat\/ignasi-casas\/wp-content\/plugins\/justified-image-grid\/timthumb.php?src=https%3A%2F%2Fwww.memoria.cat%2Fignasi-casas%2Fwp-content%2Fuploads%2Fsites%2F139%2F2024%2F07%2F034-Manresa-scaled.jpg&amp;h=230&amp;q=90&amp;f=.jpg\" alt=\"\" width=\"173\" height=\"230\" \/><\/a><\/li><li><a href=\"https:\/\/www.memoria.cat\/ignasi-casas\/wp-content\/uploads\/sites\/139\/2024\/07\/035-Manresa-scaled.jpg\"><img loading=\"lazy\" decoding=\"async\" src=\"https:\/\/www.memoria.cat\/ignasi-casas\/wp-content\/plugins\/justified-image-grid\/timthumb.php?src=https%3A%2F%2Fwww.memoria.cat%2Fignasi-casas%2Fwp-content%2Fuploads%2Fsites%2F139%2F2024%2F07%2F035-Manresa-scaled.jpg&amp;h=230&amp;q=90&amp;f=.jpg\" alt=\"\" width=\"173\" height=\"230\" \/><\/a><\/li><li><a href=\"https:\/\/www.memoria.cat\/ignasi-casas\/wp-content\/uploads\/sites\/139\/2024\/07\/036-Manresa-scaled.jpg\"><img loading=\"lazy\" decoding=\"async\" src=\"https:\/\/www.memoria.cat\/ignasi-casas\/wp-content\/plugins\/justified-image-grid\/timthumb.php?src=https%3A%2F%2Fwww.memoria.cat%2Fignasi-casas%2Fwp-content%2Fuploads%2Fsites%2F139%2F2024%2F07%2F036-Manresa-scaled.jpg&amp;h=230&amp;q=90&amp;f=.jpg\" alt=\"\" width=\"173\" height=\"230\" \/><\/a><\/li><li><a href=\"https:\/\/www.memoria.cat\/ignasi-casas\/wp-content\/uploads\/sites\/139\/2024\/07\/037-Manresa-scaled.jpg\"><img loading=\"lazy\" decoding=\"async\" src=\"https:\/\/www.memoria.cat\/ignasi-casas\/wp-content\/plugins\/justified-image-grid\/timthumb.php?src=https%3A%2F%2Fwww.memoria.cat%2Fignasi-casas%2Fwp-content%2Fuploads%2Fsites%2F139%2F2024%2F07%2F037-Manresa-scaled.jpg&amp;h=230&amp;q=90&amp;f=.jpg\" alt=\"\" width=\"173\" height=\"230\" \/><\/a><\/li><li><a href=\"https:\/\/www.memoria.cat\/ignasi-casas\/wp-content\/uploads\/sites\/139\/2024\/07\/annex-1-Manresa-scaled.jpg\"><img loading=\"lazy\" decoding=\"async\" src=\"https:\/\/www.memoria.cat\/ignasi-casas\/wp-content\/plugins\/justified-image-grid\/timthumb.php?src=https%3A%2F%2Fwww.memoria.cat%2Fignasi-casas%2Fwp-content%2Fuploads%2Fsites%2F139%2F2024%2F07%2Fannex-1-Manresa-scaled.jpg&amp;h=230&amp;q=90&amp;f=.jpg\" alt=\"\" width=\"173\" height=\"230\" \/><\/a><\/li><li><a href=\"https:\/\/www.memoria.cat\/ignasi-casas\/wp-content\/uploads\/sites\/139\/2024\/07\/annex-2-Manresa-scaled.jpg\"><img loading=\"lazy\" decoding=\"async\" src=\"https:\/\/www.memoria.cat\/ignasi-casas\/wp-content\/plugins\/justified-image-grid\/timthumb.php?src=https%3A%2F%2Fwww.memoria.cat%2Fignasi-casas%2Fwp-content%2Fuploads%2Fsites%2F139%2F2024%2F07%2Fannex-2-Manresa-scaled.jpg&amp;h=230&amp;q=90&amp;f=.jpg\" alt=\"\" width=\"173\" height=\"230\" \/><\/a><\/li><li><a href=\"https:\/\/www.memoria.cat\/ignasi-casas\/wp-content\/uploads\/sites\/139\/2024\/07\/annex-3-Manresa-scaled.jpg\"><img loading=\"lazy\" decoding=\"async\" src=\"https:\/\/www.memoria.cat\/ignasi-casas\/wp-content\/plugins\/justified-image-grid\/timthumb.php?src=https%3A%2F%2Fwww.memoria.cat%2Fignasi-casas%2Fwp-content%2Fuploads%2Fsites%2F139%2F2024%2F07%2Fannex-3-Manresa-scaled.jpg&amp;h=230&amp;q=90&amp;f=.jpg\" alt=\"\" width=\"173\" height=\"230\" \/><\/a><\/li><\/ul><\/noscript><\/div>text \u00edntegre de les mem\u00f2ries<\/p>\n","protected":false},"excerpt":{"rendered":"<p>text \u00edntegre de les mem\u00f2ries<\/p>\n","protected":false},"author":28,"featured_media":0,"parent":0,"menu_order":0,"comment_status":"closed","ping_status":"closed","template":"","meta":{"iawp_total_views":6,"footnotes":""},"class_list":["post-73963","page","type-page","status-publish","hentry"],"_links":{"self":[{"href":"https:\/\/www.memoria.cat\/ignasi-casas\/wp-json\/wp\/v2\/pages\/73963","targetHints":{"allow":["GET"]}}],"collection":[{"href":"https:\/\/www.memoria.cat\/ignasi-casas\/wp-json\/wp\/v2\/pages"}],"about":[{"href":"https:\/\/www.memoria.cat\/ignasi-casas\/wp-json\/wp\/v2\/types\/page"}],"author":[{"embeddable":true,"href":"https:\/\/www.memoria.cat\/ignasi-casas\/wp-json\/wp\/v2\/users\/28"}],"replies":[{"embeddable":true,"href":"https:\/\/www.memoria.cat\/ignasi-casas\/wp-json\/wp\/v2\/comments?post=73963"}],"version-history":[{"count":0,"href":"https:\/\/www.memoria.cat\/ignasi-casas\/wp-json\/wp\/v2\/pages\/73963\/revisions"}],"wp:attachment":[{"href":"https:\/\/www.memoria.cat\/ignasi-casas\/wp-json\/wp\/v2\/media?parent=73963"}],"curies":[{"name":"wp","href":"https:\/\/api.w.org\/{rel}","templated":true}]}}