{"id":73957,"date":"2024-07-30T11:30:56","date_gmt":"2024-07-30T10:30:56","guid":{"rendered":"https:\/\/www.memoria.cat\/ignasi-casas\/?page_id=73957"},"modified":"2026-03-10T19:41:37","modified_gmt":"2026-03-10T18:41:37","slug":"fotografies","status":"publish","type":"page","link":"https:\/\/www.memoria.cat\/ignasi-casas\/fotografies\/","title":{"rendered":"Fotografies"},"content":{"rendered":"<div id=\"jig1\" class=\"justified-image-grid jig-0925ae3456eabb25718b1fe1edd52c13 jig-preset-c3 jig-source-wp-gallery jig-rml-id-4\"><div class=\"jig-clearfix\"><\/div><noscript id=\"jig1-html\" class=\"justified-image-grid-html\" data-lazy-src=\"skiplazyload\" data-src=\"skipunveillazyload\"><ul><li><a href=\"https:\/\/www.memoria.cat\/ignasi-casas\/wp-content\/uploads\/sites\/139\/2024\/07\/001-scaled.jpg\" title=\"Ignasi Casas Morera fotografiat, vestit de gala amb l\u2019uniforme de l\u2019arma de Cavalleria, mentre feia el servei militar a la caserna de Lepant de Barcelona. (Arxiu familiar)\"><img decoding=\"async\" src=\"https:\/\/www.memoria.cat\/ignasi-casas\/wp-content\/plugins\/justified-image-grid\/timthumb.php?src=https%3A%2F%2Fwww.memoria.cat%2Fignasi-casas%2Fwp-content%2Fuploads%2Fsites%2F139%2F2024%2F07%2F001-scaled.jpg&amp;h=230&amp;q=90&amp;f=.jpg\" alt=\"Ignasi Casas Morera fotografiat, vestit de gala amb l\u2019uniforme de l\u2019arma de Cavalleria, mentre feia el servei militar a la caserna de Lepant de Barcelona. (Arxiu familiar)\" width=\"156\" height=\"230\" \/><\/a><p class=\"jig-HTMLdescription\">Ignasi Casas Morera fotografiat, vestit de gala amb l\u2019uniforme de l\u2019arma de Cavalleria, mentre feia el servei militar a la caserna de Lepant de Barcelona. (Arxiu familiar)<\/p><\/li><li><a href=\"https:\/\/www.memoria.cat\/ignasi-casas\/wp-content\/uploads\/sites\/139\/2024\/07\/002-scaled.jpg\" title=\"Ignasi Casas muntant un cavall a la caserna de Lepant.(Arxiu familiar)\"><img decoding=\"async\" src=\"https:\/\/www.memoria.cat\/ignasi-casas\/wp-content\/plugins\/justified-image-grid\/timthumb.php?src=https%3A%2F%2Fwww.memoria.cat%2Fignasi-casas%2Fwp-content%2Fuploads%2Fsites%2F139%2F2024%2F07%2F002-scaled.jpg&amp;h=230&amp;q=90&amp;f=.jpg\" alt=\"Ignasi Casas muntant un cavall a la caserna de Lepant.(Arxiu familiar)\" width=\"132\" height=\"230\" \/><\/a><p class=\"jig-HTMLdescription\">Ignasi Casas muntant un cavall a la caserna de Lepant.(Arxiu familiar)<\/p><\/li><li><a href=\"https:\/\/www.memoria.cat\/ignasi-casas\/wp-content\/uploads\/sites\/139\/2024\/07\/003-scaled.jpg\" title=\"Fotografia del matrimoni format per Ignasi Casas i Merc\u00e8 Altimiras, feta el 2 de novembre de 1937.(Arxiu familiar)\"><img fetchpriority=\"high\" decoding=\"async\" src=\"https:\/\/www.memoria.cat\/ignasi-casas\/wp-content\/plugins\/justified-image-grid\/timthumb.php?src=https%3A%2F%2Fwww.memoria.cat%2Fignasi-casas%2Fwp-content%2Fuploads%2Fsites%2F139%2F2024%2F07%2F003-scaled.jpg&amp;h=230&amp;q=90&amp;f=.jpg\" alt=\"Fotografia del matrimoni format per Ignasi Casas i Merc\u00e8 Altimiras, feta el 2 de novembre de 1937.(Arxiu familiar)\" width=\"396\" height=\"230\" \/><\/a><p class=\"jig-HTMLdescription\">Fotografia del matrimoni format per Ignasi Casas i Merc\u00e8 Altimiras, feta el 2 de novembre de 1937.(Arxiu familiar)<\/p><\/li><li><a href=\"https:\/\/www.memoria.cat\/ignasi-casas\/wp-content\/uploads\/sites\/139\/2024\/07\/004-scaled.jpg\" title=\"Ignasi Casas fotografiat a Montserrat el 3 de setembre de 1947.(Arxiu familiar)\"><img loading=\"lazy\" decoding=\"async\" src=\"https:\/\/www.memoria.cat\/ignasi-casas\/wp-content\/plugins\/justified-image-grid\/timthumb.php?src=https%3A%2F%2Fwww.memoria.cat%2Fignasi-casas%2Fwp-content%2Fuploads%2Fsites%2F139%2F2024%2F07%2F004-scaled.jpg&amp;h=230&amp;q=90&amp;f=.jpg\" alt=\"Ignasi Casas fotografiat a Montserrat el 3 de setembre de 1947.(Arxiu familiar)\" width=\"153\" height=\"230\" \/><\/a><p class=\"jig-HTMLdescription\">Ignasi Casas fotografiat a Montserrat el 3 de setembre de 1947.(Arxiu familiar)<\/p><\/li><li><a href=\"https:\/\/www.memoria.cat\/ignasi-casas\/wp-content\/uploads\/sites\/139\/2024\/07\/005-scaled.jpg\" title=\"Ignasi Casas i la seva muller Merc\u00e8 Altimiras el dia de la celebraci\u00f3 de les noces d\u2019or dels pares Ignasi Casas Santan\u00e9 i Carme Morera Pons. El revers de la foto duu la signatura de Fotografia Vert.(Arxiu familiar)\"><img loading=\"lazy\" decoding=\"async\" src=\"https:\/\/www.memoria.cat\/ignasi-casas\/wp-content\/plugins\/justified-image-grid\/timthumb.php?src=https%3A%2F%2Fwww.memoria.cat%2Fignasi-casas%2Fwp-content%2Fuploads%2Fsites%2F139%2F2024%2F07%2F005-scaled.jpg&amp;h=230&amp;q=90&amp;f=.jpg\" alt=\"Ignasi Casas i la seva muller Merc\u00e8 Altimiras el dia de la celebraci\u00f3 de les noces d\u2019or dels pares Ignasi Casas Santan\u00e9 i Carme Morera Pons. El revers de la foto duu la signatura de Fotografia Vert.(Arxiu familiar)\" width=\"369\" height=\"230\" \/><\/a><p class=\"jig-HTMLdescription\">Ignasi Casas i la seva muller Merc\u00e8 Altimiras el dia de la celebraci\u00f3 de les noces d\u2019or dels pares Ignasi Casas Santan\u00e9 i Carme Morera Pons. El revers de la foto duu la signatura de Fotografia Vert.(Arxiu familiar)<\/p><\/li><\/ul><\/noscript><\/div>\n<div id=\"jig2\" class=\"justified-image-grid jig-6968efa989b8ae59a1181a07f9059015 jig-preset-c3 jig-source-wp-gallery jig-rml-id-7\"><div class=\"jig-clearfix\"><\/div><noscript id=\"jig2-html\" class=\"justified-image-grid-html\" data-lazy-src=\"skiplazyload\" data-src=\"skipunveillazyload\"><ul><li><a href=\"https:\/\/www.memoria.cat\/ignasi-casas\/wp-content\/uploads\/sites\/139\/2026\/03\/01.-Illa-de-Saltes-perfilada-en-blanc.jpg\" title=\"Illa de Salt\u00e9s perfilada en blanc. (Google).\"><img loading=\"lazy\" decoding=\"async\" src=\"https:\/\/www.memoria.cat\/ignasi-casas\/wp-content\/plugins\/justified-image-grid\/timthumb.php?src=https%3A%2F%2Fwww.memoria.cat%2Fignasi-casas%2Fwp-content%2Fuploads%2Fsites%2F139%2F2026%2F03%2F01.-Illa-de-Saltes-perfilada-en-blanc.jpg&amp;h=230&amp;q=90&amp;f=.jpg\" alt=\"Illa de Salt\u00e9s perfilada en blanc. (Google).\" width=\"215\" height=\"230\" \/><\/a><p class=\"jig-HTMLdescription\">Illa de Salt\u00e9s perfilada en blanc. (Google).<\/p><\/li><li><a href=\"https:\/\/www.memoria.cat\/ignasi-casas\/wp-content\/uploads\/sites\/139\/2026\/03\/02.jpg\" title=\"Barracons fets amb plaques de cartr\u00f3 premsat del camp de concentraci\u00f3 de l&#039;illa de Salt\u00e9s el 1939. (Archivo hist\u00f3rico privado de Pepe Morales)\"><img loading=\"lazy\" decoding=\"async\" src=\"https:\/\/www.memoria.cat\/ignasi-casas\/wp-content\/plugins\/justified-image-grid\/timthumb.php?src=https%3A%2F%2Fwww.memoria.cat%2Fignasi-casas%2Fwp-content%2Fuploads%2Fsites%2F139%2F2026%2F03%2F02.jpg&amp;h=230&amp;q=90&amp;f=.jpg\" alt=\"Barracons fets amb plaques de cartr\u00f3 premsat del camp de concentraci\u00f3 de l&#039;illa de Salt\u00e9s el 1939. (Archivo hist\u00f3rico privado de Pepe Morales)\" width=\"230\" height=\"230\" \/><\/a><p class=\"jig-HTMLdescription\">Barracons fets amb plaques de cartr\u00f3 premsat del camp de concentraci\u00f3 de l'illa de Salt\u00e9s el 1939. (Archivo hist\u00f3rico privado de Pepe Morales)<\/p><\/li><li><a href=\"https:\/\/www.memoria.cat\/ignasi-casas\/wp-content\/uploads\/sites\/139\/2026\/03\/03.jpg\" title=\"Presoners republicans a l&#039;illa de Salt\u00e9s el 1938. (Archivo hist\u00f3rico privado de Pepe Morales)\"><img loading=\"lazy\" decoding=\"async\" src=\"https:\/\/www.memoria.cat\/ignasi-casas\/wp-content\/plugins\/justified-image-grid\/timthumb.php?src=https%3A%2F%2Fwww.memoria.cat%2Fignasi-casas%2Fwp-content%2Fuploads%2Fsites%2F139%2F2026%2F03%2F03.jpg&amp;h=230&amp;q=90&amp;f=.jpg\" alt=\"Presoners republicans a l&#039;illa de Salt\u00e9s el 1938. (Archivo hist\u00f3rico privado de Pepe Morales)\" width=\"306\" height=\"230\" \/><\/a><p class=\"jig-HTMLdescription\">Presoners republicans a l'illa de Salt\u00e9s el 1938. (Archivo hist\u00f3rico privado de Pepe Morales)<\/p><\/li><li><a href=\"https:\/\/www.memoria.cat\/ignasi-casas\/wp-content\/uploads\/sites\/139\/2026\/03\/04.jpg\" title=\"Cullera i forquilla trobades a l&#039;illa de Salt\u00e9s. (Archivo hist\u00f3rico privado de Pepe Morales)\"><img loading=\"lazy\" decoding=\"async\" src=\"https:\/\/www.memoria.cat\/ignasi-casas\/wp-content\/plugins\/justified-image-grid\/timthumb.php?src=https%3A%2F%2Fwww.memoria.cat%2Fignasi-casas%2Fwp-content%2Fuploads%2Fsites%2F139%2F2026%2F03%2F04.jpg&amp;h=230&amp;q=90&amp;f=.jpg\" alt=\"Cullera i forquilla trobades a l&#039;illa de Salt\u00e9s. (Archivo hist\u00f3rico privado de Pepe Morales)\" width=\"148\" height=\"230\" \/><\/a><p class=\"jig-HTMLdescription\">Cullera i forquilla trobades a l'illa de Salt\u00e9s. (Archivo hist\u00f3rico privado de Pepe Morales)<\/p><\/li><\/ul><\/noscript><\/div>\n<p>&nbsp;<\/p>\n","protected":false},"excerpt":{"rendered":"<p>&nbsp;<\/p>\n","protected":false},"author":28,"featured_media":0,"parent":0,"menu_order":0,"comment_status":"closed","ping_status":"closed","template":"","meta":{"iawp_total_views":11,"footnotes":""},"class_list":["post-73957","page","type-page","status-publish","hentry"],"_links":{"self":[{"href":"https:\/\/www.memoria.cat\/ignasi-casas\/wp-json\/wp\/v2\/pages\/73957","targetHints":{"allow":["GET"]}}],"collection":[{"href":"https:\/\/www.memoria.cat\/ignasi-casas\/wp-json\/wp\/v2\/pages"}],"about":[{"href":"https:\/\/www.memoria.cat\/ignasi-casas\/wp-json\/wp\/v2\/types\/page"}],"author":[{"embeddable":true,"href":"https:\/\/www.memoria.cat\/ignasi-casas\/wp-json\/wp\/v2\/users\/28"}],"replies":[{"embeddable":true,"href":"https:\/\/www.memoria.cat\/ignasi-casas\/wp-json\/wp\/v2\/comments?post=73957"}],"version-history":[{"count":2,"href":"https:\/\/www.memoria.cat\/ignasi-casas\/wp-json\/wp\/v2\/pages\/73957\/revisions"}],"predecessor-version":[{"id":74144,"href":"https:\/\/www.memoria.cat\/ignasi-casas\/wp-json\/wp\/v2\/pages\/73957\/revisions\/74144"}],"wp:attachment":[{"href":"https:\/\/www.memoria.cat\/ignasi-casas\/wp-json\/wp\/v2\/media?parent=73957"}],"curies":[{"name":"wp","href":"https:\/\/api.w.org\/{rel}","templated":true}]}}