{"id":73404,"date":"2019-11-11T13:18:10","date_gmt":"2019-11-11T12:18:10","guid":{"rendered":"https:\/\/www.memoria.cat\/historia-cinema-manresa\/?page_id=73404"},"modified":"2021-11-03T16:08:24","modified_gmt":"2021-11-03T15:08:24","slug":"portada","status":"publish","type":"page","link":"https:\/\/www.memoria.cat\/historia-cinema-manresa\/","title":{"rendered":"Portada"},"content":{"rendered":"<p>Us oferim el v\u00eddeo de la confer\u00e8ncia \u201cHist\u00f2ria i inicis del cinema a Manresa. L\u2019empresa Cabot\u201d que el 15 de setembre del 1995 van oferir Josep Maria Gasol i Josep Tom\u00e0s Cabot a l\u2019actual auditori de La Plana de l\u2019Om. La confer\u00e8ncia va ser la primera del Cicle \u201cManresa i el cinema. 100 anys de cinema\u201d, que va programar la Fundaci\u00f3 Caixa Manresa, amb motiu d&#8217;aquest centenari. L&#8217;acte va ser presentat per <a href=\"https:\/\/www.memoria.cat\/historia-cinema-manresa\/videos\/jaume-torras-rodergas-presentacio\/\"><strong>Jaume Torras i Rodergas<\/strong><\/a>, responsable de la Fundaci\u00f3.<\/p>\n<p><a href=\"https:\/\/www.memoria.cat\/historia-cinema-manresa\/videos\/intervencio-de-josep-m-gasol\/\"><strong>Josep Maria Gasol<\/strong><\/a> hi recorda les primeres projeccions de cinema a Manresa, que van tenir lloc a finals del 1896, al cap d\u2019un any de la primera projecci\u00f3 cinematogr\u00e0fica dels germans Lumi\u00e8re a Par\u00eds. Esmenta els diversos locals de projecci\u00f3 dels primers temps (alguns, ef\u00edmers i ocasionals, d\u2019altres, aut\u00e8ntics cinemes): Teatre Conservatori, Kursaal, Teatre Nou, Olympia, Principal, Cine Modern -m\u00e9s tard, Modern Palace i Cine Goya-, Casino Ib\u00e9rico, la Sala Montserrat, el local de la Joventut Cat\u00f2lica, la Sala Gaumont, Sal\u00f3n Novedades, els caf\u00e8s La G\u00e0bia, Mundial, etc.<\/p>\n<p>Recorda que el 1901 es va projectar a Manresa la primera pel\u00b7l\u00edcula en colors (a la Sala Gaumont) i el 1929 la primera pel\u00b7l\u00edcula sonora (al Modern Palace). Acaba la seva intervenci\u00f3 parlant de dos grans cineastes vinculats a Manresa: Fruit\u00f3s Gelabert i Badiella, fill d\u2019una manresana i un dels pioners de la cinematografia catalana, i el manres\u00e0 Baltasar Abadal i Vall\u00e8s, productor, realitzador i distribu\u00efdor de films estrangers.<\/p>\n<p><a href=\"https:\/\/www.memoria.cat\/historia-cinema-manresa\/videos\/intervencio-de-josep-tomas-cabot\/\"><strong>Josep Tom\u00e0s Cabot<\/strong><\/a> hi parla del seu avi, Andreu Cabot i Puig, fill de Barcelona i casat amb la manresana Manela Verdaguer. Va ser el primer empresari cinematogr\u00e0fic de Manresa, es va establir a la ciutat el 1914, va comprar el Teatre Nou i hi va instal\u00b7lar una cabina de projecci\u00f3; el 1919 va llogar el Teatre Conservatori i el 1927 va inaugurar el Teatre Kursaal. Va morir el 1937.<\/p>\n<p>Tom\u00e0s Cabot explica amb tot detall el perqu\u00e8 de la vinculaci\u00f3 del seu avi al cinema, deguda especialment als vincles familiars, la seva relaci\u00f3 amb les primeres grans productores del cinema estrangeres, la creaci\u00f3 de la seva pr\u00f2pia productora (Iris Films, i despr\u00e9s Cabot i Puig) i la construcci\u00f3 dels estudis cinematogr\u00e0fics a la carretera d\u2019Horta.<\/p>\n<p>Tamb\u00e9 parla de l\u2019amistat d\u2019Andreu Cabot amb Fruit\u00f3s Gelabert (als seus estudis hi va realitzar 32 documentals sobre natura), del desgraciat final del fill d&#8217;Andreu Cabot, Mois\u00e8s Cabot (mort cremat en una cabina de projecci\u00f3 al front de guerra, el 1938), i del pas de l\u2019her\u00e8ncia dels cinemes cap a l&#8217;empresari Modest Padr\u00f3, que va aconseguir el Kursaal, el Conservatori, el Goya i l\u2019Olympia. Tamb\u00e9 hi explica la compra del Teatre Kursaal per part de l\u2019Ajuntament de Manresa.<\/p>\n","protected":false},"excerpt":{"rendered":"<p>Us oferim el v\u00eddeo de la confer\u00e8ncia \u201cHist\u00f2ria i inicis del cinema a Manresa. L\u2019empresa Cabot\u201d que el 15 de setembre del 1995 van oferir Josep Maria Gasol i Josep Tom\u00e0s Cabot a l\u2019actual auditori de La Plana de l\u2019Om. La confer\u00e8ncia va ser la primera del Cicle \u201cManresa i el cinema. 100 anys de [&hellip;]<\/p>\n","protected":false},"author":1,"featured_media":0,"parent":0,"menu_order":0,"comment_status":"closed","ping_status":"closed","template":"","meta":{"iawp_total_views":31,"footnotes":""},"class_list":["post-73404","page","type-page","status-publish","hentry"],"_links":{"self":[{"href":"https:\/\/www.memoria.cat\/historia-cinema-manresa\/wp-json\/wp\/v2\/pages\/73404","targetHints":{"allow":["GET"]}}],"collection":[{"href":"https:\/\/www.memoria.cat\/historia-cinema-manresa\/wp-json\/wp\/v2\/pages"}],"about":[{"href":"https:\/\/www.memoria.cat\/historia-cinema-manresa\/wp-json\/wp\/v2\/types\/page"}],"author":[{"embeddable":true,"href":"https:\/\/www.memoria.cat\/historia-cinema-manresa\/wp-json\/wp\/v2\/users\/1"}],"replies":[{"embeddable":true,"href":"https:\/\/www.memoria.cat\/historia-cinema-manresa\/wp-json\/wp\/v2\/comments?post=73404"}],"version-history":[{"count":0,"href":"https:\/\/www.memoria.cat\/historia-cinema-manresa\/wp-json\/wp\/v2\/pages\/73404\/revisions"}],"wp:attachment":[{"href":"https:\/\/www.memoria.cat\/historia-cinema-manresa\/wp-json\/wp\/v2\/media?parent=73404"}],"curies":[{"name":"wp","href":"https:\/\/api.w.org\/{rel}","templated":true}]}}