{"id":73747,"date":"2023-08-08T09:22:06","date_gmt":"2023-08-08T08:22:06","guid":{"rendered":"https:\/\/www.memoria.cat\/web-nova-gros\/?page_id=73747"},"modified":"2023-10-20T11:22:32","modified_gmt":"2023-10-20T10:22:32","slug":"memories-de-la-preso-de-manresa","status":"publish","type":"page","link":"https:\/\/www.memoria.cat\/gros\/memories-de-la-preso-de-manresa\/","title":{"rendered":"Mem\u00f2ries de la pres\u00f3 de Manresa"},"content":{"rendered":"<p><a href=\"https:\/\/www.memoria.cat\/gros\/wp-content\/uploads\/sites\/87\/2023\/08\/memories-de-la-preso.pdf\" target=\"_blank\" rel=\"noopener\">Clicant aqu\u00ed podreu descarregar-vos en format PDF el mecanoscrit de les mem\u00f2ries de reclusi\u00f3 de Francisco Gros Mateo<\/a>. Com es pot veure per mitj\u00e0 de la dedicat\u00f2ria de la portada, es tracta de l\u2019exemplar que l\u2019autor regal\u00e0 al seu amic\u00a0<a href=\"https:\/\/www.memoria.cat\/web-nova-gros\/wp-content\/uploads\/sites\/87\/2023\/08\/gros-antoni-gabarros.gif\">Antoni Gabarr\u00f3s Sala<\/a>, condemnat a cadena perp\u00e8tua (30 anys de reclusi\u00f3 major), que estigu\u00e9 m\u00e9s de deu anys internat en centres penitenciaris de Santander, Barcelona, Vic, Chinchilla i el Puerto de Santa Mar\u00eda, a m\u00e9s de Manresa. Memoria.cat ha tingut coneixement de l\u2019exist\u00e8ncia aquest document gr\u00e0cies a Josefina Serra Gabarr\u00f3s, neboda d\u2019Antoni Gabarr\u00f3s Sala.<\/p>\n<p>Vegeu en aquest\u00a0<a href=\"https:\/\/www1.memoria.cat\/censpresos\/content\/gabarr%C3%B3s-sala-antoni\">enlla\u00e7<\/a>\u00a0informaci\u00f3 sobre Antoni Gabarr\u00f3s, extreta del Cens de manresans privats de llibertat.<\/p>\n","protected":false},"excerpt":{"rendered":"<p>Clicant aqu\u00ed podreu descarregar-vos en format PDF el mecanoscrit de les mem\u00f2ries de reclusi\u00f3 de Francisco Gros Mateo. Com es pot veure per mitj\u00e0 de la dedicat\u00f2ria de la portada, es tracta de l\u2019exemplar que l\u2019autor regal\u00e0 al seu amic\u00a0Antoni Gabarr\u00f3s Sala, condemnat a cadena perp\u00e8tua (30 anys de reclusi\u00f3 major), que estigu\u00e9 m\u00e9s de [&hellip;]<\/p>\n","protected":false},"author":66,"featured_media":0,"parent":0,"menu_order":0,"comment_status":"closed","ping_status":"closed","template":"","meta":{"footnotes":""},"class_list":["post-73747","page","type-page","status-publish","hentry"],"_links":{"self":[{"href":"https:\/\/www.memoria.cat\/gros\/wp-json\/wp\/v2\/pages\/73747","targetHints":{"allow":["GET"]}}],"collection":[{"href":"https:\/\/www.memoria.cat\/gros\/wp-json\/wp\/v2\/pages"}],"about":[{"href":"https:\/\/www.memoria.cat\/gros\/wp-json\/wp\/v2\/types\/page"}],"author":[{"embeddable":true,"href":"https:\/\/www.memoria.cat\/gros\/wp-json\/wp\/v2\/users\/66"}],"replies":[{"embeddable":true,"href":"https:\/\/www.memoria.cat\/gros\/wp-json\/wp\/v2\/comments?post=73747"}],"version-history":[{"count":0,"href":"https:\/\/www.memoria.cat\/gros\/wp-json\/wp\/v2\/pages\/73747\/revisions"}],"wp:attachment":[{"href":"https:\/\/www.memoria.cat\/gros\/wp-json\/wp\/v2\/media?parent=73747"}],"curies":[{"name":"wp","href":"https:\/\/api.w.org\/{rel}","templated":true}]}}