{"id":73404,"date":"2019-11-11T13:18:10","date_gmt":"2019-11-11T12:18:10","guid":{"rendered":"https:\/\/www.memoria.cat\/web-nova-gros\/?page_id=73404"},"modified":"2023-08-03T09:18:15","modified_gmt":"2023-08-03T08:18:15","slug":"portada","status":"publish","type":"page","link":"https:\/\/www.memoria.cat\/gros\/","title":{"rendered":"Portada"},"content":{"rendered":"<p>&nbsp;<\/p>\n<p>A trav\u00e9s de memoria.cat surt a la llum un testimoni in\u00e8dit i excepcional: les mem\u00f2ries de\u00a0<strong>Francisco Gros Mateo<\/strong>, en les quals relata, principalment, els records de la seva estada a la pres\u00f3 de Manresa, entre els anys 1939 i 1942, en plena postguerra franquista.<\/p>\n<p>Escrit el 1976, el text de Francisco Gros ofereix en primera persona una visi\u00f3 de l&#8217;univers penitenciari durant el per\u00edode \u00e0lgid de la repressi\u00f3, des de la perspectiva d&#8217;un\u00a0<em>ven\u00e7ut<\/em>\u00a0\u2013tal com ell mateix s&#8217;anomenava-, que s&#8217;incorpor\u00e0 for\u00e7\u00f3s a l&#8217;ex\u00e8rcit republic\u00e0 i hagu\u00e9 d&#8217;afrontar \u2013a causa del seu passat com a sindicalista- un consell de guerra que el condemn\u00e0\u00a0 a dotze anys i un dia per\u00a0<em>auxilio a la rebeli\u00f3n militar<\/em>.<\/p>\n<p>Malgrat que el relat se centra sobretot en les viv\u00e8ncies de l&#8217;autor a l&#8217;antiga pres\u00f3 de les Escodines, tamb\u00e9 s&#8217;hi recullen records de la pres\u00f3 Model de Barcelona i altres situacions que tenen com a protagonistes persones amb les quals tingu\u00e9 relaci\u00f3 directa.<\/p>\n<p>Aspectes com la\u00a0<em>just\u00edcia al rev\u00e9s<\/em>\u00a0del r\u00e8gim franquista, l&#8217;aplicaci\u00f3 de la pena de mort, la corrupci\u00f3 i l&#8217;estraperlo dins el mateix centre penitenciari, la deficient alimentaci\u00f3 dels presos, la delaci\u00f3 entre els mateixos reclusos i el paper de l&#8217;Esgl\u00e9sia com a legitimadora del c\u00e0stig envers els ven\u00e7uts hi s\u00f3n tractats per l&#8217;autor \u2013testimoni directe dels fets-, a trav\u00e9s d&#8217;una prosa elaborada, plena de reflexions carregades d&#8217;ironia i desenc\u00eds.<\/p>\n<p>Associaci\u00f3 Mem\u00f2ria i Hist\u00f2ria de Manresa<\/p>\n<p>Manresa, abril de 2014<\/p>\n","protected":false},"excerpt":{"rendered":"<p>&nbsp; A trav\u00e9s de memoria.cat surt a la llum un testimoni in\u00e8dit i excepcional: les mem\u00f2ries de\u00a0Francisco Gros Mateo, en les quals relata, principalment, els records de la seva estada a la pres\u00f3 de Manresa, entre els anys 1939 i 1942, en plena postguerra franquista. Escrit el 1976, el text de Francisco Gros ofereix en [&hellip;]<\/p>\n","protected":false},"author":1,"featured_media":0,"parent":0,"menu_order":0,"comment_status":"closed","ping_status":"closed","template":"","meta":{"footnotes":""},"class_list":["post-73404","page","type-page","status-publish","hentry"],"_links":{"self":[{"href":"https:\/\/www.memoria.cat\/gros\/wp-json\/wp\/v2\/pages\/73404","targetHints":{"allow":["GET"]}}],"collection":[{"href":"https:\/\/www.memoria.cat\/gros\/wp-json\/wp\/v2\/pages"}],"about":[{"href":"https:\/\/www.memoria.cat\/gros\/wp-json\/wp\/v2\/types\/page"}],"author":[{"embeddable":true,"href":"https:\/\/www.memoria.cat\/gros\/wp-json\/wp\/v2\/users\/1"}],"replies":[{"embeddable":true,"href":"https:\/\/www.memoria.cat\/gros\/wp-json\/wp\/v2\/comments?post=73404"}],"version-history":[{"count":0,"href":"https:\/\/www.memoria.cat\/gros\/wp-json\/wp\/v2\/pages\/73404\/revisions"}],"wp:attachment":[{"href":"https:\/\/www.memoria.cat\/gros\/wp-json\/wp\/v2\/media?parent=73404"}],"curies":[{"name":"wp","href":"https:\/\/api.w.org\/{rel}","templated":true}]}}