{"id":79688,"date":"2024-06-07T17:56:24","date_gmt":"2024-06-07T16:56:24","guid":{"rendered":"https:\/\/www.memoria.cat\/franquisme\/la-ensenanza\/homenaje-al-maestro-albages\/"},"modified":"2024-07-11T18:40:23","modified_gmt":"2024-07-11T17:40:23","slug":"homenaje-al-maestro-albages","status":"publish","type":"page","link":"https:\/\/www.memoria.cat\/franquisme\/es\/la-ensenanza\/homenaje-al-maestro-albages\/","title":{"rendered":"Homenaje al maestro Albag\u00e9s"},"content":{"rendered":"<h2>Fotograf\u00edas (3)<\/h2>\n<div id=\"jig1\" class=\"justified-image-grid jig-3dbcbde1e7e4a3953ee047bef52b3e11 jig-preset-c1 jig-source-wp-gallery jig-rml-id-64\"><div class=\"jig-clearfix\"><\/div><noscript id=\"jig1-html\" class=\"justified-image-grid-html\" data-lazy-src=\"skiplazyload\" data-src=\"skipunveillazyload\"><ul><li><a href=\"https:\/\/www.memoria.cat\/franquisme\/wp-content\/uploads\/sites\/142\/2024\/05\/franquisme-2820.jpg\" title=\"3\/4\/1949: Homenaje al maestro Josep Albag\u00e9s Ventura, con motivo de su jubilaci\u00f3n, en  el sal\u00f3n de  actos del Instituto Llu\u00eds de  Peguera (Arxiu Comarcal del Bages).\n\n\"><img decoding=\"async\" src=\"https:\/\/www.memoria.cat\/franquisme\/wp-content\/plugins\/justified-image-grid\/timthumb.php?src=https%3A%2F%2Fwww.memoria.cat%2Ffranquisme%2Fwp-content%2Fuploads%2Fsites%2F142%2F2024%2F05%2Ffranquisme-2820.jpg&amp;h=230&amp;q=90&amp;f=.jpg\" alt=\"3\/4\/1949: Homenaje al maestro Josep Albag\u00e9s Ventura, con motivo de su jubilaci\u00f3n, en  el sal\u00f3n de  actos del Instituto Llu\u00eds de  Peguera (Arxiu Comarcal del Bages).\n\n\" width=\"142\" height=\"230\" \/><\/a><p class=\"jig-HTMLdescription\">3\/4\/1949: Homenaje al maestro Josep Albag\u00e9s Ventura, con motivo de su jubilaci\u00f3n, en  el sal\u00f3n de  actos del Instituto Llu\u00eds de  Peguera (Arxiu Comarcal del Bages).\n\n<\/p><\/li><li><a href=\"https:\/\/www.memoria.cat\/franquisme\/wp-content\/uploads\/sites\/142\/2024\/05\/franquisme-2819.jpg\" title=\"3\/4\/1949: Homenaje al maestro Josep Albag\u00e9s Ventura, con motivo de su jubilaci\u00f3n, en  el sal\u00f3n de  actos del Instituto Llu\u00eds de  Peguera (Arxiu Comarcal del Bages).\n\n\"><img fetchpriority=\"high\" decoding=\"async\" src=\"https:\/\/www.memoria.cat\/franquisme\/wp-content\/plugins\/justified-image-grid\/timthumb.php?src=https%3A%2F%2Fwww.memoria.cat%2Ffranquisme%2Fwp-content%2Fuploads%2Fsites%2F142%2F2024%2F05%2Ffranquisme-2819.jpg&amp;h=230&amp;q=90&amp;f=.jpg\" alt=\"3\/4\/1949: Homenaje al maestro Josep Albag\u00e9s Ventura, con motivo de su jubilaci\u00f3n, en  el sal\u00f3n de  actos del Instituto Llu\u00eds de  Peguera (Arxiu Comarcal del Bages).\n\n\" width=\"382\" height=\"230\" \/><\/a><p class=\"jig-HTMLdescription\">3\/4\/1949: Homenaje al maestro Josep Albag\u00e9s Ventura, con motivo de su jubilaci\u00f3n, en  el sal\u00f3n de  actos del Instituto Llu\u00eds de  Peguera (Arxiu Comarcal del Bages).\n\n<\/p><\/li><li><a href=\"https:\/\/www.memoria.cat\/franquisme\/wp-content\/uploads\/sites\/142\/2024\/05\/franquisme-2821.jpg\" title=\"3\/4\/1949: Homenaje al maestro Josep Albag\u00e9s Ventura, con motivo de su jubilaci\u00f3n, en  el sal\u00f3n de  actos del Instituto Llu\u00eds de  Peguera (Arxiu Comarcal del Bages).\n\n\"><img decoding=\"async\" src=\"https:\/\/www.memoria.cat\/franquisme\/wp-content\/plugins\/justified-image-grid\/timthumb.php?src=https%3A%2F%2Fwww.memoria.cat%2Ffranquisme%2Fwp-content%2Fuploads%2Fsites%2F142%2F2024%2F05%2Ffranquisme-2821.jpg&amp;h=230&amp;q=90&amp;f=.jpg\" alt=\"3\/4\/1949: Homenaje al maestro Josep Albag\u00e9s Ventura, con motivo de su jubilaci\u00f3n, en  el sal\u00f3n de  actos del Instituto Llu\u00eds de  Peguera (Arxiu Comarcal del Bages).\n\n\" width=\"373\" height=\"230\" \/><\/a><p class=\"jig-HTMLdescription\">3\/4\/1949: Homenaje al maestro Josep Albag\u00e9s Ventura, con motivo de su jubilaci\u00f3n, en  el sal\u00f3n de  actos del Instituto Llu\u00eds de  Peguera (Arxiu Comarcal del Bages).\n\n<\/p><\/li><\/ul><\/noscript><\/div>\n<p style=\"text-align: left;\">3\/4\/1949: Homenaje al maestro Josep Albag\u00e9s Ventura, con motivo de su jubilaci\u00f3n, en\u00a0 el sal\u00f3n de\u00a0 actos del Instituto Llu\u00eds de\u00a0 Peguera (Arxiu Comarcal del Bages).<\/p>\n<p>&nbsp;<\/p>\n<h2>Documentos (4)<\/h2>\n<div id=\"jig2\" class=\"justified-image-grid jig-919f2398022ef3e5a4c3d8b06b0dccdd jig-preset-c1 jig-source-wp-gallery jig-rml-id-638\"><div class=\"jig-clearfix\"><\/div><noscript id=\"jig2-html\" class=\"justified-image-grid-html\" data-lazy-src=\"skiplazyload\" data-src=\"skipunveillazyload\"><ul><li><a href=\"https:\/\/www.memoria.cat\/franquisme\/wp-content\/uploads\/sites\/142\/2024\/05\/franquisme-4560.jpg\" title=\"28\/03\/1949: carta de agradecimiento de la comisi\u00f3n pro-homenaje al maestro Josep Albag\u00e9s Ventura al alcalde de Manresa, ya que la comisi\u00f3n municipal permanente ha acordado adherirse a los actos organizados con motivo de su jubilaci\u00f3n. (Arxiu Municipal de  Manresa)\n\n\n\"><img loading=\"lazy\" decoding=\"async\" src=\"https:\/\/www.memoria.cat\/franquisme\/wp-content\/plugins\/justified-image-grid\/timthumb.php?src=https%3A%2F%2Fwww.memoria.cat%2Ffranquisme%2Fwp-content%2Fuploads%2Fsites%2F142%2F2024%2F05%2Ffranquisme-4560.jpg&amp;h=230&amp;q=90&amp;f=.jpg\" alt=\"28\/03\/1949: carta de agradecimiento de la comisi\u00f3n pro-homenaje al maestro Josep Albag\u00e9s Ventura al alcalde de Manresa, ya que la comisi\u00f3n municipal permanente ha acordado adherirse a los actos organizados con motivo de su jubilaci\u00f3n. (Arxiu Municipal de  Manresa)\n\n\n\" width=\"165\" height=\"230\" \/><\/a><p class=\"jig-HTMLdescription\">28\/03\/1949: carta de agradecimiento de la comisi\u00f3n pro-homenaje al maestro Josep Albag\u00e9s Ventura al alcalde de Manresa, ya que la comisi\u00f3n municipal permanente ha acordado adherirse a los actos organizados con motivo de su jubilaci\u00f3n. (Arxiu Municipal de  Manresa)\n\n\n<\/p><\/li><\/ul><\/noscript><\/div>\n<p>28\/03\/1949: carta de agradecimiento de la comisi\u00f3n pro-homenaje al maestro Josep Albag\u00e9s Ventura al alcalde de Manresa, ya que la comisi\u00f3n municipal permanente ha acordado adherirse a los actos organizados con motivo de su jubilaci\u00f3n. (Arxiu Municipal de\u00a0 Manresa)<\/p>\n<div id=\"jig3\" class=\"justified-image-grid jig-50569394a85585d5e7de6bd26bf8a482 jig-preset-c1 jig-source-wp-gallery jig-rml-id-639\"><div class=\"jig-clearfix\"><\/div><noscript id=\"jig3-html\" class=\"justified-image-grid-html\" data-lazy-src=\"skiplazyload\" data-src=\"skipunveillazyload\"><ul><li><a href=\"https:\/\/www.memoria.cat\/franquisme\/wp-content\/uploads\/sites\/142\/2024\/05\/franquisme-4559.jpg\" title=\"31\/03\/1949: invitaci\u00f3n del presidente de la comisi\u00f3n pro-homenaje al maestro Josep Albag\u00e9s Ventura, Valent\u00ed Masachs, al alcalde de Manresa a fin de que presida el acto p\u00fablico de  homenaje, que tendr\u00e1 lugar en el sal\u00f3n de actos del Instituto. (Arxiu Municipal de  Manresa).\n\n\n\"><img loading=\"lazy\" decoding=\"async\" src=\"https:\/\/www.memoria.cat\/franquisme\/wp-content\/plugins\/justified-image-grid\/timthumb.php?src=https%3A%2F%2Fwww.memoria.cat%2Ffranquisme%2Fwp-content%2Fuploads%2Fsites%2F142%2F2024%2F05%2Ffranquisme-4559.jpg&amp;h=230&amp;q=90&amp;f=.jpg\" alt=\"31\/03\/1949: invitaci\u00f3n del presidente de la comisi\u00f3n pro-homenaje al maestro Josep Albag\u00e9s Ventura, Valent\u00ed Masachs, al alcalde de Manresa a fin de que presida el acto p\u00fablico de  homenaje, que tendr\u00e1 lugar en el sal\u00f3n de actos del Instituto. (Arxiu Municipal de  Manresa).\n\n\n\" width=\"167\" height=\"230\" \/><\/a><p class=\"jig-HTMLdescription\">31\/03\/1949: invitaci\u00f3n del presidente de la comisi\u00f3n pro-homenaje al maestro Josep Albag\u00e9s Ventura, Valent\u00ed Masachs, al alcalde de Manresa a fin de que presida el acto p\u00fablico de  homenaje, que tendr\u00e1 lugar en el sal\u00f3n de actos del Instituto. (Arxiu Municipal de  Manresa).\n\n\n<\/p><\/li><\/ul><\/noscript><\/div>\n<p>31\/03\/1949: invitaci\u00f3n del presidente de la comisi\u00f3n pro-homenaje al maestro Josep Albag\u00e9s Ventura, Valent\u00ed Masachs, al alcalde de Manresa a fin de que presida el acto p\u00fablico de\u00a0 homenaje, que tendr\u00e1 lugar en el sal\u00f3n de actos del Instituto. (Arxiu Municipal de\u00a0 Manresa).<\/p>\n<div id=\"jig4\" class=\"justified-image-grid jig-b8732216143d404cc564314ac78bc68c jig-preset-c1 jig-source-wp-gallery jig-rml-id-640\"><div class=\"jig-clearfix\"><\/div><noscript id=\"jig4-html\" class=\"justified-image-grid-html\" data-lazy-src=\"skiplazyload\" data-src=\"skipunveillazyload\"><ul><li><a href=\"https:\/\/www.memoria.cat\/franquisme\/wp-content\/uploads\/sites\/142\/2024\/05\/franquisme-4561.jpg\" title=\"31\/03\/1949: notificaci\u00f3n del  alcalde accidental de  Manresa al teniente de  alcalde de  la   ciudad y ponente de Cultura, Joan Palat, por la cual le delega la presidencia y  representaci\u00f3n de la Alcald\u00eda a  los actos de  homenaje al maestro Josep Albag\u00e9s. (Arxiu Municipal de  Manresa).\n\n\n\"><img loading=\"lazy\" decoding=\"async\" src=\"https:\/\/www.memoria.cat\/franquisme\/wp-content\/plugins\/justified-image-grid\/timthumb.php?src=https%3A%2F%2Fwww.memoria.cat%2Ffranquisme%2Fwp-content%2Fuploads%2Fsites%2F142%2F2024%2F05%2Ffranquisme-4561.jpg&amp;h=230&amp;q=90&amp;f=.jpg\" alt=\"31\/03\/1949: notificaci\u00f3n del  alcalde accidental de  Manresa al teniente de  alcalde de  la   ciudad y ponente de Cultura, Joan Palat, por la cual le delega la presidencia y  representaci\u00f3n de la Alcald\u00eda a  los actos de  homenaje al maestro Josep Albag\u00e9s. (Arxiu Municipal de  Manresa).\n\n\n\" width=\"169\" height=\"230\" \/><\/a><p class=\"jig-HTMLdescription\">31\/03\/1949: notificaci\u00f3n del  alcalde accidental de  Manresa al teniente de  alcalde de  la   ciudad y ponente de Cultura, Joan Palat, por la cual le delega la presidencia y  representaci\u00f3n de la Alcald\u00eda a  los actos de  homenaje al maestro Josep Albag\u00e9s. (Arxiu Municipal de  Manresa).\n\n\n<\/p><\/li><\/ul><\/noscript><\/div>\n<p>31\/03\/1949: notificaci\u00f3n del\u00a0 alcalde accidental de\u00a0 Manresa al teniente de\u00a0 alcalde de\u00a0 la\u00a0\u00a0 ciudad y ponente de Cultura, Joan Palat, por la cual le delega la presidencia y\u00a0 representaci\u00f3n de la Alcald\u00eda a\u00a0 los actos de\u00a0 homenaje al maestro Josep Albag\u00e9s. (Arxiu Municipal de\u00a0 Manresa).<\/p>\n<div id=\"jig5\" class=\"justified-image-grid jig-752bea2305d61dcc2b7545e2c46f726e jig-preset-c1 jig-source-wp-gallery jig-rml-id-641\"><div class=\"jig-clearfix\"><\/div><noscript id=\"jig5-html\" class=\"justified-image-grid-html\" data-lazy-src=\"skiplazyload\" data-src=\"skipunveillazyload\"><ul><li><a href=\"https:\/\/www.memoria.cat\/franquisme\/wp-content\/uploads\/sites\/142\/2024\/05\/franquisme-4562.jpg\" title=\"31\/03\/1949: notificaci\u00f3n del alcalde de Manresa al presidente de la comisi\u00f3n pro-homenaje a Josep Albag\u00e9s, Valent\u00ed Masachs, a  quien agradece el ofrecimiento de  la  presidencia del acto. Tambi\u00e9n le informa de que no podr\u00e1 asistir al mismo y que delega su representaci\u00f3n y presidencia al teniente de alcalde y  delegado de cultura y deportes, Joan Palat Gran\u00e9. (Arxiu Municipal de  Manresa).\n\n\n\"><img loading=\"lazy\" decoding=\"async\" src=\"https:\/\/www.memoria.cat\/franquisme\/wp-content\/plugins\/justified-image-grid\/timthumb.php?src=https%3A%2F%2Fwww.memoria.cat%2Ffranquisme%2Fwp-content%2Fuploads%2Fsites%2F142%2F2024%2F05%2Ffranquisme-4562.jpg&amp;h=230&amp;q=90&amp;f=.jpg\" alt=\"31\/03\/1949: notificaci\u00f3n del alcalde de Manresa al presidente de la comisi\u00f3n pro-homenaje a Josep Albag\u00e9s, Valent\u00ed Masachs, a  quien agradece el ofrecimiento de  la  presidencia del acto. Tambi\u00e9n le informa de que no podr\u00e1 asistir al mismo y que delega su representaci\u00f3n y presidencia al teniente de alcalde y  delegado de cultura y deportes, Joan Palat Gran\u00e9. (Arxiu Municipal de  Manresa).\n\n\n\" width=\"145\" height=\"230\" \/><\/a><p class=\"jig-HTMLdescription\">31\/03\/1949: notificaci\u00f3n del alcalde de Manresa al presidente de la comisi\u00f3n pro-homenaje a Josep Albag\u00e9s, Valent\u00ed Masachs, a  quien agradece el ofrecimiento de  la  presidencia del acto. Tambi\u00e9n le informa de que no podr\u00e1 asistir al mismo y que delega su representaci\u00f3n y presidencia al teniente de alcalde y  delegado de cultura y deportes, Joan Palat Gran\u00e9. (Arxiu Municipal de  Manresa).\n\n\n<\/p><\/li><\/ul><\/noscript><\/div>\n<div class=\"cont\">\n<div class=\"cont\">\n<p>31\/03\/1949: notificaci\u00f3n del alcalde de Manresa al presidente de la comisi\u00f3n pro-homenaje a Josep Albag\u00e9s, Valent\u00ed Masachs, a\u00a0 quien agradece el ofrecimiento de\u00a0 la\u00a0 presidencia del acto. Tambi\u00e9n le informa de que no podr\u00e1 asistir al mismo y que delega su representaci\u00f3n y presidencia al teniente de alcalde y\u00a0 delegado de cultura y deportes, Joan Palat Gran\u00e9. (Arxiu Municipal de\u00a0 Manresa).<\/p>\n<\/div>\n<\/div>\n<p>&nbsp;<\/p>\n<h2>Prensa (3)<\/h2>\n<div id=\"jig6\" class=\"justified-image-grid jig-1f30058fa9c2f2f4cdcf136a0999d9fa jig-preset-c1 jig-source-wp-gallery jig-rml-id-642\"><div class=\"jig-clearfix\"><\/div><noscript id=\"jig6-html\" class=\"justified-image-grid-html\" data-lazy-src=\"skiplazyload\" data-src=\"skipunveillazyload\"><ul><li><a href=\"https:\/\/www.memoria.cat\/franquisme\/wp-content\/uploads\/sites\/142\/2024\/05\/franquisme-4171_1.jpg\" title=\"Manresa, 24\/12\/1948: noticia de la convocatoria de una reuni\u00f3n para preparar un homenaje al maestro Josep Albag\u00e9s con motivo de su jubilaci\u00f3n. (Arxiu Comarcal del Bages).\n\n\n\"><img loading=\"lazy\" decoding=\"async\" src=\"https:\/\/www.memoria.cat\/franquisme\/wp-content\/plugins\/justified-image-grid\/timthumb.php?src=https%3A%2F%2Fwww.memoria.cat%2Ffranquisme%2Fwp-content%2Fuploads%2Fsites%2F142%2F2024%2F05%2Ffranquisme-4171_1.jpg&amp;h=230&amp;q=90&amp;f=.jpg\" alt=\"Manresa, 24\/12\/1948: noticia de la convocatoria de una reuni\u00f3n para preparar un homenaje al maestro Josep Albag\u00e9s con motivo de su jubilaci\u00f3n. (Arxiu Comarcal del Bages).\n\n\n\" width=\"139\" height=\"230\" \/><\/a><p class=\"jig-HTMLdescription\">Manresa, 24\/12\/1948: noticia de la convocatoria de una reuni\u00f3n para preparar un homenaje al maestro Josep Albag\u00e9s con motivo de su jubilaci\u00f3n. (Arxiu Comarcal del Bages).\n\n\n<\/p><\/li><\/ul><\/noscript><\/div>\n<p><em>Manresa<\/em>, 24\/12\/1948: noticia de la convocatoria de una reuni\u00f3n para preparar un homenaje al maestro Josep Albag\u00e9s con motivo de su jubilaci\u00f3n. (Arxiu Comarcal del Bages).<\/p>\n<div id=\"jig7\" class=\"justified-image-grid jig-12e0527a8c834e7e57ac0fb43036b30f jig-preset-c1 jig-source-wp-gallery jig-rml-id-643\"><div class=\"jig-clearfix\"><\/div><noscript id=\"jig7-html\" class=\"justified-image-grid-html\" data-lazy-src=\"skiplazyload\" data-src=\"skipunveillazyload\"><ul><li><a href=\"https:\/\/www.memoria.cat\/franquisme\/wp-content\/uploads\/sites\/142\/2024\/05\/franquisme-2806.jpg\" title=\"Manresa, 31\/3\/1949: art\u00edculo dedicado al maestro Josep Albag\u00e9s Ventura, firmado por Valent\u00ed Masachs Alavedra. (Arxiu Comarcal del Bages).\n\n\n\"><img loading=\"lazy\" decoding=\"async\" src=\"https:\/\/www.memoria.cat\/franquisme\/wp-content\/plugins\/justified-image-grid\/timthumb.php?src=https%3A%2F%2Fwww.memoria.cat%2Ffranquisme%2Fwp-content%2Fuploads%2Fsites%2F142%2F2024%2F05%2Ffranquisme-2806.jpg&amp;h=230&amp;q=90&amp;f=.jpg\" alt=\"Manresa, 31\/3\/1949: art\u00edculo dedicado al maestro Josep Albag\u00e9s Ventura, firmado por Valent\u00ed Masachs Alavedra. (Arxiu Comarcal del Bages).\n\n\n\" width=\"98\" height=\"230\" \/><\/a><p class=\"jig-HTMLdescription\">Manresa, 31\/3\/1949: art\u00edculo dedicado al maestro Josep Albag\u00e9s Ventura, firmado por Valent\u00ed Masachs Alavedra. (Arxiu Comarcal del Bages).\n\n\n<\/p><\/li><\/ul><\/noscript><\/div>\n<p><em>Manresa<\/em>, 31\/3\/1949: art\u00edculo dedicado al maestro Josep Albag\u00e9s Ventura, firmado por Valent\u00ed Masachs Alavedra. (Arxiu Comarcal del Bages).<\/p>\n<div id=\"jig8\" class=\"justified-image-grid jig-2c1d5e1ab7507044ac04238eba95d5fb jig-preset-c1 jig-source-wp-gallery jig-rml-id-644\"><div class=\"jig-clearfix\"><\/div><noscript id=\"jig8-html\" class=\"justified-image-grid-html\" data-lazy-src=\"skiplazyload\" data-src=\"skipunveillazyload\"><ul><li><a href=\"https:\/\/www.memoria.cat\/franquisme\/wp-content\/uploads\/sites\/142\/2024\/05\/franquisme-2808.jpg\" title=\"Manresa, 5\/4\/1949: cr\u00f3nica del homenaje al maestro Josep Albag\u00e9s Ventura. (Arxiu Comarcal del Bages).\n\n\n\"><img loading=\"lazy\" decoding=\"async\" src=\"https:\/\/www.memoria.cat\/franquisme\/wp-content\/plugins\/justified-image-grid\/timthumb.php?src=https%3A%2F%2Fwww.memoria.cat%2Ffranquisme%2Fwp-content%2Fuploads%2Fsites%2F142%2F2024%2F05%2Ffranquisme-2808.jpg&amp;h=230&amp;q=90&amp;f=.jpg\" alt=\"Manresa, 5\/4\/1949: cr\u00f3nica del homenaje al maestro Josep Albag\u00e9s Ventura. (Arxiu Comarcal del Bages).\n\n\n\" width=\"215\" height=\"230\" \/><\/a><p class=\"jig-HTMLdescription\">Manresa, 5\/4\/1949: cr\u00f3nica del homenaje al maestro Josep Albag\u00e9s Ventura. (Arxiu Comarcal del Bages).\n\n\n<\/p><\/li><\/ul><\/noscript><\/div>\n<div class=\"cont\">\n<div class=\"cont\">\n<p><em>Manresa<\/em>, 5\/4\/1949: cr\u00f3nica del homenaje al maestro Josep Albag\u00e9s Ventura. (Arxiu Comarcal del Bages).<\/p>\n<\/div>\n<\/div>\n","protected":false},"excerpt":{"rendered":"<p>Fotograf\u00edas (3) 3\/4\/1949: Homenaje al maestro Josep Albag\u00e9s Ventura, con motivo de su jubilaci\u00f3n, en\u00a0 el sal\u00f3n de\u00a0 actos del Instituto Llu\u00eds de\u00a0 Peguera (Arxiu Comarcal del Bages). &nbsp; Documentos (4) 28\/03\/1949: carta de agradecimiento de la comisi\u00f3n pro-homenaje al maestro Josep Albag\u00e9s Ventura al alcalde de Manresa, ya que la comisi\u00f3n municipal permanente ha [&hellip;]<\/p>\n","protected":false},"author":1,"featured_media":0,"parent":79678,"menu_order":0,"comment_status":"closed","ping_status":"closed","template":"","meta":{"iawp_total_views":5,"footnotes":""},"class_list":["post-79688","page","type-page","status-publish","hentry"],"_links":{"self":[{"href":"https:\/\/www.memoria.cat\/franquisme\/es\/wp-json\/wp\/v2\/pages\/79688","targetHints":{"allow":["GET"]}}],"collection":[{"href":"https:\/\/www.memoria.cat\/franquisme\/es\/wp-json\/wp\/v2\/pages"}],"about":[{"href":"https:\/\/www.memoria.cat\/franquisme\/es\/wp-json\/wp\/v2\/types\/page"}],"author":[{"embeddable":true,"href":"https:\/\/www.memoria.cat\/franquisme\/es\/wp-json\/wp\/v2\/users\/1"}],"replies":[{"embeddable":true,"href":"https:\/\/www.memoria.cat\/franquisme\/es\/wp-json\/wp\/v2\/comments?post=79688"}],"version-history":[{"count":0,"href":"https:\/\/www.memoria.cat\/franquisme\/es\/wp-json\/wp\/v2\/pages\/79688\/revisions"}],"up":[{"embeddable":true,"href":"https:\/\/www.memoria.cat\/franquisme\/es\/wp-json\/wp\/v2\/pages\/79678"}],"wp:attachment":[{"href":"https:\/\/www.memoria.cat\/franquisme\/es\/wp-json\/wp\/v2\/media?parent=79688"}],"curies":[{"name":"wp","href":"https:\/\/api.w.org\/{rel}","templated":true}]}}