{"id":79650,"date":"2024-05-23T18:06:27","date_gmt":"2024-05-23T17:06:27","guid":{"rendered":"https:\/\/www.memoria.cat\/franquisme\/la-miseria-de-la-posguerra\/el-estraperlo\/"},"modified":"2024-07-11T17:35:28","modified_gmt":"2024-07-11T16:35:28","slug":"el-estraperlo","status":"publish","type":"page","link":"https:\/\/www.memoria.cat\/franquisme\/es\/la-miseria-de-la-posguerra\/el-estraperlo\/","title":{"rendered":"El estraperlo"},"content":{"rendered":"<h2>Texto introductorio<\/h2>\n<p>El origen de la palabra\u00a0<em>estraperlo<\/em>\u00a0hay que buscarlo en el periodo de la II Rep\u00fablica. Fue un caso de soborno que afect\u00f3 directamente a Alejandro Lerroux, l\u00edder del Partido Radical, que entonces formaba parte de la coalici\u00f3n de derechas que gobern\u00f3 la Rep\u00fablica durante dos a\u00f1os. En concreto, el motivo del soborno fue el intento de introducir un juego de ruleta el\u00e9ctrica marca Stra-Perlo (por el apellido de sus promotores, Strauss y Perlowitz). \u2028A partir de entonces, la palabra\u00a0<em>estraperlo<\/em>\u00a0ha quedado en nuestro lenguaje como sin\u00f3nimo de negocio fraudulento. Y esto es lo que pasaba, a gran escala, en la Manresa, Catalu\u00f1a y Espa\u00f1a de la posguerra: la carencia de todo tipo de productos de primera necesidad \u2014a causa, en su mayor parte, de la propia pol\u00edtica econ\u00f3mica aut\u00e1rquica del gobierno de Franco\u2014 condujo al racionamiento.<\/p>\n<p>As\u00ed, y hasta el a\u00f1o 1952, las autoridades franquistas expidieron las cartillas de racionamiento, las cuales ten\u00edan que garantizar el reparto de estos productos b\u00e1sicos a un precio fijado por el Estado, pero que en la pr\u00e1ctica resultaron del todo insuficientes a la hora de satisfacer las necesidades m\u00ednimas de la poblaci\u00f3n. Esto comport\u00f3, ante la miseria y hambre existentes, tener que recurrir al mercado negro, donde se pod\u00edan adquirir este tipo de productos esenciales para la vida cotidiana, pero a un precio muy superior al oficialmente establecido.<\/p>\n<p>Por lo tanto, todo el mundo, m\u00e1s o menos, hac\u00eda estraperlo. Aun as\u00ed, a grandes rasgos, podemos distinguir entre quienes lo ten\u00edan que practicar por pura supervivencia y quienes se enriquec\u00edan a expensas del hambre y las necesidades de gran parte de sus compatriotas. Estos \u00faltimos pudieron hacer negocio gracias a tener buenos contactos con cargos importantes del r\u00e9gimen, que tambi\u00e9n sal\u00edan econ\u00f3micamente beneficiados, cuando no eran los propios promotores. Y es que no debemos olvidar que el franquismo toler\u00f3 siempre la corrupci\u00f3n, puesto que era una manera de asegurar el clientelismo y la fidelidad al dictador. \u2028Por otra parte, el estraperlo \u2014al cual tuvo que recorrer la mayor parte de la poblaci\u00f3n para subsistir\u2014 se basaba a menudo en el trueque. Es decir, en el intercambio de productos. Por ejemplo, comida (pan, aceite, carne) a cambio de zapatos o jab\u00f3n. Muchas veces familias enteras buscaban comida por las casas de labranza y los pueblos de los alrededores. Al volver a Manresa, se separaban y entraban en ella por caminos diferentes, con el fin de esquivar los controles de los consumeros y as\u00ed evitar la requisa de todo lo que hab\u00edan adquirido.<\/p>\n<p>En definitiva, el estraperlo formaba parte de una penetrante realidad de la vida cotidiana \u2014ciertamente, dif\u00edcil de olvidar por quienes la tuvieron que vivir\u2014 que la propaganda oficial siempre quiso ocultar o tergiversar, pero que se entrev\u00e9 de manera bastante clara en la documentaci\u00f3n que se puede consultar en este apartado.<\/p>\n<p>&nbsp;<\/p>\n<h2>Documentos (1)<\/h2>\n<div id=\"jig1\" class=\"justified-image-grid jig-31ec5a713903b8a1d8924a2310aa35f5 jig-preset-c1 jig-source-wp-gallery jig-rml-id-341\"><div class=\"jig-clearfix\"><\/div><noscript id=\"jig1-html\" class=\"justified-image-grid-html\" data-lazy-src=\"skiplazyload\" data-src=\"skipunveillazyload\"><ul><li><a href=\"https:\/\/www.memoria.cat\/franquisme\/wp-content\/uploads\/sites\/142\/2024\/05\/franquisme-432.jpg\" title=\"4\/10\/1940: notificaci\u00f3n del inspector jefe de la comisar\u00eda de Manresa dirigida al alcalde relativa al decomiso de ocho latas de aceite (223 litros) a Isidre Vall-llosera Closa, por no poseer la declaraci\u00f3n ni de la gu\u00eda que le autorice a disponer de dicho producto. (Arxiu Municipal de Manresa)\n\n\n\"><img decoding=\"async\" src=\"https:\/\/www.memoria.cat\/franquisme\/wp-content\/plugins\/justified-image-grid\/timthumb.php?src=https%3A%2F%2Fwww.memoria.cat%2Ffranquisme%2Fwp-content%2Fuploads%2Fsites%2F142%2F2024%2F05%2Ffranquisme-432.jpg&amp;h=230&amp;q=90&amp;f=.jpg\" alt=\"4\/10\/1940: notificaci\u00f3n del inspector jefe de la comisar\u00eda de Manresa dirigida al alcalde relativa al decomiso de ocho latas de aceite (223 litros) a Isidre Vall-llosera Closa, por no poseer la declaraci\u00f3n ni de la gu\u00eda que le autorice a disponer de dicho producto. (Arxiu Municipal de Manresa)\n\n\n\" width=\"158\" height=\"230\" \/><\/a><p class=\"jig-HTMLdescription\">4\/10\/1940: notificaci\u00f3n del inspector jefe de la comisar\u00eda de Manresa dirigida al alcalde relativa al decomiso de ocho latas de aceite (223 litros) a Isidre Vall-llosera Closa, por no poseer la declaraci\u00f3n ni de la gu\u00eda que le autorice a disponer de dicho producto. (Arxiu Municipal de Manresa)\n\n\n<\/p><\/li><\/ul><\/noscript><\/div>\n<p>4\/10\/1940: notificaci\u00f3n del inspector jefe de la comisar\u00eda de Manresa dirigida al alcalde relativa al decomiso de ocho latas de aceite (223 litros) a Isidre Vall-llosera Closa, por no poseer la declaraci\u00f3n ni de la gu\u00eda que le autorice a disponer de dicho producto. (Arxiu Municipal de Manresa)<\/p>\n<p>&nbsp;<\/p>\n<h2>Prensa (4)<\/h2>\n<div id=\"jig2\" class=\"justified-image-grid jig-a5b4ba01be591de5ddfc42a6dd41456c jig-preset-c1 jig-source-wp-gallery jig-rml-id-342\"><div class=\"jig-clearfix\"><\/div><noscript id=\"jig2-html\" class=\"justified-image-grid-html\" data-lazy-src=\"skiplazyload\" data-src=\"skipunveillazyload\"><ul><li><a href=\"https:\/\/www.memoria.cat\/franquisme\/wp-content\/uploads\/sites\/142\/2024\/05\/franquisme-408.jpg\" title=\"Manresa, 21\/3\/1942: informaci\u00f3n sobre la detecci\u00f3n en Manresa, por parte de la Guardia Civil, de un dep\u00f3sito lleno de productos destinados al mercado negro, con 750 quilos de patatas, 78 de harina, 100 de almortas \u2014una especie de leguminosa\u2014 y 75 de garbanzos. (Arxiu Comarcal del Bages).\n\n\n\"><img decoding=\"async\" src=\"https:\/\/www.memoria.cat\/franquisme\/wp-content\/plugins\/justified-image-grid\/timthumb.php?src=https%3A%2F%2Fwww.memoria.cat%2Ffranquisme%2Fwp-content%2Fuploads%2Fsites%2F142%2F2024%2F05%2Ffranquisme-408.jpg&amp;h=230&amp;q=90&amp;f=.jpg\" alt=\"Manresa, 21\/3\/1942: informaci\u00f3n sobre la detecci\u00f3n en Manresa, por parte de la Guardia Civil, de un dep\u00f3sito lleno de productos destinados al mercado negro, con 750 quilos de patatas, 78 de harina, 100 de almortas \u2014una especie de leguminosa\u2014 y 75 de garbanzos. (Arxiu Comarcal del Bages).\n\n\n\" width=\"172\" height=\"230\" \/><\/a><p class=\"jig-HTMLdescription\">Manresa, 21\/3\/1942: informaci\u00f3n sobre la detecci\u00f3n en Manresa, por parte de la Guardia Civil, de un dep\u00f3sito lleno de productos destinados al mercado negro, con 750 quilos de patatas, 78 de harina, 100 de almortas \u2014una especie de leguminosa\u2014 y 75 de garbanzos. (Arxiu Comarcal del Bages).\n\n\n<\/p><\/li><\/ul><\/noscript><\/div>\n<p><em>Manresa<\/em>, 21\/3\/1942: informaci\u00f3n sobre la detecci\u00f3n en Manresa, por parte de la Guardia Civil, de un dep\u00f3sito lleno de productos destinados al mercado negro, con 750 quilos de patatas, 78 de harina, 100 de almortas \u2014una especie de leguminosa\u2014 y 75 de garbanzos. (Arxiu Comarcal del Bages).<\/p>\n<div id=\"jig3\" class=\"justified-image-grid jig-67fc9495a4d13d633d240e67be8608a6 jig-preset-c1 jig-source-wp-gallery jig-rml-id-343\"><div class=\"jig-clearfix\"><\/div><noscript id=\"jig3-html\" class=\"justified-image-grid-html\" data-lazy-src=\"skiplazyload\" data-src=\"skipunveillazyload\"><ul><li><a href=\"https:\/\/www.memoria.cat\/franquisme\/wp-content\/uploads\/sites\/142\/2024\/05\/franquisme-299.jpg\" title=\"Manresa, 30\/5\/1942: noticia sobre la incautaci\u00f3n, por parte de la Guardia Civil, de 90 litros de aceite y de seis terneras, destinados al comercio en el mercado negro. (Arxiu Comarcal del Bages).\n\n\n\"><img fetchpriority=\"high\" decoding=\"async\" src=\"https:\/\/www.memoria.cat\/franquisme\/wp-content\/plugins\/justified-image-grid\/timthumb.php?src=https%3A%2F%2Fwww.memoria.cat%2Ffranquisme%2Fwp-content%2Fuploads%2Fsites%2F142%2F2024%2F05%2Ffranquisme-299.jpg&amp;h=230&amp;q=90&amp;f=.jpg\" alt=\"Manresa, 30\/5\/1942: noticia sobre la incautaci\u00f3n, por parte de la Guardia Civil, de 90 litros de aceite y de seis terneras, destinados al comercio en el mercado negro. (Arxiu Comarcal del Bages).\n\n\n\" width=\"246\" height=\"230\" \/><\/a><p class=\"jig-HTMLdescription\">Manresa, 30\/5\/1942: noticia sobre la incautaci\u00f3n, por parte de la Guardia Civil, de 90 litros de aceite y de seis terneras, destinados al comercio en el mercado negro. (Arxiu Comarcal del Bages).\n\n\n<\/p><\/li><\/ul><\/noscript><\/div>\n<p><em>Manresa<\/em>, 30\/5\/1942: noticia sobre la incautaci\u00f3n, por parte de la Guardia Civil, de 90 litros de aceite y de seis terneras, destinados al comercio en el mercado negro. (Arxiu Comarcal del Bages).<\/p>\n<div id=\"jig4\" class=\"justified-image-grid jig-a63c9052a3b679cfba5ea057b4119ee9 jig-preset-c1 jig-source-wp-gallery jig-rml-id-344\"><div class=\"jig-clearfix\"><\/div><noscript id=\"jig4-html\" class=\"justified-image-grid-html\" data-lazy-src=\"skiplazyload\" data-src=\"skipunveillazyload\"><ul><li><a href=\"https:\/\/www.memoria.cat\/franquisme\/wp-content\/uploads\/sites\/142\/2024\/05\/franquisme-315_0.jpg\" title=\"Manresa, 11\/6\/1942: comunicaci\u00f3n de la intercepci\u00f3n de 114 paquetes de tabaco a una mujer, en la estaci\u00f3n de tren de Manresa, donde la Guardia Civil tambi\u00e9n ha hallado abandonados 13 paquetes m\u00e1s de tabaco y 30 kilos de ma\u00edz. (Arxiu Comarcal del Bages).\n\n\"><img loading=\"lazy\" decoding=\"async\" src=\"https:\/\/www.memoria.cat\/franquisme\/wp-content\/plugins\/justified-image-grid\/timthumb.php?src=https%3A%2F%2Fwww.memoria.cat%2Ffranquisme%2Fwp-content%2Fuploads%2Fsites%2F142%2F2024%2F05%2Ffranquisme-315_0.jpg&amp;h=230&amp;q=90&amp;f=.jpg\" alt=\"Manresa, 11\/6\/1942: comunicaci\u00f3n de la intercepci\u00f3n de 114 paquetes de tabaco a una mujer, en la estaci\u00f3n de tren de Manresa, donde la Guardia Civil tambi\u00e9n ha hallado abandonados 13 paquetes m\u00e1s de tabaco y 30 kilos de ma\u00edz. (Arxiu Comarcal del Bages).\n\n\" width=\"172\" height=\"230\" \/><\/a><p class=\"jig-HTMLdescription\">Manresa, 11\/6\/1942: comunicaci\u00f3n de la intercepci\u00f3n de 114 paquetes de tabaco a una mujer, en la estaci\u00f3n de tren de Manresa, donde la Guardia Civil tambi\u00e9n ha hallado abandonados 13 paquetes m\u00e1s de tabaco y 30 kilos de ma\u00edz. (Arxiu Comarcal del Bages).\n\n<\/p><\/li><\/ul><\/noscript><\/div>\n<p><em>Manresa<\/em>, 11\/6\/1942: comunicaci\u00f3n de la intercepci\u00f3n de 114 paquetes de tabaco a una mujer, en la estaci\u00f3n de tren de Manresa, donde la Guardia Civil tambi\u00e9n ha hallado abandonados 13 paquetes m\u00e1s de tabaco y 30 kilos de ma\u00edz. (Arxiu Comarcal del Bages).<\/p>\n<div id=\"jig5\" class=\"justified-image-grid jig-03bba1531e0f3d4eafe4be8faf17943a jig-preset-c1 jig-source-wp-gallery jig-rml-id-345\"><div class=\"jig-clearfix\"><\/div><noscript id=\"jig5-html\" class=\"justified-image-grid-html\" data-lazy-src=\"skiplazyload\" data-src=\"skipunveillazyload\"><ul><li><a href=\"https:\/\/www.memoria.cat\/franquisme\/wp-content\/uploads\/sites\/142\/2024\/05\/franquisme-560.jpg\" title=\"Manresa, 8\/9\/1942: noticia sobre la detecci\u00f3n de 29 sacos de cemento, ocultados en el almac\u00e9n de un comerciante. (Arxiu Comarcal del Bages).\n\n\n\"><img loading=\"lazy\" decoding=\"async\" src=\"https:\/\/www.memoria.cat\/franquisme\/wp-content\/plugins\/justified-image-grid\/timthumb.php?src=https%3A%2F%2Fwww.memoria.cat%2Ffranquisme%2Fwp-content%2Fuploads%2Fsites%2F142%2F2024%2F05%2Ffranquisme-560.jpg&amp;h=230&amp;q=90&amp;f=.jpg\" alt=\"Manresa, 8\/9\/1942: noticia sobre la detecci\u00f3n de 29 sacos de cemento, ocultados en el almac\u00e9n de un comerciante. (Arxiu Comarcal del Bages).\n\n\n\" width=\"306\" height=\"230\" \/><\/a><p class=\"jig-HTMLdescription\">Manresa, 8\/9\/1942: noticia sobre la detecci\u00f3n de 29 sacos de cemento, ocultados en el almac\u00e9n de un comerciante. (Arxiu Comarcal del Bages).\n\n\n<\/p><\/li><\/ul><\/noscript><\/div>\n<p><em>Manresa<\/em>, 8\/9\/1942: noticia sobre la detecci\u00f3n de 29 sacos de cemento, ocultados en el almac\u00e9n de un comerciante. (Arxiu Comarcal del Bages).<\/p>\n","protected":false},"excerpt":{"rendered":"<p>Texto introductorio El origen de la palabra\u00a0estraperlo\u00a0hay que buscarlo en el periodo de la II Rep\u00fablica. Fue un caso de soborno que afect\u00f3 directamente a Alejandro Lerroux, l\u00edder del Partido Radical, que entonces formaba parte de la coalici\u00f3n de derechas que gobern\u00f3 la Rep\u00fablica durante dos a\u00f1os. En concreto, el motivo del soborno fue el [&hellip;]<\/p>\n","protected":false},"author":1,"featured_media":0,"parent":79645,"menu_order":0,"comment_status":"closed","ping_status":"closed","template":"","meta":{"iawp_total_views":273,"footnotes":""},"class_list":["post-79650","page","type-page","status-publish","hentry"],"_links":{"self":[{"href":"https:\/\/www.memoria.cat\/franquisme\/es\/wp-json\/wp\/v2\/pages\/79650","targetHints":{"allow":["GET"]}}],"collection":[{"href":"https:\/\/www.memoria.cat\/franquisme\/es\/wp-json\/wp\/v2\/pages"}],"about":[{"href":"https:\/\/www.memoria.cat\/franquisme\/es\/wp-json\/wp\/v2\/types\/page"}],"author":[{"embeddable":true,"href":"https:\/\/www.memoria.cat\/franquisme\/es\/wp-json\/wp\/v2\/users\/1"}],"replies":[{"embeddable":true,"href":"https:\/\/www.memoria.cat\/franquisme\/es\/wp-json\/wp\/v2\/comments?post=79650"}],"version-history":[{"count":0,"href":"https:\/\/www.memoria.cat\/franquisme\/es\/wp-json\/wp\/v2\/pages\/79650\/revisions"}],"up":[{"embeddable":true,"href":"https:\/\/www.memoria.cat\/franquisme\/es\/wp-json\/wp\/v2\/pages\/79645"}],"wp:attachment":[{"href":"https:\/\/www.memoria.cat\/franquisme\/es\/wp-json\/wp\/v2\/media?parent=79650"}],"curies":[{"name":"wp","href":"https:\/\/api.w.org\/{rel}","templated":true}]}}