{"id":73814,"date":"2023-07-05T10:19:12","date_gmt":"2023-07-05T09:19:12","guid":{"rendered":"https:\/\/www.memoria.cat\/web-nova-francesc-boix\/?page_id=73814"},"modified":"2024-08-24T13:07:23","modified_gmt":"2024-08-24T12:07:23","slug":"credits","status":"publish","type":"page","link":"https:\/\/www.memoria.cat\/francesc-boix\/credits\/","title":{"rendered":"Cr\u00e8dits"},"content":{"rendered":"<h2>Cr\u00e8dits<\/h2>\n<div class=\"cont\">\n<p><strong>Proced\u00e8ncia de les 28 fotografies de Francesc Boix:<\/strong> Comissi\u00f3 de la Dignitat<\/p>\n<p><strong>Proced\u00e8ncia dels documents i retalls de premsa:<\/strong> Arxiu Comarcal del Bages<\/p>\n<p><strong>Textos i recerca:<\/strong> Joaquim Aloy<\/p>\n<p><strong>Maquetaci\u00f3:<\/strong> Oriol Perramon \/ Llu\u00eds Puy Sorribas<\/p>\n<p><strong>Disseny: <a href=\"https:\/\/thanks.studio\" target=\"_blank\" rel=\"noopener\">Arnau Aloy i Oliv\u00e9<\/a><\/strong><\/p>\n<p><strong>Agra\u00efments:<\/strong> Comissi\u00f3 de la Dignitat, Anna Maria Batalla Sol\u00e0, Jordi Algu\u00e9, Marc Torras<\/p>\n<p>Manresa, 30 de juny de 2015<br \/>\nRenovaci\u00f3: juny de 2024<\/p>\n<p><strong>Associaci\u00f3 Mem\u00f2ria i Hist\u00f2ria de Manresa<\/strong><\/p>\n<\/div>\n","protected":false},"excerpt":{"rendered":"<p>Cr\u00e8dits Proced\u00e8ncia de les 28 fotografies de Francesc Boix: Comissi\u00f3 de la Dignitat Proced\u00e8ncia dels documents i retalls de premsa: Arxiu Comarcal del Bages Textos i recerca: Joaquim Aloy Maquetaci\u00f3: Oriol Perramon \/ Llu\u00eds Puy Sorribas Disseny: Arnau Aloy i Oliv\u00e9 Agra\u00efments: Comissi\u00f3 de la Dignitat, Anna Maria Batalla Sol\u00e0, Jordi Algu\u00e9, Marc Torras Manresa, [&hellip;]<\/p>\n","protected":false},"author":66,"featured_media":0,"parent":0,"menu_order":0,"comment_status":"closed","ping_status":"closed","template":"","meta":{"iawp_total_views":1,"footnotes":""},"class_list":["post-73814","page","type-page","status-publish","hentry"],"_links":{"self":[{"href":"https:\/\/www.memoria.cat\/francesc-boix\/wp-json\/wp\/v2\/pages\/73814","targetHints":{"allow":["GET"]}}],"collection":[{"href":"https:\/\/www.memoria.cat\/francesc-boix\/wp-json\/wp\/v2\/pages"}],"about":[{"href":"https:\/\/www.memoria.cat\/francesc-boix\/wp-json\/wp\/v2\/types\/page"}],"author":[{"embeddable":true,"href":"https:\/\/www.memoria.cat\/francesc-boix\/wp-json\/wp\/v2\/users\/66"}],"replies":[{"embeddable":true,"href":"https:\/\/www.memoria.cat\/francesc-boix\/wp-json\/wp\/v2\/comments?post=73814"}],"version-history":[{"count":0,"href":"https:\/\/www.memoria.cat\/francesc-boix\/wp-json\/wp\/v2\/pages\/73814\/revisions"}],"wp:attachment":[{"href":"https:\/\/www.memoria.cat\/francesc-boix\/wp-json\/wp\/v2\/media?parent=73814"}],"curies":[{"name":"wp","href":"https:\/\/api.w.org\/{rel}","templated":true}]}}