{"id":73568,"date":"2020-08-14T17:57:58","date_gmt":"2020-08-14T16:57:58","guid":{"rendered":"https:\/\/www.memoria.cat\/fotografies-prat-pons\/?page_id=73568"},"modified":"2020-12-22T22:18:03","modified_gmt":"2020-12-22T21:18:03","slug":"8e-album-monument-a-maria-immaculada-a-la-clinica-1954","status":"publish","type":"page","link":"https:\/\/www.memoria.cat\/fotografies-prat-pons\/8e-album-monument-a-maria-immaculada-a-la-clinica-1954\/","title":{"rendered":"8\u00e8 \u00e0lbum. Monument a Maria Immaculada a la Cl\u00ednica (1954)"},"content":{"rendered":"<p>Benedicci\u00f3 del monument a Maria Immaculada, erigit per les Religioses Filles de Sant Josep als jardins de la Cl\u00ednica de Sant Josep, per perpetuar les festes jubilars de l\u2019Any Mari\u00e0. Bene\u00eft per l\u2019arxiprest Valent\u00ed Gibert i apadrinat per l\u2019alcalde Prat Pons i la seva esposa, Dolors Pujol. (5\/12\/1954).<\/p>\n<h3><\/h3>\n<p>&nbsp;<\/p>\n<h3 style=\"text-align: center\"><a href=\"https:\/\/www.memoria.cat\/fotografies-prat-pons\/blog\/monument-a-maria-immaculada-a-la-clinica-de-sant-josep-5-12-1954\/\">CLIQUEU AQU\u00cd PER A LA CONTEXTUALITZACI\u00d3 DE LES FOTOGRAFIES<\/a><\/h3>\n<p>&nbsp;<\/p>\n<div id=\"jig1\" class=\"justified-image-grid jig-486f210c9ef5fe609b90d52355aad2fb jig-preset-4 jig-source-wp-gallery jig-rml-id-8\"><div class=\"jig-clearfix\"><\/div><noscript id=\"jig1-html\" class=\"justified-image-grid-html\" data-lazy-src=\"skiplazyload\" data-src=\"skipunveillazyload\"><ul><li><a href=\"https:\/\/www.memoria.cat\/fotografies-prat-pons\/wp-content\/uploads\/sites\/42\/2020\/08\/001-Manresa-3.jpg\"><img fetchpriority=\"high\" decoding=\"async\" src=\"https:\/\/www.memoria.cat\/fotografies-prat-pons\/wp-content\/uploads\/sites\/42\/2020\/08\/001-Manresa-3.jpg\" alt=\"\" width=\"501\" height=\"335\" \/><\/a><\/li><li><a href=\"https:\/\/www.memoria.cat\/fotografies-prat-pons\/wp-content\/uploads\/sites\/42\/2020\/08\/002-Manresa-3.jpg\"><img decoding=\"async\" src=\"https:\/\/www.memoria.cat\/fotografies-prat-pons\/wp-content\/uploads\/sites\/42\/2020\/08\/002-Manresa-3.jpg\" alt=\"\" width=\"445\" height=\"335\" \/><\/a><\/li><li><a href=\"https:\/\/www.memoria.cat\/fotografies-prat-pons\/wp-content\/uploads\/sites\/42\/2020\/08\/003-Manresa-3.jpg\"><img decoding=\"async\" src=\"https:\/\/www.memoria.cat\/fotografies-prat-pons\/wp-content\/uploads\/sites\/42\/2020\/08\/003-Manresa-3.jpg\" alt=\"\" width=\"217\" height=\"335\" \/><\/a><\/li><li><a href=\"https:\/\/www.memoria.cat\/fotografies-prat-pons\/wp-content\/uploads\/sites\/42\/2020\/08\/004-Manresa-3.jpg\"><img loading=\"lazy\" decoding=\"async\" src=\"https:\/\/www.memoria.cat\/fotografies-prat-pons\/wp-content\/uploads\/sites\/42\/2020\/08\/004-Manresa-3.jpg\" alt=\"\" width=\"215\" height=\"335\" \/><\/a><\/li><li><a href=\"https:\/\/www.memoria.cat\/fotografies-prat-pons\/wp-content\/uploads\/sites\/42\/2020\/08\/005-Manresa-3.jpg\"><img loading=\"lazy\" decoding=\"async\" src=\"https:\/\/www.memoria.cat\/fotografies-prat-pons\/wp-content\/uploads\/sites\/42\/2020\/08\/005-Manresa-3.jpg\" alt=\"\" width=\"519\" height=\"335\" \/><\/a><\/li><li><a href=\"https:\/\/www.memoria.cat\/fotografies-prat-pons\/wp-content\/uploads\/sites\/42\/2020\/08\/006-Manresa-3.jpg\"><img loading=\"lazy\" decoding=\"async\" src=\"https:\/\/www.memoria.cat\/fotografies-prat-pons\/wp-content\/uploads\/sites\/42\/2020\/08\/006-Manresa-3.jpg\" alt=\"\" width=\"516\" height=\"335\" \/><\/a><\/li><li><a href=\"https:\/\/www.memoria.cat\/fotografies-prat-pons\/wp-content\/uploads\/sites\/42\/2020\/08\/007-Manresa-3.jpg\"><img loading=\"lazy\" decoding=\"async\" src=\"https:\/\/www.memoria.cat\/fotografies-prat-pons\/wp-content\/uploads\/sites\/42\/2020\/08\/007-Manresa-3.jpg\" alt=\"\" width=\"212\" height=\"335\" \/><\/a><\/li><li><a href=\"https:\/\/www.memoria.cat\/fotografies-prat-pons\/wp-content\/uploads\/sites\/42\/2020\/08\/008-Manresa-3.jpg\"><img loading=\"lazy\" decoding=\"async\" src=\"https:\/\/www.memoria.cat\/fotografies-prat-pons\/wp-content\/uploads\/sites\/42\/2020\/08\/008-Manresa-3.jpg\" alt=\"\" width=\"215\" height=\"335\" \/><\/a><\/li><li><a href=\"https:\/\/www.memoria.cat\/fotografies-prat-pons\/wp-content\/uploads\/sites\/42\/2020\/08\/009-Manresa-3.jpg\"><img loading=\"lazy\" decoding=\"async\" src=\"https:\/\/www.memoria.cat\/fotografies-prat-pons\/wp-content\/uploads\/sites\/42\/2020\/08\/009-Manresa-3.jpg\" alt=\"\" width=\"529\" height=\"335\" \/><\/a><\/li><li><a href=\"https:\/\/www.memoria.cat\/fotografies-prat-pons\/wp-content\/uploads\/sites\/42\/2020\/08\/010-Manresa-3.jpg\"><img loading=\"lazy\" decoding=\"async\" src=\"https:\/\/www.memoria.cat\/fotografies-prat-pons\/wp-content\/uploads\/sites\/42\/2020\/08\/010-Manresa-3.jpg\" alt=\"\" width=\"215\" height=\"335\" \/><\/a><\/li><li><a href=\"https:\/\/www.memoria.cat\/fotografies-prat-pons\/wp-content\/uploads\/sites\/42\/2020\/08\/011-Manresa-3.jpg\"><img loading=\"lazy\" decoding=\"async\" src=\"https:\/\/www.memoria.cat\/fotografies-prat-pons\/wp-content\/uploads\/sites\/42\/2020\/08\/011-Manresa-3.jpg\" alt=\"\" width=\"217\" height=\"335\" \/><\/a><\/li><li><a href=\"https:\/\/www.memoria.cat\/fotografies-prat-pons\/wp-content\/uploads\/sites\/42\/2020\/08\/012-Manresa-3.jpg\"><img loading=\"lazy\" decoding=\"async\" src=\"https:\/\/www.memoria.cat\/fotografies-prat-pons\/wp-content\/uploads\/sites\/42\/2020\/08\/012-Manresa-3.jpg\" alt=\"\" width=\"517\" height=\"335\" \/><\/a><\/li><li><a href=\"https:\/\/www.memoria.cat\/fotografies-prat-pons\/wp-content\/uploads\/sites\/42\/2020\/08\/013-Manresa-3.jpg\"><img loading=\"lazy\" decoding=\"async\" src=\"https:\/\/www.memoria.cat\/fotografies-prat-pons\/wp-content\/uploads\/sites\/42\/2020\/08\/013-Manresa-3.jpg\" alt=\"\" width=\"216\" height=\"335\" \/><\/a><\/li><li><a href=\"https:\/\/www.memoria.cat\/fotografies-prat-pons\/wp-content\/uploads\/sites\/42\/2020\/08\/014-Manresa-3.jpg\"><img loading=\"lazy\" decoding=\"async\" src=\"https:\/\/www.memoria.cat\/fotografies-prat-pons\/wp-content\/uploads\/sites\/42\/2020\/08\/014-Manresa-3.jpg\" alt=\"\" width=\"214\" height=\"335\" \/><\/a><\/li><li><a href=\"https:\/\/www.memoria.cat\/fotografies-prat-pons\/wp-content\/uploads\/sites\/42\/2020\/08\/015-Manresa-3.jpg\"><img loading=\"lazy\" decoding=\"async\" src=\"https:\/\/www.memoria.cat\/fotografies-prat-pons\/wp-content\/uploads\/sites\/42\/2020\/08\/015-Manresa-3.jpg\" alt=\"\" width=\"514\" height=\"335\" \/><\/a><\/li><li><a href=\"https:\/\/www.memoria.cat\/fotografies-prat-pons\/wp-content\/uploads\/sites\/42\/2020\/08\/016-Manresa-3.jpg\"><img loading=\"lazy\" decoding=\"async\" src=\"https:\/\/www.memoria.cat\/fotografies-prat-pons\/wp-content\/uploads\/sites\/42\/2020\/08\/016-Manresa-3.jpg\" alt=\"\" width=\"514\" height=\"335\" \/><\/a><\/li><li><a href=\"https:\/\/www.memoria.cat\/fotografies-prat-pons\/wp-content\/uploads\/sites\/42\/2020\/08\/017-Manresa-3.jpg\"><img loading=\"lazy\" decoding=\"async\" src=\"https:\/\/www.memoria.cat\/fotografies-prat-pons\/wp-content\/uploads\/sites\/42\/2020\/08\/017-Manresa-3.jpg\" alt=\"\" width=\"521\" height=\"335\" \/><\/a><\/li><li><a href=\"https:\/\/www.memoria.cat\/fotografies-prat-pons\/wp-content\/uploads\/sites\/42\/2020\/08\/018-Manresa-3.jpg\"><img loading=\"lazy\" decoding=\"async\" src=\"https:\/\/www.memoria.cat\/fotografies-prat-pons\/wp-content\/uploads\/sites\/42\/2020\/08\/018-Manresa-3.jpg\" alt=\"\" width=\"519\" height=\"335\" \/><\/a><\/li><li><a href=\"https:\/\/www.memoria.cat\/fotografies-prat-pons\/wp-content\/uploads\/sites\/42\/2020\/08\/019-Manresa-3.jpg\"><img loading=\"lazy\" decoding=\"async\" src=\"https:\/\/www.memoria.cat\/fotografies-prat-pons\/wp-content\/uploads\/sites\/42\/2020\/08\/019-Manresa-3.jpg\" alt=\"\" width=\"530\" height=\"335\" \/><\/a><\/li><li><a href=\"https:\/\/www.memoria.cat\/fotografies-prat-pons\/wp-content\/uploads\/sites\/42\/2020\/08\/020-Manresa-3.jpg\"><img loading=\"lazy\" decoding=\"async\" src=\"https:\/\/www.memoria.cat\/fotografies-prat-pons\/wp-content\/uploads\/sites\/42\/2020\/08\/020-Manresa-3.jpg\" alt=\"\" width=\"528\" height=\"335\" \/><\/a><\/li><li><a href=\"https:\/\/www.memoria.cat\/fotografies-prat-pons\/wp-content\/uploads\/sites\/42\/2020\/08\/021-Manresa-3.jpg\"><img loading=\"lazy\" decoding=\"async\" src=\"https:\/\/www.memoria.cat\/fotografies-prat-pons\/wp-content\/uploads\/sites\/42\/2020\/08\/021-Manresa-3.jpg\" alt=\"\" width=\"214\" height=\"335\" \/><\/a><\/li><li><a href=\"https:\/\/www.memoria.cat\/fotografies-prat-pons\/wp-content\/uploads\/sites\/42\/2020\/08\/022-Manresa-3.jpg\"><img loading=\"lazy\" decoding=\"async\" src=\"https:\/\/www.memoria.cat\/fotografies-prat-pons\/wp-content\/uploads\/sites\/42\/2020\/08\/022-Manresa-3.jpg\" alt=\"\" width=\"216\" height=\"335\" \/><\/a><\/li><li><a href=\"https:\/\/www.memoria.cat\/fotografies-prat-pons\/wp-content\/uploads\/sites\/42\/2020\/08\/023-Manresa-3.jpg\"><img loading=\"lazy\" decoding=\"async\" src=\"https:\/\/www.memoria.cat\/fotografies-prat-pons\/wp-content\/uploads\/sites\/42\/2020\/08\/023-Manresa-3.jpg\" alt=\"\" width=\"519\" height=\"335\" \/><\/a><\/li><li><a href=\"https:\/\/www.memoria.cat\/fotografies-prat-pons\/wp-content\/uploads\/sites\/42\/2020\/08\/024-Manresa-2.jpg\"><img loading=\"lazy\" decoding=\"async\" src=\"https:\/\/www.memoria.cat\/fotografies-prat-pons\/wp-content\/uploads\/sites\/42\/2020\/08\/024-Manresa-2.jpg\" alt=\"\" width=\"514\" height=\"335\" \/><\/a><\/li><li><a href=\"https:\/\/www.memoria.cat\/fotografies-prat-pons\/wp-content\/uploads\/sites\/42\/2020\/08\/025-Manresa-2.jpg\"><img loading=\"lazy\" decoding=\"async\" src=\"https:\/\/www.memoria.cat\/fotografies-prat-pons\/wp-content\/uploads\/sites\/42\/2020\/08\/025-Manresa-2.jpg\" alt=\"\" width=\"520\" height=\"335\" \/><\/a><\/li><li><a href=\"https:\/\/www.memoria.cat\/fotografies-prat-pons\/wp-content\/uploads\/sites\/42\/2020\/08\/026-Manresa-2.jpg\"><img loading=\"lazy\" decoding=\"async\" src=\"https:\/\/www.memoria.cat\/fotografies-prat-pons\/wp-content\/uploads\/sites\/42\/2020\/08\/026-Manresa-2.jpg\" alt=\"\" width=\"500\" height=\"335\" \/><\/a><\/li><\/ul><\/noscript><\/div>\n","protected":false},"excerpt":{"rendered":"<p>Benedicci\u00f3 del monument a Maria Immaculada, erigit per les Religioses Filles de Sant Josep als jardins de la Cl\u00ednica de Sant Josep, per perpetuar les festes jubilars de l\u2019Any Mari\u00e0. Bene\u00eft per l\u2019arxiprest Valent\u00ed Gibert i apadrinat per l\u2019alcalde Prat Pons i la seva esposa, Dolors Pujol. (5\/12\/1954). &nbsp; CLIQUEU AQU\u00cd PER A LA CONTEXTUALITZACI\u00d3 [&hellip;]<\/p>\n","protected":false},"author":28,"featured_media":0,"parent":0,"menu_order":0,"comment_status":"closed","ping_status":"closed","template":"","meta":{"iawp_total_views":9,"footnotes":""},"class_list":["post-73568","page","type-page","status-publish","hentry"],"_links":{"self":[{"href":"https:\/\/www.memoria.cat\/fotografies-prat-pons\/wp-json\/wp\/v2\/pages\/73568","targetHints":{"allow":["GET"]}}],"collection":[{"href":"https:\/\/www.memoria.cat\/fotografies-prat-pons\/wp-json\/wp\/v2\/pages"}],"about":[{"href":"https:\/\/www.memoria.cat\/fotografies-prat-pons\/wp-json\/wp\/v2\/types\/page"}],"author":[{"embeddable":true,"href":"https:\/\/www.memoria.cat\/fotografies-prat-pons\/wp-json\/wp\/v2\/users\/28"}],"replies":[{"embeddable":true,"href":"https:\/\/www.memoria.cat\/fotografies-prat-pons\/wp-json\/wp\/v2\/comments?post=73568"}],"version-history":[{"count":0,"href":"https:\/\/www.memoria.cat\/fotografies-prat-pons\/wp-json\/wp\/v2\/pages\/73568\/revisions"}],"wp:attachment":[{"href":"https:\/\/www.memoria.cat\/fotografies-prat-pons\/wp-json\/wp\/v2\/media?parent=73568"}],"curies":[{"name":"wp","href":"https:\/\/api.w.org\/{rel}","templated":true}]}}