{"id":73566,"date":"2020-08-14T17:57:49","date_gmt":"2020-08-14T16:57:49","guid":{"rendered":"https:\/\/www.memoria.cat\/fotografies-prat-pons\/?page_id=73566"},"modified":"2020-12-22T22:16:22","modified_gmt":"2020-12-22T21:16:22","slug":"7e-album-joan-prat-pons-comendador-1952","status":"publish","type":"page","link":"https:\/\/www.memoria.cat\/fotografies-prat-pons\/7e-album-joan-prat-pons-comendador-1952\/","title":{"rendered":"7\u00e8 \u00e0lbum. Joan Prat Pons, &#8220;Comendador\u201d (1952)"},"content":{"rendered":"<p>Acte oficial de lliurament de la credencial de \u201cComendador de la Orden Civil de Alfonso X el Sabio\u201d, a Joan Prat Pons, a la sala d&#8217;actes de l&#8217;Institut Llu\u00eds de Peguera (octubre del 1952).<\/p>\n<p>&nbsp;<\/p>\n<h3 style=\"text-align: center\"><a href=\"https:\/\/www.memoria.cat\/fotografies-prat-pons\/blog\/joan-prat-pons-comendador-1952\/\">CLIQUEU AQU\u00cd PER A LA CONTEXTUALITZACI\u00d3 DE LES FOTOGRAFIES<\/a><\/h3>\n<p>&nbsp;<\/p>\n<div id=\"jig1\" class=\"justified-image-grid jig-4c8b6c09793b8bf35e977c3aa7cf78f4 jig-preset-4 jig-source-wp-gallery jig-rml-id-7\"><div class=\"jig-clearfix\"><\/div><noscript id=\"jig1-html\" class=\"justified-image-grid-html\" data-lazy-src=\"skiplazyload\" data-src=\"skipunveillazyload\"><ul><li><a href=\"https:\/\/www.memoria.cat\/fotografies-prat-pons\/wp-content\/uploads\/sites\/42\/2020\/08\/1.Manresa.jpg\" title=\"Joan Prat Pons, \u201cComendador de la Orden Civil de Alfonso X el Sabio\u201d. (octubre del 1952)\"><img fetchpriority=\"high\" decoding=\"async\" src=\"https:\/\/www.memoria.cat\/fotografies-prat-pons\/wp-content\/uploads\/sites\/42\/2020\/08\/1.Manresa.jpg\" alt=\"Joan Prat Pons, \u201cComendador de la Orden Civil de Alfonso X el Sabio\u201d. (octubre del 1952)\" width=\"241\" height=\"335\" \/><\/a><p class=\"jig-HTMLdescription\">Joan Prat Pons, \u201cComendador de la Orden Civil de Alfonso X el Sabio\u201d. (octubre del 1952)<\/p><\/li><li><a href=\"https:\/\/www.memoria.cat\/fotografies-prat-pons\/wp-content\/uploads\/sites\/42\/2020\/08\/2.Manresa.jpg\" title=\"Joan Prat Pons, \u201cComendador de la Orden Civil de Alfonso X el Sabio\u201d. (octubre del 1952)\"><img decoding=\"async\" src=\"https:\/\/www.memoria.cat\/fotografies-prat-pons\/wp-content\/uploads\/sites\/42\/2020\/08\/2.Manresa.jpg\" alt=\"Joan Prat Pons, \u201cComendador de la Orden Civil de Alfonso X el Sabio\u201d. (octubre del 1952)\" width=\"526\" height=\"335\" \/><\/a><p class=\"jig-HTMLdescription\">Joan Prat Pons, \u201cComendador de la Orden Civil de Alfonso X el Sabio\u201d. (octubre del 1952)<\/p><\/li><li><a href=\"https:\/\/www.memoria.cat\/fotografies-prat-pons\/wp-content\/uploads\/sites\/42\/2020\/08\/3.Manresa.jpg\" title=\"Joan Prat Pons, \u201cComendador de la Orden Civil de Alfonso X el Sabio\u201d. (octubre del 1952)\"><img decoding=\"async\" src=\"https:\/\/www.memoria.cat\/fotografies-prat-pons\/wp-content\/uploads\/sites\/42\/2020\/08\/3.Manresa.jpg\" alt=\"Joan Prat Pons, \u201cComendador de la Orden Civil de Alfonso X el Sabio\u201d. (octubre del 1952)\" width=\"522\" height=\"335\" \/><\/a><p class=\"jig-HTMLdescription\">Joan Prat Pons, \u201cComendador de la Orden Civil de Alfonso X el Sabio\u201d. (octubre del 1952)<\/p><\/li><li><a href=\"https:\/\/www.memoria.cat\/fotografies-prat-pons\/wp-content\/uploads\/sites\/42\/2020\/08\/4.Manresa.jpg\" title=\"Joan Prat Pons, \u201cComendador de la Orden Civil de Alfonso X el Sabio\u201d. (octubre del 1952)\"><img loading=\"lazy\" decoding=\"async\" src=\"https:\/\/www.memoria.cat\/fotografies-prat-pons\/wp-content\/uploads\/sites\/42\/2020\/08\/4.Manresa.jpg\" alt=\"Joan Prat Pons, \u201cComendador de la Orden Civil de Alfonso X el Sabio\u201d. (octubre del 1952)\" width=\"544\" height=\"335\" \/><\/a><p class=\"jig-HTMLdescription\">Joan Prat Pons, \u201cComendador de la Orden Civil de Alfonso X el Sabio\u201d. (octubre del 1952)<\/p><\/li><li><a href=\"https:\/\/www.memoria.cat\/fotografies-prat-pons\/wp-content\/uploads\/sites\/42\/2020\/08\/5.Manresa.jpg\" title=\"Joan Prat Pons, \u201cComendador de la Orden Civil de Alfonso X el Sabio\u201d. (octubre del 1952)\"><img loading=\"lazy\" decoding=\"async\" src=\"https:\/\/www.memoria.cat\/fotografies-prat-pons\/wp-content\/uploads\/sites\/42\/2020\/08\/5.Manresa.jpg\" alt=\"Joan Prat Pons, \u201cComendador de la Orden Civil de Alfonso X el Sabio\u201d. (octubre del 1952)\" width=\"533\" height=\"335\" \/><\/a><p class=\"jig-HTMLdescription\">Joan Prat Pons, \u201cComendador de la Orden Civil de Alfonso X el Sabio\u201d. (octubre del 1952)<\/p><\/li><li><a href=\"https:\/\/www.memoria.cat\/fotografies-prat-pons\/wp-content\/uploads\/sites\/42\/2020\/08\/6.Manresa.jpg\" title=\"Joan Prat Pons, \u201cComendador de la Orden Civil de Alfonso X el Sabio\u201d. (octubre del 1952)\"><img loading=\"lazy\" decoding=\"async\" src=\"https:\/\/www.memoria.cat\/fotografies-prat-pons\/wp-content\/uploads\/sites\/42\/2020\/08\/6.Manresa.jpg\" alt=\"Joan Prat Pons, \u201cComendador de la Orden Civil de Alfonso X el Sabio\u201d. (octubre del 1952)\" width=\"540\" height=\"335\" \/><\/a><p class=\"jig-HTMLdescription\">Joan Prat Pons, \u201cComendador de la Orden Civil de Alfonso X el Sabio\u201d. (octubre del 1952)<\/p><\/li><li><a href=\"https:\/\/www.memoria.cat\/fotografies-prat-pons\/wp-content\/uploads\/sites\/42\/2020\/08\/7.Manresa.jpg\" title=\"Joan Prat Pons, \u201cComendador de la Orden Civil de Alfonso X el Sabio\u201d. (octubre del 1952)\"><img loading=\"lazy\" decoding=\"async\" src=\"https:\/\/www.memoria.cat\/fotografies-prat-pons\/wp-content\/uploads\/sites\/42\/2020\/08\/7.Manresa.jpg\" alt=\"Joan Prat Pons, \u201cComendador de la Orden Civil de Alfonso X el Sabio\u201d. (octubre del 1952)\" width=\"545\" height=\"335\" \/><\/a><p class=\"jig-HTMLdescription\">Joan Prat Pons, \u201cComendador de la Orden Civil de Alfonso X el Sabio\u201d. (octubre del 1952)<\/p><\/li><li><a href=\"https:\/\/www.memoria.cat\/fotografies-prat-pons\/wp-content\/uploads\/sites\/42\/2020\/08\/8.Manresa.jpg\" title=\"Joan Prat Pons, \u201cComendador de la Orden Civil de Alfonso X el Sabio\u201d. (octubre del 1952)\"><img loading=\"lazy\" decoding=\"async\" src=\"https:\/\/www.memoria.cat\/fotografies-prat-pons\/wp-content\/uploads\/sites\/42\/2020\/08\/8.Manresa.jpg\" alt=\"Joan Prat Pons, \u201cComendador de la Orden Civil de Alfonso X el Sabio\u201d. (octubre del 1952)\" width=\"533\" height=\"335\" \/><\/a><p class=\"jig-HTMLdescription\">Joan Prat Pons, \u201cComendador de la Orden Civil de Alfonso X el Sabio\u201d. (octubre del 1952)<\/p><\/li><li><a href=\"https:\/\/www.memoria.cat\/fotografies-prat-pons\/wp-content\/uploads\/sites\/42\/2020\/08\/9.Manresa.jpg\" title=\"Joan Prat Pons, \u201cComendador de la Orden Civil de Alfonso X el Sabio\u201d. (octubre del 1952)\"><img loading=\"lazy\" decoding=\"async\" src=\"https:\/\/www.memoria.cat\/fotografies-prat-pons\/wp-content\/uploads\/sites\/42\/2020\/08\/9.Manresa.jpg\" alt=\"Joan Prat Pons, \u201cComendador de la Orden Civil de Alfonso X el Sabio\u201d. (octubre del 1952)\" width=\"208\" height=\"335\" \/><\/a><p class=\"jig-HTMLdescription\">Joan Prat Pons, \u201cComendador de la Orden Civil de Alfonso X el Sabio\u201d. (octubre del 1952)<\/p><\/li><li><a href=\"https:\/\/www.memoria.cat\/fotografies-prat-pons\/wp-content\/uploads\/sites\/42\/2020\/08\/10.Manresa.jpg\" title=\"Joan Prat Pons, \u201cComendador de la Orden Civil de Alfonso X el Sabio\u201d. (octubre del 1952)\"><img loading=\"lazy\" decoding=\"async\" src=\"https:\/\/www.memoria.cat\/fotografies-prat-pons\/wp-content\/uploads\/sites\/42\/2020\/08\/10.Manresa.jpg\" alt=\"Joan Prat Pons, \u201cComendador de la Orden Civil de Alfonso X el Sabio\u201d. (octubre del 1952)\" width=\"239\" height=\"335\" \/><\/a><p class=\"jig-HTMLdescription\">Joan Prat Pons, \u201cComendador de la Orden Civil de Alfonso X el Sabio\u201d. (octubre del 1952)<\/p><\/li><li><a href=\"https:\/\/www.memoria.cat\/fotografies-prat-pons\/wp-content\/uploads\/sites\/42\/2020\/08\/11.Manresa.jpg\" title=\"Joan Prat Pons, \u201cComendador de la Orden Civil de Alfonso X el Sabio\u201d. (octubre del 1952)\"><img loading=\"lazy\" decoding=\"async\" src=\"https:\/\/www.memoria.cat\/fotografies-prat-pons\/wp-content\/uploads\/sites\/42\/2020\/08\/11.Manresa.jpg\" alt=\"Joan Prat Pons, \u201cComendador de la Orden Civil de Alfonso X el Sabio\u201d. (octubre del 1952)\" width=\"229\" height=\"335\" \/><\/a><p class=\"jig-HTMLdescription\">Joan Prat Pons, \u201cComendador de la Orden Civil de Alfonso X el Sabio\u201d. (octubre del 1952)<\/p><\/li><li><a href=\"https:\/\/www.memoria.cat\/fotografies-prat-pons\/wp-content\/uploads\/sites\/42\/2020\/08\/12.Manresa.jpg\" title=\"Joan Prat Pons, \u201cComendador de la Orden Civil de Alfonso X el Sabio\u201d. (octubre del 1952)\"><img loading=\"lazy\" decoding=\"async\" src=\"https:\/\/www.memoria.cat\/fotografies-prat-pons\/wp-content\/uploads\/sites\/42\/2020\/08\/12.Manresa.jpg\" alt=\"Joan Prat Pons, \u201cComendador de la Orden Civil de Alfonso X el Sabio\u201d. (octubre del 1952)\" width=\"267\" height=\"335\" \/><\/a><p class=\"jig-HTMLdescription\">Joan Prat Pons, \u201cComendador de la Orden Civil de Alfonso X el Sabio\u201d. (octubre del 1952)<\/p><\/li><li><a href=\"https:\/\/www.memoria.cat\/fotografies-prat-pons\/wp-content\/uploads\/sites\/42\/2020\/08\/13.Manresa.jpg\" title=\"Joan Prat Pons, \u201cComendador de la Orden Civil de Alfonso X el Sabio\u201d. (octubre del 1952)\"><img loading=\"lazy\" decoding=\"async\" src=\"https:\/\/www.memoria.cat\/fotografies-prat-pons\/wp-content\/uploads\/sites\/42\/2020\/08\/13.Manresa.jpg\" alt=\"Joan Prat Pons, \u201cComendador de la Orden Civil de Alfonso X el Sabio\u201d. (octubre del 1952)\" width=\"459\" height=\"335\" \/><\/a><p class=\"jig-HTMLdescription\">Joan Prat Pons, \u201cComendador de la Orden Civil de Alfonso X el Sabio\u201d. (octubre del 1952)<\/p><\/li><\/ul><\/noscript><\/div>\n<p>&nbsp;<\/p>\n<p>&nbsp;<\/p>\n<p>&nbsp;<\/p>\n","protected":false},"excerpt":{"rendered":"<p>Acte oficial de lliurament de la credencial de \u201cComendador de la Orden Civil de Alfonso X el Sabio\u201d, a Joan Prat Pons, a la sala d&#8217;actes de l&#8217;Institut Llu\u00eds de Peguera (octubre del 1952). &nbsp; CLIQUEU AQU\u00cd PER A LA CONTEXTUALITZACI\u00d3 DE LES FOTOGRAFIES &nbsp; &nbsp; &nbsp; &nbsp;<\/p>\n","protected":false},"author":28,"featured_media":0,"parent":0,"menu_order":0,"comment_status":"closed","ping_status":"closed","template":"","meta":{"iawp_total_views":4,"footnotes":""},"class_list":["post-73566","page","type-page","status-publish","hentry"],"_links":{"self":[{"href":"https:\/\/www.memoria.cat\/fotografies-prat-pons\/wp-json\/wp\/v2\/pages\/73566","targetHints":{"allow":["GET"]}}],"collection":[{"href":"https:\/\/www.memoria.cat\/fotografies-prat-pons\/wp-json\/wp\/v2\/pages"}],"about":[{"href":"https:\/\/www.memoria.cat\/fotografies-prat-pons\/wp-json\/wp\/v2\/types\/page"}],"author":[{"embeddable":true,"href":"https:\/\/www.memoria.cat\/fotografies-prat-pons\/wp-json\/wp\/v2\/users\/28"}],"replies":[{"embeddable":true,"href":"https:\/\/www.memoria.cat\/fotografies-prat-pons\/wp-json\/wp\/v2\/comments?post=73566"}],"version-history":[{"count":0,"href":"https:\/\/www.memoria.cat\/fotografies-prat-pons\/wp-json\/wp\/v2\/pages\/73566\/revisions"}],"wp:attachment":[{"href":"https:\/\/www.memoria.cat\/fotografies-prat-pons\/wp-json\/wp\/v2\/media?parent=73566"}],"curies":[{"name":"wp","href":"https:\/\/api.w.org\/{rel}","templated":true}]}}