{"id":73564,"date":"2020-08-14T17:57:40","date_gmt":"2020-08-14T16:57:40","guid":{"rendered":"https:\/\/www.memoria.cat\/fotografies-prat-pons\/?page_id=73564"},"modified":"2020-12-22T22:15:11","modified_gmt":"2020-12-22T21:15:11","slug":"6e-album-vic-homenatge-al-bisbe-joan-perello-1952","status":"publish","type":"page","link":"https:\/\/www.memoria.cat\/fotografies-prat-pons\/6e-album-vic-homenatge-al-bisbe-joan-perello-1952\/","title":{"rendered":"6\u00e8 \u00e0lbum. Vic. Homenatge al bisbe Joan Perell\u00f3 (1952)"},"content":{"rendered":"<p>Vic. Homenatge al bisbe de Vic, Joan Perell\u00f3, per les seves noces de plata episcopals. \u00c0lbum de fotos que el mateix bisbe va dedicar a l\u2019alcalde per haver assistit a aquest acte i per haver estat nomenat fill adoptiu de Manresa. (28\/9\/1952)<\/p>\n<p>&nbsp;<\/p>\n<h3 style=\"text-align: center\"><a href=\"https:\/\/www.memoria.cat\/fotografies-prat-pons\/blog\/vic-homenatge-al-bisbe-joan-perello-28-9-1952\/\">CLIQUEU AQU\u00cd PER A LA CONTEXTUALITZACI\u00d3 DE LES FOTOGRAFIES<\/a><\/h3>\n<p>&nbsp;<\/p>\n<div id=\"jig1\" class=\"justified-image-grid jig-89c537dff5e5d59afe1e97cc6ca4ebbc jig-preset-4 jig-source-wp-gallery jig-rml-id-6\"><div class=\"jig-clearfix\"><\/div><noscript id=\"jig1-html\" class=\"justified-image-grid-html\" data-lazy-src=\"skiplazyload\" data-src=\"skipunveillazyload\"><ul><li><a href=\"https:\/\/www.memoria.cat\/fotografies-prat-pons\/wp-content\/uploads\/sites\/42\/2020\/08\/01-Manresa-Vic.jpg\"><img fetchpriority=\"high\" decoding=\"async\" src=\"https:\/\/www.memoria.cat\/fotografies-prat-pons\/wp-content\/uploads\/sites\/42\/2020\/08\/01-Manresa-Vic.jpg\" alt=\"\" width=\"501\" height=\"335\" \/><\/a><\/li><li><a href=\"https:\/\/www.memoria.cat\/fotografies-prat-pons\/wp-content\/uploads\/sites\/42\/2020\/08\/02-Manresa-Vic.jpg\"><img decoding=\"async\" src=\"https:\/\/www.memoria.cat\/fotografies-prat-pons\/wp-content\/uploads\/sites\/42\/2020\/08\/02-Manresa-Vic.jpg\" alt=\"\" width=\"430\" height=\"335\" \/><\/a><\/li><li><a href=\"https:\/\/www.memoria.cat\/fotografies-prat-pons\/wp-content\/uploads\/sites\/42\/2020\/08\/03-Manresa-Vic.jpg\"><img decoding=\"async\" src=\"https:\/\/www.memoria.cat\/fotografies-prat-pons\/wp-content\/uploads\/sites\/42\/2020\/08\/03-Manresa-Vic.jpg\" alt=\"\" width=\"237\" height=\"335\" \/><\/a><\/li><li><a href=\"https:\/\/www.memoria.cat\/fotografies-prat-pons\/wp-content\/uploads\/sites\/42\/2020\/08\/04-Manresa-Vic.jpg\"><img loading=\"lazy\" decoding=\"async\" src=\"https:\/\/www.memoria.cat\/fotografies-prat-pons\/wp-content\/uploads\/sites\/42\/2020\/08\/04-Manresa-Vic.jpg\" alt=\"\" width=\"227\" height=\"335\" \/><\/a><\/li><li><a href=\"https:\/\/www.memoria.cat\/fotografies-prat-pons\/wp-content\/uploads\/sites\/42\/2020\/08\/05-Manresa-Vic.jpg\"><img loading=\"lazy\" decoding=\"async\" src=\"https:\/\/www.memoria.cat\/fotografies-prat-pons\/wp-content\/uploads\/sites\/42\/2020\/08\/05-Manresa-Vic.jpg\" alt=\"\" width=\"520\" height=\"335\" \/><\/a><\/li><li><a href=\"https:\/\/www.memoria.cat\/fotografies-prat-pons\/wp-content\/uploads\/sites\/42\/2020\/08\/06-Manresa-Vic.jpg\"><img loading=\"lazy\" decoding=\"async\" src=\"https:\/\/www.memoria.cat\/fotografies-prat-pons\/wp-content\/uploads\/sites\/42\/2020\/08\/06-Manresa-Vic.jpg\" alt=\"\" width=\"527\" height=\"335\" \/><\/a><\/li><li><a href=\"https:\/\/www.memoria.cat\/fotografies-prat-pons\/wp-content\/uploads\/sites\/42\/2020\/08\/07-Manresa-Vic.jpg\"><img loading=\"lazy\" decoding=\"async\" src=\"https:\/\/www.memoria.cat\/fotografies-prat-pons\/wp-content\/uploads\/sites\/42\/2020\/08\/07-Manresa-Vic.jpg\" alt=\"\" width=\"525\" height=\"335\" \/><\/a><\/li><li><a href=\"https:\/\/www.memoria.cat\/fotografies-prat-pons\/wp-content\/uploads\/sites\/42\/2020\/08\/08-Manresa-Vic.jpg\"><img loading=\"lazy\" decoding=\"async\" src=\"https:\/\/www.memoria.cat\/fotografies-prat-pons\/wp-content\/uploads\/sites\/42\/2020\/08\/08-Manresa-Vic.jpg\" alt=\"\" width=\"209\" height=\"335\" \/><\/a><\/li><li><a href=\"https:\/\/www.memoria.cat\/fotografies-prat-pons\/wp-content\/uploads\/sites\/42\/2020\/08\/09-Manresa-Vic.jpg\"><img loading=\"lazy\" decoding=\"async\" src=\"https:\/\/www.memoria.cat\/fotografies-prat-pons\/wp-content\/uploads\/sites\/42\/2020\/08\/09-Manresa-Vic.jpg\" alt=\"09-Manresa-Vic\" width=\"209\" height=\"335\" \/><\/a><p class=\"jig-HTMLdescription\">09-Manresa-Vic<\/p><\/li><li><a href=\"https:\/\/www.memoria.cat\/fotografies-prat-pons\/wp-content\/uploads\/sites\/42\/2020\/08\/10-Manresa-Vic.jpg\"><img loading=\"lazy\" decoding=\"async\" src=\"https:\/\/www.memoria.cat\/fotografies-prat-pons\/wp-content\/uploads\/sites\/42\/2020\/08\/10-Manresa-Vic.jpg\" alt=\"\" width=\"526\" height=\"335\" \/><\/a><\/li><li><a href=\"https:\/\/www.memoria.cat\/fotografies-prat-pons\/wp-content\/uploads\/sites\/42\/2020\/08\/11-Manresa-Vic.jpg\"><img loading=\"lazy\" decoding=\"async\" src=\"https:\/\/www.memoria.cat\/fotografies-prat-pons\/wp-content\/uploads\/sites\/42\/2020\/08\/11-Manresa-Vic.jpg\" alt=\"\" width=\"526\" height=\"335\" \/><\/a><\/li><li><a href=\"https:\/\/www.memoria.cat\/fotografies-prat-pons\/wp-content\/uploads\/sites\/42\/2020\/08\/12-Manresa-Vic.jpg\"><img loading=\"lazy\" decoding=\"async\" src=\"https:\/\/www.memoria.cat\/fotografies-prat-pons\/wp-content\/uploads\/sites\/42\/2020\/08\/12-Manresa-Vic.jpg\" alt=\"\" width=\"525\" height=\"335\" \/><\/a><\/li><li><a href=\"https:\/\/www.memoria.cat\/fotografies-prat-pons\/wp-content\/uploads\/sites\/42\/2020\/08\/13-Manresa-Vic.jpg\"><img loading=\"lazy\" decoding=\"async\" src=\"https:\/\/www.memoria.cat\/fotografies-prat-pons\/wp-content\/uploads\/sites\/42\/2020\/08\/13-Manresa-Vic.jpg\" alt=\"\" width=\"529\" height=\"335\" \/><\/a><\/li><li><a href=\"https:\/\/www.memoria.cat\/fotografies-prat-pons\/wp-content\/uploads\/sites\/42\/2020\/08\/14-Manresa-Vic.jpg\"><img loading=\"lazy\" decoding=\"async\" src=\"https:\/\/www.memoria.cat\/fotografies-prat-pons\/wp-content\/uploads\/sites\/42\/2020\/08\/14-Manresa-Vic.jpg\" alt=\"\" width=\"520\" height=\"335\" \/><\/a><\/li><li><a href=\"https:\/\/www.memoria.cat\/fotografies-prat-pons\/wp-content\/uploads\/sites\/42\/2020\/08\/15-Manresa-Vic.jpg\"><img loading=\"lazy\" decoding=\"async\" src=\"https:\/\/www.memoria.cat\/fotografies-prat-pons\/wp-content\/uploads\/sites\/42\/2020\/08\/15-Manresa-Vic.jpg\" alt=\"\" width=\"213\" height=\"335\" \/><\/a><\/li><li><a href=\"https:\/\/www.memoria.cat\/fotografies-prat-pons\/wp-content\/uploads\/sites\/42\/2020\/08\/16-Manresa-Vic.jpg\"><img loading=\"lazy\" decoding=\"async\" src=\"https:\/\/www.memoria.cat\/fotografies-prat-pons\/wp-content\/uploads\/sites\/42\/2020\/08\/16-Manresa-Vic.jpg\" alt=\"\" width=\"528\" height=\"335\" \/><\/a><\/li><li><a href=\"https:\/\/www.memoria.cat\/fotografies-prat-pons\/wp-content\/uploads\/sites\/42\/2020\/08\/17-Manresa-Vic.jpg\"><img loading=\"lazy\" decoding=\"async\" src=\"https:\/\/www.memoria.cat\/fotografies-prat-pons\/wp-content\/uploads\/sites\/42\/2020\/08\/17-Manresa-Vic.jpg\" alt=\"\" width=\"537\" height=\"335\" \/><\/a><\/li><li><a href=\"https:\/\/www.memoria.cat\/fotografies-prat-pons\/wp-content\/uploads\/sites\/42\/2020\/08\/18-Manresa-Vic.jpg\"><img loading=\"lazy\" decoding=\"async\" src=\"https:\/\/www.memoria.cat\/fotografies-prat-pons\/wp-content\/uploads\/sites\/42\/2020\/08\/18-Manresa-Vic.jpg\" alt=\"\" width=\"530\" height=\"335\" \/><\/a><\/li><li><a href=\"https:\/\/www.memoria.cat\/fotografies-prat-pons\/wp-content\/uploads\/sites\/42\/2020\/08\/19-Manresa-Vic.jpg\"><img loading=\"lazy\" decoding=\"async\" src=\"https:\/\/www.memoria.cat\/fotografies-prat-pons\/wp-content\/uploads\/sites\/42\/2020\/08\/19-Manresa-Vic.jpg\" alt=\"\" width=\"526\" height=\"335\" \/><\/a><\/li><li><a href=\"https:\/\/www.memoria.cat\/fotografies-prat-pons\/wp-content\/uploads\/sites\/42\/2020\/08\/20-Manresa-Vic.jpg\"><img loading=\"lazy\" decoding=\"async\" src=\"https:\/\/www.memoria.cat\/fotografies-prat-pons\/wp-content\/uploads\/sites\/42\/2020\/08\/20-Manresa-Vic.jpg\" alt=\"\" width=\"210\" height=\"335\" \/><\/a><\/li><li><a href=\"https:\/\/www.memoria.cat\/fotografies-prat-pons\/wp-content\/uploads\/sites\/42\/2020\/08\/21-Manresa-Vic.jpg\"><img loading=\"lazy\" decoding=\"async\" src=\"https:\/\/www.memoria.cat\/fotografies-prat-pons\/wp-content\/uploads\/sites\/42\/2020\/08\/21-Manresa-Vic.jpg\" alt=\"\" width=\"544\" height=\"335\" \/><\/a><\/li><li><a href=\"https:\/\/www.memoria.cat\/fotografies-prat-pons\/wp-content\/uploads\/sites\/42\/2020\/08\/22-Manresa-Vic.jpg\"><img loading=\"lazy\" decoding=\"async\" src=\"https:\/\/www.memoria.cat\/fotografies-prat-pons\/wp-content\/uploads\/sites\/42\/2020\/08\/22-Manresa-Vic.jpg\" alt=\"\" width=\"525\" height=\"335\" \/><\/a><\/li><li><a href=\"https:\/\/www.memoria.cat\/fotografies-prat-pons\/wp-content\/uploads\/sites\/42\/2020\/08\/23-Manresa-Vic.jpg\"><img loading=\"lazy\" decoding=\"async\" src=\"https:\/\/www.memoria.cat\/fotografies-prat-pons\/wp-content\/uploads\/sites\/42\/2020\/08\/23-Manresa-Vic.jpg\" alt=\"\" width=\"527\" height=\"335\" \/><\/a><\/li><li><a href=\"https:\/\/www.memoria.cat\/fotografies-prat-pons\/wp-content\/uploads\/sites\/42\/2020\/08\/24-Manresa-Vic.jpg\"><img loading=\"lazy\" decoding=\"async\" src=\"https:\/\/www.memoria.cat\/fotografies-prat-pons\/wp-content\/uploads\/sites\/42\/2020\/08\/24-Manresa-Vic.jpg\" alt=\"\" width=\"528\" height=\"335\" \/><\/a><\/li><li><a href=\"https:\/\/www.memoria.cat\/fotografies-prat-pons\/wp-content\/uploads\/sites\/42\/2020\/08\/25-Manresa-Vic.jpg\"><img loading=\"lazy\" decoding=\"async\" src=\"https:\/\/www.memoria.cat\/fotografies-prat-pons\/wp-content\/uploads\/sites\/42\/2020\/08\/25-Manresa-Vic.jpg\" alt=\"\" width=\"532\" height=\"335\" \/><\/a><\/li><li><a href=\"https:\/\/www.memoria.cat\/fotografies-prat-pons\/wp-content\/uploads\/sites\/42\/2020\/08\/26-Manresa-Vic.jpg\"><img loading=\"lazy\" decoding=\"async\" src=\"https:\/\/www.memoria.cat\/fotografies-prat-pons\/wp-content\/uploads\/sites\/42\/2020\/08\/26-Manresa-Vic.jpg\" alt=\"\" width=\"527\" height=\"335\" \/><\/a><\/li><li><a href=\"https:\/\/www.memoria.cat\/fotografies-prat-pons\/wp-content\/uploads\/sites\/42\/2020\/08\/27-Manresa-Vic.jpg\"><img loading=\"lazy\" decoding=\"async\" src=\"https:\/\/www.memoria.cat\/fotografies-prat-pons\/wp-content\/uploads\/sites\/42\/2020\/08\/27-Manresa-Vic.jpg\" alt=\"\" width=\"525\" height=\"335\" \/><\/a><\/li><li><a href=\"https:\/\/www.memoria.cat\/fotografies-prat-pons\/wp-content\/uploads\/sites\/42\/2020\/08\/28-Manresa-Vic.jpg\"><img loading=\"lazy\" decoding=\"async\" src=\"https:\/\/www.memoria.cat\/fotografies-prat-pons\/wp-content\/uploads\/sites\/42\/2020\/08\/28-Manresa-Vic.jpg\" alt=\"\" width=\"529\" height=\"335\" \/><\/a><\/li><li><a href=\"https:\/\/www.memoria.cat\/fotografies-prat-pons\/wp-content\/uploads\/sites\/42\/2020\/08\/29-Manresa-Vic.jpg\"><img loading=\"lazy\" decoding=\"async\" src=\"https:\/\/www.memoria.cat\/fotografies-prat-pons\/wp-content\/uploads\/sites\/42\/2020\/08\/29-Manresa-Vic.jpg\" alt=\"\" width=\"520\" height=\"335\" \/><\/a><\/li><li><a href=\"https:\/\/www.memoria.cat\/fotografies-prat-pons\/wp-content\/uploads\/sites\/42\/2020\/08\/30-Manresa-Vic.jpg\"><img loading=\"lazy\" decoding=\"async\" src=\"https:\/\/www.memoria.cat\/fotografies-prat-pons\/wp-content\/uploads\/sites\/42\/2020\/08\/30-Manresa-Vic.jpg\" alt=\"\" width=\"529\" height=\"335\" \/><\/a><\/li><li><a href=\"https:\/\/www.memoria.cat\/fotografies-prat-pons\/wp-content\/uploads\/sites\/42\/2020\/08\/31-Manresa-Vic.jpg\"><img loading=\"lazy\" decoding=\"async\" src=\"https:\/\/www.memoria.cat\/fotografies-prat-pons\/wp-content\/uploads\/sites\/42\/2020\/08\/31-Manresa-Vic.jpg\" alt=\"\" width=\"212\" height=\"335\" \/><\/a><\/li><li><a href=\"https:\/\/www.memoria.cat\/fotografies-prat-pons\/wp-content\/uploads\/sites\/42\/2020\/08\/32-Manresa-Vic.jpg\"><img loading=\"lazy\" decoding=\"async\" src=\"https:\/\/www.memoria.cat\/fotografies-prat-pons\/wp-content\/uploads\/sites\/42\/2020\/08\/32-Manresa-Vic.jpg\" alt=\"\" width=\"212\" height=\"335\" \/><\/a><\/li><li><a href=\"https:\/\/www.memoria.cat\/fotografies-prat-pons\/wp-content\/uploads\/sites\/42\/2020\/08\/33-Manresa-Vic.jpg\"><img loading=\"lazy\" decoding=\"async\" src=\"https:\/\/www.memoria.cat\/fotografies-prat-pons\/wp-content\/uploads\/sites\/42\/2020\/08\/33-Manresa-Vic.jpg\" alt=\"\" width=\"509\" height=\"335\" \/><\/a><\/li><li><a href=\"https:\/\/www.memoria.cat\/fotografies-prat-pons\/wp-content\/uploads\/sites\/42\/2020\/08\/34-Manresa-Vic.jpg\"><img loading=\"lazy\" decoding=\"async\" src=\"https:\/\/www.memoria.cat\/fotografies-prat-pons\/wp-content\/uploads\/sites\/42\/2020\/08\/34-Manresa-Vic.jpg\" alt=\"\" width=\"540\" height=\"335\" \/><\/a><\/li><li><a href=\"https:\/\/www.memoria.cat\/fotografies-prat-pons\/wp-content\/uploads\/sites\/42\/2020\/08\/35-Manresa-Vic.jpg\"><img loading=\"lazy\" decoding=\"async\" src=\"https:\/\/www.memoria.cat\/fotografies-prat-pons\/wp-content\/uploads\/sites\/42\/2020\/08\/35-Manresa-Vic.jpg\" alt=\"\" width=\"210\" height=\"335\" \/><\/a><\/li><li><a href=\"https:\/\/www.memoria.cat\/fotografies-prat-pons\/wp-content\/uploads\/sites\/42\/2020\/08\/36-Manresa-Vic.jpg\"><img loading=\"lazy\" decoding=\"async\" src=\"https:\/\/www.memoria.cat\/fotografies-prat-pons\/wp-content\/uploads\/sites\/42\/2020\/08\/36-Manresa-Vic.jpg\" alt=\"\" width=\"524\" height=\"335\" \/><\/a><\/li><li><a href=\"https:\/\/www.memoria.cat\/fotografies-prat-pons\/wp-content\/uploads\/sites\/42\/2020\/08\/37-Manresa-Vic.jpg\"><img loading=\"lazy\" decoding=\"async\" src=\"https:\/\/www.memoria.cat\/fotografies-prat-pons\/wp-content\/uploads\/sites\/42\/2020\/08\/37-Manresa-Vic.jpg\" alt=\"\" width=\"527\" height=\"335\" \/><\/a><\/li><li><a href=\"https:\/\/www.memoria.cat\/fotografies-prat-pons\/wp-content\/uploads\/sites\/42\/2020\/08\/38-Manresa-Vic.jpg\"><img loading=\"lazy\" decoding=\"async\" src=\"https:\/\/www.memoria.cat\/fotografies-prat-pons\/wp-content\/uploads\/sites\/42\/2020\/08\/38-Manresa-Vic.jpg\" alt=\"\" width=\"529\" height=\"335\" \/><\/a><\/li><li><a href=\"https:\/\/www.memoria.cat\/fotografies-prat-pons\/wp-content\/uploads\/sites\/42\/2020\/08\/39-Manresa-Vic.jpg\"><img loading=\"lazy\" decoding=\"async\" src=\"https:\/\/www.memoria.cat\/fotografies-prat-pons\/wp-content\/uploads\/sites\/42\/2020\/08\/39-Manresa-Vic.jpg\" alt=\"\" width=\"536\" height=\"335\" \/><\/a><\/li><li><a href=\"https:\/\/www.memoria.cat\/fotografies-prat-pons\/wp-content\/uploads\/sites\/42\/2020\/08\/40-Manresa-Vic.jpg\"><img loading=\"lazy\" decoding=\"async\" src=\"https:\/\/www.memoria.cat\/fotografies-prat-pons\/wp-content\/uploads\/sites\/42\/2020\/08\/40-Manresa-Vic.jpg\" alt=\"\" width=\"532\" height=\"335\" \/><\/a><\/li><li><a href=\"https:\/\/www.memoria.cat\/fotografies-prat-pons\/wp-content\/uploads\/sites\/42\/2020\/08\/41-Manresa-Vic.jpg\"><img loading=\"lazy\" decoding=\"async\" src=\"https:\/\/www.memoria.cat\/fotografies-prat-pons\/wp-content\/uploads\/sites\/42\/2020\/08\/41-Manresa-Vic.jpg\" alt=\"\" width=\"214\" height=\"335\" \/><\/a><\/li><li><a href=\"https:\/\/www.memoria.cat\/fotografies-prat-pons\/wp-content\/uploads\/sites\/42\/2020\/08\/42-Manresa-Vic.jpg\"><img loading=\"lazy\" decoding=\"async\" src=\"https:\/\/www.memoria.cat\/fotografies-prat-pons\/wp-content\/uploads\/sites\/42\/2020\/08\/42-Manresa-Vic.jpg\" alt=\"\" width=\"533\" height=\"335\" \/><\/a><\/li><li><a href=\"https:\/\/www.memoria.cat\/fotografies-prat-pons\/wp-content\/uploads\/sites\/42\/2020\/08\/43-Manresa-Vic.jpg\"><img loading=\"lazy\" decoding=\"async\" src=\"https:\/\/www.memoria.cat\/fotografies-prat-pons\/wp-content\/uploads\/sites\/42\/2020\/08\/43-Manresa-Vic.jpg\" alt=\"\" width=\"535\" height=\"335\" \/><\/a><\/li><li><a href=\"https:\/\/www.memoria.cat\/fotografies-prat-pons\/wp-content\/uploads\/sites\/42\/2020\/08\/44-Manresa-Vic.jpg\"><img loading=\"lazy\" decoding=\"async\" src=\"https:\/\/www.memoria.cat\/fotografies-prat-pons\/wp-content\/uploads\/sites\/42\/2020\/08\/44-Manresa-Vic.jpg\" alt=\"\" width=\"533\" height=\"335\" \/><\/a><\/li><li><a href=\"https:\/\/www.memoria.cat\/fotografies-prat-pons\/wp-content\/uploads\/sites\/42\/2020\/08\/45-Manresa-Vic.jpg\"><img loading=\"lazy\" decoding=\"async\" src=\"https:\/\/www.memoria.cat\/fotografies-prat-pons\/wp-content\/uploads\/sites\/42\/2020\/08\/45-Manresa-Vic.jpg\" alt=\"\" width=\"524\" height=\"335\" \/><\/a><\/li><li><a href=\"https:\/\/www.memoria.cat\/fotografies-prat-pons\/wp-content\/uploads\/sites\/42\/2020\/08\/46-Manresa-Vic.jpg\"><img loading=\"lazy\" decoding=\"async\" src=\"https:\/\/www.memoria.cat\/fotografies-prat-pons\/wp-content\/uploads\/sites\/42\/2020\/08\/46-Manresa-Vic.jpg\" alt=\"\" width=\"525\" height=\"335\" \/><\/a><\/li><li><a href=\"https:\/\/www.memoria.cat\/fotografies-prat-pons\/wp-content\/uploads\/sites\/42\/2020\/08\/47-Manresa-Vic.jpg\"><img loading=\"lazy\" decoding=\"async\" src=\"https:\/\/www.memoria.cat\/fotografies-prat-pons\/wp-content\/uploads\/sites\/42\/2020\/08\/47-Manresa-Vic.jpg\" alt=\"\" width=\"524\" height=\"335\" \/><\/a><\/li><li><a href=\"https:\/\/www.memoria.cat\/fotografies-prat-pons\/wp-content\/uploads\/sites\/42\/2020\/08\/48-Manresa-Vic.jpg\"><img loading=\"lazy\" decoding=\"async\" src=\"https:\/\/www.memoria.cat\/fotografies-prat-pons\/wp-content\/uploads\/sites\/42\/2020\/08\/48-Manresa-Vic.jpg\" alt=\"\" width=\"525\" height=\"335\" \/><\/a><\/li><li><a href=\"https:\/\/www.memoria.cat\/fotografies-prat-pons\/wp-content\/uploads\/sites\/42\/2020\/08\/49-Manresa-Vic.jpg\"><img loading=\"lazy\" decoding=\"async\" src=\"https:\/\/www.memoria.cat\/fotografies-prat-pons\/wp-content\/uploads\/sites\/42\/2020\/08\/49-Manresa-Vic.jpg\" alt=\"\" width=\"533\" height=\"335\" \/><\/a><\/li><li><a href=\"https:\/\/www.memoria.cat\/fotografies-prat-pons\/wp-content\/uploads\/sites\/42\/2020\/08\/50-Manresa-Vic.jpg\"><img loading=\"lazy\" decoding=\"async\" src=\"https:\/\/www.memoria.cat\/fotografies-prat-pons\/wp-content\/uploads\/sites\/42\/2020\/08\/50-Manresa-Vic.jpg\" alt=\"\" width=\"533\" height=\"335\" \/><\/a><\/li><li><a href=\"https:\/\/www.memoria.cat\/fotografies-prat-pons\/wp-content\/uploads\/sites\/42\/2020\/08\/51-Manresa-Vic.jpg\"><img loading=\"lazy\" decoding=\"async\" src=\"https:\/\/www.memoria.cat\/fotografies-prat-pons\/wp-content\/uploads\/sites\/42\/2020\/08\/51-Manresa-Vic.jpg\" alt=\"\" width=\"211\" height=\"335\" \/><\/a><\/li><li><a href=\"https:\/\/www.memoria.cat\/fotografies-prat-pons\/wp-content\/uploads\/sites\/42\/2020\/08\/52-Manresa-Vic.jpg\"><img loading=\"lazy\" decoding=\"async\" src=\"https:\/\/www.memoria.cat\/fotografies-prat-pons\/wp-content\/uploads\/sites\/42\/2020\/08\/52-Manresa-Vic.jpg\" alt=\"\" width=\"208\" height=\"335\" \/><\/a><\/li><li><a href=\"https:\/\/www.memoria.cat\/fotografies-prat-pons\/wp-content\/uploads\/sites\/42\/2020\/08\/53-Manresa-Vic.jpg\"><img loading=\"lazy\" decoding=\"async\" src=\"https:\/\/www.memoria.cat\/fotografies-prat-pons\/wp-content\/uploads\/sites\/42\/2020\/08\/53-Manresa-Vic.jpg\" alt=\"\" width=\"211\" height=\"335\" \/><\/a><\/li><li><a href=\"https:\/\/www.memoria.cat\/fotografies-prat-pons\/wp-content\/uploads\/sites\/42\/2020\/08\/54-Manresa-Vic.jpg\"><img loading=\"lazy\" decoding=\"async\" src=\"https:\/\/www.memoria.cat\/fotografies-prat-pons\/wp-content\/uploads\/sites\/42\/2020\/08\/54-Manresa-Vic.jpg\" alt=\"\" width=\"210\" height=\"335\" \/><\/a><\/li><li><a href=\"https:\/\/www.memoria.cat\/fotografies-prat-pons\/wp-content\/uploads\/sites\/42\/2020\/08\/55-Manresa-Vic.jpg\"><img loading=\"lazy\" decoding=\"async\" src=\"https:\/\/www.memoria.cat\/fotografies-prat-pons\/wp-content\/uploads\/sites\/42\/2020\/08\/55-Manresa-Vic.jpg\" alt=\"\" width=\"210\" height=\"335\" \/><\/a><\/li><li><a href=\"https:\/\/www.memoria.cat\/fotografies-prat-pons\/wp-content\/uploads\/sites\/42\/2020\/08\/56-Manresa-Vic.jpg\"><img loading=\"lazy\" decoding=\"async\" src=\"https:\/\/www.memoria.cat\/fotografies-prat-pons\/wp-content\/uploads\/sites\/42\/2020\/08\/56-Manresa-Vic.jpg\" alt=\"\" width=\"536\" height=\"335\" \/><\/a><\/li><\/ul><\/noscript><\/div>\n<p>&nbsp;<\/p>\n","protected":false},"excerpt":{"rendered":"<p>Vic. Homenatge al bisbe de Vic, Joan Perell\u00f3, per les seves noces de plata episcopals. \u00c0lbum de fotos que el mateix bisbe va dedicar a l\u2019alcalde per haver assistit a aquest acte i per haver estat nomenat fill adoptiu de Manresa. (28\/9\/1952) &nbsp; CLIQUEU AQU\u00cd PER A LA CONTEXTUALITZACI\u00d3 DE LES FOTOGRAFIES &nbsp; &nbsp;<\/p>\n","protected":false},"author":28,"featured_media":0,"parent":0,"menu_order":0,"comment_status":"closed","ping_status":"closed","template":"","meta":{"iawp_total_views":9,"footnotes":""},"class_list":["post-73564","page","type-page","status-publish","hentry"],"_links":{"self":[{"href":"https:\/\/www.memoria.cat\/fotografies-prat-pons\/wp-json\/wp\/v2\/pages\/73564","targetHints":{"allow":["GET"]}}],"collection":[{"href":"https:\/\/www.memoria.cat\/fotografies-prat-pons\/wp-json\/wp\/v2\/pages"}],"about":[{"href":"https:\/\/www.memoria.cat\/fotografies-prat-pons\/wp-json\/wp\/v2\/types\/page"}],"author":[{"embeddable":true,"href":"https:\/\/www.memoria.cat\/fotografies-prat-pons\/wp-json\/wp\/v2\/users\/28"}],"replies":[{"embeddable":true,"href":"https:\/\/www.memoria.cat\/fotografies-prat-pons\/wp-json\/wp\/v2\/comments?post=73564"}],"version-history":[{"count":0,"href":"https:\/\/www.memoria.cat\/fotografies-prat-pons\/wp-json\/wp\/v2\/pages\/73564\/revisions"}],"wp:attachment":[{"href":"https:\/\/www.memoria.cat\/fotografies-prat-pons\/wp-json\/wp\/v2\/media?parent=73564"}],"curies":[{"name":"wp","href":"https:\/\/api.w.org\/{rel}","templated":true}]}}