{"id":73562,"date":"2020-08-14T17:56:06","date_gmt":"2020-08-14T16:56:06","guid":{"rendered":"https:\/\/www.memoria.cat\/fotografies-prat-pons\/?page_id=73562"},"modified":"2020-12-22T22:14:13","modified_gmt":"2020-12-22T21:14:13","slug":"5e-album-lliurament-duna-bandera-a-la-caserna-19491949","status":"publish","type":"page","link":"https:\/\/www.memoria.cat\/fotografies-prat-pons\/5e-album-lliurament-duna-bandera-a-la-caserna-19491949\/","title":{"rendered":"5\u00e8 \u00e0lbum. Lliurament d&#8217;una bandera a la Caserna (1949)"},"content":{"rendered":"<p>Lliurament al batall\u00f3 de la Caserna d\u2019una bandera regalada per la ciutat de Manresa, apadrinada per Dolors Pujol. (10\/7\/1949)<\/p>\n<h3><\/h3>\n<h3 style=\"text-align: center\"><a href=\"https:\/\/www.memoria.cat\/fotografies-prat-pons\/blog\/lliurament-duna-bandera-a-la-caserna-del-carme-10-7-1949\/\">CLIQUEU AQU\u00cd PER A LA CONTEXTUALITZACI\u00d3 DE LES FOTOGRAFIES<\/a><\/h3>\n<p>&nbsp;<\/p>\n<div id=\"jig1\" class=\"justified-image-grid jig-900d7bed6dde7d70990cf0e92e70d09e jig-preset-4 jig-source-wp-gallery jig-rml-id-5\"><div class=\"jig-clearfix\"><\/div><noscript id=\"jig1-html\" class=\"justified-image-grid-html\" data-lazy-src=\"skiplazyload\" data-src=\"skipunveillazyload\"><ul><li><a href=\"https:\/\/www.memoria.cat\/fotografies-prat-pons\/wp-content\/uploads\/sites\/42\/2020\/08\/01-Manresa.jpg\"><img fetchpriority=\"high\" decoding=\"async\" src=\"https:\/\/www.memoria.cat\/fotografies-prat-pons\/wp-content\/uploads\/sites\/42\/2020\/08\/01-Manresa.jpg\" alt=\"\" width=\"501\" height=\"335\" \/><\/a><\/li><li><a href=\"https:\/\/www.memoria.cat\/fotografies-prat-pons\/wp-content\/uploads\/sites\/42\/2020\/08\/02-Manresa.jpg\"><img decoding=\"async\" src=\"https:\/\/www.memoria.cat\/fotografies-prat-pons\/wp-content\/uploads\/sites\/42\/2020\/08\/02-Manresa.jpg\" alt=\"\" width=\"426\" height=\"335\" \/><\/a><\/li><li><a href=\"https:\/\/www.memoria.cat\/fotografies-prat-pons\/wp-content\/uploads\/sites\/42\/2020\/08\/03-Manresa.jpg\"><img decoding=\"async\" src=\"https:\/\/www.memoria.cat\/fotografies-prat-pons\/wp-content\/uploads\/sites\/42\/2020\/08\/03-Manresa.jpg\" alt=\"\" width=\"437\" height=\"335\" \/><\/a><\/li><li><a href=\"https:\/\/www.memoria.cat\/fotografies-prat-pons\/wp-content\/uploads\/sites\/42\/2020\/08\/04-Manresa.jpg\"><img loading=\"lazy\" decoding=\"async\" src=\"https:\/\/www.memoria.cat\/fotografies-prat-pons\/wp-content\/uploads\/sites\/42\/2020\/08\/04-Manresa.jpg\" alt=\"\" width=\"411\" height=\"335\" \/><\/a><\/li><li><a href=\"https:\/\/www.memoria.cat\/fotografies-prat-pons\/wp-content\/uploads\/sites\/42\/2020\/08\/05-Manresa.jpg\"><img loading=\"lazy\" decoding=\"async\" src=\"https:\/\/www.memoria.cat\/fotografies-prat-pons\/wp-content\/uploads\/sites\/42\/2020\/08\/05-Manresa.jpg\" alt=\"\" width=\"420\" height=\"335\" \/><\/a><\/li><li><a href=\"https:\/\/www.memoria.cat\/fotografies-prat-pons\/wp-content\/uploads\/sites\/42\/2020\/08\/06-Manresa.jpg\"><img loading=\"lazy\" decoding=\"async\" src=\"https:\/\/www.memoria.cat\/fotografies-prat-pons\/wp-content\/uploads\/sites\/42\/2020\/08\/06-Manresa.jpg\" alt=\"\" width=\"501\" height=\"335\" \/><\/a><\/li><li><a href=\"https:\/\/www.memoria.cat\/fotografies-prat-pons\/wp-content\/uploads\/sites\/42\/2020\/08\/07-Manresa.jpg\"><img loading=\"lazy\" decoding=\"async\" src=\"https:\/\/www.memoria.cat\/fotografies-prat-pons\/wp-content\/uploads\/sites\/42\/2020\/08\/07-Manresa.jpg\" alt=\"\" width=\"414\" height=\"335\" \/><\/a><\/li><li><a href=\"https:\/\/www.memoria.cat\/fotografies-prat-pons\/wp-content\/uploads\/sites\/42\/2020\/08\/08-Manresa.jpg\"><img loading=\"lazy\" decoding=\"async\" src=\"https:\/\/www.memoria.cat\/fotografies-prat-pons\/wp-content\/uploads\/sites\/42\/2020\/08\/08-Manresa.jpg\" alt=\"\" width=\"501\" height=\"335\" \/><\/a><\/li><li><a href=\"https:\/\/www.memoria.cat\/fotografies-prat-pons\/wp-content\/uploads\/sites\/42\/2020\/08\/09-Manresa.jpg\"><img loading=\"lazy\" decoding=\"async\" src=\"https:\/\/www.memoria.cat\/fotografies-prat-pons\/wp-content\/uploads\/sites\/42\/2020\/08\/09-Manresa.jpg\" alt=\"\" width=\"528\" height=\"335\" \/><\/a><\/li><li><a href=\"https:\/\/www.memoria.cat\/fotografies-prat-pons\/wp-content\/uploads\/sites\/42\/2020\/08\/10-Manresa.jpg\"><img loading=\"lazy\" decoding=\"async\" src=\"https:\/\/www.memoria.cat\/fotografies-prat-pons\/wp-content\/uploads\/sites\/42\/2020\/08\/10-Manresa.jpg\" alt=\"\" width=\"526\" height=\"335\" \/><\/a><\/li><li><a href=\"https:\/\/www.memoria.cat\/fotografies-prat-pons\/wp-content\/uploads\/sites\/42\/2020\/08\/11-Manresa.jpg\"><img loading=\"lazy\" decoding=\"async\" src=\"https:\/\/www.memoria.cat\/fotografies-prat-pons\/wp-content\/uploads\/sites\/42\/2020\/08\/11-Manresa.jpg\" alt=\"\" width=\"542\" height=\"335\" \/><\/a><\/li><li><a href=\"https:\/\/www.memoria.cat\/fotografies-prat-pons\/wp-content\/uploads\/sites\/42\/2020\/08\/12-Manresa.jpg\"><img loading=\"lazy\" decoding=\"async\" src=\"https:\/\/www.memoria.cat\/fotografies-prat-pons\/wp-content\/uploads\/sites\/42\/2020\/08\/12-Manresa.jpg\" alt=\"\" width=\"211\" height=\"335\" \/><\/a><\/li><li><a href=\"https:\/\/www.memoria.cat\/fotografies-prat-pons\/wp-content\/uploads\/sites\/42\/2020\/08\/13-Manresa.jpg\"><img loading=\"lazy\" decoding=\"async\" src=\"https:\/\/www.memoria.cat\/fotografies-prat-pons\/wp-content\/uploads\/sites\/42\/2020\/08\/13-Manresa.jpg\" alt=\"\" width=\"525\" height=\"335\" \/><\/a><\/li><li><a href=\"https:\/\/www.memoria.cat\/fotografies-prat-pons\/wp-content\/uploads\/sites\/42\/2020\/08\/14-Manresa.jpg\"><img loading=\"lazy\" decoding=\"async\" src=\"https:\/\/www.memoria.cat\/fotografies-prat-pons\/wp-content\/uploads\/sites\/42\/2020\/08\/14-Manresa.jpg\" alt=\"\" width=\"529\" height=\"335\" \/><\/a><\/li><li><a href=\"https:\/\/www.memoria.cat\/fotografies-prat-pons\/wp-content\/uploads\/sites\/42\/2020\/08\/15-Manresa.jpg\"><img loading=\"lazy\" decoding=\"async\" src=\"https:\/\/www.memoria.cat\/fotografies-prat-pons\/wp-content\/uploads\/sites\/42\/2020\/08\/15-Manresa.jpg\" alt=\"\" width=\"516\" height=\"335\" \/><\/a><\/li><li><a href=\"https:\/\/www.memoria.cat\/fotografies-prat-pons\/wp-content\/uploads\/sites\/42\/2020\/08\/16-Manresa.jpg\"><img loading=\"lazy\" decoding=\"async\" src=\"https:\/\/www.memoria.cat\/fotografies-prat-pons\/wp-content\/uploads\/sites\/42\/2020\/08\/16-Manresa.jpg\" alt=\"\" width=\"212\" height=\"335\" \/><\/a><\/li><li><a href=\"https:\/\/www.memoria.cat\/fotografies-prat-pons\/wp-content\/uploads\/sites\/42\/2020\/08\/17-Manresa.jpg\"><img loading=\"lazy\" decoding=\"async\" src=\"https:\/\/www.memoria.cat\/fotografies-prat-pons\/wp-content\/uploads\/sites\/42\/2020\/08\/17-Manresa.jpg\" alt=\"\" width=\"517\" height=\"335\" \/><\/a><\/li><li><a href=\"https:\/\/www.memoria.cat\/fotografies-prat-pons\/wp-content\/uploads\/sites\/42\/2020\/08\/18-Manresa.jpg\"><img loading=\"lazy\" decoding=\"async\" src=\"https:\/\/www.memoria.cat\/fotografies-prat-pons\/wp-content\/uploads\/sites\/42\/2020\/08\/18-Manresa.jpg\" alt=\"\" width=\"517\" height=\"335\" \/><\/a><\/li><li><a href=\"https:\/\/www.memoria.cat\/fotografies-prat-pons\/wp-content\/uploads\/sites\/42\/2020\/08\/19-Manresa.jpg\"><img loading=\"lazy\" decoding=\"async\" src=\"https:\/\/www.memoria.cat\/fotografies-prat-pons\/wp-content\/uploads\/sites\/42\/2020\/08\/19-Manresa.jpg\" alt=\"\" width=\"533\" height=\"335\" \/><\/a><\/li><li><a href=\"https:\/\/www.memoria.cat\/fotografies-prat-pons\/wp-content\/uploads\/sites\/42\/2020\/08\/20-Manresa.jpg\"><img loading=\"lazy\" decoding=\"async\" src=\"https:\/\/www.memoria.cat\/fotografies-prat-pons\/wp-content\/uploads\/sites\/42\/2020\/08\/20-Manresa.jpg\" alt=\"\" width=\"522\" height=\"335\" \/><\/a><\/li><li><a href=\"https:\/\/www.memoria.cat\/fotografies-prat-pons\/wp-content\/uploads\/sites\/42\/2020\/08\/21-Manresa.jpg\"><img loading=\"lazy\" decoding=\"async\" src=\"https:\/\/www.memoria.cat\/fotografies-prat-pons\/wp-content\/uploads\/sites\/42\/2020\/08\/21-Manresa.jpg\" alt=\"\" width=\"526\" height=\"335\" \/><\/a><\/li><li><a href=\"https:\/\/www.memoria.cat\/fotografies-prat-pons\/wp-content\/uploads\/sites\/42\/2020\/08\/22-Manresa.jpg\"><img loading=\"lazy\" decoding=\"async\" src=\"https:\/\/www.memoria.cat\/fotografies-prat-pons\/wp-content\/uploads\/sites\/42\/2020\/08\/22-Manresa.jpg\" alt=\"\" width=\"212\" height=\"335\" \/><\/a><\/li><li><a href=\"https:\/\/www.memoria.cat\/fotografies-prat-pons\/wp-content\/uploads\/sites\/42\/2020\/08\/23-Manresa.jpg\"><img loading=\"lazy\" decoding=\"async\" src=\"https:\/\/www.memoria.cat\/fotografies-prat-pons\/wp-content\/uploads\/sites\/42\/2020\/08\/23-Manresa.jpg\" alt=\"\" width=\"528\" height=\"335\" \/><\/a><\/li><li><a href=\"https:\/\/www.memoria.cat\/fotografies-prat-pons\/wp-content\/uploads\/sites\/42\/2020\/08\/24-Manresa.jpg\"><img loading=\"lazy\" decoding=\"async\" src=\"https:\/\/www.memoria.cat\/fotografies-prat-pons\/wp-content\/uploads\/sites\/42\/2020\/08\/24-Manresa.jpg\" alt=\"\" width=\"527\" height=\"335\" \/><\/a><\/li><li><a href=\"https:\/\/www.memoria.cat\/fotografies-prat-pons\/wp-content\/uploads\/sites\/42\/2020\/08\/25-Manresa.jpg\"><img loading=\"lazy\" decoding=\"async\" src=\"https:\/\/www.memoria.cat\/fotografies-prat-pons\/wp-content\/uploads\/sites\/42\/2020\/08\/25-Manresa.jpg\" alt=\"\" width=\"211\" height=\"335\" \/><\/a><\/li><li><a href=\"https:\/\/www.memoria.cat\/fotografies-prat-pons\/wp-content\/uploads\/sites\/42\/2020\/08\/26-Manresa.jpg\"><img loading=\"lazy\" decoding=\"async\" src=\"https:\/\/www.memoria.cat\/fotografies-prat-pons\/wp-content\/uploads\/sites\/42\/2020\/08\/26-Manresa.jpg\" alt=\"\" width=\"521\" height=\"335\" \/><\/a><\/li><li><a href=\"https:\/\/www.memoria.cat\/fotografies-prat-pons\/wp-content\/uploads\/sites\/42\/2020\/08\/27-Manresa.jpg\"><img loading=\"lazy\" decoding=\"async\" src=\"https:\/\/www.memoria.cat\/fotografies-prat-pons\/wp-content\/uploads\/sites\/42\/2020\/08\/27-Manresa.jpg\" alt=\"\" width=\"528\" height=\"335\" \/><\/a><\/li><li><a href=\"https:\/\/www.memoria.cat\/fotografies-prat-pons\/wp-content\/uploads\/sites\/42\/2020\/08\/28-Manresa.jpg\"><img loading=\"lazy\" decoding=\"async\" src=\"https:\/\/www.memoria.cat\/fotografies-prat-pons\/wp-content\/uploads\/sites\/42\/2020\/08\/28-Manresa.jpg\" alt=\"\" width=\"210\" height=\"335\" \/><\/a><\/li><li><a href=\"https:\/\/www.memoria.cat\/fotografies-prat-pons\/wp-content\/uploads\/sites\/42\/2020\/08\/29-Manresa.jpg\"><img loading=\"lazy\" decoding=\"async\" src=\"https:\/\/www.memoria.cat\/fotografies-prat-pons\/wp-content\/uploads\/sites\/42\/2020\/08\/29-Manresa.jpg\" alt=\"\" width=\"212\" height=\"335\" \/><\/a><\/li><li><a href=\"https:\/\/www.memoria.cat\/fotografies-prat-pons\/wp-content\/uploads\/sites\/42\/2020\/08\/30-Manresa.jpg\"><img loading=\"lazy\" decoding=\"async\" src=\"https:\/\/www.memoria.cat\/fotografies-prat-pons\/wp-content\/uploads\/sites\/42\/2020\/08\/30-Manresa.jpg\" alt=\"\" width=\"524\" height=\"335\" \/><\/a><\/li><li><a href=\"https:\/\/www.memoria.cat\/fotografies-prat-pons\/wp-content\/uploads\/sites\/42\/2020\/08\/31-Manresa.jpg\"><img loading=\"lazy\" decoding=\"async\" src=\"https:\/\/www.memoria.cat\/fotografies-prat-pons\/wp-content\/uploads\/sites\/42\/2020\/08\/31-Manresa.jpg\" alt=\"\" width=\"526\" height=\"335\" \/><\/a><\/li><li><a href=\"https:\/\/www.memoria.cat\/fotografies-prat-pons\/wp-content\/uploads\/sites\/42\/2020\/08\/32-Manresa.jpg\"><img loading=\"lazy\" decoding=\"async\" src=\"https:\/\/www.memoria.cat\/fotografies-prat-pons\/wp-content\/uploads\/sites\/42\/2020\/08\/32-Manresa.jpg\" alt=\"\" width=\"525\" height=\"335\" \/><\/a><\/li><li><a href=\"https:\/\/www.memoria.cat\/fotografies-prat-pons\/wp-content\/uploads\/sites\/42\/2020\/08\/33-Manresa.jpg\"><img loading=\"lazy\" decoding=\"async\" src=\"https:\/\/www.memoria.cat\/fotografies-prat-pons\/wp-content\/uploads\/sites\/42\/2020\/08\/33-Manresa.jpg\" alt=\"\" width=\"212\" height=\"335\" \/><\/a><\/li><li><a href=\"https:\/\/www.memoria.cat\/fotografies-prat-pons\/wp-content\/uploads\/sites\/42\/2020\/08\/34-Manresa.jpg\"><img loading=\"lazy\" decoding=\"async\" src=\"https:\/\/www.memoria.cat\/fotografies-prat-pons\/wp-content\/uploads\/sites\/42\/2020\/08\/34-Manresa.jpg\" alt=\"\" width=\"521\" height=\"335\" \/><\/a><\/li><li><a href=\"https:\/\/www.memoria.cat\/fotografies-prat-pons\/wp-content\/uploads\/sites\/42\/2020\/08\/35-Manresa.jpg\"><img loading=\"lazy\" decoding=\"async\" src=\"https:\/\/www.memoria.cat\/fotografies-prat-pons\/wp-content\/uploads\/sites\/42\/2020\/08\/35-Manresa.jpg\" alt=\"\" width=\"209\" height=\"335\" \/><\/a><\/li><li><a href=\"https:\/\/www.memoria.cat\/fotografies-prat-pons\/wp-content\/uploads\/sites\/42\/2020\/08\/36-Manresa.jpg\"><img loading=\"lazy\" decoding=\"async\" src=\"https:\/\/www.memoria.cat\/fotografies-prat-pons\/wp-content\/uploads\/sites\/42\/2020\/08\/36-Manresa.jpg\" alt=\"\" width=\"530\" height=\"335\" \/><\/a><\/li><li><a href=\"https:\/\/www.memoria.cat\/fotografies-prat-pons\/wp-content\/uploads\/sites\/42\/2020\/08\/37-Manresa.jpg\"><img loading=\"lazy\" decoding=\"async\" src=\"https:\/\/www.memoria.cat\/fotografies-prat-pons\/wp-content\/uploads\/sites\/42\/2020\/08\/37-Manresa.jpg\" alt=\"\" width=\"529\" height=\"335\" \/><\/a><\/li><li><a href=\"https:\/\/www.memoria.cat\/fotografies-prat-pons\/wp-content\/uploads\/sites\/42\/2020\/08\/38-Manresa.jpg\"><img loading=\"lazy\" decoding=\"async\" src=\"https:\/\/www.memoria.cat\/fotografies-prat-pons\/wp-content\/uploads\/sites\/42\/2020\/08\/38-Manresa.jpg\" alt=\"\" width=\"539\" height=\"335\" \/><\/a><\/li><li><a href=\"https:\/\/www.memoria.cat\/fotografies-prat-pons\/wp-content\/uploads\/sites\/42\/2020\/08\/39-Manresa.jpg\"><img loading=\"lazy\" decoding=\"async\" src=\"https:\/\/www.memoria.cat\/fotografies-prat-pons\/wp-content\/uploads\/sites\/42\/2020\/08\/39-Manresa.jpg\" alt=\"\" width=\"525\" height=\"335\" \/><\/a><\/li><li><a href=\"https:\/\/www.memoria.cat\/fotografies-prat-pons\/wp-content\/uploads\/sites\/42\/2020\/08\/40-Manresa.jpg\"><img loading=\"lazy\" decoding=\"async\" src=\"https:\/\/www.memoria.cat\/fotografies-prat-pons\/wp-content\/uploads\/sites\/42\/2020\/08\/40-Manresa.jpg\" alt=\"\" width=\"523\" height=\"335\" \/><\/a><\/li><li><a href=\"https:\/\/www.memoria.cat\/fotografies-prat-pons\/wp-content\/uploads\/sites\/42\/2020\/08\/41-Manresa.jpg\"><img loading=\"lazy\" decoding=\"async\" src=\"https:\/\/www.memoria.cat\/fotografies-prat-pons\/wp-content\/uploads\/sites\/42\/2020\/08\/41-Manresa.jpg\" alt=\"\" width=\"526\" height=\"335\" \/><\/a><\/li><li><a href=\"https:\/\/www.memoria.cat\/fotografies-prat-pons\/wp-content\/uploads\/sites\/42\/2020\/08\/42-Manresa.jpg\"><img loading=\"lazy\" decoding=\"async\" src=\"https:\/\/www.memoria.cat\/fotografies-prat-pons\/wp-content\/uploads\/sites\/42\/2020\/08\/42-Manresa.jpg\" alt=\"\" width=\"211\" height=\"335\" \/><\/a><\/li><li><a href=\"https:\/\/www.memoria.cat\/fotografies-prat-pons\/wp-content\/uploads\/sites\/42\/2020\/08\/43-Manresa.jpg\"><img loading=\"lazy\" decoding=\"async\" src=\"https:\/\/www.memoria.cat\/fotografies-prat-pons\/wp-content\/uploads\/sites\/42\/2020\/08\/43-Manresa.jpg\" alt=\"\" width=\"209\" height=\"335\" \/><\/a><\/li><li><a href=\"https:\/\/www.memoria.cat\/fotografies-prat-pons\/wp-content\/uploads\/sites\/42\/2020\/08\/44-Manresa.jpg\"><img loading=\"lazy\" decoding=\"async\" src=\"https:\/\/www.memoria.cat\/fotografies-prat-pons\/wp-content\/uploads\/sites\/42\/2020\/08\/44-Manresa.jpg\" alt=\"\" width=\"218\" height=\"335\" \/><\/a><\/li><li><a href=\"https:\/\/www.memoria.cat\/fotografies-prat-pons\/wp-content\/uploads\/sites\/42\/2020\/08\/45-Manresa.jpg\"><img loading=\"lazy\" decoding=\"async\" src=\"https:\/\/www.memoria.cat\/fotografies-prat-pons\/wp-content\/uploads\/sites\/42\/2020\/08\/45-Manresa.jpg\" alt=\"\" width=\"250\" height=\"335\" \/><\/a><\/li><li><a href=\"https:\/\/www.memoria.cat\/fotografies-prat-pons\/wp-content\/uploads\/sites\/42\/2020\/08\/46-Manresa.jpg\"><img loading=\"lazy\" decoding=\"async\" src=\"https:\/\/www.memoria.cat\/fotografies-prat-pons\/wp-content\/uploads\/sites\/42\/2020\/08\/46-Manresa.jpg\" alt=\"\" width=\"232\" height=\"335\" \/><\/a><\/li><li><a href=\"https:\/\/www.memoria.cat\/fotografies-prat-pons\/wp-content\/uploads\/sites\/42\/2020\/08\/47-Manresa.jpg\"><img loading=\"lazy\" decoding=\"async\" src=\"https:\/\/www.memoria.cat\/fotografies-prat-pons\/wp-content\/uploads\/sites\/42\/2020\/08\/47-Manresa.jpg\" alt=\"\" width=\"247\" height=\"335\" \/><\/a><\/li><li><a href=\"https:\/\/www.memoria.cat\/fotografies-prat-pons\/wp-content\/uploads\/sites\/42\/2020\/08\/48-Manresa.jpg\"><img loading=\"lazy\" decoding=\"async\" src=\"https:\/\/www.memoria.cat\/fotografies-prat-pons\/wp-content\/uploads\/sites\/42\/2020\/08\/48-Manresa.jpg\" alt=\"\" width=\"462\" height=\"335\" \/><\/a><\/li><li><a href=\"https:\/\/www.memoria.cat\/fotografies-prat-pons\/wp-content\/uploads\/sites\/42\/2020\/08\/49-Manresa.jpg\"><img loading=\"lazy\" decoding=\"async\" src=\"https:\/\/www.memoria.cat\/fotografies-prat-pons\/wp-content\/uploads\/sites\/42\/2020\/08\/49-Manresa.jpg\" alt=\"\" width=\"271\" height=\"335\" \/><\/a><\/li><li><a href=\"https:\/\/www.memoria.cat\/fotografies-prat-pons\/wp-content\/uploads\/sites\/42\/2020\/08\/50-Manresa.jpg\"><img loading=\"lazy\" decoding=\"async\" src=\"https:\/\/www.memoria.cat\/fotografies-prat-pons\/wp-content\/uploads\/sites\/42\/2020\/08\/50-Manresa.jpg\" alt=\"\" width=\"238\" height=\"335\" \/><\/a><\/li><li><a href=\"https:\/\/www.memoria.cat\/fotografies-prat-pons\/wp-content\/uploads\/sites\/42\/2020\/08\/51-Manresa.jpg\"><img loading=\"lazy\" decoding=\"async\" src=\"https:\/\/www.memoria.cat\/fotografies-prat-pons\/wp-content\/uploads\/sites\/42\/2020\/08\/51-Manresa.jpg\" alt=\"\" width=\"460\" height=\"335\" \/><\/a><\/li><li><a href=\"https:\/\/www.memoria.cat\/fotografies-prat-pons\/wp-content\/uploads\/sites\/42\/2020\/08\/52-Manresa.jpg\"><img loading=\"lazy\" decoding=\"async\" src=\"https:\/\/www.memoria.cat\/fotografies-prat-pons\/wp-content\/uploads\/sites\/42\/2020\/08\/52-Manresa.jpg\" alt=\"\" width=\"241\" height=\"335\" \/><\/a><\/li><li><a href=\"https:\/\/www.memoria.cat\/fotografies-prat-pons\/wp-content\/uploads\/sites\/42\/2020\/08\/53-Manresa.jpg\"><img loading=\"lazy\" decoding=\"async\" src=\"https:\/\/www.memoria.cat\/fotografies-prat-pons\/wp-content\/uploads\/sites\/42\/2020\/08\/53-Manresa.jpg\" alt=\"\" width=\"466\" height=\"335\" \/><\/a><\/li><li><a href=\"https:\/\/www.memoria.cat\/fotografies-prat-pons\/wp-content\/uploads\/sites\/42\/2020\/08\/54-Manresa.jpg\"><img loading=\"lazy\" decoding=\"async\" src=\"https:\/\/www.memoria.cat\/fotografies-prat-pons\/wp-content\/uploads\/sites\/42\/2020\/08\/54-Manresa.jpg\" alt=\"\" width=\"236\" height=\"335\" \/><\/a><\/li><\/ul><\/noscript><\/div>\n","protected":false},"excerpt":{"rendered":"<p>Lliurament al batall\u00f3 de la Caserna d\u2019una bandera regalada per la ciutat de Manresa, apadrinada per Dolors Pujol. (10\/7\/1949) CLIQUEU AQU\u00cd PER A LA CONTEXTUALITZACI\u00d3 DE LES FOTOGRAFIES &nbsp;<\/p>\n","protected":false},"author":28,"featured_media":0,"parent":0,"menu_order":0,"comment_status":"closed","ping_status":"closed","template":"","meta":{"footnotes":""},"class_list":["post-73562","page","type-page","status-publish","hentry"],"_links":{"self":[{"href":"https:\/\/www.memoria.cat\/fotografies-prat-pons\/wp-json\/wp\/v2\/pages\/73562","targetHints":{"allow":["GET"]}}],"collection":[{"href":"https:\/\/www.memoria.cat\/fotografies-prat-pons\/wp-json\/wp\/v2\/pages"}],"about":[{"href":"https:\/\/www.memoria.cat\/fotografies-prat-pons\/wp-json\/wp\/v2\/types\/page"}],"author":[{"embeddable":true,"href":"https:\/\/www.memoria.cat\/fotografies-prat-pons\/wp-json\/wp\/v2\/users\/28"}],"replies":[{"embeddable":true,"href":"https:\/\/www.memoria.cat\/fotografies-prat-pons\/wp-json\/wp\/v2\/comments?post=73562"}],"version-history":[{"count":0,"href":"https:\/\/www.memoria.cat\/fotografies-prat-pons\/wp-json\/wp\/v2\/pages\/73562\/revisions"}],"wp:attachment":[{"href":"https:\/\/www.memoria.cat\/fotografies-prat-pons\/wp-json\/wp\/v2\/media?parent=73562"}],"curies":[{"name":"wp","href":"https:\/\/api.w.org\/{rel}","templated":true}]}}