{"id":73552,"date":"2020-08-14T17:54:24","date_gmt":"2020-08-14T16:54:24","guid":{"rendered":"https:\/\/www.memoria.cat\/fotografies-prat-pons\/?page_id=73552"},"modified":"2023-02-22T01:21:54","modified_gmt":"2023-02-22T00:21:54","slug":"lalcalde-joan-prat-pons","status":"publish","type":"page","link":"https:\/\/www.memoria.cat\/fotografies-prat-pons\/lalcalde-joan-prat-pons\/","title":{"rendered":"L&#8217;alcalde Joan Prat Pons"},"content":{"rendered":"<p><strong>Dades biogr\u00e0fiques de Joan Prat Pons i el context hist\u00f2ric dels alcaldes de Manresa durant el franquisme<\/strong><\/p>\n<p>Joan Prat Pons, nascut a Manresa el 4 d&#8217;octubre de 1893, fou un perit industrial de professi\u00f3 que exerc\u00ed de director de les f\u00e0briques t\u00e8xtils de Cal Mar\u00e7al i de la Col\u00f2nia Pons del municipi de Puig-reig. Atret per la vida pol\u00edtica, inicialment fou simpatitzant de la Lliga Regionalista i posteriorment deriv\u00e0 cap a posicions m\u00e9s dretanes i espanyolistes. Arrib\u00e0 a ser alcalde de Puig-reig entre els anys 1924 i 1930, \u00e9s a dir, durant la dictadura del general Primo de Rivera (1923-1930).<\/p>\n<p>Continu\u00e0 en aquesta l\u00ednia ideol\u00f2gica durant els anys de la II Rep\u00fablica (1931-1936) i fou membre de partits com la CEDA (Acci\u00f3 Popular Catalana) i Renovaci\u00f3n Espa\u00f1ola.<\/p>\n<p>Durant la Guerra Civil fou empresonat pel b\u00e0ndol republic\u00e0. La vict\u00f2ria del general Franco li permet\u00e9 comen\u00e7ar una destacada carrera pol\u00edtica durant els primers anys de la dictadura.<\/p>\n<p>Aix\u00ed, s&#8217;afili\u00e0 a les FET-JONS i fou delegat local de la &#8220;Hermandad de Ex-cautivos&#8221;, que agrupava les persones que havien estat empresonades durant la rereguarda republicana. Ocup\u00e0 tamb\u00e9 els c\u00e0rrecs de delegat de la CNS (el <em>sindicat vertical) <\/em>i delegat governatiu comarcal. El 1944 entr\u00e0 a l&#8217;Ajuntament de Manresa com a primer tinent d&#8217;alcalde i el juliol de l&#8217;any seg\u00fcent en fou designat alcalde per part del governador civil de la prov\u00edncia Antonio Correa Veglison. A partir d&#8217;aqu\u00ed, acumul\u00e0 els c\u00e0rrecs de cap local del Movimiento, diputat provincial i, en el per\u00edode 1949-1952, procurador municipal a Corts. L&#8217;any 1952 fou distingit pel govern franquista com a &#8220;Comendador de la Orden Civil de Alfonso X el Sabio&#8221;.<\/p>\n<p>Joan Prat fou el tercer alcalde de Manresa durant la dictadura franquista. Anteriorment ho havien estat el carl\u00ed Dom\u00e8nec Prun\u00e9s, que el 1943 hagu\u00e9 de dimitir despr\u00e9s de diverses pugnes amb elements falangistes de la ciutat. Fou substitu\u00eft per Josep Montardit, qui ja havia estat alcalde de la ciutat durant la dictadura de Primo de Rivera, i que dimit\u00ed l&#8217;any 1945 oficialment per <em>&#8220;no poder atender debidamente las m\u00faltiples ocupaciones que sobre m\u00ed pesan&#8221;<\/em> tot i que en el fons fou per aquesta lluita larvada entre falangistes i tradicionalistes (carlins).<\/p>\n<p>De fet, una constant de la dictadura franquista foren aquestes lluites entre les diverses <em>fam\u00edlies<\/em> que donaven suport al r\u00e8gim per tal d&#8217;assolir el m\u00e0xim de quotes d&#8217;influ\u00e8ncia i poder. Lluites que moltes vegades tenien tamb\u00e9 un caire d&#8217;ambicions i enveges personals entre membres, en principi, d&#8217;una mateixa fam\u00edlia o facci\u00f3. I Manresa no en fou cap excepci\u00f3. Aix\u00ed, en l&#8217;acte de presa de possessi\u00f3 del nou alcalde Prat Pons, que es va celebrar al sal\u00f3 de plens de l&#8217;Ajuntament el 6 de juliol de 1945, el governador Antonio Correa manifest\u00e0: <em>&#8220;se hace cargo de la Alcaldia un camarada muy apreciado de todos vosotros, al que hace poco no ten\u00eda el gusto de conocer y que ha constituido para m\u00ed una revelaci\u00f3n que me ha permitido llegar a la unificaci\u00f3n de cargos&#8221;<\/em>, en refer\u00e8ncia al fet que Joan Prat pass\u00e0 a acumular en la seva persona els c\u00e0rrecs d&#8217;alcalde i el de cap local del Movimiento. De la mateixa manera, el propi Correa era alhora governador civil de la prov\u00edncia de Barcelona i cap provincial del Movimiento.<\/p>\n<p>Cal tenir present que durant la dictadura franquista els alcaldes eren nomenats a dit, generalment per decisi\u00f3 del governador civil de la prov\u00edncia amb qui, per tant, calia estar sempre b\u00e9 i obeir les seves disposicions de manera jer\u00e0rquica. En contrapartida, el c\u00e0rrec d&#8217;alcalde -com bona part d&#8217;altres c\u00e0rrecs p\u00fablics- no estaven subjectes a cap l\u00edmit temporal i hom podia ocupar-los en principi indefinidament. Aix\u00ed doncs, per tal de romandre en el c\u00e0rrec, els alcaldes de l&#8217;\u00e8poca havien de ser fidels servidors de la dictadura franquista i col\u00b7laborar tothora en la repressi\u00f3 de les llibertats democr\u00e0tiques i socials aix\u00ed com de la llengua i cultura catalanes.<\/p>\n<p>Joan Prat Pons fou l&#8217;alcalde de Manresa durant gaireb\u00e9 13 anys, \u00e9s a dir, fins l&#8217;any 1958. Fou cessat el mes de mar\u00e7 d&#8217;aquell any arran d&#8217;un cas de corrupci\u00f3 relacionat amb l&#8217;especulaci\u00f3 del s\u00f2l en qu\u00e8 estaven implicats dos tinents d&#8217;alcalde de l&#8217;Ajuntament que ell presidia.<\/p>\n<p>Segons el periodista Emili Vilanova, l&#8217;origen de la destituci\u00f3 de l&#8217;alcalde Prat fou una carta que ell mateix, assabentat d&#8217;aquest cas de corrupci\u00f3, envi\u00e0 al governador civil i al Ministeri de la Governaci\u00f3 on denunciava aquests fets.<\/p>\n<p>Com no podia ser d&#8217;altra manera en aquells temps foscos, la versi\u00f3 oficial fou ben diferent: el dia 1 de mar\u00e7 de 1958, en l&#8217;acte de relleu de Prat Pons pel qui seria el nou alcalde Joan Moll Vall, el governador civil d&#8217;aleshores Felipe Acedo Colunga manifest\u00e0 que &#8220;<em>en los \u00faltimos cuatro a\u00f1os el se\u00f1or Prat Pons hab\u00eda solicitado reiteradamente ser relevado del cargo y que se acced\u00eda en esta ocasi\u00f3n tambi\u00e9n a petici\u00f3n propia&#8221;<\/em>.<\/p>\n<p>Retirat de la vida pol\u00edtica, Joan Prat Pons es dedic\u00e0 al seu ofici de perit industrial (de fet, arrib\u00e0 a ser Deg\u00e0 del Col\u00b7legi Oficial de P\u00e8rits i Enginyers T\u00e8cnics Industrials de Barcelona) que exerc\u00ed des del seu despatx situat a l&#8217;emblem\u00e0tic edifici de Ca La Buresa. Mor\u00ed a Manresa el 20 de juny de 1973 a l&#8217;edat de 79 anys .<\/p>\n<p>\u00c9s significatiu el fet que el diari &#8220;Manresa&#8221; destin\u00e9s un espai ben minso a la not\u00edcia de la defunci\u00f3 de l&#8217;ex-alcalde Prat Pons en contrapartida a la gran quantitat de p\u00e0gines i p\u00e0gines d&#8217;elogis ditir\u00e0mbics que li dedicaven quan exercia el c\u00e0rrec de primera autoritat municipal.<\/p>\n<p>Despr\u00e9s de Joan Prat Pons, els seg\u00fcents alcaldes de Manresa durant el franquisme van ser:<\/p>\n<p>Joan Moll Vall que fou alcalde de la ciutat entre 1958 i 1964. Era regidor de l&#8217;Ajuntament des de l&#8217;any 1943. Membre de FET y de las JONS, tamb\u00e9 fou diputat provincial, president del Casino i del Club de Futbol de Manresa. Segons l&#8217;historiador Jordi Sardans, el falangista Fernando Pastor Campoy, ben relacionat amb el governador civil, &#8220;va aconseguir la destituci\u00f3 de l&#8217;alcalde Moll per haver perm\u00e8s el monument a la sardana a la pla\u00e7a de Cots&#8221;.<\/p>\n<p>El seg\u00fcent alcalde fou Ramon Soldevila Tomasa, que ja era regidor des de l&#8217;any 1960. Tamb\u00e9 fou diputat provincial. El 1975 va deixar l&#8217;alcaldia quan el governador civil de Barcelona, Rodolfo Mart\u00edn Villa el va nomenar subgovernador. Durant el postfranquisme es va afiliar a la Uni\u00f3 del Centre Democr\u00e0tic i fou nomenat governador civil de Lleida, c\u00e0rrec que va ocupar fins el 1980, poc abans de la seva mort.<\/p>\n<p>El 3 de novembre de 1975, gaireb\u00e9 a les vig\u00edlies de la mort del dictador Francisco Franco, Ramon Roqueta Roqueta fou designat nou alcalde de Manresa. D&#8217;un caire m\u00e9s renovador i allunyat del franquisme m\u00e9s intransigent, fou el darrer alcalde no elegit democr\u00e0ticament. L&#8217;abril del 1979 es celebraren les primeres eleccions municipals per sufragi universal que a Manresa foren guanyades pel candidat socialista Joan Cornet i Prat, que esdevingu\u00e9 aix\u00ed el primer alcalde de la ciutat escollit democr\u00e0ticament despr\u00e9s del franquisme.<\/p>\n<p>&nbsp;<\/p>\n<div id=\"jig1\" class=\"justified-image-grid jig-f49e912a3a1fee4191aa8bf3a8b0ab09 jig-preset-1 jig-source-wp-gallery jig-rml-id-17\"><div class=\"jig-clearfix\"><\/div><noscript id=\"jig1-html\" class=\"justified-image-grid-html\" data-lazy-src=\"skiplazyload\" data-src=\"skipunveillazyload\"><ul><li><a href=\"https:\/\/www.memoria.cat\/fotografies-prat-pons\/wp-content\/uploads\/sites\/42\/2020\/12\/Manresa.1-scaled.jpg\" title=\"6\/7\/1945: acte de presa de possessi\u00f3 de Joan Prat Pons com a alcalde de Manresa. (Fons Enric Villaplana. Arxiu Comarcal del Bages)\"><img fetchpriority=\"high\" decoding=\"async\" src=\"https:\/\/www.memoria.cat\/fotografies-prat-pons\/wp-content\/uploads\/sites\/42\/2020\/12\/Manresa.1-scaled.jpg\" alt=\"6\/7\/1945: acte de presa de possessi\u00f3 de Joan Prat Pons com a alcalde de Manresa. (Fons Enric Villaplana. Arxiu Comarcal del Bages)\" width=\"345\" height=\"230\" \/><\/a><p class=\"jig-HTMLdescription\">6\/7\/1945: acte de presa de possessi\u00f3 de Joan Prat Pons com a alcalde de Manresa. (Fons Enric Villaplana. Arxiu Comarcal del Bages)<\/p><\/li><li><a href=\"https:\/\/www.memoria.cat\/fotografies-prat-pons\/wp-content\/uploads\/sites\/42\/2020\/12\/Manresa.2-scaled.jpg\" title=\"6\/7\/1945: acte de presa de possessi\u00f3 de Joan Prat Pons com a alcalde de Manresa. (Fons Enric Villaplana. Arxiu Comarcal del Bages)\"><img decoding=\"async\" src=\"https:\/\/www.memoria.cat\/fotografies-prat-pons\/wp-content\/uploads\/sites\/42\/2020\/12\/Manresa.2-scaled.jpg\" alt=\"6\/7\/1945: acte de presa de possessi\u00f3 de Joan Prat Pons com a alcalde de Manresa. (Fons Enric Villaplana. Arxiu Comarcal del Bages)\" width=\"345\" height=\"230\" \/><\/a><p class=\"jig-HTMLdescription\">6\/7\/1945: acte de presa de possessi\u00f3 de Joan Prat Pons com a alcalde de Manresa. (Fons Enric Villaplana. Arxiu Comarcal del Bages)<\/p><\/li><li><a href=\"https:\/\/www.memoria.cat\/fotografies-prat-pons\/wp-content\/uploads\/sites\/42\/2020\/12\/Manresa.3.jpg\" title=\"7\/7\/1945: Diari \u201cManresa\u201d que informa de la presa de possessi\u00f3. El diari pertanyia a la Falange i era l&#039;\u00fanic que s&#039;editava a la ciutat. (Arxiu Comarcal del Bages).\"><img decoding=\"async\" src=\"https:\/\/www.memoria.cat\/fotografies-prat-pons\/wp-content\/uploads\/sites\/42\/2020\/12\/Manresa.3.jpg\" alt=\"7\/7\/1945: Diari \u201cManresa\u201d que informa de la presa de possessi\u00f3. El diari pertanyia a la Falange i era l&#039;\u00fanic que s&#039;editava a la ciutat. (Arxiu Comarcal del Bages).\" width=\"162\" height=\"230\" \/><\/a><p class=\"jig-HTMLdescription\">7\/7\/1945: Diari \u201cManresa\u201d que informa de la presa de possessi\u00f3. El diari pertanyia a la Falange i era l'\u00fanic que s'editava a la ciutat. (Arxiu Comarcal del Bages).<\/p><\/li><li><a href=\"https:\/\/www.memoria.cat\/fotografies-prat-pons\/wp-content\/uploads\/sites\/42\/2020\/12\/Manresa.4.jpg\" title=\"7\/7\/1945: Diari \u201cManresa\u201d que informa de la presa de possessi\u00f3. El diari pertanyia a la Falange i era l&#039;\u00fanic que s&#039;editava a la ciutat. (Arxiu Comarcal del Bages).\"><img loading=\"lazy\" decoding=\"async\" src=\"https:\/\/www.memoria.cat\/fotografies-prat-pons\/wp-content\/uploads\/sites\/42\/2020\/12\/Manresa.4.jpg\" alt=\"7\/7\/1945: Diari \u201cManresa\u201d que informa de la presa de possessi\u00f3. El diari pertanyia a la Falange i era l&#039;\u00fanic que s&#039;editava a la ciutat. (Arxiu Comarcal del Bages).\" width=\"172\" height=\"230\" \/><\/a><p class=\"jig-HTMLdescription\">7\/7\/1945: Diari \u201cManresa\u201d que informa de la presa de possessi\u00f3. El diari pertanyia a la Falange i era l'\u00fanic que s'editava a la ciutat. (Arxiu Comarcal del Bages).<\/p><\/li><li><a href=\"https:\/\/www.memoria.cat\/fotografies-prat-pons\/wp-content\/uploads\/sites\/42\/2020\/12\/Manresa.5-scaled.jpg\" title=\"24\/1\/1947: celebraci\u00f3 del 8\u00e8 aniversari de \u201cla liberaci\u00f3n\u201d de Manresa. L\u2019alcalde Prat Pons en l\u2019\u00fas de la paraula. (Arxiu Comarcal del Bages).\"><img loading=\"lazy\" decoding=\"async\" src=\"https:\/\/www.memoria.cat\/fotografies-prat-pons\/wp-content\/uploads\/sites\/42\/2020\/12\/Manresa.5-scaled.jpg\" alt=\"24\/1\/1947: celebraci\u00f3 del 8\u00e8 aniversari de \u201cla liberaci\u00f3n\u201d de Manresa. L\u2019alcalde Prat Pons en l\u2019\u00fas de la paraula. (Arxiu Comarcal del Bages).\" width=\"345\" height=\"230\" \/><\/a><p class=\"jig-HTMLdescription\">24\/1\/1947: celebraci\u00f3 del 8\u00e8 aniversari de \u201cla liberaci\u00f3n\u201d de Manresa. L\u2019alcalde Prat Pons en l\u2019\u00fas de la paraula. (Arxiu Comarcal del Bages).<\/p><\/li><li><a href=\"https:\/\/www.memoria.cat\/fotografies-prat-pons\/wp-content\/uploads\/sites\/42\/2020\/12\/Manresa.6-scaled.jpg\" title=\"Desembre del 1947: visita de l\u2019alcalde Prat Pons a diverses institucions ben\u00e8fiques de la ciutat. (Arxiu Comarcal del Bages).\"><img loading=\"lazy\" decoding=\"async\" src=\"https:\/\/www.memoria.cat\/fotografies-prat-pons\/wp-content\/uploads\/sites\/42\/2020\/12\/Manresa.6-scaled.jpg\" alt=\"Desembre del 1947: visita de l\u2019alcalde Prat Pons a diverses institucions ben\u00e8fiques de la ciutat. (Arxiu Comarcal del Bages).\" width=\"345\" height=\"230\" \/><\/a><p class=\"jig-HTMLdescription\">Desembre del 1947: visita de l\u2019alcalde Prat Pons a diverses institucions ben\u00e8fiques de la ciutat. (Arxiu Comarcal del Bages).<\/p><\/li><li><a href=\"https:\/\/www.memoria.cat\/fotografies-prat-pons\/wp-content\/uploads\/sites\/42\/2020\/12\/Manresa.7-scaled.jpg\" title=\"Any 1948: l\u2019alcalde sortint de la bas\u00edlica de la Seu. (Arxiu Comarcal del Bages).\"><img loading=\"lazy\" decoding=\"async\" src=\"https:\/\/www.memoria.cat\/fotografies-prat-pons\/wp-content\/uploads\/sites\/42\/2020\/12\/Manresa.7-scaled.jpg\" alt=\"Any 1948: l\u2019alcalde sortint de la bas\u00edlica de la Seu. (Arxiu Comarcal del Bages).\" width=\"152\" height=\"230\" \/><\/a><p class=\"jig-HTMLdescription\">Any 1948: l\u2019alcalde sortint de la bas\u00edlica de la Seu. (Arxiu Comarcal del Bages).<\/p><\/li><li><a href=\"https:\/\/www.memoria.cat\/fotografies-prat-pons\/wp-content\/uploads\/sites\/42\/2020\/12\/Manresa.8-scaled.jpg\" title=\"13\/11\/1954: l\u2019alcalde en l\u2019acte de comiat del general Mu\u00f1oz Valc\u00e1rcel, comandant militar de la pla\u00e7a, a l\u2019hotel Sant Dom\u00e8nec. (Fons Mari\u00e0 Llad\u00f3. Arxiu Comarcal del Bages).\"><img loading=\"lazy\" decoding=\"async\" src=\"https:\/\/www.memoria.cat\/fotografies-prat-pons\/wp-content\/uploads\/sites\/42\/2020\/12\/Manresa.8-scaled.jpg\" alt=\"13\/11\/1954: l\u2019alcalde en l\u2019acte de comiat del general Mu\u00f1oz Valc\u00e1rcel, comandant militar de la pla\u00e7a, a l\u2019hotel Sant Dom\u00e8nec. (Fons Mari\u00e0 Llad\u00f3. Arxiu Comarcal del Bages).\" width=\"345\" height=\"230\" \/><\/a><p class=\"jig-HTMLdescription\">13\/11\/1954: l\u2019alcalde en l\u2019acte de comiat del general Mu\u00f1oz Valc\u00e1rcel, comandant militar de la pla\u00e7a, a l\u2019hotel Sant Dom\u00e8nec. (Fons Mari\u00e0 Llad\u00f3. Arxiu Comarcal del Bages).<\/p><\/li><li><a href=\"https:\/\/www.memoria.cat\/fotografies-prat-pons\/wp-content\/uploads\/sites\/42\/2020\/12\/Manresa.9.jpg\" title=\"Joan Prat Pons, l\u2019any 1950, a la pla\u00e7a d\u2019Espanya, davant l\u2019Institut Llu\u00eds de Peguera. (Col\u00b7lecci\u00f3 familiar).\"><img loading=\"lazy\" decoding=\"async\" src=\"https:\/\/www.memoria.cat\/fotografies-prat-pons\/wp-content\/uploads\/sites\/42\/2020\/12\/Manresa.9.jpg\" alt=\"Joan Prat Pons, l\u2019any 1950, a la pla\u00e7a d\u2019Espanya, davant l\u2019Institut Llu\u00eds de Peguera. (Col\u00b7lecci\u00f3 familiar).\" width=\"333\" height=\"230\" \/><\/a><p class=\"jig-HTMLdescription\">Joan Prat Pons, l\u2019any 1950, a la pla\u00e7a d\u2019Espanya, davant l\u2019Institut Llu\u00eds de Peguera. (Col\u00b7lecci\u00f3 familiar).<\/p><\/li><li><a href=\"https:\/\/www.memoria.cat\/fotografies-prat-pons\/wp-content\/uploads\/sites\/42\/2020\/12\/Manresa.10.jpg\" title=\"Joan Prat Pons en un dibuix d\u2019Amparo D\u00edaz Fern\u00e1ndez, fet l\u2019any 1946. (Col\u00b7lecci\u00f3 familiar).\"><img loading=\"lazy\" decoding=\"async\" src=\"https:\/\/www.memoria.cat\/fotografies-prat-pons\/wp-content\/uploads\/sites\/42\/2020\/12\/Manresa.10.jpg\" alt=\"Joan Prat Pons en un dibuix d\u2019Amparo D\u00edaz Fern\u00e1ndez, fet l\u2019any 1946. (Col\u00b7lecci\u00f3 familiar).\" width=\"156\" height=\"230\" \/><\/a><p class=\"jig-HTMLdescription\">Joan Prat Pons en un dibuix d\u2019Amparo D\u00edaz Fern\u00e1ndez, fet l\u2019any 1946. (Col\u00b7lecci\u00f3 familiar).<\/p><\/li><li><a href=\"https:\/\/www.memoria.cat\/fotografies-prat-pons\/wp-content\/uploads\/sites\/42\/2020\/12\/ARS_9826.jpg\" title=\"L&#039;Ajuntament de Puigreig, amb data 1 d\u2019abril de 1930, agraeix la tasca de Joan Prat Pons com a alcalde d&#039;aquest municipi durant la dictadura de Primo de Rivera. (Col\u00b7lecci\u00f3 familiar).\n\"><img loading=\"lazy\" decoding=\"async\" src=\"https:\/\/www.memoria.cat\/fotografies-prat-pons\/wp-content\/uploads\/sites\/42\/2020\/12\/ARS_9826.jpg\" alt=\"L&#039;Ajuntament de Puigreig, amb data 1 d\u2019abril de 1930, agraeix la tasca de Joan Prat Pons com a alcalde d&#039;aquest municipi durant la dictadura de Primo de Rivera. (Col\u00b7lecci\u00f3 familiar).\n\" width=\"183\" height=\"230\" \/><\/a><p class=\"jig-HTMLdescription\">L'Ajuntament de Puigreig, amb data 1 d\u2019abril de 1930, agraeix la tasca de Joan Prat Pons com a alcalde d'aquest municipi durant la dictadura de Primo de Rivera. (Col\u00b7lecci\u00f3 familiar).\n<\/p><\/li><li><a href=\"https:\/\/www.memoria.cat\/fotografies-prat-pons\/wp-content\/uploads\/sites\/42\/2020\/12\/ARS_9833.jpg\" title=\"Certificat de defunci\u00f3 de Joan Prat Pons (Col\u00b7lecci\u00f3 familiar).\n\"><img loading=\"lazy\" decoding=\"async\" src=\"https:\/\/www.memoria.cat\/fotografies-prat-pons\/wp-content\/uploads\/sites\/42\/2020\/12\/ARS_9833.jpg\" alt=\"Certificat de defunci\u00f3 de Joan Prat Pons (Col\u00b7lecci\u00f3 familiar).\n\" width=\"163\" height=\"230\" \/><\/a><p class=\"jig-HTMLdescription\">Certificat de defunci\u00f3 de Joan Prat Pons (Col\u00b7lecci\u00f3 familiar).\n<\/p><\/li><\/ul><\/noscript><\/div>\n<p>Per a m\u00e9s informaci\u00f3: <a href=\"https:\/\/www.memoria.cat\/franquisme\">www.memoria.cat\/franquisme<\/a><\/p>\n<p>&nbsp;<\/p>\n<p>&nbsp;<\/p>\n<p>&nbsp;<\/p>\n","protected":false},"excerpt":{"rendered":"<p>Dades biogr\u00e0fiques de Joan Prat Pons i el context hist\u00f2ric dels alcaldes de Manresa durant el franquisme Joan Prat Pons, nascut a Manresa el 4 d&#8217;octubre de 1893, fou un perit industrial de professi\u00f3 que exerc\u00ed de director de les f\u00e0briques t\u00e8xtils de Cal Mar\u00e7al i de la Col\u00f2nia Pons del municipi de Puig-reig. Atret [&hellip;]<\/p>\n","protected":false},"author":28,"featured_media":0,"parent":0,"menu_order":0,"comment_status":"closed","ping_status":"closed","template":"","meta":{"iawp_total_views":17,"footnotes":""},"class_list":["post-73552","page","type-page","status-publish","hentry"],"_links":{"self":[{"href":"https:\/\/www.memoria.cat\/fotografies-prat-pons\/wp-json\/wp\/v2\/pages\/73552","targetHints":{"allow":["GET"]}}],"collection":[{"href":"https:\/\/www.memoria.cat\/fotografies-prat-pons\/wp-json\/wp\/v2\/pages"}],"about":[{"href":"https:\/\/www.memoria.cat\/fotografies-prat-pons\/wp-json\/wp\/v2\/types\/page"}],"author":[{"embeddable":true,"href":"https:\/\/www.memoria.cat\/fotografies-prat-pons\/wp-json\/wp\/v2\/users\/28"}],"replies":[{"embeddable":true,"href":"https:\/\/www.memoria.cat\/fotografies-prat-pons\/wp-json\/wp\/v2\/comments?post=73552"}],"version-history":[{"count":0,"href":"https:\/\/www.memoria.cat\/fotografies-prat-pons\/wp-json\/wp\/v2\/pages\/73552\/revisions"}],"wp:attachment":[{"href":"https:\/\/www.memoria.cat\/fotografies-prat-pons\/wp-json\/wp\/v2\/media?parent=73552"}],"curies":[{"name":"wp","href":"https:\/\/api.w.org\/{rel}","templated":true}]}}