{"id":72646,"date":"2020-03-18T19:23:13","date_gmt":"2020-03-18T18:23:13","guid":{"rendered":"https:\/\/www.memoria.cat\/fotografies-obres-publiques-manresa-1960-70\/?page_id=72646"},"modified":"2020-10-19T10:25:53","modified_gmt":"2020-10-19T09:25:53","slug":"credits","status":"publish","type":"page","link":"https:\/\/www.memoria.cat\/fotografies-obres-publiques-manresa-1960-70\/credits\/","title":{"rendered":"Cr\u00e8dits"},"content":{"rendered":"<p><strong>Responsable del projecte<\/strong>: Associaci\u00f3 Mem\u00f2ria i Hist\u00f2ria de Manresa<\/p>\n<p><strong>Coordinaci\u00f3<\/strong>: Joaquim Aloy<\/p>\n<p><strong>Redacci\u00f3 dels articles i dels peus de fotos<\/strong>: Xavier Prun\u00e9s Feixas i Salvador Red\u00f3 i Mart\u00ed<\/p>\n<p><strong>Recerca de la documentaci\u00f3<\/strong>: Joaquim Aloy, Xavier Prun\u00e9s i Salvador Red\u00f3<\/p>\n<p><strong>Digitalitzaci\u00f3<\/strong>:\u00a0Mireia Arso i Salvador Red\u00f3<strong>\u00a0<\/strong><\/p>\n<p><strong>Maquetaci\u00f3 del web<\/strong>: Jordi Griera-Cors<\/p>\n<p><strong>Disseny del web<\/strong>: Arnau Aloy i Oliv\u00e9<\/p>\n<p><strong>Autors de les fotografies<\/strong>: Antoni Quintana Torres i Enric Villaplana Vargas<\/p>\n<p><strong>Proced\u00e8ncia de les imatges i documents<\/strong>: Jaume Quintana Tort, Arxiu Comarcal del Bages i Arxiu Municipal de Manresa<\/p>\n<p>Aquest web ha comptat amb el suport de:<\/p>\n<p><a href=\"https:\/\/www.memoria.cat\/llevadelbibero\/wp-content\/uploads\/sites\/26\/2019\/11\/logomanresa.png\"><img decoding=\"async\" class=\"alignnone wp-image-72609\" src=\"https:\/\/www.memoria.cat\/llevadelbibero\/wp-content\/uploads\/sites\/26\/2019\/11\/logomanresa.png\" alt=\"\" width=\"132\" height=\"93\" \/><\/a><\/p>\n<p>Manresa, mar\u00e7 del 2020<\/p>\n","protected":false},"excerpt":{"rendered":"<p>Responsable del projecte: Associaci\u00f3 Mem\u00f2ria i Hist\u00f2ria de Manresa Coordinaci\u00f3: Joaquim Aloy Redacci\u00f3 dels articles i dels peus de fotos: Xavier Prun\u00e9s Feixas i Salvador Red\u00f3 i Mart\u00ed Recerca de la documentaci\u00f3: Joaquim Aloy, Xavier Prun\u00e9s i Salvador Red\u00f3 Digitalitzaci\u00f3:\u00a0Mireia Arso i Salvador Red\u00f3\u00a0 Maquetaci\u00f3 del web: Jordi Griera-Cors Disseny del web: Arnau Aloy i [&hellip;]<\/p>\n","protected":false},"author":28,"featured_media":0,"parent":0,"menu_order":0,"comment_status":"closed","ping_status":"closed","template":"","meta":{"iawp_total_views":3,"footnotes":""},"class_list":["post-72646","page","type-page","status-publish","hentry"],"_links":{"self":[{"href":"https:\/\/www.memoria.cat\/fotografies-obres-publiques-manresa-1960-70\/wp-json\/wp\/v2\/pages\/72646","targetHints":{"allow":["GET"]}}],"collection":[{"href":"https:\/\/www.memoria.cat\/fotografies-obres-publiques-manresa-1960-70\/wp-json\/wp\/v2\/pages"}],"about":[{"href":"https:\/\/www.memoria.cat\/fotografies-obres-publiques-manresa-1960-70\/wp-json\/wp\/v2\/types\/page"}],"author":[{"embeddable":true,"href":"https:\/\/www.memoria.cat\/fotografies-obres-publiques-manresa-1960-70\/wp-json\/wp\/v2\/users\/28"}],"replies":[{"embeddable":true,"href":"https:\/\/www.memoria.cat\/fotografies-obres-publiques-manresa-1960-70\/wp-json\/wp\/v2\/comments?post=72646"}],"version-history":[{"count":0,"href":"https:\/\/www.memoria.cat\/fotografies-obres-publiques-manresa-1960-70\/wp-json\/wp\/v2\/pages\/72646\/revisions"}],"wp:attachment":[{"href":"https:\/\/www.memoria.cat\/fotografies-obres-publiques-manresa-1960-70\/wp-json\/wp\/v2\/media?parent=72646"}],"curies":[{"name":"wp","href":"https:\/\/api.w.org\/{rel}","templated":true}]}}