{"id":72329,"date":"2019-08-27T22:59:29","date_gmt":"2019-08-27T21:59:29","guid":{"rendered":"https:\/\/www.memoria.cat\/exiliVicencPrat\/?page_id=72329"},"modified":"2019-08-27T23:10:59","modified_gmt":"2019-08-27T22:10:59","slug":"14-11-1940-epistolari-prat-marti","status":"publish","type":"page","link":"https:\/\/www.memoria.cat\/exili-vicenc-prat\/cartes-inedites-de-vicenc-prat-a-ramon-marti-farreras-des-de-lexili\/imatges-digitalitzades-de-les-cartes\/14-11-1940-epistolari-prat-marti\/","title":{"rendered":"14\/11\/1941 Epistolari Prat-Mart\u00ed"},"content":{"rendered":"<div id=\"jig1\" class=\"justified-image-grid jig-dec46b129e66f5e55753c6ef48fa51a1 jig-preset-c2 jig-source-wp-gallery jig-rml-id-25\"><div class=\"jig-clearfix\"><\/div><noscript id=\"jig1-html\" class=\"justified-image-grid-html\" data-lazy-src=\"skiplazyload\" data-src=\"skipunveillazyload\"><ul><li><a href=\"https:\/\/www.memoria.cat\/exili-vicenc-prat\/wp-content\/uploads\/sites\/25\/2019\/08\/14-11-410.jpg\"><img decoding=\"async\" src=\"https:\/\/www.memoria.cat\/exili-vicenc-prat\/wp-content\/uploads\/sites\/25\/2019\/08\/14-11-410.jpg\" alt=\"\" width=\"169\" height=\"230\" \/><\/a><\/li><li><a href=\"https:\/\/www.memoria.cat\/exili-vicenc-prat\/wp-content\/uploads\/sites\/25\/2019\/08\/14-11-411.jpg\"><img decoding=\"async\" src=\"https:\/\/www.memoria.cat\/exili-vicenc-prat\/wp-content\/uploads\/sites\/25\/2019\/08\/14-11-411.jpg\" alt=\"\" width=\"169\" height=\"230\" \/><\/a><\/li><\/ul><\/noscript><\/div>\n<p>Transcripci\u00f3:<\/p>\n<p style=\"text-align: right\">\u00c9gletons, le 14 Novembre 1941<\/p>\n<p>Amic Mart\u00ed: Tinc uns moments i els aprofito. Es tracta d&#8217;entendre&#8217;ns. Suposo que has rebut la visita d&#8217;un amic d&#8217;Agonac i de Montpellier, Mr. Rabasanie, el qual t&#8217;haur\u00e0 contestat verbalment la teva del dia 23 del mes passat.<\/p>\n<p>La cosa \u00e9s aix\u00ed: jo no vull passar l&#8217;hivern a \u00c9gletons perqu\u00e8 hi fa un fred terrible i si et vaig preguntar [p]el clima moral i material de l&#8217;H\u00e9rault era de cara a venir-hi.<\/p>\n<p>Per\u00f2 no com fos. Aix\u00f2 m&#8217;ho reservo per al dia que la cosa no piti ni un minut m\u00e9s. Tu, Mart\u00ed, pots entendre els meus escr\u00fapols millor que segons qui. D&#8217;en\u00e7\u00e0 que s\u00f3c a Fran\u00e7a he tingut la preocupaci\u00f3 de viure tranquil\u00b7lament dintre la llei i fins ara no he recollit [res m\u00e9s] que &#8220;putades&#8221;. Tinc encara paci\u00e8ncia per [a] una temporada m\u00e9s i si despr\u00e9s de provar-ho tamb\u00e9 he de passar-les negres; aleshores potser em decidir\u00e9 a viure a salt de mata. De moment, encara no.<\/p>\n<p>Tu em dius &#8220;vine&#8221;. I jo et contesto: &#8220;com?&#8221;. S\u00ed, \u00e9s f\u00e0cil. Agafant el tren i baixant a Montpellier. I la baixa legal del Grup qui me la d\u00f3na? S\u00f3n els escr\u00fapols de monja dels que et parlava m\u00e9s amunt. A mi m&#8217;interessava trobar alg\u00fa (1) que em tragu\u00e9s, destacat,\u00a0<u>legalment!<\/u>, d&#8217;un Grup de Montpellier en el qual jo hauria ingressat.<\/p>\n<p>De moment, un dia d&#8217;aquests tornar\u00e9 a sortir cap a P\u00e9rigueux, on he trobat una situaci\u00f3 com la que buscava a l&#8217;H\u00e9rault, amb l&#8217;avantatge que si el contracte de treball es trenca per la causa que sigui, en lloc de tornar al 647 de Chancelade, on em declararan <em>&#8220;subsistant&#8221;<\/em> provisionalment, tornaria a \u00c9gletons a fer de comandant o alguna altra merda per l&#8217;estil, per\u00f2 que \u00e9s infinitament millor que picar pedra o tallar llenya en algun altre grup on no hi tinguis coneixen\u00e7a ni padrins. Ho entens, tot plegat?<\/p>\n<p>No renuncio a fer un cop de cap algun dia i no [t&#8217;] estranyessis que si algun dia em present\u00e9s per ac\u00ed, per tallar\u00a0<u>subsidis\u00a0<\/u>o per\u00a0<u>cobrar\u00a0<\/u>botons. Crec, per\u00f2, que passar\u00e9 l&#8217;hivern a P\u00e9rigueux. Si malgrat tot trobes un joier que a trav\u00e9s de tu s&#8217;enamor\u00e9s de mi, m&#8217;ho dius.<\/p>\n<p>Les teves noves m&#8217;han arribat per mitj\u00e0 de Frigola i Rusias, amb el que estic en bona relaci\u00f3.<\/p>\n<p>Vaig veure la meva dona a Fran\u00e7a i em va parlar de la teva, per\u00f2 tot plegat res, per ara.<\/p>\n<p>L&#8217;arquitecte Pujol ha marxat a Espanya fa deu dies. Ens veiem amb Torrens, el qual escriu novel\u00b7les en franc\u00e8s. Te n&#8217;enviar\u00e9 una. Ell ja ho sap i t&#8217;escriur\u00e0, segurament.<\/p>\n<p>Teu, afectuosament,<\/p>\n<p>Vicen\u00e7 Prat<\/p>\n<p>(1). Aquest alg\u00fa hauria d&#8217;\u00e9sser un joier.<\/p>\n<p>&nbsp;<\/p>\n","protected":false},"excerpt":{"rendered":"<p>Transcripci\u00f3: \u00c9gletons, le 14 Novembre 1941 Amic Mart\u00ed: Tinc uns moments i els aprofito. Es tracta d&#8217;entendre&#8217;ns. Suposo que has rebut la visita d&#8217;un amic d&#8217;Agonac i de Montpellier, Mr. Rabasanie, el qual t&#8217;haur\u00e0 contestat verbalment la teva del dia 23 del mes passat. La cosa \u00e9s aix\u00ed: jo no vull passar l&#8217;hivern a \u00c9gletons [&hellip;]<\/p>\n","protected":false},"author":28,"featured_media":0,"parent":72114,"menu_order":0,"comment_status":"closed","ping_status":"closed","template":"","meta":{"iawp_total_views":0,"footnotes":""},"class_list":["post-72329","page","type-page","status-publish","hentry"],"yoast_head":"<!-- This site is optimized with the Yoast SEO plugin v26.2 - https:\/\/yoast.com\/wordpress\/plugins\/seo\/ -->\n<title>14\/11\/1941 Epistolari Prat-Mart\u00ed - Escrits d\u2019exili del manres\u00e0 Vicen\u00e7 Prat i Brunet<\/title>\n<meta name=\"robots\" content=\"index, follow, max-snippet:-1, max-image-preview:large, max-video-preview:-1\" \/>\n<link rel=\"canonical\" href=\"https:\/\/www.memoria.cat\/exili-vicenc-prat\/cartes-inedites-de-vicenc-prat-a-ramon-marti-farreras-des-de-lexili\/imatges-digitalitzades-de-les-cartes\/14-11-1940-epistolari-prat-marti\/\" \/>\n<meta property=\"og:locale\" content=\"ca_ES\" \/>\n<meta property=\"og:type\" content=\"article\" \/>\n<meta property=\"og:title\" content=\"14\/11\/1941 Epistolari Prat-Mart\u00ed - Escrits d\u2019exili del manres\u00e0 Vicen\u00e7 Prat i Brunet\" \/>\n<meta property=\"og:description\" content=\"Transcripci\u00f3: \u00c9gletons, le 14 Novembre 1941 Amic Mart\u00ed: Tinc uns moments i els aprofito. Es tracta d&#8217;entendre&#8217;ns. Suposo que has rebut la visita d&#8217;un amic d&#8217;Agonac i de Montpellier, Mr. Rabasanie, el qual t&#8217;haur\u00e0 contestat verbalment la teva del dia 23 del mes passat. La cosa \u00e9s aix\u00ed: jo no vull passar l&#8217;hivern a \u00c9gletons [&hellip;]\" \/>\n<meta property=\"og:url\" content=\"https:\/\/www.memoria.cat\/exili-vicenc-prat\/cartes-inedites-de-vicenc-prat-a-ramon-marti-farreras-des-de-lexili\/imatges-digitalitzades-de-les-cartes\/14-11-1940-epistolari-prat-marti\/\" \/>\n<meta property=\"og:site_name\" content=\"Escrits d\u2019exili del manres\u00e0 Vicen\u00e7 Prat i Brunet\" \/>\n<meta property=\"article:modified_time\" content=\"2019-08-27T22:10:59+00:00\" \/>\n<meta name=\"twitter:card\" content=\"summary_large_image\" \/>\n<meta name=\"twitter:label1\" content=\"Temps estimat de lectura\" \/>\n\t<meta name=\"twitter:data1\" content=\"2 minuts\" \/>\n<script type=\"application\/ld+json\" class=\"yoast-schema-graph\">{\"@context\":\"https:\/\/schema.org\",\"@graph\":[{\"@type\":\"WebPage\",\"@id\":\"https:\/\/www.memoria.cat\/exili-vicenc-prat\/cartes-inedites-de-vicenc-prat-a-ramon-marti-farreras-des-de-lexili\/imatges-digitalitzades-de-les-cartes\/14-11-1940-epistolari-prat-marti\/\",\"url\":\"https:\/\/www.memoria.cat\/exili-vicenc-prat\/cartes-inedites-de-vicenc-prat-a-ramon-marti-farreras-des-de-lexili\/imatges-digitalitzades-de-les-cartes\/14-11-1940-epistolari-prat-marti\/\",\"name\":\"14\/11\/1941 Epistolari Prat-Mart\u00ed - Escrits d\u2019exili del manres\u00e0 Vicen\u00e7 Prat i Brunet\",\"isPartOf\":{\"@id\":\"https:\/\/www.memoria.cat\/exili-vicenc-prat\/#website\"},\"datePublished\":\"2019-08-27T21:59:29+00:00\",\"dateModified\":\"2019-08-27T22:10:59+00:00\",\"breadcrumb\":{\"@id\":\"https:\/\/www.memoria.cat\/exili-vicenc-prat\/cartes-inedites-de-vicenc-prat-a-ramon-marti-farreras-des-de-lexili\/imatges-digitalitzades-de-les-cartes\/14-11-1940-epistolari-prat-marti\/#breadcrumb\"},\"inLanguage\":\"ca\",\"potentialAction\":[{\"@type\":\"ReadAction\",\"target\":[\"https:\/\/www.memoria.cat\/exili-vicenc-prat\/cartes-inedites-de-vicenc-prat-a-ramon-marti-farreras-des-de-lexili\/imatges-digitalitzades-de-les-cartes\/14-11-1940-epistolari-prat-marti\/\"]}]},{\"@type\":\"BreadcrumbList\",\"@id\":\"https:\/\/www.memoria.cat\/exili-vicenc-prat\/cartes-inedites-de-vicenc-prat-a-ramon-marti-farreras-des-de-lexili\/imatges-digitalitzades-de-les-cartes\/14-11-1940-epistolari-prat-marti\/#breadcrumb\",\"itemListElement\":[{\"@type\":\"ListItem\",\"position\":1,\"name\":\"Inici\",\"item\":\"https:\/\/www.memoria.cat\/exili-vicenc-prat\/\"},{\"@type\":\"ListItem\",\"position\":2,\"name\":\"Cartes in\u00e8dites de Vicen\u00e7 Prat a Ramon Mart\u00ed Farreras, des de l&#8217;exili\",\"item\":\"https:\/\/www.memoria.cat\/exili-vicenc-prat\/cartes-inedites-de-vicenc-prat-a-ramon-marti-farreras-des-de-lexili\/\"},{\"@type\":\"ListItem\",\"position\":3,\"name\":\"Imatges i transcripci\u00f3 de les cartes\",\"item\":\"https:\/\/www.memoria.cat\/exili-vicenc-prat\/cartes-inedites-de-vicenc-prat-a-ramon-marti-farreras-des-de-lexili\/imatges-digitalitzades-de-les-cartes\/\"},{\"@type\":\"ListItem\",\"position\":4,\"name\":\"14\/11\/1941 Epistolari Prat-Mart\u00ed\"}]},{\"@type\":\"WebSite\",\"@id\":\"https:\/\/www.memoria.cat\/exili-vicenc-prat\/#website\",\"url\":\"https:\/\/www.memoria.cat\/exili-vicenc-prat\/\",\"name\":\"Escrits d\u2019exili del manres\u00e0 Vicen\u00e7 Prat i Brunet\",\"description\":\"\",\"potentialAction\":[{\"@type\":\"SearchAction\",\"target\":{\"@type\":\"EntryPoint\",\"urlTemplate\":\"https:\/\/www.memoria.cat\/exili-vicenc-prat\/?s={search_term_string}\"},\"query-input\":{\"@type\":\"PropertyValueSpecification\",\"valueRequired\":true,\"valueName\":\"search_term_string\"}}],\"inLanguage\":\"ca\"}]}<\/script>\n<!-- \/ Yoast SEO plugin. -->","yoast_head_json":{"title":"14\/11\/1941 Epistolari Prat-Mart\u00ed - Escrits d\u2019exili del manres\u00e0 Vicen\u00e7 Prat i Brunet","robots":{"index":"index","follow":"follow","max-snippet":"max-snippet:-1","max-image-preview":"max-image-preview:large","max-video-preview":"max-video-preview:-1"},"canonical":"https:\/\/www.memoria.cat\/exili-vicenc-prat\/cartes-inedites-de-vicenc-prat-a-ramon-marti-farreras-des-de-lexili\/imatges-digitalitzades-de-les-cartes\/14-11-1940-epistolari-prat-marti\/","og_locale":"ca_ES","og_type":"article","og_title":"14\/11\/1941 Epistolari Prat-Mart\u00ed - Escrits d\u2019exili del manres\u00e0 Vicen\u00e7 Prat i Brunet","og_description":"Transcripci\u00f3: \u00c9gletons, le 14 Novembre 1941 Amic Mart\u00ed: Tinc uns moments i els aprofito. Es tracta d&#8217;entendre&#8217;ns. Suposo que has rebut la visita d&#8217;un amic d&#8217;Agonac i de Montpellier, Mr. Rabasanie, el qual t&#8217;haur\u00e0 contestat verbalment la teva del dia 23 del mes passat. La cosa \u00e9s aix\u00ed: jo no vull passar l&#8217;hivern a \u00c9gletons [&hellip;]","og_url":"https:\/\/www.memoria.cat\/exili-vicenc-prat\/cartes-inedites-de-vicenc-prat-a-ramon-marti-farreras-des-de-lexili\/imatges-digitalitzades-de-les-cartes\/14-11-1940-epistolari-prat-marti\/","og_site_name":"Escrits d\u2019exili del manres\u00e0 Vicen\u00e7 Prat i Brunet","article_modified_time":"2019-08-27T22:10:59+00:00","twitter_card":"summary_large_image","twitter_misc":{"Temps estimat de lectura":"2 minuts"},"schema":{"@context":"https:\/\/schema.org","@graph":[{"@type":"WebPage","@id":"https:\/\/www.memoria.cat\/exili-vicenc-prat\/cartes-inedites-de-vicenc-prat-a-ramon-marti-farreras-des-de-lexili\/imatges-digitalitzades-de-les-cartes\/14-11-1940-epistolari-prat-marti\/","url":"https:\/\/www.memoria.cat\/exili-vicenc-prat\/cartes-inedites-de-vicenc-prat-a-ramon-marti-farreras-des-de-lexili\/imatges-digitalitzades-de-les-cartes\/14-11-1940-epistolari-prat-marti\/","name":"14\/11\/1941 Epistolari Prat-Mart\u00ed - Escrits d\u2019exili del manres\u00e0 Vicen\u00e7 Prat i Brunet","isPartOf":{"@id":"https:\/\/www.memoria.cat\/exili-vicenc-prat\/#website"},"datePublished":"2019-08-27T21:59:29+00:00","dateModified":"2019-08-27T22:10:59+00:00","breadcrumb":{"@id":"https:\/\/www.memoria.cat\/exili-vicenc-prat\/cartes-inedites-de-vicenc-prat-a-ramon-marti-farreras-des-de-lexili\/imatges-digitalitzades-de-les-cartes\/14-11-1940-epistolari-prat-marti\/#breadcrumb"},"inLanguage":"ca","potentialAction":[{"@type":"ReadAction","target":["https:\/\/www.memoria.cat\/exili-vicenc-prat\/cartes-inedites-de-vicenc-prat-a-ramon-marti-farreras-des-de-lexili\/imatges-digitalitzades-de-les-cartes\/14-11-1940-epistolari-prat-marti\/"]}]},{"@type":"BreadcrumbList","@id":"https:\/\/www.memoria.cat\/exili-vicenc-prat\/cartes-inedites-de-vicenc-prat-a-ramon-marti-farreras-des-de-lexili\/imatges-digitalitzades-de-les-cartes\/14-11-1940-epistolari-prat-marti\/#breadcrumb","itemListElement":[{"@type":"ListItem","position":1,"name":"Inici","item":"https:\/\/www.memoria.cat\/exili-vicenc-prat\/"},{"@type":"ListItem","position":2,"name":"Cartes in\u00e8dites de Vicen\u00e7 Prat a Ramon Mart\u00ed Farreras, des de l&#8217;exili","item":"https:\/\/www.memoria.cat\/exili-vicenc-prat\/cartes-inedites-de-vicenc-prat-a-ramon-marti-farreras-des-de-lexili\/"},{"@type":"ListItem","position":3,"name":"Imatges i transcripci\u00f3 de les cartes","item":"https:\/\/www.memoria.cat\/exili-vicenc-prat\/cartes-inedites-de-vicenc-prat-a-ramon-marti-farreras-des-de-lexili\/imatges-digitalitzades-de-les-cartes\/"},{"@type":"ListItem","position":4,"name":"14\/11\/1941 Epistolari Prat-Mart\u00ed"}]},{"@type":"WebSite","@id":"https:\/\/www.memoria.cat\/exili-vicenc-prat\/#website","url":"https:\/\/www.memoria.cat\/exili-vicenc-prat\/","name":"Escrits d\u2019exili del manres\u00e0 Vicen\u00e7 Prat i Brunet","description":"","potentialAction":[{"@type":"SearchAction","target":{"@type":"EntryPoint","urlTemplate":"https:\/\/www.memoria.cat\/exili-vicenc-prat\/?s={search_term_string}"},"query-input":{"@type":"PropertyValueSpecification","valueRequired":true,"valueName":"search_term_string"}}],"inLanguage":"ca"}]}},"_links":{"self":[{"href":"https:\/\/www.memoria.cat\/exili-vicenc-prat\/wp-json\/wp\/v2\/pages\/72329","targetHints":{"allow":["GET"]}}],"collection":[{"href":"https:\/\/www.memoria.cat\/exili-vicenc-prat\/wp-json\/wp\/v2\/pages"}],"about":[{"href":"https:\/\/www.memoria.cat\/exili-vicenc-prat\/wp-json\/wp\/v2\/types\/page"}],"author":[{"embeddable":true,"href":"https:\/\/www.memoria.cat\/exili-vicenc-prat\/wp-json\/wp\/v2\/users\/28"}],"replies":[{"embeddable":true,"href":"https:\/\/www.memoria.cat\/exili-vicenc-prat\/wp-json\/wp\/v2\/comments?post=72329"}],"version-history":[{"count":0,"href":"https:\/\/www.memoria.cat\/exili-vicenc-prat\/wp-json\/wp\/v2\/pages\/72329\/revisions"}],"up":[{"embeddable":true,"href":"https:\/\/www.memoria.cat\/exili-vicenc-prat\/wp-json\/wp\/v2\/pages\/72114"}],"wp:attachment":[{"href":"https:\/\/www.memoria.cat\/exili-vicenc-prat\/wp-json\/wp\/v2\/media?parent=72329"}],"curies":[{"name":"wp","href":"https:\/\/api.w.org\/{rel}","templated":true}]}}