{"id":72323,"date":"2019-08-27T22:52:41","date_gmt":"2019-08-27T21:52:41","guid":{"rendered":"https:\/\/www.memoria.cat\/exiliVicencPrat\/?page_id=72323"},"modified":"2019-08-27T22:52:41","modified_gmt":"2019-08-27T21:52:41","slug":"22-10-1940-epistolari-prat-marti","status":"publish","type":"page","link":"https:\/\/www.memoria.cat\/exili-vicenc-prat\/cartes-inedites-de-vicenc-prat-a-ramon-marti-farreras-des-de-lexili\/imatges-digitalitzades-de-les-cartes\/22-10-1940-epistolari-prat-marti\/","title":{"rendered":"22\/10\/1940 Epistolari Prat-Mart\u00ed"},"content":{"rendered":"<div id=\"jig1\" class=\"justified-image-grid jig-643d3844abc1c34845dbab98af92dff8 jig-preset-c2 jig-source-wp-gallery jig-rml-id-22\"><div class=\"jig-clearfix\"><\/div><noscript id=\"jig1-html\" class=\"justified-image-grid-html\" data-lazy-src=\"skiplazyload\" data-src=\"skipunveillazyload\"><ul><li><a href=\"https:\/\/www.memoria.cat\/exili-vicenc-prat\/wp-content\/uploads\/sites\/25\/2019\/08\/22-10-400.jpg\"><img decoding=\"async\" src=\"https:\/\/www.memoria.cat\/exili-vicenc-prat\/wp-content\/uploads\/sites\/25\/2019\/08\/22-10-400.jpg\" alt=\"\" width=\"169\" height=\"230\" \/><\/a><\/li><li><a href=\"https:\/\/www.memoria.cat\/exili-vicenc-prat\/wp-content\/uploads\/sites\/25\/2019\/08\/22-10-401.jpg\"><img decoding=\"async\" src=\"https:\/\/www.memoria.cat\/exili-vicenc-prat\/wp-content\/uploads\/sites\/25\/2019\/08\/22-10-401.jpg\" alt=\"\" width=\"169\" height=\"230\" \/><\/a><\/li><\/ul><\/noscript><\/div>\n<p>Transcripci\u00f3:<\/p>\n<p style=\"text-align: right\">Thiviers, 22 d&#8217;octubre del 1940<\/p>\n<p>\u00a0\u00a0\u00a0\u00a0\u00a0\u00a0\u00a0\u00a0\u00a0\u00a0\u00a0 Amic Mart\u00ed: El dia 4 del corrent et vaig escriure i si ara hi torno no \u00e9s pas per fer la reclamaci\u00f3 de la teva contestaci\u00f3.<\/p>\n<p>\u00c9s, simplement, perqu\u00e8 vaig rebre carta de la meva dona (del dia 5) en la que em diu que, despr\u00e9s de parlar diferents vegades amb la teva dona, han decidit de venir a Fran\u00e7a les dues. En saps res tu? Jo sempre li havia dit que no ho volia tenint en compte el que hem passat i el que encara potser ens espera, per\u00f2 em diu que no vol aguantar m\u00e9s all\u00e0 baix, que es fa el c\u00e0rrec de tot i que estan decidides. Jo li he contestat desaconsellant-li[-ho], per\u00f2 em temo que no em far\u00e0 cap cas i que qualsevol dia es presentaran elles i quitxalla, si no els agafen en passar la frontera. B\u00e9, qu\u00e8 vols que et digui? Si la cosa re\u00efx, veurem. Si no, <em>tan pir.<a href=\"#_ftn1\" name=\"_ftnref1\"><strong>[1]<\/strong><\/a><\/em><\/p>\n<p>Si venen segurament provaran d&#8217;arribar fins on ets tu. \u00c9s el m\u00e9s l\u00f2gic, perqu\u00e8 ets m\u00e9s a prop. Et prego que tan bon punt arribi[n], si \u00e9s que arriben, m&#8217;avisis per un telegrama i la retinguis com puguis un parell de dies, el temps de venir-la jo a buscar o d&#8217;enviar-li francs o papers perqu\u00e8 pugi. El fet que jo estigui enquadrat en una Companyia em dona facilitats en aquest sentit.<\/p>\n<p>Cal que s\u00e0pigues que ella t\u00e9 un germ\u00e0 i cunyada (actualment manobres) que fan la viu-viu a Clermont l&#8217;H\u00e9rault, si no els han fotut, a hores d&#8217;ara, a un camp. T&#8217;ho dic per si vol posar-vos en comunicaci\u00f3. A ell ja li he escrit donant-li la teva direcci\u00f3 i explicant-li tot el que fa al cas. Veurem com peta tot plegat. Si va b\u00e9, aleshores potser parlar\u00edem de si \u00e9s possible anar a M\u00e8xic.<\/p>\n<p>Vaig treballant de joier, per ara. Per tot el que sigui, escriviu-me directament a l&#8217;H\u00f4tel Saint Roch.<\/p>\n<p>Esperant les teves not\u00edcies, t&#8217;abra\u00e7a el teu amic<\/p>\n<p>Vicen\u00e7 Prat<\/p>\n<p>L&#8217;adre\u00e7a del meu cunyat \u00e9s:<\/p>\n<p>Joan Ferrer Borr\u00e0s<\/p>\n<p>15, Rue Lamartine<\/p>\n<p>Clermont l&#8217;H\u00e9rault<\/p>\n<p>&nbsp;<\/p>\n<p><a href=\"#_ftnref1\" name=\"_ftn1\">[1]<\/a> Malament rai, en franc\u00e8s.<\/p>\n","protected":false},"excerpt":{"rendered":"<p>Transcripci\u00f3: Thiviers, 22 d&#8217;octubre del 1940 \u00a0\u00a0\u00a0\u00a0\u00a0\u00a0\u00a0\u00a0\u00a0\u00a0\u00a0 Amic Mart\u00ed: El dia 4 del corrent et vaig escriure i si ara hi torno no \u00e9s pas per fer la reclamaci\u00f3 de la teva contestaci\u00f3. \u00c9s, simplement, perqu\u00e8 vaig rebre carta de la meva dona (del dia 5) en la que em diu que, despr\u00e9s de parlar [&hellip;]<\/p>\n","protected":false},"author":28,"featured_media":0,"parent":72114,"menu_order":0,"comment_status":"closed","ping_status":"closed","template":"","meta":{"iawp_total_views":0,"footnotes":""},"class_list":["post-72323","page","type-page","status-publish","hentry"],"yoast_head":"<!-- This site is optimized with the Yoast SEO plugin v26.2 - https:\/\/yoast.com\/wordpress\/plugins\/seo\/ -->\n<title>22\/10\/1940 Epistolari Prat-Mart\u00ed - Escrits d\u2019exili del manres\u00e0 Vicen\u00e7 Prat i Brunet<\/title>\n<meta name=\"robots\" content=\"index, follow, max-snippet:-1, max-image-preview:large, max-video-preview:-1\" \/>\n<link rel=\"canonical\" href=\"https:\/\/www.memoria.cat\/exili-vicenc-prat\/cartes-inedites-de-vicenc-prat-a-ramon-marti-farreras-des-de-lexili\/imatges-digitalitzades-de-les-cartes\/22-10-1940-epistolari-prat-marti\/\" \/>\n<meta property=\"og:locale\" content=\"ca_ES\" \/>\n<meta property=\"og:type\" content=\"article\" \/>\n<meta property=\"og:title\" content=\"22\/10\/1940 Epistolari Prat-Mart\u00ed - Escrits d\u2019exili del manres\u00e0 Vicen\u00e7 Prat i Brunet\" \/>\n<meta property=\"og:description\" content=\"Transcripci\u00f3: Thiviers, 22 d&#8217;octubre del 1940 \u00a0\u00a0\u00a0\u00a0\u00a0\u00a0\u00a0\u00a0\u00a0\u00a0\u00a0 Amic Mart\u00ed: El dia 4 del corrent et vaig escriure i si ara hi torno no \u00e9s pas per fer la reclamaci\u00f3 de la teva contestaci\u00f3. \u00c9s, simplement, perqu\u00e8 vaig rebre carta de la meva dona (del dia 5) en la que em diu que, despr\u00e9s de parlar [&hellip;]\" \/>\n<meta property=\"og:url\" content=\"https:\/\/www.memoria.cat\/exili-vicenc-prat\/cartes-inedites-de-vicenc-prat-a-ramon-marti-farreras-des-de-lexili\/imatges-digitalitzades-de-les-cartes\/22-10-1940-epistolari-prat-marti\/\" \/>\n<meta property=\"og:site_name\" content=\"Escrits d\u2019exili del manres\u00e0 Vicen\u00e7 Prat i Brunet\" \/>\n<meta name=\"twitter:card\" content=\"summary_large_image\" \/>\n<meta name=\"twitter:label1\" content=\"Temps estimat de lectura\" \/>\n\t<meta name=\"twitter:data1\" content=\"2 minuts\" \/>\n<script type=\"application\/ld+json\" class=\"yoast-schema-graph\">{\"@context\":\"https:\/\/schema.org\",\"@graph\":[{\"@type\":\"WebPage\",\"@id\":\"https:\/\/www.memoria.cat\/exili-vicenc-prat\/cartes-inedites-de-vicenc-prat-a-ramon-marti-farreras-des-de-lexili\/imatges-digitalitzades-de-les-cartes\/22-10-1940-epistolari-prat-marti\/\",\"url\":\"https:\/\/www.memoria.cat\/exili-vicenc-prat\/cartes-inedites-de-vicenc-prat-a-ramon-marti-farreras-des-de-lexili\/imatges-digitalitzades-de-les-cartes\/22-10-1940-epistolari-prat-marti\/\",\"name\":\"22\/10\/1940 Epistolari Prat-Mart\u00ed - Escrits d\u2019exili del manres\u00e0 Vicen\u00e7 Prat i Brunet\",\"isPartOf\":{\"@id\":\"https:\/\/www.memoria.cat\/exili-vicenc-prat\/#website\"},\"datePublished\":\"2019-08-27T21:52:41+00:00\",\"breadcrumb\":{\"@id\":\"https:\/\/www.memoria.cat\/exili-vicenc-prat\/cartes-inedites-de-vicenc-prat-a-ramon-marti-farreras-des-de-lexili\/imatges-digitalitzades-de-les-cartes\/22-10-1940-epistolari-prat-marti\/#breadcrumb\"},\"inLanguage\":\"ca\",\"potentialAction\":[{\"@type\":\"ReadAction\",\"target\":[\"https:\/\/www.memoria.cat\/exili-vicenc-prat\/cartes-inedites-de-vicenc-prat-a-ramon-marti-farreras-des-de-lexili\/imatges-digitalitzades-de-les-cartes\/22-10-1940-epistolari-prat-marti\/\"]}]},{\"@type\":\"BreadcrumbList\",\"@id\":\"https:\/\/www.memoria.cat\/exili-vicenc-prat\/cartes-inedites-de-vicenc-prat-a-ramon-marti-farreras-des-de-lexili\/imatges-digitalitzades-de-les-cartes\/22-10-1940-epistolari-prat-marti\/#breadcrumb\",\"itemListElement\":[{\"@type\":\"ListItem\",\"position\":1,\"name\":\"Inici\",\"item\":\"https:\/\/www.memoria.cat\/exili-vicenc-prat\/\"},{\"@type\":\"ListItem\",\"position\":2,\"name\":\"Cartes in\u00e8dites de Vicen\u00e7 Prat a Ramon Mart\u00ed Farreras, des de l&#8217;exili\",\"item\":\"https:\/\/www.memoria.cat\/exili-vicenc-prat\/cartes-inedites-de-vicenc-prat-a-ramon-marti-farreras-des-de-lexili\/\"},{\"@type\":\"ListItem\",\"position\":3,\"name\":\"Imatges i transcripci\u00f3 de les cartes\",\"item\":\"https:\/\/www.memoria.cat\/exili-vicenc-prat\/cartes-inedites-de-vicenc-prat-a-ramon-marti-farreras-des-de-lexili\/imatges-digitalitzades-de-les-cartes\/\"},{\"@type\":\"ListItem\",\"position\":4,\"name\":\"22\/10\/1940 Epistolari Prat-Mart\u00ed\"}]},{\"@type\":\"WebSite\",\"@id\":\"https:\/\/www.memoria.cat\/exili-vicenc-prat\/#website\",\"url\":\"https:\/\/www.memoria.cat\/exili-vicenc-prat\/\",\"name\":\"Escrits d\u2019exili del manres\u00e0 Vicen\u00e7 Prat i Brunet\",\"description\":\"\",\"potentialAction\":[{\"@type\":\"SearchAction\",\"target\":{\"@type\":\"EntryPoint\",\"urlTemplate\":\"https:\/\/www.memoria.cat\/exili-vicenc-prat\/?s={search_term_string}\"},\"query-input\":{\"@type\":\"PropertyValueSpecification\",\"valueRequired\":true,\"valueName\":\"search_term_string\"}}],\"inLanguage\":\"ca\"}]}<\/script>\n<!-- \/ Yoast SEO plugin. -->","yoast_head_json":{"title":"22\/10\/1940 Epistolari Prat-Mart\u00ed - Escrits d\u2019exili del manres\u00e0 Vicen\u00e7 Prat i Brunet","robots":{"index":"index","follow":"follow","max-snippet":"max-snippet:-1","max-image-preview":"max-image-preview:large","max-video-preview":"max-video-preview:-1"},"canonical":"https:\/\/www.memoria.cat\/exili-vicenc-prat\/cartes-inedites-de-vicenc-prat-a-ramon-marti-farreras-des-de-lexili\/imatges-digitalitzades-de-les-cartes\/22-10-1940-epistolari-prat-marti\/","og_locale":"ca_ES","og_type":"article","og_title":"22\/10\/1940 Epistolari Prat-Mart\u00ed - Escrits d\u2019exili del manres\u00e0 Vicen\u00e7 Prat i Brunet","og_description":"Transcripci\u00f3: Thiviers, 22 d&#8217;octubre del 1940 \u00a0\u00a0\u00a0\u00a0\u00a0\u00a0\u00a0\u00a0\u00a0\u00a0\u00a0 Amic Mart\u00ed: El dia 4 del corrent et vaig escriure i si ara hi torno no \u00e9s pas per fer la reclamaci\u00f3 de la teva contestaci\u00f3. \u00c9s, simplement, perqu\u00e8 vaig rebre carta de la meva dona (del dia 5) en la que em diu que, despr\u00e9s de parlar [&hellip;]","og_url":"https:\/\/www.memoria.cat\/exili-vicenc-prat\/cartes-inedites-de-vicenc-prat-a-ramon-marti-farreras-des-de-lexili\/imatges-digitalitzades-de-les-cartes\/22-10-1940-epistolari-prat-marti\/","og_site_name":"Escrits d\u2019exili del manres\u00e0 Vicen\u00e7 Prat i Brunet","twitter_card":"summary_large_image","twitter_misc":{"Temps estimat de lectura":"2 minuts"},"schema":{"@context":"https:\/\/schema.org","@graph":[{"@type":"WebPage","@id":"https:\/\/www.memoria.cat\/exili-vicenc-prat\/cartes-inedites-de-vicenc-prat-a-ramon-marti-farreras-des-de-lexili\/imatges-digitalitzades-de-les-cartes\/22-10-1940-epistolari-prat-marti\/","url":"https:\/\/www.memoria.cat\/exili-vicenc-prat\/cartes-inedites-de-vicenc-prat-a-ramon-marti-farreras-des-de-lexili\/imatges-digitalitzades-de-les-cartes\/22-10-1940-epistolari-prat-marti\/","name":"22\/10\/1940 Epistolari Prat-Mart\u00ed - Escrits d\u2019exili del manres\u00e0 Vicen\u00e7 Prat i Brunet","isPartOf":{"@id":"https:\/\/www.memoria.cat\/exili-vicenc-prat\/#website"},"datePublished":"2019-08-27T21:52:41+00:00","breadcrumb":{"@id":"https:\/\/www.memoria.cat\/exili-vicenc-prat\/cartes-inedites-de-vicenc-prat-a-ramon-marti-farreras-des-de-lexili\/imatges-digitalitzades-de-les-cartes\/22-10-1940-epistolari-prat-marti\/#breadcrumb"},"inLanguage":"ca","potentialAction":[{"@type":"ReadAction","target":["https:\/\/www.memoria.cat\/exili-vicenc-prat\/cartes-inedites-de-vicenc-prat-a-ramon-marti-farreras-des-de-lexili\/imatges-digitalitzades-de-les-cartes\/22-10-1940-epistolari-prat-marti\/"]}]},{"@type":"BreadcrumbList","@id":"https:\/\/www.memoria.cat\/exili-vicenc-prat\/cartes-inedites-de-vicenc-prat-a-ramon-marti-farreras-des-de-lexili\/imatges-digitalitzades-de-les-cartes\/22-10-1940-epistolari-prat-marti\/#breadcrumb","itemListElement":[{"@type":"ListItem","position":1,"name":"Inici","item":"https:\/\/www.memoria.cat\/exili-vicenc-prat\/"},{"@type":"ListItem","position":2,"name":"Cartes in\u00e8dites de Vicen\u00e7 Prat a Ramon Mart\u00ed Farreras, des de l&#8217;exili","item":"https:\/\/www.memoria.cat\/exili-vicenc-prat\/cartes-inedites-de-vicenc-prat-a-ramon-marti-farreras-des-de-lexili\/"},{"@type":"ListItem","position":3,"name":"Imatges i transcripci\u00f3 de les cartes","item":"https:\/\/www.memoria.cat\/exili-vicenc-prat\/cartes-inedites-de-vicenc-prat-a-ramon-marti-farreras-des-de-lexili\/imatges-digitalitzades-de-les-cartes\/"},{"@type":"ListItem","position":4,"name":"22\/10\/1940 Epistolari Prat-Mart\u00ed"}]},{"@type":"WebSite","@id":"https:\/\/www.memoria.cat\/exili-vicenc-prat\/#website","url":"https:\/\/www.memoria.cat\/exili-vicenc-prat\/","name":"Escrits d\u2019exili del manres\u00e0 Vicen\u00e7 Prat i Brunet","description":"","potentialAction":[{"@type":"SearchAction","target":{"@type":"EntryPoint","urlTemplate":"https:\/\/www.memoria.cat\/exili-vicenc-prat\/?s={search_term_string}"},"query-input":{"@type":"PropertyValueSpecification","valueRequired":true,"valueName":"search_term_string"}}],"inLanguage":"ca"}]}},"_links":{"self":[{"href":"https:\/\/www.memoria.cat\/exili-vicenc-prat\/wp-json\/wp\/v2\/pages\/72323","targetHints":{"allow":["GET"]}}],"collection":[{"href":"https:\/\/www.memoria.cat\/exili-vicenc-prat\/wp-json\/wp\/v2\/pages"}],"about":[{"href":"https:\/\/www.memoria.cat\/exili-vicenc-prat\/wp-json\/wp\/v2\/types\/page"}],"author":[{"embeddable":true,"href":"https:\/\/www.memoria.cat\/exili-vicenc-prat\/wp-json\/wp\/v2\/users\/28"}],"replies":[{"embeddable":true,"href":"https:\/\/www.memoria.cat\/exili-vicenc-prat\/wp-json\/wp\/v2\/comments?post=72323"}],"version-history":[{"count":0,"href":"https:\/\/www.memoria.cat\/exili-vicenc-prat\/wp-json\/wp\/v2\/pages\/72323\/revisions"}],"up":[{"embeddable":true,"href":"https:\/\/www.memoria.cat\/exili-vicenc-prat\/wp-json\/wp\/v2\/pages\/72114"}],"wp:attachment":[{"href":"https:\/\/www.memoria.cat\/exili-vicenc-prat\/wp-json\/wp\/v2\/media?parent=72323"}],"curies":[{"name":"wp","href":"https:\/\/api.w.org\/{rel}","templated":true}]}}