{"id":72302,"date":"2019-08-27T22:32:17","date_gmt":"2019-08-27T21:32:17","guid":{"rendered":"https:\/\/www.memoria.cat\/exiliVicencPrat\/?page_id=72302"},"modified":"2019-08-27T22:32:17","modified_gmt":"2019-08-27T21:32:17","slug":"29-02-1940-epistolari-prat-marti","status":"publish","type":"page","link":"https:\/\/www.memoria.cat\/exili-vicenc-prat\/cartes-inedites-de-vicenc-prat-a-ramon-marti-farreras-des-de-lexili\/imatges-digitalitzades-de-les-cartes\/29-02-1940-epistolari-prat-marti\/","title":{"rendered":"29\/02\/1940 Epistolari Prat-Mart\u00ed"},"content":{"rendered":"<div id=\"jig1\" class=\"justified-image-grid jig-9ab0c83f5e7509a1075aab646ec4d4aa jig-preset-c2 jig-source-wp-gallery jig-rml-id-14\"><div class=\"jig-clearfix\"><\/div><noscript id=\"jig1-html\" class=\"justified-image-grid-html\" data-lazy-src=\"skiplazyload\" data-src=\"skipunveillazyload\"><ul><li><a href=\"https:\/\/www.memoria.cat\/exili-vicenc-prat\/wp-content\/uploads\/sites\/25\/2019\/08\/29-02-400.jpg\"><img decoding=\"async\" src=\"https:\/\/www.memoria.cat\/exili-vicenc-prat\/wp-content\/uploads\/sites\/25\/2019\/08\/29-02-400.jpg\" alt=\"\" width=\"169\" height=\"230\" \/><\/a><\/li><li><a href=\"https:\/\/www.memoria.cat\/exili-vicenc-prat\/wp-content\/uploads\/sites\/25\/2019\/08\/29-02-401.jpg\"><img decoding=\"async\" src=\"https:\/\/www.memoria.cat\/exili-vicenc-prat\/wp-content\/uploads\/sites\/25\/2019\/08\/29-02-401.jpg\" alt=\"\" width=\"169\" height=\"230\" \/><\/a><\/li><\/ul><\/noscript><\/div>\n<p>Transcripci\u00f3:<\/p>\n<p style=\"text-align: right\">Tulle, 29 de Febrer del 1940<\/p>\n<p>\u00a0\u00a0\u00a0\u00a0\u00a0\u00a0\u00a0\u00a0\u00a0\u00a0\u00a0 Amic Mart\u00ed: He rebut la teva carta i no l&#8217;he contestada a volta de correu perqu\u00e8 he volgut assegurar-me de les possibilitats materials de reeixir que tenia la teva invitaci\u00f3 d&#8217;estar junts. Tal com em temia, \u00e9s totalment in\u00fatil que una empresa particular em reclami a una ind\u00fastria de guerra (i de l&#8217;Estat!) i que jo plegui de treballar si no \u00e9s per anar-me&#8217;n a Espanya. De <em>la Manu<\/em> on estic com a especialista, no me&#8217;n deixaran marxar per anar a fer de pintor ni per viure de renda.<\/p>\n<p>De manera que cal fer-se a la idea de passar tots els anys que hi hagi de guerra, cadasc\u00fa pel seu compte i separats all\u00e0 on les circumst\u00e0ncies o l&#8217;amo disposi[n]. Tenint en compte les calamitats passades, estic molt content. Si provo de comparar-ho al g\u00e8nere de vida que m&#8217;havia imaginat que un dia tindria a Fran\u00e7a, \u00e9s una cosa migrad\u00edssima, tant pel sou, les hores, el tracte, l&#8217;allotjament, etc. Val a dir que tot pot canviar i aix\u00ed com pot anar malament, tamb\u00e9 puc millorar. Amb tot, repeteixo, estic content.<\/p>\n<p>Podria \u00e9sser que ens portessin a Brive, a una depend\u00e8ncia de la mateixa manufactura. Si aix\u00f2 arriba, ens han dit que all\u00e0 serem completament lliures, vivint a l&#8217;hotel que ens plagui i anant all\u00e0 on ens sembli. Si un dia s&#8217;esdev\u00e9, et far\u00e9 quatre ratlles. Mentrestant, no [t&#8217;] estranyis que no t&#8217;escrigui, perqu\u00e8 descomptat el diumenge, no tinc un moment en tota la setmana. Des de 2\/4 de 6 del mat\u00ed fins a les 7 del vespre o estic treballant o caminant. Quan acabo nom\u00e9s tinc ganes de jeure, sense ni tan sols obrir un llibre dels molts que decoren el meu prestatge. No m&#8217;havia imaginat mai que hi ha gent que aix\u00f2 ho fan des dels quinze anys fins que es moren. Jo s\u00e9 del cert que aix\u00f2 meu, ni que sigui per uns anys, \u00e9s passatger i que un dia podr\u00e9 tornar a fer de burg\u00e8s, tal com jo entenia aquesta vida tan prestigiosa com criticada.<\/p>\n<p>La teva dona t&#8217;ha enviat roba? \u00c9s que coneixes algun mitj\u00e0 normal d&#8217;enviar coses d&#8217;all\u00e0 a aqu\u00ed i, sobretot, des d&#8217;aqu\u00ed a Barcelona?<\/p>\n<p>Celebro que tinguis bona vida. Com pots suposar, de tant en tant escric a Can Blanc de Montolieu. A darrera hora, les meves amistats, cada dia m\u00e9s escampades, s&#8217;han vist redu\u00efdes a Pujol, un excel\u00b7lent bon noi i bon company.<\/p>\n<p>Una bona estreta del teu affm.,<\/p>\n<p>Vicen\u00e7 Prat<\/p>\n","protected":false},"excerpt":{"rendered":"<p>Transcripci\u00f3: Tulle, 29 de Febrer del 1940 \u00a0\u00a0\u00a0\u00a0\u00a0\u00a0\u00a0\u00a0\u00a0\u00a0\u00a0 Amic Mart\u00ed: He rebut la teva carta i no l&#8217;he contestada a volta de correu perqu\u00e8 he volgut assegurar-me de les possibilitats materials de reeixir que tenia la teva invitaci\u00f3 d&#8217;estar junts. Tal com em temia, \u00e9s totalment in\u00fatil que una empresa particular em reclami a una [&hellip;]<\/p>\n","protected":false},"author":28,"featured_media":0,"parent":72114,"menu_order":0,"comment_status":"closed","ping_status":"closed","template":"","meta":{"iawp_total_views":0,"footnotes":""},"class_list":["post-72302","page","type-page","status-publish","hentry"],"yoast_head":"<!-- This site is optimized with the Yoast SEO plugin v26.2 - https:\/\/yoast.com\/wordpress\/plugins\/seo\/ -->\n<title>29\/02\/1940 Epistolari Prat-Mart\u00ed - Escrits d\u2019exili del manres\u00e0 Vicen\u00e7 Prat i Brunet<\/title>\n<meta name=\"robots\" content=\"index, follow, max-snippet:-1, max-image-preview:large, max-video-preview:-1\" \/>\n<link rel=\"canonical\" href=\"https:\/\/www.memoria.cat\/exili-vicenc-prat\/cartes-inedites-de-vicenc-prat-a-ramon-marti-farreras-des-de-lexili\/imatges-digitalitzades-de-les-cartes\/29-02-1940-epistolari-prat-marti\/\" \/>\n<meta property=\"og:locale\" content=\"ca_ES\" \/>\n<meta property=\"og:type\" content=\"article\" \/>\n<meta property=\"og:title\" content=\"29\/02\/1940 Epistolari Prat-Mart\u00ed - Escrits d\u2019exili del manres\u00e0 Vicen\u00e7 Prat i Brunet\" \/>\n<meta property=\"og:description\" content=\"Transcripci\u00f3: Tulle, 29 de Febrer del 1940 \u00a0\u00a0\u00a0\u00a0\u00a0\u00a0\u00a0\u00a0\u00a0\u00a0\u00a0 Amic Mart\u00ed: He rebut la teva carta i no l&#8217;he contestada a volta de correu perqu\u00e8 he volgut assegurar-me de les possibilitats materials de reeixir que tenia la teva invitaci\u00f3 d&#8217;estar junts. Tal com em temia, \u00e9s totalment in\u00fatil que una empresa particular em reclami a una [&hellip;]\" \/>\n<meta property=\"og:url\" content=\"https:\/\/www.memoria.cat\/exili-vicenc-prat\/cartes-inedites-de-vicenc-prat-a-ramon-marti-farreras-des-de-lexili\/imatges-digitalitzades-de-les-cartes\/29-02-1940-epistolari-prat-marti\/\" \/>\n<meta property=\"og:site_name\" content=\"Escrits d\u2019exili del manres\u00e0 Vicen\u00e7 Prat i Brunet\" \/>\n<meta name=\"twitter:card\" content=\"summary_large_image\" \/>\n<meta name=\"twitter:label1\" content=\"Temps estimat de lectura\" \/>\n\t<meta name=\"twitter:data1\" content=\"2 minuts\" \/>\n<script type=\"application\/ld+json\" class=\"yoast-schema-graph\">{\"@context\":\"https:\/\/schema.org\",\"@graph\":[{\"@type\":\"WebPage\",\"@id\":\"https:\/\/www.memoria.cat\/exili-vicenc-prat\/cartes-inedites-de-vicenc-prat-a-ramon-marti-farreras-des-de-lexili\/imatges-digitalitzades-de-les-cartes\/29-02-1940-epistolari-prat-marti\/\",\"url\":\"https:\/\/www.memoria.cat\/exili-vicenc-prat\/cartes-inedites-de-vicenc-prat-a-ramon-marti-farreras-des-de-lexili\/imatges-digitalitzades-de-les-cartes\/29-02-1940-epistolari-prat-marti\/\",\"name\":\"29\/02\/1940 Epistolari Prat-Mart\u00ed - Escrits d\u2019exili del manres\u00e0 Vicen\u00e7 Prat i Brunet\",\"isPartOf\":{\"@id\":\"https:\/\/www.memoria.cat\/exili-vicenc-prat\/#website\"},\"datePublished\":\"2019-08-27T21:32:17+00:00\",\"breadcrumb\":{\"@id\":\"https:\/\/www.memoria.cat\/exili-vicenc-prat\/cartes-inedites-de-vicenc-prat-a-ramon-marti-farreras-des-de-lexili\/imatges-digitalitzades-de-les-cartes\/29-02-1940-epistolari-prat-marti\/#breadcrumb\"},\"inLanguage\":\"ca\",\"potentialAction\":[{\"@type\":\"ReadAction\",\"target\":[\"https:\/\/www.memoria.cat\/exili-vicenc-prat\/cartes-inedites-de-vicenc-prat-a-ramon-marti-farreras-des-de-lexili\/imatges-digitalitzades-de-les-cartes\/29-02-1940-epistolari-prat-marti\/\"]}]},{\"@type\":\"BreadcrumbList\",\"@id\":\"https:\/\/www.memoria.cat\/exili-vicenc-prat\/cartes-inedites-de-vicenc-prat-a-ramon-marti-farreras-des-de-lexili\/imatges-digitalitzades-de-les-cartes\/29-02-1940-epistolari-prat-marti\/#breadcrumb\",\"itemListElement\":[{\"@type\":\"ListItem\",\"position\":1,\"name\":\"Inici\",\"item\":\"https:\/\/www.memoria.cat\/exili-vicenc-prat\/\"},{\"@type\":\"ListItem\",\"position\":2,\"name\":\"Cartes in\u00e8dites de Vicen\u00e7 Prat a Ramon Mart\u00ed Farreras, des de l&#8217;exili\",\"item\":\"https:\/\/www.memoria.cat\/exili-vicenc-prat\/cartes-inedites-de-vicenc-prat-a-ramon-marti-farreras-des-de-lexili\/\"},{\"@type\":\"ListItem\",\"position\":3,\"name\":\"Imatges i transcripci\u00f3 de les cartes\",\"item\":\"https:\/\/www.memoria.cat\/exili-vicenc-prat\/cartes-inedites-de-vicenc-prat-a-ramon-marti-farreras-des-de-lexili\/imatges-digitalitzades-de-les-cartes\/\"},{\"@type\":\"ListItem\",\"position\":4,\"name\":\"29\/02\/1940 Epistolari Prat-Mart\u00ed\"}]},{\"@type\":\"WebSite\",\"@id\":\"https:\/\/www.memoria.cat\/exili-vicenc-prat\/#website\",\"url\":\"https:\/\/www.memoria.cat\/exili-vicenc-prat\/\",\"name\":\"Escrits d\u2019exili del manres\u00e0 Vicen\u00e7 Prat i Brunet\",\"description\":\"\",\"potentialAction\":[{\"@type\":\"SearchAction\",\"target\":{\"@type\":\"EntryPoint\",\"urlTemplate\":\"https:\/\/www.memoria.cat\/exili-vicenc-prat\/?s={search_term_string}\"},\"query-input\":{\"@type\":\"PropertyValueSpecification\",\"valueRequired\":true,\"valueName\":\"search_term_string\"}}],\"inLanguage\":\"ca\"}]}<\/script>\n<!-- \/ Yoast SEO plugin. -->","yoast_head_json":{"title":"29\/02\/1940 Epistolari Prat-Mart\u00ed - Escrits d\u2019exili del manres\u00e0 Vicen\u00e7 Prat i Brunet","robots":{"index":"index","follow":"follow","max-snippet":"max-snippet:-1","max-image-preview":"max-image-preview:large","max-video-preview":"max-video-preview:-1"},"canonical":"https:\/\/www.memoria.cat\/exili-vicenc-prat\/cartes-inedites-de-vicenc-prat-a-ramon-marti-farreras-des-de-lexili\/imatges-digitalitzades-de-les-cartes\/29-02-1940-epistolari-prat-marti\/","og_locale":"ca_ES","og_type":"article","og_title":"29\/02\/1940 Epistolari Prat-Mart\u00ed - Escrits d\u2019exili del manres\u00e0 Vicen\u00e7 Prat i Brunet","og_description":"Transcripci\u00f3: Tulle, 29 de Febrer del 1940 \u00a0\u00a0\u00a0\u00a0\u00a0\u00a0\u00a0\u00a0\u00a0\u00a0\u00a0 Amic Mart\u00ed: He rebut la teva carta i no l&#8217;he contestada a volta de correu perqu\u00e8 he volgut assegurar-me de les possibilitats materials de reeixir que tenia la teva invitaci\u00f3 d&#8217;estar junts. Tal com em temia, \u00e9s totalment in\u00fatil que una empresa particular em reclami a una [&hellip;]","og_url":"https:\/\/www.memoria.cat\/exili-vicenc-prat\/cartes-inedites-de-vicenc-prat-a-ramon-marti-farreras-des-de-lexili\/imatges-digitalitzades-de-les-cartes\/29-02-1940-epistolari-prat-marti\/","og_site_name":"Escrits d\u2019exili del manres\u00e0 Vicen\u00e7 Prat i Brunet","twitter_card":"summary_large_image","twitter_misc":{"Temps estimat de lectura":"2 minuts"},"schema":{"@context":"https:\/\/schema.org","@graph":[{"@type":"WebPage","@id":"https:\/\/www.memoria.cat\/exili-vicenc-prat\/cartes-inedites-de-vicenc-prat-a-ramon-marti-farreras-des-de-lexili\/imatges-digitalitzades-de-les-cartes\/29-02-1940-epistolari-prat-marti\/","url":"https:\/\/www.memoria.cat\/exili-vicenc-prat\/cartes-inedites-de-vicenc-prat-a-ramon-marti-farreras-des-de-lexili\/imatges-digitalitzades-de-les-cartes\/29-02-1940-epistolari-prat-marti\/","name":"29\/02\/1940 Epistolari Prat-Mart\u00ed - Escrits d\u2019exili del manres\u00e0 Vicen\u00e7 Prat i Brunet","isPartOf":{"@id":"https:\/\/www.memoria.cat\/exili-vicenc-prat\/#website"},"datePublished":"2019-08-27T21:32:17+00:00","breadcrumb":{"@id":"https:\/\/www.memoria.cat\/exili-vicenc-prat\/cartes-inedites-de-vicenc-prat-a-ramon-marti-farreras-des-de-lexili\/imatges-digitalitzades-de-les-cartes\/29-02-1940-epistolari-prat-marti\/#breadcrumb"},"inLanguage":"ca","potentialAction":[{"@type":"ReadAction","target":["https:\/\/www.memoria.cat\/exili-vicenc-prat\/cartes-inedites-de-vicenc-prat-a-ramon-marti-farreras-des-de-lexili\/imatges-digitalitzades-de-les-cartes\/29-02-1940-epistolari-prat-marti\/"]}]},{"@type":"BreadcrumbList","@id":"https:\/\/www.memoria.cat\/exili-vicenc-prat\/cartes-inedites-de-vicenc-prat-a-ramon-marti-farreras-des-de-lexili\/imatges-digitalitzades-de-les-cartes\/29-02-1940-epistolari-prat-marti\/#breadcrumb","itemListElement":[{"@type":"ListItem","position":1,"name":"Inici","item":"https:\/\/www.memoria.cat\/exili-vicenc-prat\/"},{"@type":"ListItem","position":2,"name":"Cartes in\u00e8dites de Vicen\u00e7 Prat a Ramon Mart\u00ed Farreras, des de l&#8217;exili","item":"https:\/\/www.memoria.cat\/exili-vicenc-prat\/cartes-inedites-de-vicenc-prat-a-ramon-marti-farreras-des-de-lexili\/"},{"@type":"ListItem","position":3,"name":"Imatges i transcripci\u00f3 de les cartes","item":"https:\/\/www.memoria.cat\/exili-vicenc-prat\/cartes-inedites-de-vicenc-prat-a-ramon-marti-farreras-des-de-lexili\/imatges-digitalitzades-de-les-cartes\/"},{"@type":"ListItem","position":4,"name":"29\/02\/1940 Epistolari Prat-Mart\u00ed"}]},{"@type":"WebSite","@id":"https:\/\/www.memoria.cat\/exili-vicenc-prat\/#website","url":"https:\/\/www.memoria.cat\/exili-vicenc-prat\/","name":"Escrits d\u2019exili del manres\u00e0 Vicen\u00e7 Prat i Brunet","description":"","potentialAction":[{"@type":"SearchAction","target":{"@type":"EntryPoint","urlTemplate":"https:\/\/www.memoria.cat\/exili-vicenc-prat\/?s={search_term_string}"},"query-input":{"@type":"PropertyValueSpecification","valueRequired":true,"valueName":"search_term_string"}}],"inLanguage":"ca"}]}},"_links":{"self":[{"href":"https:\/\/www.memoria.cat\/exili-vicenc-prat\/wp-json\/wp\/v2\/pages\/72302","targetHints":{"allow":["GET"]}}],"collection":[{"href":"https:\/\/www.memoria.cat\/exili-vicenc-prat\/wp-json\/wp\/v2\/pages"}],"about":[{"href":"https:\/\/www.memoria.cat\/exili-vicenc-prat\/wp-json\/wp\/v2\/types\/page"}],"author":[{"embeddable":true,"href":"https:\/\/www.memoria.cat\/exili-vicenc-prat\/wp-json\/wp\/v2\/users\/28"}],"replies":[{"embeddable":true,"href":"https:\/\/www.memoria.cat\/exili-vicenc-prat\/wp-json\/wp\/v2\/comments?post=72302"}],"version-history":[{"count":0,"href":"https:\/\/www.memoria.cat\/exili-vicenc-prat\/wp-json\/wp\/v2\/pages\/72302\/revisions"}],"up":[{"embeddable":true,"href":"https:\/\/www.memoria.cat\/exili-vicenc-prat\/wp-json\/wp\/v2\/pages\/72114"}],"wp:attachment":[{"href":"https:\/\/www.memoria.cat\/exili-vicenc-prat\/wp-json\/wp\/v2\/media?parent=72302"}],"curies":[{"name":"wp","href":"https:\/\/api.w.org\/{rel}","templated":true}]}}