{"id":73689,"date":"2023-05-07T17:20:22","date_gmt":"2023-05-07T16:20:22","guid":{"rendered":"https:\/\/www.memoria.cat\/evasions\/?page_id=73689"},"modified":"2023-06-07T17:17:37","modified_gmt":"2023-06-07T16:17:37","slug":"la-carta-del-23-5-38-de-ramon-algue-i-mas-des-de-san-sebastian","status":"publish","type":"page","link":"https:\/\/www.memoria.cat\/evasions\/la-carta-del-23-5-38-de-ramon-algue-i-mas-des-de-san-sebastian\/","title":{"rendered":"La carta del 23.5.38, de RAMON ALGU\u00c9 i MAS, des de Sant Sebasti\u00e0"},"content":{"rendered":"<h2><strong>Dades biogr\u00e0fiques<\/strong><\/h2>\n<p><strong>Ramon Algu\u00e9 i Mas<\/strong> va n\u00e9ixer a Manresa el 14 de desembre de 1907 i va morir a la mateixa ciutat el 5 de desembre de 1990.\u00a0Va treballar uns 50 anys de comptable administratiu dels Magatzems Can Jorba de Manresa.\u00a0Va col\u00b7laborar amb molta dedicaci\u00f3 i servei en entitats ben\u00e8fiques, religioses i de la societat civil de la ciutat.<\/p>\n<p><strong>\u00a0<\/strong><\/p>\n<h2><strong>Carta de Ramon Algu\u00e9 i Mas a Albert Torra i Ferrer i a Iscle Selga i Ubach on explica la seva evasi\u00f3 de la zona republicana (23\/5\/1938)<\/strong><\/h2>\n<div id=\"jig1\" class=\"justified-image-grid jig-f25c0b370b57e63aadaa7207d287e699 jig-preset-c1 jig-source-wp-gallery jig-rml-id-8\"><div class=\"jig-clearfix\"><\/div><noscript id=\"jig1-html\" class=\"justified-image-grid-html\" data-lazy-src=\"skiplazyload\" data-src=\"skipunveillazyload\"><ul><li><a href=\"https:\/\/www.memoria.cat\/evasions\/wp-content\/uploads\/sites\/92\/2023\/06\/Ralgue-1-scaled.jpg\"><img decoding=\"async\" src=\"https:\/\/www.memoria.cat\/evasions\/wp-content\/uploads\/sites\/92\/2023\/06\/Ralgue-1-scaled.jpg\" alt=\"\" width=\"162\" height=\"230\" \/><\/a><\/li><li><a href=\"https:\/\/www.memoria.cat\/evasions\/wp-content\/uploads\/sites\/92\/2023\/06\/Ralgue-2-scaled.jpg\"><img decoding=\"async\" src=\"https:\/\/www.memoria.cat\/evasions\/wp-content\/uploads\/sites\/92\/2023\/06\/Ralgue-2-scaled.jpg\" alt=\"\" width=\"167\" height=\"230\" \/><\/a><\/li><li><a href=\"https:\/\/www.memoria.cat\/evasions\/wp-content\/uploads\/sites\/92\/2023\/06\/Ralgue-3-scaled.jpg\"><img decoding=\"async\" src=\"https:\/\/www.memoria.cat\/evasions\/wp-content\/uploads\/sites\/92\/2023\/06\/Ralgue-3-scaled.jpg\" alt=\"\" width=\"160\" height=\"230\" \/><\/a><\/li><\/ul><\/noscript><\/div>\n<p><strong><br \/>\n<\/strong>San Sebasti\u00e1n, 23 de Mayo de 1938<\/p>\n<p>A Alberto Torra Ferrer y Acisclo Selga, Gij\u00f3n<\/p>\n<p>Apreciados amigos:<\/p>\n<p>El d\u00eda 25 de marzo pasado, os escrib\u00ed una carta, en contestaci\u00f3n a la muy apreciada de Alberto del 4 de aquel mismo mes, cuya carta m\u00eda recib\u00ed ayer devuelta, por haber equivocado la poblaci\u00f3n de destino.<\/p>\n<p>Equivocadamente la dirig\u00ed a Burgos, a pesar de que en el interior dec\u00eda Gij\u00f3n. Como cre\u00eda que os hab\u00edan trasladado, hace d\u00edas escrib\u00ed a Pint\u00f3 con quien s\u00e9 que sosten\u00e9is correspondencia, pidi\u00e9ndole me indicara vuestro paradero. En fin, perdonad el error que os ha privado hasta hoy de mis noticias y en compensaci\u00f3n a ello os escribir\u00e9 a m\u00e1quina y procurar\u00e9 ser m\u00e1s extenso. Complacidos?<\/p>\n<p><span style=\"color: #ff0000\">Empezar\u00e9 por contaros el calvario de mi evasi\u00f3n de la zona roja. Sal\u00ed de Manresa el 1\u00ba de octubre a las 7 de la tarde en el coche de l\u00ednea hasta S\u00faria y aquella misma noche emprendimos el camino a pie hasta Solsona (12 horas). \u00c9ramos cuatro, un amigo m\u00edo de Manresa, mejor dicho, el hermano de Antonio Pe\u00f1arroya, dos j\u00f3venes de S\u00faria, uno de ellos detenido en la frontera, y yo. En una casa de campo de los alrededores de Solsona estuvimos 6 d\u00edas, al final de los cuales nos incorporamos a una expedici\u00f3n de 360 hombres saliendo de aquel pueblo, creo que fue el 7 u 8 de octubre.<\/span><\/p>\n<p><span style=\"color: #ff0000\">La primera jornada llegu\u00e9 bastante fatigado, pero resist\u00ed bien, durante la misma y al final de la jornada dejamos a 15 o 20 compa\u00f1eros, algunos de ellos completamente exhaustos. Al final de la segunda jornada me encontr\u00e9 ya bastante desfallecido, pero decid\u00ed continuar la tercera. Al llegar al pie del Cad\u00ed, y contemplar, a pesar de la oscuridad de la noche, aquella enorme mole que se levantaba delante nuestro, me sent\u00ed m\u00e1s desfallecido, y ante el temor de no poder llegar a la cumbre (que no habr\u00eda sido posible) abandon\u00e9 la expedici\u00f3n y me qued\u00e9 solo en la monta\u00f1a donde prob\u00e9 de descansar un poco, con un fr\u00edo horrible. (Debo haceros constar que mi desfallecimiento fue debido a no haber comido nada desde mi salida de Solsona, no llegando a comprender qu\u00e9 es lo que me pas\u00f3. Pese a mis esfuerzos, no pude probar bocado). Cuando hube descansado un poco en la monta\u00f1a (eran las tres de la madrugada), descend\u00ed hasta una casa de campo donde ped\u00ed albergue. Dios me gui\u00f3 y quiso que los moradores de aquella casa fuesen una excelente familia. Precisamente all\u00ed me encontr\u00e9 con dos compa\u00f1eros de la misma expedici\u00f3n que la hab\u00edan abandonado antes que yo, uno de ellos amigo m\u00edo. En esta casa estuvimos unos momentos y el mismo due\u00f1o nos acompa\u00f1\u00f3 a otra un poco m\u00e1s oculta, donde nuestra presencia no pudiera causar recelos y all\u00ed estuve cinco d\u00edas. Los dos compa\u00f1eros, que hab\u00edan recibido unas contusiones en las rodillas, se desanimaron y volvieron a Barcelona. Yo siempre valiente!<\/span><\/p>\n<p><span style=\"color: #ff0000\">Me qued\u00e9 completamente solo esperando pasara otra expedici\u00f3n por all\u00ed, puesto que ya me hab\u00eda repuesto y me sent\u00eda completamente fuerte y dispuesto a continuar. Mientras estaba esperando otra expedici\u00f3n, me enter\u00e9 que la de los 360 hombres hab\u00eda sido tiroteada, muerto 5 o 6 y detenidos m\u00e1s de un centenar. No hay que decir que esto me alarm\u00f3 un poco pero estaba dispuesto a continuar fuere como fuere. Me fui al cabo de unos d\u00edas m\u00e1s, a otra casa de campo donde me dijeron que pasaban por all\u00ed con m\u00e1s frecuencia expediciones, y all\u00ed estuve un mes, durmiendo en la paja los primeros d\u00edas.<\/span><\/p>\n<p><span style=\"color: #ff0000\">Por \u00faltimo el d\u00eda 15 de noviembre, sal\u00ed con una expedici\u00f3n compuesta de 17 hombres la mayor\u00eda j\u00f3venes. Pasamos el Segre a pie con agua hasta la cintura. Yo me ca\u00ed dos veces en medio del r\u00edo, perd\u00ed una parte de la ropa que llevaba y en verdad que ya hab\u00eda encomendado mi alma al Alt\u00edsimo. Y sin mayores percances llegamos felizmente a Andorra a las 11 de la ma\u00f1ana de un d\u00eda de noviembre que no recuerdo cu\u00e1l era y a San Sebasti\u00e1n el 24 del mismo citado mes, a las dos de la madrugada. Dejo para contaros otro d\u00eda personalmente, otras incidencias de menor importancia pero que contribuyeron a hacer sumamente fatigada y <u>emocionante<\/u> la excursi\u00f3n.<\/span><\/p>\n<p>Y aqu\u00ed me ten\u00e9is desde mi llegada, formando parte de la <u>gloriosa<\/u> retaguardia de San Sebasti\u00e1n. Porque tened entendido que aqu\u00ed somos tan valientes y decididos, e impacientes, que casi siempre avanzamos m\u00e1s que las invictas tropas de Franco. De todas maneras, todav\u00eda no nos paseamos en coche como deb\u00e9is hacer vosotros. No es envidia.<\/p>\n<p>A los 15 d\u00edas de llegado a la Zona Nacional, la Espa\u00f1a verdadera, tuve la suerte de encontrar trabajo en el despacho que la Sociedad Nestl\u00e9 A. E. P. A., tiene establecido en San Sebasti\u00e1n donde contin\u00fao todav\u00eda, y donde me ten\u00e9is a vuestra disposici\u00f3n.<\/p>\n<p>En \u00e9sta hay muchos manresanos. Yo estoy en una pensi\u00f3n en compa\u00f1\u00eda de Mir\u00f3, Datzira, Ribera, Amat, Fern\u00e1ndez y los dem\u00e1s, hasta 15, la mayor\u00eda son de la comarca de Bages.<\/p>\n<p>De los amigos de Manresa poca cosa puedo explicaros, puesto que como pod\u00e9is suponer, al no tener donde reunirnos, no pod\u00edamos frecuentarnos mucho. Emilio Carreras ten\u00eda muchas ganas de pasar a nuestra zona y \u00faltimamente al enterarse que yo estaba dispuesto a pasar la frontera, se le doblaron las ganas, pero por lo visto no se sinti\u00f3 con \u00e1nimos. Portabella hab\u00edamos hablado varias veces de ello, pero no hab\u00eda demostrado muchas ganas de escapar, yo creo m\u00e1s bien por estar comprendido, en aquel entonces, a quintas muy anteriores.<\/p>\n<p>Durante estos \u00faltimos d\u00edas han pasado bastantes manresanos, algunos de los cuales hac\u00eda tiempo que se encontraban en Francia. Llegaron Valls (el del pescado), Puigarnau, Vidal, Parera, Clemente Roca, Busquets, y Cort\u00e9s y su familia, Cuit\u00f3 y otros que no es f\u00e1cil conozc\u00e1is. De nuestros amigos pasados supongo deb\u00e9is tener noticias de todos ellos, Ignacio Feu, Pint\u00f3, Costa, Rosi\u00f1ol (hermano del que mataron en la frontera al pretender pasar), etc. A medida que pasaban por aqu\u00ed les daba a todos vuestra direcci\u00f3n, aunque no estaba seguro que estuvieseis todav\u00eda en \u00e9sa. A Ignacio Feu no pude verle porque cuando me enter\u00e9 hab\u00eda sido ya destinado y hab\u00eda salido de San Sebasti\u00e1n. Hace 4 o 5 d\u00edas aval\u00e9, desde \u00e9sta, a nuestros amigos Venancio Font Quintana y Antonio Vi\u00f1as Picas, hechos prisioneros en el frente y que se encontraban en un campo de concentraci\u00f3n de Le\u00f3n y Santander respectivamente. El primero me escribi\u00f3 d\u00e1ndome las gracias y al contestarle ayer, le di entre otras vuestra direcci\u00f3n. Del segundo no he recibido noticias. Sab\u00e9is la direcci\u00f3n de nuestro com\u00fan amigo Gumersindo Roca?<\/p>\n<p>Durante estos \u00faltimos d\u00edas, a pesar de las dificultades con que se tropieza para poder pasar la frontera, son muchos los catalanes que llegan a esta ciudad, procedentes de la zona roja. Todos coinciden en afirmar que la situaci\u00f3n en aquella zona es tr\u00e1gica y desesperada. En Manresa, despu\u00e9s de la ca\u00edda de L\u00e9rida, se consideraba tan inminente la entrada de las tropas nacionales en la ciudad, que muchas familias la hab\u00edan abandonado refugi\u00e1ndose en las casas de los alrededores, dicen fue unos d\u00edas de un p\u00e1nico horrible.<\/p>\n<p>Y vosotros, qu\u00e9? Supongo deb\u00e9is estar divertidos por esas tierras asturianas donde no faltan buenas monta\u00f1as para escalar, como buenos excursionistas que sois.<\/p>\n<p>Basta por hoy porque me ver\u00eda obligado a cambiar otra vez la cinta de la m\u00e1quina y adem\u00e1s estoy quitando tiempo a mi trabajo.<\/p>\n<p>Vuestro afect\u00edsimo amigo<\/p>\n<p>Ramon Algu\u00e9<\/p>\n","protected":false},"excerpt":{"rendered":"<p>Dades biogr\u00e0fiques Ramon Algu\u00e9 i Mas va n\u00e9ixer a Manresa el 14 de desembre de 1907 i va morir a la mateixa ciutat el 5 de desembre de 1990.\u00a0Va treballar uns 50 anys de comptable administratiu dels Magatzems Can Jorba de Manresa.\u00a0Va col\u00b7laborar amb molta dedicaci\u00f3 i servei en entitats ben\u00e8fiques, religioses i de la [&hellip;]<\/p>\n","protected":false},"author":28,"featured_media":0,"parent":0,"menu_order":0,"comment_status":"closed","ping_status":"closed","template":"","meta":{"iawp_total_views":2,"footnotes":""},"class_list":["post-73689","page","type-page","status-publish","hentry"],"_links":{"self":[{"href":"https:\/\/www.memoria.cat\/evasions\/wp-json\/wp\/v2\/pages\/73689","targetHints":{"allow":["GET"]}}],"collection":[{"href":"https:\/\/www.memoria.cat\/evasions\/wp-json\/wp\/v2\/pages"}],"about":[{"href":"https:\/\/www.memoria.cat\/evasions\/wp-json\/wp\/v2\/types\/page"}],"author":[{"embeddable":true,"href":"https:\/\/www.memoria.cat\/evasions\/wp-json\/wp\/v2\/users\/28"}],"replies":[{"embeddable":true,"href":"https:\/\/www.memoria.cat\/evasions\/wp-json\/wp\/v2\/comments?post=73689"}],"version-history":[{"count":0,"href":"https:\/\/www.memoria.cat\/evasions\/wp-json\/wp\/v2\/pages\/73689\/revisions"}],"wp:attachment":[{"href":"https:\/\/www.memoria.cat\/evasions\/wp-json\/wp\/v2\/media?parent=73689"}],"curies":[{"name":"wp","href":"https:\/\/api.w.org\/{rel}","templated":true}]}}