{"id":73873,"date":"2023-09-06T16:04:31","date_gmt":"2023-09-06T15:04:31","guid":{"rendered":"https:\/\/www.memoria.cat\/web-nova-espinas\/?page_id=73873"},"modified":"2023-10-25T17:12:07","modified_gmt":"2023-10-25T16:12:07","slug":"lentrevista-a-lespia-garbo","status":"publish","type":"page","link":"https:\/\/www.memoria.cat\/espinas\/lentrevista-a-lespia-garbo\/","title":{"rendered":"L\u2019entrevista a l\u2019espia Garbo"},"content":{"rendered":"<p><strong>Joaquim Aloy: <\/strong>Has entrevistat en Joan Pujol Garcia, <em>Garbo<\/em>.<\/p>\n<p>&nbsp;<\/p>\n<p><strong>Josep Maria <\/strong><strong>Espin\u00e0s<\/strong>: S\u00ed, s\u00ed.<\/p>\n<p>&nbsp;<\/p>\n<p><strong>Joaquim Aloy<\/strong>: Ara, no s\u00e9 si has vist el documental.<\/p>\n<p>&nbsp;<\/p>\n<p><strong>Josep Maria Espin\u00e0s: <\/strong>No, no l\u2019he vist, no.<\/p>\n<p>&nbsp;<\/p>\n<p><strong>Joaquim Aloy: <\/strong>Explica la teva experi\u00e8ncia d&#8217;aquest personatge, l&#8217;entrevista que li vas fer, com el vas con\u00e8ixer, com&#8230; qu\u00e8 et va semblar en si el personatge? Qu\u00e8 en penses?<\/p>\n<p>&nbsp;<\/p>\n<p><strong>Josep Maria Espin\u00e0s: <\/strong>De Joan Garbo l&#8217;espia puc dir que m&#8217;ho van proposar de televisi\u00f3: \u201cPodries fer una entrevista a un espia que ha estat molt important\u201d. Vam seure cara a cara, vaig comen\u00e7ar a fer preguntes i em vaig adonar que realment era un espia perqu\u00e8 no contestava res, o sigui, \u00e9s el frac\u00e0s m\u00e9s gran que he tingut com a entrevistador, per\u00f2 al mateix temps l&#8217;\u00e8xit m\u00e9s gran que tinc perqu\u00e8 vaig aconseguir entrevistar un senyor que no volia parlar, i aix\u00f2 \u00e9s extraordinari. I la imatge que m\u2019ha quedat \u00e9s la cara inexpressiva que disciplinadament anava dient s\u00ed, no, s\u00ed no, per\u00f2 que abans de construir una frase sencera doncs s&#8217;hauria mort ell sol.<\/p>\n<p style=\"text-align: center\"><a href=\"https:\/\/www.memoria.cat\/espinas\/espinas-explica-els-seus-records-de-manresa\/\">Vegeu l&#8217;entrevista \u00edntegra a Josep Maria Espin\u00e0s<\/a><\/p>\n","protected":false},"excerpt":{"rendered":"<p>Joaquim Aloy: Has entrevistat en Joan Pujol Garcia, Garbo. &nbsp; Josep Maria Espin\u00e0s: S\u00ed, s\u00ed. &nbsp; Joaquim Aloy: Ara, no s\u00e9 si has vist el documental. &nbsp; Josep Maria Espin\u00e0s: No, no l\u2019he vist, no. &nbsp; Joaquim Aloy: Explica la teva experi\u00e8ncia d&#8217;aquest personatge, l&#8217;entrevista que li vas fer, com el vas con\u00e8ixer, com&#8230; qu\u00e8 [&hellip;]<\/p>\n","protected":false},"author":66,"featured_media":0,"parent":0,"menu_order":0,"comment_status":"closed","ping_status":"closed","template":"","meta":{"iawp_total_views":7,"footnotes":""},"class_list":["post-73873","page","type-page","status-publish","hentry"],"_links":{"self":[{"href":"https:\/\/www.memoria.cat\/espinas\/wp-json\/wp\/v2\/pages\/73873","targetHints":{"allow":["GET"]}}],"collection":[{"href":"https:\/\/www.memoria.cat\/espinas\/wp-json\/wp\/v2\/pages"}],"about":[{"href":"https:\/\/www.memoria.cat\/espinas\/wp-json\/wp\/v2\/types\/page"}],"author":[{"embeddable":true,"href":"https:\/\/www.memoria.cat\/espinas\/wp-json\/wp\/v2\/users\/66"}],"replies":[{"embeddable":true,"href":"https:\/\/www.memoria.cat\/espinas\/wp-json\/wp\/v2\/comments?post=73873"}],"version-history":[{"count":0,"href":"https:\/\/www.memoria.cat\/espinas\/wp-json\/wp\/v2\/pages\/73873\/revisions"}],"wp:attachment":[{"href":"https:\/\/www.memoria.cat\/espinas\/wp-json\/wp\/v2\/media?parent=73873"}],"curies":[{"name":"wp","href":"https:\/\/api.w.org\/{rel}","templated":true}]}}