{"id":73848,"date":"2023-09-02T10:29:36","date_gmt":"2023-09-02T09:29:36","guid":{"rendered":"https:\/\/www.memoria.cat\/web-nova-espinas\/?page_id=73848"},"modified":"2023-10-25T16:54:08","modified_gmt":"2023-10-25T15:54:08","slug":"passejant-per-manresa","status":"publish","type":"page","link":"https:\/\/www.memoria.cat\/espinas\/passejant-per-manresa\/","title":{"rendered":"Passejant per Manresa"},"content":{"rendered":"<p><b>Joaquim Aloy: <\/b>I et perdies per la ciutat alguna vegada, passejant per la ciutat?<\/p>\n<p><span style=\"color: #000000\"><b>Josep Maria <\/b><\/span><b>Espin\u00e0s: <\/b>S\u00ed, s\u00ed, s\u00ed, s\u00ed, alguna vega&#8230; s\u00ed home, sobretot, \u00e9s a dir, la part vella, jo la vaig passejar bastant. Una mica, \u00e9s clar, obligat perqu\u00e8 per anar a la caserna tu havies d\u2019anar per uns carrers, no? I el&#8230; com es diu el pla, el pla.. quin nom t\u00e9? Hi ha un lloc que en diuen el pla de no s\u00e9 qu\u00e8, a Manresa&#8230;<\/p>\n<p><b>Joaquim Aloy: <\/b>La Plana de l&#8217;Om.<\/p>\n<p><span style=\"color: #000000\"><b>Josep Maria <\/b><\/span><b>Espin\u00e0s: <\/b>El pla&#8230; el pla&#8230; la Plana, la Plana de l\u2019Om. All\u00f2 era un petit nucli, un petit cor d\u2019on sortien uns carrerons, no? almenys en el meu temps, i tenies la sensaci\u00f3 que estaves ficat en un nucli vital all\u00e0 dintre, hi veies passar la gent. Jo era un foraster una mica tafaner per mirar les coses, per\u00f2 \u00e9s clar, no un historiador, una persona que volgu\u00e9s aclarir, perqu\u00e8&#8230; estava pendent de la baixada que havia de fer per arribar a l&#8217;estaci\u00f3 el dia que agafava el tren, una baixada considerable.<\/p>\n<p><b>Joaquim Aloy: <\/b>Per\u00f2 s\u00ed que deus tenir aquesta imatge topogr\u00e0fica que deies.<\/p>\n<p><span style=\"color: #000000\"><b>Josep Maria <\/b><\/span><b>Espin\u00e0s: <\/b>S\u00ed, no, geogr\u00e0ficament ho veig molt, la geografia m\u2019ha interessat sempre, i ho veig geogr\u00e0ficament tot, i veig el Passeig i veig tot, tot, i on est\u00e0 posat. Hi havia el teatre i al costat a la dreta, a l&#8217;altra banda, al darrere un carrer\u00f3 petit i estret, i d&#8217;all\u00e0 sortia el carrer de la pastisseria, el que m\u2019interessava a mi, i llavors passaves una mica, arribaves a la Plana de l&#8217;Om, giraves a l&#8217;esquerra, a la dreta&#8230; tot aix\u00f2 m\u2019\u00e9s familiar, perqu\u00e8 ho vaig fer bastantes vegades i perqu\u00e8 m&#8217;agradava fer ho.<\/p>\n<p style=\"text-align: center\"><a href=\"https:\/\/www.memoria.cat\/espinas\/espinas-explica-els-seus-records-de-manresa\/\">Vegeu l&#8217;entrevista \u00edntegra a Josep Maria Espin\u00e0s<\/a><\/p>\n","protected":false},"excerpt":{"rendered":"<p>Joaquim Aloy: I et perdies per la ciutat alguna vegada, passejant per la ciutat? Josep Maria Espin\u00e0s: S\u00ed, s\u00ed, s\u00ed, s\u00ed, alguna vega&#8230; s\u00ed home, sobretot, \u00e9s a dir, la part vella, jo la vaig passejar bastant. Una mica, \u00e9s clar, obligat perqu\u00e8 per anar a la caserna tu havies d\u2019anar per uns carrers, no? [&hellip;]<\/p>\n","protected":false},"author":66,"featured_media":0,"parent":0,"menu_order":0,"comment_status":"closed","ping_status":"closed","template":"","meta":{"iawp_total_views":0,"footnotes":""},"class_list":["post-73848","page","type-page","status-publish","hentry"],"_links":{"self":[{"href":"https:\/\/www.memoria.cat\/espinas\/wp-json\/wp\/v2\/pages\/73848","targetHints":{"allow":["GET"]}}],"collection":[{"href":"https:\/\/www.memoria.cat\/espinas\/wp-json\/wp\/v2\/pages"}],"about":[{"href":"https:\/\/www.memoria.cat\/espinas\/wp-json\/wp\/v2\/types\/page"}],"author":[{"embeddable":true,"href":"https:\/\/www.memoria.cat\/espinas\/wp-json\/wp\/v2\/users\/66"}],"replies":[{"embeddable":true,"href":"https:\/\/www.memoria.cat\/espinas\/wp-json\/wp\/v2\/comments?post=73848"}],"version-history":[{"count":0,"href":"https:\/\/www.memoria.cat\/espinas\/wp-json\/wp\/v2\/pages\/73848\/revisions"}],"wp:attachment":[{"href":"https:\/\/www.memoria.cat\/espinas\/wp-json\/wp\/v2\/media?parent=73848"}],"curies":[{"name":"wp","href":"https:\/\/api.w.org\/{rel}","templated":true}]}}