{"id":74007,"date":"2024-10-07T16:28:26","date_gmt":"2024-10-07T15:28:26","guid":{"rendered":"https:\/\/www.memoria.cat\/enric\/?page_id=74007"},"modified":"2025-01-13T14:18:38","modified_gmt":"2025-01-13T13:18:38","slug":"credits","status":"publish","type":"page","link":"https:\/\/www.memoria.cat\/enric\/credits\/","title":{"rendered":"Cr\u00e8dits"},"content":{"rendered":"<h2><\/h2>\n<div class=\"cont\">\n<p><strong>Text:<\/strong> Joaquim Aloy i Bosch<br \/>\n<strong>Proced\u00e8ncia dels documents:<\/strong> col\u00b7lecci\u00f3 familiar, Arxiu Municipal de Manresa, Arxiu Comarcal del Bages i Fundaci\u00f3n de la Santa Cruz del Valle\u00a0de los Ca\u00eddos.<\/p>\n<p><strong>Traducci\u00f3 del catal\u00e0 al castell\u00e0:<\/strong> S\u00edlvia Berengueras<br \/>\n<strong>Disseny i maquetaci\u00f3<\/strong>: <a href=\"https:\/\/thanks.studio\">Thanks Studio<\/a>\u00a0i Llu\u00eds Puy Sorribas<strong><br \/>\n<\/strong><strong>Agra\u00efments: <\/strong>Alba Alsina Serra, \u00c0ngels Fust\u00e9 Gamisans i Joan Pinyol i Colom<\/p>\n<p>Manresa, juliol del 2010. Renovaci\u00f3 de web: gener del 2025.<\/p>\n<\/div>\n","protected":false},"excerpt":{"rendered":"<p>Text: Joaquim Aloy i Bosch Proced\u00e8ncia dels documents: col\u00b7lecci\u00f3 familiar, Arxiu Municipal de Manresa, Arxiu Comarcal del Bages i Fundaci\u00f3n de la Santa Cruz del Valle\u00a0de los Ca\u00eddos. Traducci\u00f3 del catal\u00e0 al castell\u00e0: S\u00edlvia Berengueras Disseny i maquetaci\u00f3: Thanks Studio\u00a0i Llu\u00eds Puy Sorribas Agra\u00efments: Alba Alsina Serra, \u00c0ngels Fust\u00e9 Gamisans i Joan Pinyol i Colom [&hellip;]<\/p>\n","protected":false},"author":66,"featured_media":0,"parent":0,"menu_order":0,"comment_status":"closed","ping_status":"closed","template":"","meta":{"iawp_total_views":3,"footnotes":""},"class_list":["post-74007","page","type-page","status-publish","hentry"],"_links":{"self":[{"href":"https:\/\/www.memoria.cat\/enric\/wp-json\/wp\/v2\/pages\/74007","targetHints":{"allow":["GET"]}}],"collection":[{"href":"https:\/\/www.memoria.cat\/enric\/wp-json\/wp\/v2\/pages"}],"about":[{"href":"https:\/\/www.memoria.cat\/enric\/wp-json\/wp\/v2\/types\/page"}],"author":[{"embeddable":true,"href":"https:\/\/www.memoria.cat\/enric\/wp-json\/wp\/v2\/users\/66"}],"replies":[{"embeddable":true,"href":"https:\/\/www.memoria.cat\/enric\/wp-json\/wp\/v2\/comments?post=74007"}],"version-history":[{"count":0,"href":"https:\/\/www.memoria.cat\/enric\/wp-json\/wp\/v2\/pages\/74007\/revisions"}],"wp:attachment":[{"href":"https:\/\/www.memoria.cat\/enric\/wp-json\/wp\/v2\/media?parent=74007"}],"curies":[{"name":"wp","href":"https:\/\/api.w.org\/{rel}","templated":true}]}}