{"id":74003,"date":"2024-10-07T16:27:06","date_gmt":"2024-10-07T15:27:06","guid":{"rendered":"https:\/\/www.memoria.cat\/enric\/?page_id=74003"},"modified":"2024-12-02T11:35:32","modified_gmt":"2024-12-02T10:35:32","slug":"fragments-de-franco-operacion-caidos-antena-3","status":"publish","type":"page","link":"https:\/\/www.memoria.cat\/enric\/fragments-de-franco-operacion-caidos-antena-3\/","title":{"rendered":"Fragments de &#8220;Franco: operaci\u00f3n ca\u00eddos&#8221; (Antena 3)"},"content":{"rendered":"<p>&nbsp;<\/p>\n<p><iframe title=\"MemoriaCat-Enric-002-enricsegment2.flv\" src=\"https:\/\/player.vimeo.com\/video\/61274703?dnt=1&amp;app_id=122963\" width=\"720\" height=\"480\" frameborder=\"0\" allow=\"autoplay; fullscreen; picture-in-picture; clipboard-write\"><\/iframe><\/p>\n<p style=\"text-align: center\"><span class=\"text-petit\">Fragment del documental &#8220;Franco: operaci\u00f3n ca\u00eddos&#8221; produ\u00eft per Antena 3, em\u00e8s el 28-1-2009, que fa refer\u00e8ncia al cas de l&#8217;Enric Bosch Tom\u00e0s.<\/span><\/p>\n<p>&nbsp;<\/p>\n<p><iframe title=\"MemoriaCat-Enric-001-enricsegment1.flv\" src=\"https:\/\/player.vimeo.com\/video\/61274702?dnt=1&amp;app_id=122963\" width=\"704\" height=\"496\" frameborder=\"0\" allow=\"autoplay; fullscreen; picture-in-picture; clipboard-write\"><\/iframe><\/p>\n<p style=\"text-align: center\"><span class=\"text-petit\">Fragment del documental &#8220;Franco: operaci\u00f3n ca\u00eddos&#8221; produ\u00eft per Antena 3, em\u00e8s el 28-1-2009, que tracta del cas de Joan Colom i Sol\u00e9, avi de l&#8217;escriptor Joan Pinyol.<\/span><\/p>\n<p>&nbsp;<\/p>\n","protected":false},"excerpt":{"rendered":"<p>&nbsp; Fragment del documental &#8220;Franco: operaci\u00f3n ca\u00eddos&#8221; produ\u00eft per Antena 3, em\u00e8s el 28-1-2009, que fa refer\u00e8ncia al cas de l&#8217;Enric Bosch Tom\u00e0s. &nbsp; Fragment del documental &#8220;Franco: operaci\u00f3n ca\u00eddos&#8221; produ\u00eft per Antena 3, em\u00e8s el 28-1-2009, que tracta del cas de Joan Colom i Sol\u00e9, avi de l&#8217;escriptor Joan Pinyol. &nbsp;<\/p>\n","protected":false},"author":66,"featured_media":0,"parent":0,"menu_order":0,"comment_status":"closed","ping_status":"closed","template":"","meta":{"iawp_total_views":0,"footnotes":""},"class_list":["post-74003","page","type-page","status-publish","hentry"],"_links":{"self":[{"href":"https:\/\/www.memoria.cat\/enric\/wp-json\/wp\/v2\/pages\/74003","targetHints":{"allow":["GET"]}}],"collection":[{"href":"https:\/\/www.memoria.cat\/enric\/wp-json\/wp\/v2\/pages"}],"about":[{"href":"https:\/\/www.memoria.cat\/enric\/wp-json\/wp\/v2\/types\/page"}],"author":[{"embeddable":true,"href":"https:\/\/www.memoria.cat\/enric\/wp-json\/wp\/v2\/users\/66"}],"replies":[{"embeddable":true,"href":"https:\/\/www.memoria.cat\/enric\/wp-json\/wp\/v2\/comments?post=74003"}],"version-history":[{"count":0,"href":"https:\/\/www.memoria.cat\/enric\/wp-json\/wp\/v2\/pages\/74003\/revisions"}],"wp:attachment":[{"href":"https:\/\/www.memoria.cat\/enric\/wp-json\/wp\/v2\/media?parent=74003"}],"curies":[{"name":"wp","href":"https:\/\/api.w.org\/{rel}","templated":true}]}}