{"id":72338,"date":"2018-06-15T16:46:53","date_gmt":"2018-06-15T15:46:53","guid":{"rendered":"https:\/\/www.memoria.cat\/empleatsajuntament-1931-39\/?page_id=72338"},"modified":"2023-11-02T11:42:58","modified_gmt":"2023-11-02T10:42:58","slug":"inspeccio-i-salubritat","status":"publish","type":"page","link":"https:\/\/www.memoria.cat\/empleatsajuntament-1931-39\/inspeccio-i-salubritat\/","title":{"rendered":"Inspecci\u00f3 i Salubritat"},"content":{"rendered":"<p><strong>ALAVEDRA BRUNET, Josep<\/strong>: vigilant<br \/>\n<strong>\u00c1LVAREZ SOL\u00c9, Vicente<\/strong>: vigilant<br \/>\n<strong>ANDREU SIMON, Bernab\u00e8<\/strong>: vigilant<br \/>\n<strong>BALAGUER FONTDEVILA, Calixto<\/strong>: vigilant<br \/>\n<strong>BALIELLAS SUBIRANA, Joan<\/strong><a href=\"https:\/\/www.memoria.cat\/empleatsajuntament-1931-39\/personal-que-es-jubila-entre-els-anys-1931-1939\/\" target=\"_blank\" rel=\"noopener\">:<\/a> vigilant<br \/>\n<strong>BARCONS COSTA, Celdoni<\/strong>: vigilant<br \/>\n<strong>BARNIOL TUBAU, Josep<\/strong>: vigilant<br \/>\n<strong>BERTRAN GUADAYOL, Florenci<\/strong>: vigilant. Inter\u00ed<br \/>\n<a href=\"https:\/\/www.memoria.cat\/empleatsajuntament-1931-39\/relacio-dels-empleats-mes-coneguts\/\" rel=\"noopener\"><strong>BERTRAN MONSECH, Jaume<\/strong><\/a>: inspector<br \/>\n<strong>BISBAL, Sim\u00f3<\/strong>:\u00a0 vigilant<br \/>\n<strong>BLANC VIU, Antoni<\/strong><br \/>\n<strong>BOIXADER ORIOLA, Josep<\/strong>: vigilant<br \/>\n<strong>BORR\u00c0S BOVER, Miquel<\/strong>: vigilant<br \/>\n<strong>CABANES TORDERA, Antoni<\/strong>: vigilant<br \/>\n<strong>CALDAS ALTIMIRAS, Josep <\/strong><br \/>\n<strong>CALMET CANTARELL, Salvador<\/strong>: vigilant<br \/>\n<strong>CANUDAS BOLANDRES, Bonaventura<\/strong>: vigilant<br \/>\n<strong>CARBON\u00c9S TORDERA, Antoni<\/strong>: vigilant. Eventual<br \/>\n<strong>CARRERA PUJADES, Ramon<\/strong>: veterinari<br \/>\n<strong>CARRI\u00d3 GARCIA, \u00c0ngel<\/strong>: vigilant<br \/>\n<strong>CASAJUANA ESPINALT, Valent\u00ed<\/strong>: vigilant<br \/>\n<strong>CASAJUANA GROS, Daniel<\/strong>: vigilant. Inter\u00ed<br \/>\n<strong>CASAS CLOTET, Llu\u00eds<\/strong>: vigilant<br \/>\n<strong>CASAS PRAT, Ramon<\/strong>: vigilant<br \/>\n<strong>CERVERA CID, Ramon<\/strong>: vigilant i graduador de vins<br \/>\n<strong>CIRERA MANERO, Josep<\/strong>: vigilant<br \/>\n<strong>CODINACH CORNET, Francesc<\/strong>: vigilant<br \/>\n<strong>COLL VI\u00d1AS, Josep<\/strong>: vigilant<br \/>\n<strong>CORNET FERRER, Amadeu<\/strong>: graduador vins<br \/>\n<strong>CORTINA FELIU, Sebasti\u00e0<\/strong>: vigilant<br \/>\n<strong>CORTINA SANFELIU, Joan<\/strong>: vigilant. Inter\u00ed<br \/>\n<strong>CRIADO RIBAS, Miguel<\/strong>: vigilant<br \/>\n<strong>CUENCA ESCUD\u00c9, Josep<\/strong>: vigilant. Inter\u00ed<br \/>\n<strong>CULLA SAGRIST\u00c0, Emili<\/strong>: vigilant<br \/>\n<strong>CULLA SAGRIST\u00c0, Josep<\/strong>: vigilant<br \/>\n<strong>CUSIN\u00c9 CLARAMUNT, Joan<\/strong>: vigilant<br \/>\n<strong>FARR\u00c0S VILA, Marcel\u00b7l\u00ed<\/strong>: vigilant<br \/>\n<strong>FARR\u00c9, Manel<\/strong>: vigilant<br \/>\n<strong>FERRER GALOBART, Manuel<\/strong>: vigilant<br \/>\n<strong>GALOBARDES CREUS, Jaume<\/strong>: vigilant<br \/>\n<strong>GARC\u00cdA ARIAS, Francisco<\/strong>: vigilant. Inter\u00ed<br \/>\n<strong>GARC\u00cdA GABALD\u00d3N, Marcelino<\/strong>: vigilant<br \/>\n<strong>GASSET MART\u00cd, Josep<\/strong>: vigilant<br \/>\n<strong>GIM\u00c9NEZ RUBIRALTA, Leandre <\/strong><br \/>\n<strong>GIRALT BENADIT, Joan<\/strong>: vigilant<br \/>\n<strong>GIRALT LLUCH, Jaume<\/strong>: vigilant<br \/>\n<strong>GUITART SERRA, Marcel\u00b7l\u00ed<\/strong>: vigilant. Inter\u00ed<br \/>\n<strong>HERN\u00c1NDEZ ESTEBAN, Antoni<\/strong>: vigilant<br \/>\n<strong>HUETE GARC\u00cdA, Juli\u00e0<\/strong>: vigilant<br \/>\n<strong>JAUMANDREU, Joan<\/strong>: vigilant<br \/>\n<strong>LARI, Isidre<\/strong>:vigilant<br \/>\n<strong>L\u00d3PEZ SANDOVAL, Antonio<\/strong>: vigilant<br \/>\n<strong>MARG\u00d3 LLEH\u00cd, Ramon<\/strong>: vigilant<br \/>\n<strong>MARSAL SOLANELLAS, Joan<\/strong>: vigilant<br \/>\n<strong>MART\u00cdNEZ S\u00c1NCHEZ, Merino<\/strong>: vigilant<br \/>\n<strong>MERCADAL AYETE, Tom\u00e0s<\/strong>: vigilant. Inter\u00ed<br \/>\n<strong>MERL\u00cd FIRMAT, Antoni<\/strong>: vigilant<br \/>\n<strong>MEYA ALSINA, David<\/strong>: vigilant<br \/>\n<strong>MEYA BAILINA, Vicen\u00e7<\/strong>: vigilant<br \/>\n<strong>MIRA PI, Miquel<\/strong>: vigilant. Inter\u00ed<br \/>\n<strong>MOLINA MOLINA, Andreu<\/strong>: vigilant<br \/>\n<strong>MUX\u00cd BALLETB\u00d3, Ramon<\/strong>: vigilant. Eventual<br \/>\n<strong>NAVARRO ESCRIB\u00c0, Ferran<\/strong>: vigilant<br \/>\n<strong>N\u00da\u00d1EZ MAZARIEGOS, Pius<\/strong>: vigilant<br \/>\n<strong>\u00d3DENA, Ignasi<\/strong>: vigilant<br \/>\n<strong>OLIVERAS LLOBET, Joan<\/strong>: vigilant<br \/>\n<strong>OLLER OLIVERES, Llu\u00eds<\/strong>: vigilant<br \/>\n<strong>ORTIZ CU\u00d1E, Ramon<\/strong>: vigilant<br \/>\n<strong>PEDRE\u00d1O VIDAL, Francesc<\/strong>: vigilant<br \/>\n<strong>PI\u00d1EYRO LASBAX, Juli\u00e1n<\/strong>: escrivent<br \/>\n<strong>PIQU\u00c9 MAS\u00d3, Mag\u00ed<\/strong>: vigilant<br \/>\n<strong>PLA PADR\u00d3, Anselm<\/strong>: vigilant<br \/>\n<strong>PONS MUIX\u00cd, Pere<\/strong>: vigilant<br \/>\n<strong>PRAT ALBERT, Joan<\/strong>: vigilant<br \/>\n<strong>PRAT GROS, Joan<\/strong>: vigilant<br \/>\n<strong>PRAT TRAP\u00c9, Dom\u00e8nec<\/strong>: vigilant<br \/>\n<strong>PRAT VILAD\u00c9S, Joan<\/strong>: graduador vins<br \/>\n<strong>PUIGR\u00d3S PALOMES, Josep<\/strong>: vigilant<br \/>\n<strong>PUJOL MUX\u00cd, Llu\u00eds<\/strong>: vigilant<br \/>\n<strong>PUXEU BADOSA, Bartolom\u00e9<\/strong>: vigilant. Inter\u00ed<br \/>\n<strong>QUINQU\u00c9 ALT\u00c9S, Ramon <\/strong><br \/>\n<strong>RAMIO FORCAT, Francisco<\/strong>: vigilant<br \/>\n<strong>RIEROLA FREIXA, Joan<\/strong>: vigilant<br \/>\n<strong>ROMEU COLL, Llu\u00eds<\/strong>: vigilant<br \/>\n<strong>ROVIRA BERNADAS, Josep<\/strong>: vigilant<br \/>\n<strong>ROVIRES CABA, Miquel<\/strong>: vigilant<br \/>\n<strong>SABATA PUIG, Josep<\/strong>: vigilant<br \/>\n<strong>SALA SEBASTI\u00c0, Jaume<\/strong>: vigilant<br \/>\n<strong>SALA ALTESA, Ramon <\/strong><br \/>\n<strong>SALA FRANQUESA, Josep<\/strong>: vigilant<br \/>\n<strong>SALLENT MORE, Casimir<\/strong>: vigilant<br \/>\n<strong>SAN AGUST\u00cdN, Pedro<\/strong>: vigilant<br \/>\n<strong>SANLLEH\u00cd FUST\u00c9, Lleonci<\/strong>: vigilant<br \/>\n<strong>SERCHS, Josep<\/strong>: vigilant<br \/>\n<strong>SIM\u00d3N BISBAL, Santiago<\/strong>: vigilant<br \/>\n<strong>SOL\u00c0 FRANQUESA, Josep<\/strong>: vigilant<br \/>\n<strong>TERME FARR\u00c9, Joan<\/strong>: vigilant<br \/>\n<strong>TORRAS SOLER, Jaume<\/strong>: vigilant<br \/>\n<strong>TORRAS, Joan<\/strong>: vigilant<br \/>\n<strong>TORRES GARC\u00cdA, Victoriano<\/strong>: vigilant<br \/>\n<strong>TRESERRAS UBACH, Joan<\/strong>: vigilant<br \/>\n<strong>VALL\u00c9S MATA, Mag\u00ed<\/strong>: vigilant<br \/>\n<strong>VILADOMS SOL\u00c0, Francesc<\/strong>: neteja<br \/>\n<strong>VILAJOSANA COMELLAS, Carles<\/strong>: vigilant<br \/>\n<strong>VILALTA SOLER, Joan<\/strong>: vigilant<br \/>\n<strong>VIZCAINO TORRES, Josep<\/strong><\/p>\n","protected":false},"excerpt":{"rendered":"<p>ALAVEDRA BRUNET, Josep: vigilant \u00c1LVAREZ SOL\u00c9, Vicente: vigilant ANDREU SIMON, Bernab\u00e8: vigilant BALAGUER FONTDEVILA, Calixto: vigilant BALIELLAS SUBIRANA, Joan: vigilant BARCONS COSTA, Celdoni: vigilant BARNIOL TUBAU, Josep: vigilant BERTRAN GUADAYOL, Florenci: vigilant. Inter\u00ed BERTRAN MONSECH, Jaume: inspector BISBAL, Sim\u00f3:\u00a0 vigilant BLANC VIU, Antoni BOIXADER ORIOLA, Josep: vigilant BORR\u00c0S BOVER, Miquel: vigilant CABANES TORDERA, Antoni: vigilant [&hellip;]<\/p>\n","protected":false},"author":11,"featured_media":0,"parent":0,"menu_order":0,"comment_status":"closed","ping_status":"closed","template":"","meta":{"iawp_total_views":3,"footnotes":""},"class_list":["post-72338","page","type-page","status-publish","hentry"],"_links":{"self":[{"href":"https:\/\/www.memoria.cat\/empleatsajuntament-1931-39\/wp-json\/wp\/v2\/pages\/72338","targetHints":{"allow":["GET"]}}],"collection":[{"href":"https:\/\/www.memoria.cat\/empleatsajuntament-1931-39\/wp-json\/wp\/v2\/pages"}],"about":[{"href":"https:\/\/www.memoria.cat\/empleatsajuntament-1931-39\/wp-json\/wp\/v2\/types\/page"}],"author":[{"embeddable":true,"href":"https:\/\/www.memoria.cat\/empleatsajuntament-1931-39\/wp-json\/wp\/v2\/users\/11"}],"replies":[{"embeddable":true,"href":"https:\/\/www.memoria.cat\/empleatsajuntament-1931-39\/wp-json\/wp\/v2\/comments?post=72338"}],"version-history":[{"count":0,"href":"https:\/\/www.memoria.cat\/empleatsajuntament-1931-39\/wp-json\/wp\/v2\/pages\/72338\/revisions"}],"wp:attachment":[{"href":"https:\/\/www.memoria.cat\/empleatsajuntament-1931-39\/wp-json\/wp\/v2\/media?parent=72338"}],"curies":[{"name":"wp","href":"https:\/\/api.w.org\/{rel}","templated":true}]}}