{"id":72111,"date":"2018-06-12T17:37:58","date_gmt":"2018-06-12T16:37:58","guid":{"rendered":"https:\/\/www.memoria.cat\/empleatsajuntament-1931-39\/?page_id=72111"},"modified":"2018-06-16T18:42:34","modified_gmt":"2018-06-16T17:42:34","slug":"documents","status":"publish","type":"page","link":"https:\/\/www.memoria.cat\/empleatsajuntament-1931-39\/documents\/","title":{"rendered":"Documents"},"content":{"rendered":"<h3><span style=\"color: #008080\"><strong>Plantilla de treballadors i treballadores<\/strong><\/span><\/h3>\n<h6>Relaci\u00f3 de personal de la Gu\u00e0rdia Municipal, de la Vigil\u00e0ncia Nocturna, de la Gu\u00e0rdia Rural i de personal de les Oficines Centrals durant la Guerra Civil. Es pot veure l\u2019anotaci\u00f3 <em>d\u2019incorporat a files<\/em> a Joaquim Amat-Piniella i a Isidre Morros Alt\u00e9s, entre d\u2019altres, i la contractaci\u00f3 de personal eventual (Arxiu Comarcal del Bages).<\/h6>\n<p>&nbsp;<\/p>\n<div id=\"jig1\" class=\"justified-image-grid jig-19f91bbfdeae8255ac16f0930fb71387 jig-preset-c2 jig-source-wp-gallery jig-rml-id-4\"><div class=\"jig-clearfix\"><\/div><noscript id=\"jig1-html\" class=\"justified-image-grid-html\" data-lazy-src=\"skiplazyload\" data-src=\"skipunveillazyload\"><ul><li><a href=\"https:\/\/www.memoria.cat\/empleatsajuntament-1931-39\/wp-content\/uploads\/sites\/15\/2018\/02\/IMG9081.jpg\" title=\"IMG9081\"><img decoding=\"async\" src=\"https:\/\/www.memoria.cat\/empleatsajuntament-1931-39\/wp-content\/uploads\/sites\/15\/2018\/02\/IMG9081.jpg\" alt=\"IMG9081\" width=\"155\" height=\"230\" \/><\/a><p class=\"jig-HTMLdescription\">IMG9081<\/p><\/li><li><a href=\"https:\/\/www.memoria.cat\/empleatsajuntament-1931-39\/wp-content\/uploads\/sites\/15\/2018\/02\/IMG9082.jpg\" title=\"IMG9082\"><img decoding=\"async\" src=\"https:\/\/www.memoria.cat\/empleatsajuntament-1931-39\/wp-content\/uploads\/sites\/15\/2018\/02\/IMG9082.jpg\" alt=\"IMG9082\" width=\"155\" height=\"230\" \/><\/a><p class=\"jig-HTMLdescription\">IMG9082<\/p><\/li><li><a href=\"https:\/\/www.memoria.cat\/empleatsajuntament-1931-39\/wp-content\/uploads\/sites\/15\/2018\/02\/IMG9083.jpg\" title=\"IMG9083\"><img decoding=\"async\" src=\"https:\/\/www.memoria.cat\/empleatsajuntament-1931-39\/wp-content\/uploads\/sites\/15\/2018\/02\/IMG9083.jpg\" alt=\"IMG9083\" width=\"157\" height=\"230\" \/><\/a><p class=\"jig-HTMLdescription\">IMG9083<\/p><\/li><\/ul><\/noscript><\/div>\n<h6>Relaci\u00f3 de la majoria del personal de l\u2019Ajuntament durant la Guerra Civil amb indicaci\u00f3 de la secci\u00f3 o departament on presten servei i la remuneraci\u00f3 mensual que perceben (Arxiu Comarcal del Bages).<\/h6>\n<p>&nbsp;<\/p>\n<div id=\"jig2\" class=\"justified-image-grid jig-b88ebbc1bac9697f0dd35c4bfe089320 jig-preset-c2 jig-source-wp-gallery jig-rml-id-5\"><div class=\"jig-clearfix\"><\/div><noscript id=\"jig2-html\" class=\"justified-image-grid-html\" data-lazy-src=\"skiplazyload\" data-src=\"skipunveillazyload\"><ul><li><a href=\"https:\/\/www.memoria.cat\/empleatsajuntament-1931-39\/wp-content\/uploads\/sites\/15\/2018\/02\/IMG9089.jpg\" title=\"IMG9089\"><img loading=\"lazy\" decoding=\"async\" src=\"https:\/\/www.memoria.cat\/empleatsajuntament-1931-39\/wp-content\/uploads\/sites\/15\/2018\/02\/IMG9089.jpg\" alt=\"IMG9089\" width=\"155\" height=\"230\" \/><\/a><p class=\"jig-HTMLdescription\">IMG9089<\/p><\/li><li><a href=\"https:\/\/www.memoria.cat\/empleatsajuntament-1931-39\/wp-content\/uploads\/sites\/15\/2018\/02\/IMG9090.jpg\" title=\"IMG9090\"><img loading=\"lazy\" decoding=\"async\" src=\"https:\/\/www.memoria.cat\/empleatsajuntament-1931-39\/wp-content\/uploads\/sites\/15\/2018\/02\/IMG9090.jpg\" alt=\"IMG9090\" width=\"156\" height=\"230\" \/><\/a><p class=\"jig-HTMLdescription\">IMG9090<\/p><\/li><li><a href=\"https:\/\/www.memoria.cat\/empleatsajuntament-1931-39\/wp-content\/uploads\/sites\/15\/2018\/02\/IMG9091.jpg\" title=\"IMG9091\"><img loading=\"lazy\" decoding=\"async\" src=\"https:\/\/www.memoria.cat\/empleatsajuntament-1931-39\/wp-content\/uploads\/sites\/15\/2018\/02\/IMG9091.jpg\" alt=\"IMG9091\" width=\"157\" height=\"230\" \/><\/a><p class=\"jig-HTMLdescription\">IMG9091<\/p><\/li><li><a href=\"https:\/\/www.memoria.cat\/empleatsajuntament-1931-39\/wp-content\/uploads\/sites\/15\/2018\/02\/IMG9092.jpg\" title=\"IMG9092\"><img loading=\"lazy\" decoding=\"async\" src=\"https:\/\/www.memoria.cat\/empleatsajuntament-1931-39\/wp-content\/uploads\/sites\/15\/2018\/02\/IMG9092.jpg\" alt=\"IMG9092\" width=\"158\" height=\"230\" \/><\/a><p class=\"jig-HTMLdescription\">IMG9092<\/p><\/li><li><a href=\"https:\/\/www.memoria.cat\/empleatsajuntament-1931-39\/wp-content\/uploads\/sites\/15\/2018\/02\/IMG9093.jpg\" title=\"IMG9093\"><img loading=\"lazy\" decoding=\"async\" src=\"https:\/\/www.memoria.cat\/empleatsajuntament-1931-39\/wp-content\/uploads\/sites\/15\/2018\/02\/IMG9093.jpg\" alt=\"IMG9093\" width=\"158\" height=\"230\" \/><\/a><p class=\"jig-HTMLdescription\">IMG9093<\/p><\/li><li><a href=\"https:\/\/www.memoria.cat\/empleatsajuntament-1931-39\/wp-content\/uploads\/sites\/15\/2018\/02\/IMG9094.jpg\" title=\"IMG9094\"><img loading=\"lazy\" decoding=\"async\" src=\"https:\/\/www.memoria.cat\/empleatsajuntament-1931-39\/wp-content\/uploads\/sites\/15\/2018\/02\/IMG9094.jpg\" alt=\"IMG9094\" width=\"157\" height=\"230\" \/><\/a><p class=\"jig-HTMLdescription\">IMG9094<\/p><\/li><\/ul><\/noscript><\/div>\n<h6>18\/11\/1937: Relaci\u00f3 de les persones que treballen al Casal de Vellesa. Es pot veure el c\u00e0rrec o feina que hi fan i el seu sou mensual (Arxiu Comarcal del Bages).<\/h6>\n<p>&nbsp;<\/p>\n<div id=\"jig3\" class=\"justified-image-grid jig-656cb745d405a9863134a4dfa4f0534d jig-preset-c2 jig-source-wp-gallery jig-rml-id-6\"><div class=\"jig-clearfix\"><\/div><noscript id=\"jig3-html\" class=\"justified-image-grid-html\" data-lazy-src=\"skiplazyload\" data-src=\"skipunveillazyload\"><ul><li><a href=\"https:\/\/www.memoria.cat\/empleatsajuntament-1931-39\/wp-content\/uploads\/sites\/15\/2018\/02\/DSC06579.jpg\" title=\"DSC06579\"><img loading=\"lazy\" decoding=\"async\" src=\"https:\/\/www.memoria.cat\/empleatsajuntament-1931-39\/wp-content\/uploads\/sites\/15\/2018\/02\/DSC06579.jpg\" alt=\"DSC06579\" width=\"173\" height=\"230\" \/><\/a><p class=\"jig-HTMLdescription\">DSC06579<\/p><\/li><\/ul><\/noscript><\/div>\n<p>&nbsp;<\/p>\n<h3><span style=\"color: #008080\"><strong>Nomenament de personal<\/strong><\/span><\/h3>\n<h6>17\/03\/1932: Nomenament de Pere Armengou Torra com a arquitecte municipal inter\u00ed (Arxiu Comarcal del Bages).<\/h6>\n<p>&nbsp;<\/p>\n<div id=\"jig4\" class=\"justified-image-grid jig-9827b9a928d62c199e27ddc3c90f0e53 jig-preset-c2 jig-source-wp-gallery jig-rml-id-7\"><div class=\"jig-clearfix\"><\/div><noscript id=\"jig4-html\" class=\"justified-image-grid-html\" data-lazy-src=\"skiplazyload\" data-src=\"skipunveillazyload\"><ul><li><a href=\"https:\/\/www.memoria.cat\/empleatsajuntament-1931-39\/wp-content\/uploads\/sites\/15\/2018\/02\/DSC06529.jpg\" title=\"DSC06529\"><img loading=\"lazy\" decoding=\"async\" src=\"https:\/\/www.memoria.cat\/empleatsajuntament-1931-39\/wp-content\/uploads\/sites\/15\/2018\/02\/DSC06529.jpg\" alt=\"DSC06529\" width=\"174\" height=\"230\" \/><\/a><p class=\"jig-HTMLdescription\">DSC06529<\/p><\/li><\/ul><\/noscript><\/div>\n<p>&nbsp;<\/p>\n<h6>30\/04\/1936: Comunicaci\u00f3 del secretari a l&#8217;interventor dels Cabals Municipals sobre el nomenament inter\u00ed d&#8217;Isidre Morros Alt\u00e9s com a escrivent de l&#8217;Arxiu, la Biblioteca i el Museu Municipal (Arxiu Comarcal del Bages).<\/h6>\n<p>&nbsp;<\/p>\n<div id=\"jig5\" class=\"justified-image-grid jig-e92ca804d0ce1b44eb4737bf5278950f jig-preset-c2 jig-source-wp-gallery jig-rml-id-8\"><div class=\"jig-clearfix\"><\/div><noscript id=\"jig5-html\" class=\"justified-image-grid-html\" data-lazy-src=\"skiplazyload\" data-src=\"skipunveillazyload\"><ul><li><a href=\"https:\/\/www.memoria.cat\/empleatsajuntament-1931-39\/wp-content\/uploads\/sites\/15\/2018\/02\/IMG9105.jpg\" title=\"IMG9105\"><img loading=\"lazy\" decoding=\"async\" src=\"https:\/\/www.memoria.cat\/empleatsajuntament-1931-39\/wp-content\/uploads\/sites\/15\/2018\/02\/IMG9105.jpg\" alt=\"IMG9105\" width=\"165\" height=\"230\" \/><\/a><p class=\"jig-HTMLdescription\">IMG9105<\/p><\/li><\/ul><\/noscript><\/div>\n<p>&nbsp;<\/p>\n<h6>16\/6\/1938: Nomenament dels metges Bernat Bosch Adem\u00e0 i Ignasi Llatj\u00f3s Prun\u00e9s i de la interna Ant\u00f2nia Fustagueras per treballar, com a interins, al Dispensari Municipal (Arxiu\u00a0 Comarcal del Bages).<\/h6>\n<p>&nbsp;<\/p>\n<div id=\"jig6\" class=\"justified-image-grid jig-a9b12480856e1dd9516b50d61b1700a4 jig-preset-c2 jig-source-wp-gallery jig-rml-id-9\"><div class=\"jig-clearfix\"><\/div><noscript id=\"jig6-html\" class=\"justified-image-grid-html\" data-lazy-src=\"skiplazyload\" data-src=\"skipunveillazyload\"><ul><li><a href=\"https:\/\/www.memoria.cat\/empleatsajuntament-1931-39\/wp-content\/uploads\/sites\/15\/2018\/02\/DSC05802.jpg\" title=\"DSC05802\"><img loading=\"lazy\" decoding=\"async\" src=\"https:\/\/www.memoria.cat\/empleatsajuntament-1931-39\/wp-content\/uploads\/sites\/15\/2018\/02\/DSC05802.jpg\" alt=\"DSC05802\" width=\"171\" height=\"230\" \/><\/a><p class=\"jig-HTMLdescription\">DSC05802<\/p><\/li><\/ul><\/noscript><\/div>\n<p>&nbsp;<\/p>\n<h3><span style=\"color: #008080\"><strong>Mobilitat del personal durant la Guerra Civil<\/strong><\/span><\/h3>\n<h6>24\/08\/1936: Comunicaci\u00f3 del secretari a l&#8217;interventor dels Cabals Municipals sobre el nomenament de personal amb car\u00e0cter inter\u00ed (Arxiu Comarcal del Bages).<\/h6>\n<p>&nbsp;<\/p>\n<div id=\"jig7\" class=\"justified-image-grid jig-2475dfde5c145f2f42a8b8d378000674 jig-preset-c2 jig-source-wp-gallery jig-rml-id-10\"><div class=\"jig-clearfix\"><\/div><noscript id=\"jig7-html\" class=\"justified-image-grid-html\" data-lazy-src=\"skiplazyload\" data-src=\"skipunveillazyload\"><ul><li><a href=\"https:\/\/www.memoria.cat\/empleatsajuntament-1931-39\/wp-content\/uploads\/sites\/15\/2018\/02\/IMG9107.jpg\" title=\"IMG9107\"><img loading=\"lazy\" decoding=\"async\" src=\"https:\/\/www.memoria.cat\/empleatsajuntament-1931-39\/wp-content\/uploads\/sites\/15\/2018\/02\/IMG9107.jpg\" alt=\"IMG9107\" width=\"167\" height=\"230\" \/><\/a><p class=\"jig-HTMLdescription\">IMG9107<\/p><\/li><li><a href=\"https:\/\/www.memoria.cat\/empleatsajuntament-1931-39\/wp-content\/uploads\/sites\/15\/2018\/02\/IMG9108.jpg\" title=\"IMG9108\"><img loading=\"lazy\" decoding=\"async\" src=\"https:\/\/www.memoria.cat\/empleatsajuntament-1931-39\/wp-content\/uploads\/sites\/15\/2018\/02\/IMG9108.jpg\" alt=\"IMG9108\" width=\"168\" height=\"230\" \/><\/a><p class=\"jig-HTMLdescription\">IMG9108<\/p><\/li><\/ul><\/noscript><\/div>\n<h6>27\/07\/1937: Reincorporaci\u00f3 a la seva pla\u00e7a de gu\u00e0rdies municipals de Joaquim Rambla Domingo i Jaume Dolcet Dolcet despr\u00e9s d&#8217;haver estat lluitant al front (Arxiu\u00a0 Comarcal del Bages).<\/h6>\n<p>&nbsp;<\/p>\n<div id=\"jig8\" class=\"justified-image-grid jig-4b1c670c334e6525fa4ccf0d041e5ee2 jig-preset-c2 jig-source-wp-gallery jig-rml-id-11\"><div class=\"jig-clearfix\"><\/div><noscript id=\"jig8-html\" class=\"justified-image-grid-html\" data-lazy-src=\"skiplazyload\" data-src=\"skipunveillazyload\"><ul><li><a href=\"https:\/\/www.memoria.cat\/empleatsajuntament-1931-39\/wp-content\/uploads\/sites\/15\/2018\/02\/DSC05817.jpg\" title=\"DSC05817\"><img loading=\"lazy\" decoding=\"async\" src=\"https:\/\/www.memoria.cat\/empleatsajuntament-1931-39\/wp-content\/uploads\/sites\/15\/2018\/02\/DSC05817.jpg\" alt=\"DSC05817\" width=\"338\" height=\"230\" \/><\/a><p class=\"jig-HTMLdescription\">DSC05817<\/p><\/li><\/ul><\/noscript><\/div>\n<p>&nbsp;<\/p>\n<h6>5\/05\/1937: Acord del Consell Municipal pel qual infermeres i altres treballadors i treballadores de l&#8217;Hospital s&#8217;incorporen al Servei de Sanitat de Guerra (Arxiu Comarcal del Bages).<\/h6>\n<p>&nbsp;<\/p>\n<div id=\"jig9\" class=\"justified-image-grid jig-59a1f019f6a254a151a509d1686cf2df jig-preset-c2 jig-source-wp-gallery jig-rml-id-12\"><div class=\"jig-clearfix\"><\/div><noscript id=\"jig9-html\" class=\"justified-image-grid-html\" data-lazy-src=\"skiplazyload\" data-src=\"skipunveillazyload\"><ul><li><a href=\"https:\/\/www.memoria.cat\/empleatsajuntament-1931-39\/wp-content\/uploads\/sites\/15\/2018\/02\/DSC05837.jpg\" title=\"DSC05837\"><img loading=\"lazy\" decoding=\"async\" src=\"https:\/\/www.memoria.cat\/empleatsajuntament-1931-39\/wp-content\/uploads\/sites\/15\/2018\/02\/DSC05837.jpg\" alt=\"DSC05837\" width=\"172\" height=\"230\" \/><\/a><p class=\"jig-HTMLdescription\">DSC05837<\/p><\/li><\/ul><\/noscript><\/div>\n<h6>29\/06\/1938: Acord del Consell Municipal pel qual es trasllada interinament de lloc de treball el conserge Ermengol Cabanes Jorba perqu\u00e8 Ramon Font Cornet \u00e9s al front (Arxiu Comarcal del Bages).<\/h6>\n<p>&nbsp;<\/p>\n<div id=\"jig10\" class=\"justified-image-grid jig-bfee66cd646e7976f6093023557a3ff7 jig-preset-c2 jig-source-wp-gallery jig-rml-id-13\"><div class=\"jig-clearfix\"><\/div><noscript id=\"jig10-html\" class=\"justified-image-grid-html\" data-lazy-src=\"skiplazyload\" data-src=\"skipunveillazyload\"><ul><li><a href=\"https:\/\/www.memoria.cat\/empleatsajuntament-1931-39\/wp-content\/uploads\/sites\/15\/2018\/02\/DSC05839.jpg\" title=\"DSC05839\"><img loading=\"lazy\" decoding=\"async\" src=\"https:\/\/www.memoria.cat\/empleatsajuntament-1931-39\/wp-content\/uploads\/sites\/15\/2018\/02\/DSC05839.jpg\" alt=\"DSC05839\" width=\"167\" height=\"230\" \/><\/a><p class=\"jig-HTMLdescription\">DSC05839<\/p><\/li><\/ul><\/noscript><\/div>\n<h6>30\/09\/1938: Notificaci\u00f3 de l&#8217;administraci\u00f3 de l&#8217;Escorxador del personal que s&#8217;incorpora a files, del que es reincorpora a la feina i del que obt\u00e9 una llic\u00e8ncia (Arxiu Comarcal del Bages).<\/h6>\n<p>&nbsp;<\/p>\n<div id=\"jig11\" class=\"justified-image-grid jig-9ab0c83f5e7509a1075aab646ec4d4aa jig-preset-c2 jig-source-wp-gallery jig-rml-id-14\"><div class=\"jig-clearfix\"><\/div><noscript id=\"jig11-html\" class=\"justified-image-grid-html\" data-lazy-src=\"skiplazyload\" data-src=\"skipunveillazyload\"><ul><li><a href=\"https:\/\/www.memoria.cat\/empleatsajuntament-1931-39\/wp-content\/uploads\/sites\/15\/2018\/02\/DSC05845.jpg\" title=\"DSC05845\"><img loading=\"lazy\" decoding=\"async\" src=\"https:\/\/www.memoria.cat\/empleatsajuntament-1931-39\/wp-content\/uploads\/sites\/15\/2018\/02\/DSC05845.jpg\" alt=\"DSC05845\" width=\"171\" height=\"230\" \/><\/a><p class=\"jig-HTMLdescription\">DSC05845<\/p><\/li><\/ul><\/noscript><\/div>\n<h6>9\/05\/1938: Acord del Consell Municipal de reservar el lloc de treball a diversos treballadors de la Secci\u00f3 d&#8217;Obres perqu\u00e8 s&#8217;han incorporat al front (Arxiu Comarcal del Bages).<\/h6>\n<p>&nbsp;<\/p>\n<div id=\"jig12\" class=\"justified-image-grid jig-f1f82eddacef36c6b9b7c90a62af7294 jig-preset-c2 jig-source-wp-gallery jig-rml-id-15\"><div class=\"jig-clearfix\"><\/div><noscript id=\"jig12-html\" class=\"justified-image-grid-html\" data-lazy-src=\"skiplazyload\" data-src=\"skipunveillazyload\"><ul><li><a href=\"https:\/\/www.memoria.cat\/empleatsajuntament-1931-39\/wp-content\/uploads\/sites\/15\/2018\/02\/DSC05847.jpg\" title=\"DSC05847\"><img loading=\"lazy\" decoding=\"async\" src=\"https:\/\/www.memoria.cat\/empleatsajuntament-1931-39\/wp-content\/uploads\/sites\/15\/2018\/02\/DSC05847.jpg\" alt=\"DSC05847\" width=\"172\" height=\"230\" \/><\/a><p class=\"jig-HTMLdescription\">DSC05847<\/p><\/li><\/ul><\/noscript><\/div>\n<h6><\/h6>\n<h6>21\/07\/1937: Dictamen del Departament de Governaci\u00f3 pel qual escrivents de Secretaria s\u00f3n ascendits a Oficials 3rs. Les vacants es cobreixen amb personal eventual d&#8217;acord amb els sindicats (Arxiu Comarcal del Bages).<\/h6>\n<div id=\"jig13\" class=\"justified-image-grid jig-f7fcd21e4b64daf5583b76f96b434e00 jig-preset-c2 jig-source-wp-gallery jig-rml-id-16\"><div class=\"jig-clearfix\"><\/div><noscript id=\"jig13-html\" class=\"justified-image-grid-html\" data-lazy-src=\"skiplazyload\" data-src=\"skipunveillazyload\"><ul><li><a href=\"https:\/\/www.memoria.cat\/empleatsajuntament-1931-39\/wp-content\/uploads\/sites\/15\/2018\/02\/DSC05895.jpg\" title=\"DSC05895\"><img loading=\"lazy\" decoding=\"async\" src=\"https:\/\/www.memoria.cat\/empleatsajuntament-1931-39\/wp-content\/uploads\/sites\/15\/2018\/02\/DSC05895.jpg\" alt=\"DSC05895\" width=\"172\" height=\"230\" \/><\/a><p class=\"jig-HTMLdescription\">DSC05895<\/p><\/li><\/ul><\/noscript><\/div>\n<p>&nbsp;<\/p>\n<h3><span style=\"color: #008080\"><strong>Conseq\u00fc\u00e8ncies de les confiscacions durant la Guerra Civil<\/strong><\/span><\/h3>\n<h6>10\/09\/1936: Ofici de l&#8217;alcalde al conseller de Governaci\u00f3 de la Generalitat demanant autoritzaci\u00f3 per confiscar els diners en efectiu que el Sanatori de Sant Joan de D\u00e9u, Germanetes dels Pobres, Casa d&#8217;Infants Orfes, Casa Caritat i Hospital de Sant Andreu tenen a diferents bancs per tal de poder pagar els jornals als treballadors despr\u00e9s que aquestes institucions hagin estat confiscades per l&#8217;Ajuntament (Arxiu Comarcal del Bages).<\/h6>\n<p>&nbsp;<\/p>\n<div id=\"jig14\" class=\"justified-image-grid jig-e83fc98ca41254e4eec9477793cce5ea jig-preset-c2 jig-source-wp-gallery jig-rml-id-17\"><div class=\"jig-clearfix\"><\/div><noscript id=\"jig14-html\" class=\"justified-image-grid-html\" data-lazy-src=\"skiplazyload\" data-src=\"skipunveillazyload\"><ul><li><a href=\"https:\/\/www.memoria.cat\/empleatsajuntament-1931-39\/wp-content\/uploads\/sites\/15\/2018\/02\/IMG_0419.jpg\" title=\"IMG_0419\"><img loading=\"lazy\" decoding=\"async\" src=\"https:\/\/www.memoria.cat\/empleatsajuntament-1931-39\/wp-content\/uploads\/sites\/15\/2018\/02\/IMG_0419.jpg\" alt=\"IMG_0419\" width=\"164\" height=\"230\" \/><\/a><p class=\"jig-HTMLdescription\">IMG_0419<\/p><\/li><li><a href=\"https:\/\/www.memoria.cat\/empleatsajuntament-1931-39\/wp-content\/uploads\/sites\/15\/2018\/02\/IMG_0420.jpg\" title=\"IMG_0420\"><img loading=\"lazy\" decoding=\"async\" src=\"https:\/\/www.memoria.cat\/empleatsajuntament-1931-39\/wp-content\/uploads\/sites\/15\/2018\/02\/IMG_0420.jpg\" alt=\"IMG_0420\" width=\"168\" height=\"230\" \/><\/a><p class=\"jig-HTMLdescription\">IMG_0420<\/p><\/li><\/ul><\/noscript><\/div>\n<h6>30\/09\/1936: Certificat del secretari Llu\u00eds Mas Pons dels acords del Ple de l\u2019Ajuntament del 15 de setembre de 1936 en relaci\u00f3 al nomenament de nou personal, atesa la confiscaci\u00f3 de diferents institucions portada a terme per l\u2019Ajuntament i, tamb\u00e9, de la necessitat de donar estabilitat a empleats que abans ocupaven places interinament (Arxiu Comarcal del Bages).<\/h6>\n<p>&nbsp;<\/p>\n<div id=\"jig15\" class=\"justified-image-grid jig-9538e762d1873eafbdb2abe07cd8d42c jig-preset-c2 jig-source-wp-gallery jig-rml-id-18\"><div class=\"jig-clearfix\"><\/div><noscript id=\"jig15-html\" class=\"justified-image-grid-html\" data-lazy-src=\"skiplazyload\" data-src=\"skipunveillazyload\"><ul><li><a href=\"https:\/\/www.memoria.cat\/empleatsajuntament-1931-39\/wp-content\/uploads\/sites\/15\/2018\/02\/IMG9157.jpg\" title=\"IMG9157\"><img loading=\"lazy\" decoding=\"async\" src=\"https:\/\/www.memoria.cat\/empleatsajuntament-1931-39\/wp-content\/uploads\/sites\/15\/2018\/02\/IMG9157.jpg\" alt=\"IMG9157\" width=\"159\" height=\"230\" \/><\/a><p class=\"jig-HTMLdescription\">IMG9157<\/p><\/li><li><a href=\"https:\/\/www.memoria.cat\/empleatsajuntament-1931-39\/wp-content\/uploads\/sites\/15\/2018\/02\/IMG9158.jpg\" title=\"IMG9158\"><img loading=\"lazy\" decoding=\"async\" src=\"https:\/\/www.memoria.cat\/empleatsajuntament-1931-39\/wp-content\/uploads\/sites\/15\/2018\/02\/IMG9158.jpg\" alt=\"IMG9158\" width=\"157\" height=\"230\" \/><\/a><p class=\"jig-HTMLdescription\">IMG9158<\/p><\/li><li><a href=\"https:\/\/www.memoria.cat\/empleatsajuntament-1931-39\/wp-content\/uploads\/sites\/15\/2018\/02\/IMG9159.jpg\" title=\"IMG9159\"><img loading=\"lazy\" decoding=\"async\" src=\"https:\/\/www.memoria.cat\/empleatsajuntament-1931-39\/wp-content\/uploads\/sites\/15\/2018\/02\/IMG9159.jpg\" alt=\"IMG9159\" width=\"157\" height=\"230\" \/><\/a><p class=\"jig-HTMLdescription\">IMG9159<\/p><\/li><li><a href=\"https:\/\/www.memoria.cat\/empleatsajuntament-1931-39\/wp-content\/uploads\/sites\/15\/2018\/02\/IMG9160.jpg\" title=\"IMG9160\"><img loading=\"lazy\" decoding=\"async\" src=\"https:\/\/www.memoria.cat\/empleatsajuntament-1931-39\/wp-content\/uploads\/sites\/15\/2018\/02\/IMG9160.jpg\" alt=\"IMG9160\" width=\"160\" height=\"230\" \/><\/a><p class=\"jig-HTMLdescription\">IMG9160<\/p><\/li><li><a href=\"https:\/\/www.memoria.cat\/empleatsajuntament-1931-39\/wp-content\/uploads\/sites\/15\/2018\/02\/IMG9161.jpg\" title=\"IMG9161\"><img loading=\"lazy\" decoding=\"async\" src=\"https:\/\/www.memoria.cat\/empleatsajuntament-1931-39\/wp-content\/uploads\/sites\/15\/2018\/02\/IMG9161.jpg\" alt=\"IMG9161\" width=\"159\" height=\"230\" \/><\/a><p class=\"jig-HTMLdescription\">IMG9161<\/p><\/li><li><a href=\"https:\/\/www.memoria.cat\/empleatsajuntament-1931-39\/wp-content\/uploads\/sites\/15\/2018\/02\/IMG9162.jpg\" title=\"IMG9162\"><img loading=\"lazy\" decoding=\"async\" src=\"https:\/\/www.memoria.cat\/empleatsajuntament-1931-39\/wp-content\/uploads\/sites\/15\/2018\/02\/IMG9162.jpg\" alt=\"IMG9162\" width=\"158\" height=\"230\" \/><\/a><p class=\"jig-HTMLdescription\">IMG9162<\/p><\/li><\/ul><\/noscript><\/div>\n","protected":false},"excerpt":{"rendered":"<p>Plantilla de treballadors i treballadores Relaci\u00f3 de personal de la Gu\u00e0rdia Municipal, de la Vigil\u00e0ncia Nocturna, de la Gu\u00e0rdia Rural i de personal de les Oficines Centrals durant la Guerra Civil. Es pot veure l\u2019anotaci\u00f3 d\u2019incorporat a files a Joaquim Amat-Piniella i a Isidre Morros Alt\u00e9s, entre d\u2019altres, i la contractaci\u00f3 de personal eventual (Arxiu [&hellip;]<\/p>\n","protected":false},"author":11,"featured_media":0,"parent":0,"menu_order":0,"comment_status":"closed","ping_status":"closed","template":"","meta":{"iawp_total_views":11,"footnotes":""},"class_list":["post-72111","page","type-page","status-publish","hentry"],"_links":{"self":[{"href":"https:\/\/www.memoria.cat\/empleatsajuntament-1931-39\/wp-json\/wp\/v2\/pages\/72111","targetHints":{"allow":["GET"]}}],"collection":[{"href":"https:\/\/www.memoria.cat\/empleatsajuntament-1931-39\/wp-json\/wp\/v2\/pages"}],"about":[{"href":"https:\/\/www.memoria.cat\/empleatsajuntament-1931-39\/wp-json\/wp\/v2\/types\/page"}],"author":[{"embeddable":true,"href":"https:\/\/www.memoria.cat\/empleatsajuntament-1931-39\/wp-json\/wp\/v2\/users\/11"}],"replies":[{"embeddable":true,"href":"https:\/\/www.memoria.cat\/empleatsajuntament-1931-39\/wp-json\/wp\/v2\/comments?post=72111"}],"version-history":[{"count":0,"href":"https:\/\/www.memoria.cat\/empleatsajuntament-1931-39\/wp-json\/wp\/v2\/pages\/72111\/revisions"}],"wp:attachment":[{"href":"https:\/\/www.memoria.cat\/empleatsajuntament-1931-39\/wp-json\/wp\/v2\/media?parent=72111"}],"curies":[{"name":"wp","href":"https:\/\/api.w.org\/{rel}","templated":true}]}}