{"id":73319,"date":"2018-06-17T18:18:40","date_gmt":"2018-06-17T17:18:40","guid":{"rendered":"https:\/\/www.memoria.cat\/edu\/?page_id=73319"},"modified":"2025-05-21T22:52:29","modified_gmt":"2025-05-21T21:52:29","slug":"presentacio","status":"publish","type":"page","link":"https:\/\/www.memoria.cat\/edu\/presentacio\/","title":{"rendered":"Presentaci\u00f3"},"content":{"rendered":"<p>Des de la seva creaci\u00f3, l\u2019<strong>Associaci\u00f3 Mem\u00f2ria i Hist\u00f2ria de Manresa<\/strong> estem fent un \u00a0treball de recerca, investigant i interpretant fets del nostre passat m\u00e9s recent, amb la finalitat de \u201c<em>recuperar i divulgar el nostre passat col\u00b7lectiu i lluitar contra l\u2019oblit<\/em>.\u201d<\/p>\n<p>Aquesta tasca es fa visible al portal <strong><a href=\"https:\/\/www.memoria.cat\/\" target=\"_blank\" rel=\"noopener noreferrer\">memoria.cat<\/a><\/strong>, on apleguem gran quantitat de webs, documents, imatges, v\u00eddeos, testimonis orals, etc.<\/p>\n<p>La necessitat d\u2019apropar la recerca de la mem\u00f2ria hist\u00f2rica i el m\u00f3n de l\u2019ensenyament ens ha portat a la creaci\u00f3 d\u2019aquest web, que vol ser l\u2019espai educatiu del portal memoria.cat.<\/p>\n<p>Amb<strong> memoria.cat\/edu<\/strong> \u00a0pretenem proporcionar al professorat i als estudiants dels centres de secund\u00e0ria materials did\u00e0ctics i eines de suport que facilitin el treball a l\u2019aula de temes relacionats amb la mem\u00f2ria hist\u00f2rica.<\/p>\n<p>Aix\u00ed volem contribuir a ajudar els estudiants a descobrir el gust per la recerca i pel coneixement de la nostra hist\u00f2ria m\u00e9s recent, amb el convenciment que el coneixement i la reflexi\u00f3 sobre el passat\u00a0 ajuden a entendre el m\u00f3n d\u2019avui, i \u00a0proporcionen la llibertat necess\u00e0ria per poder decidir el futur.<\/p>\n<p>A <a href=\"https:\/\/www.memoria.cat\/edu\/\" target=\"_blank\" rel=\"noopener\">memoria.cat\/edu<\/a> hi trobareu: <a href=\"https:\/\/www.memoria.cat\/edu\/filter\/jet-engine:grid\/tax\/category:122\/\" target=\"_blank\" rel=\"noopener\"><strong>Propostes did\u00e0ctiques <\/strong><\/a>adre\u00e7ades a l\u2019ESO i al Batxillerat sobre fets hist\u00f2rics o temes rellevants del segle XX per treballar la mem\u00f2ria hist\u00f2rica a l\u2019aula; <strong><a href=\"https:\/\/www.memoria.cat\/edu\/filter\/jet-engine:grid\/tax\/category:123\/\" target=\"_blank\" rel=\"noopener noreferrer\">Treballar les fonts<\/a>,<\/strong> que aplega activitats per treballar de manera sistem\u00e0tica les diverses fonts de la hist\u00f2ria; <strong><a href=\"https:\/\/www.memoria.cat\/edu\/filter\/jet-engine:grid\/tax\/category:124\/\" target=\"_blank\" rel=\"noopener\">Propostes de cinema<\/a><\/strong> que inclou propostes per treballar pel\u00b7l\u00edcules i documentals; <strong><a href=\"https:\/\/www.memoria.cat\/edu\/filter\/jet-engine:grid\/tax\/category:125\/\" target=\"_blank\" rel=\"noopener noreferrer\">Propostes de recerca<\/a>, <\/strong>recull de temes per a treballs de recerca de batxillerat amb orientacions metodol\u00f2giques, bibliografia i altres recursos; <a href=\"https:\/\/www.memoria.cat\/edu\/filter\/jet-engine:grid\/tax\/category:97\/\" target=\"_blank\" rel=\"noopener noreferrer\"><strong>Treballs de recerca<\/strong><\/a>,\u00a0 que difon treballs de mem\u00f2ria hist\u00f2rica realitzats per estudiants de batxillerat; \u00a0\u00a0<a href=\"https:\/\/www.memoria.cat\/edu\/filter\/jet-engine:grid\/tax\/category:96\/\" target=\"_blank\" rel=\"noopener noreferrer\"><strong>Fem mem\u00f2ria&#8230;<\/strong><\/a>, on es recorden fets rellevants de la nostra hist\u00f2ria recent; <a href=\"https:\/\/www.memoria.cat\/edu\/personatge-del-mes\/\" target=\"_blank\" rel=\"noopener noreferrer\"><strong>Personatge del mes<\/strong><\/a>, dedicat a posar en valor personatges destacats o interessants;\u00a0 <strong><a href=\"https:\/\/www.memoria.cat\/edu\/histories-al-descobert\/\" target=\"_blank\" rel=\"noopener noreferrer\">Hist\u00f2ries al descobert<\/a><\/strong>, que aplega relats protagonitzats per persones an\u00f2nimes que van patir els efectes de la guerra, la dictadura i la repressi\u00f3; <strong><a href=\"https:\/\/www.memoria.cat\/edu\/filter\/jet-engine:grid\/tax\/category:99\/\" target=\"_blank\" rel=\"noopener\">A trav\u00e9s de la mirada&#8230;<\/a><\/strong> on es recorden fets hist\u00f2rics a trav\u00e9s de la imatge; <a href=\"https:\/\/www.memoria.cat\/edu\/filter\/jet-engine:grid\/tax\/category:85\/\" target=\"_blank\" rel=\"noopener noreferrer\"><strong>Recursos<\/strong><\/a> que difon eines did\u00e0ctiques diverses que poden ser \u00fatils per treballar les ci\u00e8ncies socials i la hist\u00f2ria a l\u2019aula; \u00a0 <strong><a href=\"https:\/\/www.memoria.cat\/edu\/tallers-formatius\/\" target=\"_blank\" rel=\"noopener noreferrer\">Tallers formatius<\/a>, <\/strong>una oferta de formaci\u00f3 sobre temes \u00fatils per a la recerca hist\u00f2rica en col\u00b7laboraci\u00f3 amb la Fundaci\u00f3 Universit\u00e0ria del Bages; i les <a href=\"https:\/\/www.memoria.cat\/edu\/noticies\/\" target=\"_blank\" rel=\"noopener noreferrer\"><strong>Not\u00edcies<\/strong><\/a> relacionades amb les nostres activitats.<\/p>\n<p class=\"p1\" style=\"text-align: center\">Associaci\u00f3 Mem\u00f2ria i Hist\u00f2ria de Manresa<\/p>\n<p>Amb la col\u00b7laboraci\u00f3 del<\/p>\n<p><a href=\"https:\/\/www.memoria.cat\/edu\/wp-content\/uploads\/sites\/130\/2021\/03\/Sense-nom.jpg\"><img decoding=\"async\" class=\"alignnone wp-image-76677\" src=\"https:\/\/www.memoria.cat\/edu\/wp-content\/uploads\/sites\/130\/2021\/03\/Sense-nom-300x124.jpg\" alt=\"\" width=\"179\" height=\"74\" srcset=\"https:\/\/www.memoria.cat\/edu\/wp-content\/uploads\/sites\/130\/2021\/03\/Sense-nom-300x124.jpg 300w, https:\/\/www.memoria.cat\/edu\/wp-content\/uploads\/sites\/130\/2021\/03\/Sense-nom-1024x425.jpg 1024w, https:\/\/www.memoria.cat\/edu\/wp-content\/uploads\/sites\/130\/2021\/03\/Sense-nom-768x318.jpg 768w, https:\/\/www.memoria.cat\/edu\/wp-content\/uploads\/sites\/130\/2021\/03\/Sense-nom-1536x637.jpg 1536w, https:\/\/www.memoria.cat\/edu\/wp-content\/uploads\/sites\/130\/2021\/03\/Sense-nom-2048x849.jpg 2048w\" sizes=\"(max-width: 179px) 100vw, 179px\" \/><\/a><\/p>\n<p>&nbsp;<\/p>\n","protected":false},"excerpt":{"rendered":"<p>Des de la seva creaci\u00f3, l\u2019Associaci\u00f3 Mem\u00f2ria i Hist\u00f2ria de Manresa estem fent un \u00a0treball de recerca, investigant i interpretant fets del nostre passat m\u00e9s recent, amb la finalitat de \u201crecuperar i divulgar el nostre passat col\u00b7lectiu i lluitar contra l\u2019oblit.\u201d Aquesta tasca es fa visible al portal memoria.cat, on apleguem gran quantitat de webs, [&hellip;]<\/p>\n","protected":false},"author":12,"featured_media":0,"parent":0,"menu_order":0,"comment_status":"closed","ping_status":"closed","template":"","meta":{"iawp_total_views":47,"footnotes":""},"class_list":["post-73319","page","type-page","status-publish","hentry"],"_links":{"self":[{"href":"https:\/\/www.memoria.cat\/edu\/wp-json\/wp\/v2\/pages\/73319","targetHints":{"allow":["GET"]}}],"collection":[{"href":"https:\/\/www.memoria.cat\/edu\/wp-json\/wp\/v2\/pages"}],"about":[{"href":"https:\/\/www.memoria.cat\/edu\/wp-json\/wp\/v2\/types\/page"}],"author":[{"embeddable":true,"href":"https:\/\/www.memoria.cat\/edu\/wp-json\/wp\/v2\/users\/12"}],"replies":[{"embeddable":true,"href":"https:\/\/www.memoria.cat\/edu\/wp-json\/wp\/v2\/comments?post=73319"}],"version-history":[{"count":0,"href":"https:\/\/www.memoria.cat\/edu\/wp-json\/wp\/v2\/pages\/73319\/revisions"}],"wp:attachment":[{"href":"https:\/\/www.memoria.cat\/edu\/wp-json\/wp\/v2\/media?parent=73319"}],"curies":[{"name":"wp","href":"https:\/\/api.w.org\/{rel}","templated":true}]}}