{"id":74661,"date":"2025-10-16T19:04:05","date_gmt":"2025-10-16T18:04:05","guid":{"rendered":"https:\/\/www.memoria.cat\/dolors-martinez-montserrat-planas\/?page_id=74661"},"modified":"2025-11-07T10:33:12","modified_gmt":"2025-11-07T09:33:12","slug":"bibliografia-i-webgrafia","status":"publish","type":"page","link":"https:\/\/www.memoria.cat\/dolors-martinez-montserrat-planas\/bibliografia-i-webgrafia\/","title":{"rendered":"BIBLIOGRAFIA I WEBGRAFIA"},"content":{"rendered":"<p>ARASA, DANIEL, Los espa\u00f1oles de Stalin. La Hist\u00f2ria de los que sirvieron al comunismo durante la segunda guerra mundial. Editorial Belaqvua, Barcelona 2005.<\/p>\n<p>ROS\u00c9S, ROSER, Trenes tallades. Records d\u2019una nena de R\u00fassia, Edicions Cal\u00b7l\u00edgraf. Figueres, 2016.<\/p>\n<p>https:\/\/studylib.es\/doc\/6429453\/fuentes-hist%C3%B3ricas-para-el-estudio-de-la-emigraci%C3%B3n-espa%C3%B1&#8230;?p=28<\/p>\n<p><a href=\"https:\/\/pares.mcu.es\/ParesBusquedas20\/catalogo\/description\/6772683\">https:\/\/pares.mcu.es\/ParesBusquedas20\/catalogo\/description\/6772683<\/a><\/p>\n<p><a href=\"https:\/\/www.memoria.cat\/anna-sola\/unio-de-dones-de-catalunya-udc\/\">https:\/\/www.memoria.cat\/anna-sola\/unio-de-dones-de-catalunya-udc\/<\/a><\/p>\n<p><a href=\"https:\/\/sidbrint.ub.edu\/brigadista\/term\/857\">https:\/\/sidbrint.ub.edu\/brigadista\/term\/857<\/a><\/p>\n<p>https:\/\/www.ara.cat\/fotografies\/fotografies-robert-capa-argelers-guerra-civil_3_4692557.html<\/p>\n<p>https:\/\/archivodemocracia.ua.es\/es\/exilio-republicano-africa\/3.-los-barcos-del-exilio.html<\/p>\n<p><a href=\"https:\/\/alicantepedia.com\/fotografias\/maritima-pasajeros-y-tripulaci%C3%B3n\">https:\/\/alicantepedia.com\/fotografias\/maritima-pasajeros-y-tripulaci%C3%B3n<\/a><\/p>\n<p><a href=\"https:\/\/en.wikipedia.org\/wiki\/International_Red_Aid\">https:\/\/en.wikipedia.org\/wiki\/International_Red_Aid<\/a><\/p>\n<p><a href=\"https:\/\/www.ninosderusia.org\/project\/en-el-kooperatzia-imagenes\/\">https:\/\/www.ninosderusia.org\/project\/en-el-kooperatzia-imagenes\/<\/a><\/p>\n<p><a href=\"https:\/\/es.wikipedia.org\/wiki\/NKVD\">https:\/\/es.wikipedia.org\/wiki\/NKVD<\/a><\/p>\n<p><a href=\"https:\/\/ca.wikipedia.org\/wiki\/Operaci%C3%B3_Barba-roja\">https:\/\/ca.wikipedia.org\/wiki\/Operaci%C3%B3_Barba-roja<\/a><\/p>\n<p><a href=\"https:\/\/www.rutas10.com\/archivos\/201606\/ferghana3.jpg\">https:\/\/www.rutas10.com\/archivos\/201606\/ferghana3.jpg<\/a><\/p>\n<p><a href=\"https:\/\/www.freepik.es\/search?format=search&amp;last_filter=selection&amp;last_value=1&amp;query=Odessa&amp;selection=1\">https:\/\/www.freepik.es\/search?format=search&amp;last_filter=selection&amp;last_value=1&amp;query=Odessa&amp;selection=1<\/a><\/p>\n<blockquote class=\"wp-embedded-content\" data-secret=\"Z5Zmpg2CrB\"><p><a href=\"https:\/\/explorial.com\/es\/descubre-marsella-20-datos-curiosos-sobre-la-ciudad-mas-antigua-de-francia\/\">Descubre Marsella: 20 datos curiosos sobre la ciudad m\u00e1s antigua de Francia<\/a><\/p><\/blockquote>\n<p><iframe class=\"wp-embedded-content\" sandbox=\"allow-scripts\" security=\"restricted\" style=\"position: absolute; visibility: hidden;\" title=\"\u00abDescubre Marsella: 20 datos curiosos sobre la ciudad m\u00e1s antigua de Francia\u00bb \u2014 Explorial\" src=\"https:\/\/explorial.com\/es\/descubre-marsella-20-datos-curiosos-sobre-la-ciudad-mas-antigua-de-francia\/embed\/#?secret=ZqLSBK5ewY#?secret=Z5Zmpg2CrB\" data-secret=\"Z5Zmpg2CrB\" width=\"600\" height=\"338\" frameborder=\"0\" marginwidth=\"0\" marginheight=\"0\" scrolling=\"no\"><\/iframe><\/p>\n<p>https:\/\/es.wikipedia.org\/wiki\/Archivo:Moscow_July_2011-16.jpg<\/p>\n<p><a href=\"https:\/\/ca.wikipedia.org\/wiki\/Fitxer:Vista_de_Alicante,_Espa%C3%B1a,_2014-07-04,_DD_49.JPG\">https:\/\/ca.wikipedia.org\/wiki\/Fitxer:Vista_de_Alicante,_Espa%C3%B1a,_2014-07-04,_DD_49.JPG<\/a><\/p>\n<p>https:\/\/es.wikipedia.org\/wiki\/Puerto_de_El_Havre#\/media\/Archivo:Vue_a%C3%A9rienne_de_la_ville_du_Havre.jpg<\/p>\n<p>https:\/\/viajar.elperiodico.com\/destinos\/manresa-desconocido-corazon-cataluna-comienza-81042950<\/p>\n<p>https:\/\/peterguide.com\/invierno.htm<\/p>\n<p>https:\/\/historia.nationalgeographic.com.es\/a\/leningrado-asedio-mas-terrible-segunda-guerra-mundial_19016<\/p>\n<p>https:\/\/www.independentespanol.com\/estilo\/viajes\/argelia-turismo-vacaciones-marruecos-tunez-b2556726.html<\/p>\n<p><a href=\"https:\/\/www.memoria.cat\/\">https:\/\/www.memoria.cat\/<\/a><\/p>\n<p>Diari Regi\u00f37 del 23 de juny de 1981<\/p>\n","protected":false},"excerpt":{"rendered":"<p>ARASA, DANIEL, Los espa\u00f1oles de Stalin. La Hist\u00f2ria de los que sirvieron al comunismo durante la segunda guerra mundial. Editorial Belaqvua, Barcelona 2005. ROS\u00c9S, ROSER, Trenes tallades. Records d\u2019una nena de R\u00fassia, Edicions Cal\u00b7l\u00edgraf. Figueres, 2016. https:\/\/studylib.es\/doc\/6429453\/fuentes-hist%C3%B3ricas-para-el-estudio-de-la-emigraci%C3%B3n-espa%C3%B1&#8230;?p=28 https:\/\/pares.mcu.es\/ParesBusquedas20\/catalogo\/description\/6772683 https:\/\/www.memoria.cat\/anna-sola\/unio-de-dones-de-catalunya-udc\/ https:\/\/sidbrint.ub.edu\/brigadista\/term\/857 https:\/\/www.ara.cat\/fotografies\/fotografies-robert-capa-argelers-guerra-civil_3_4692557.html https:\/\/archivodemocracia.ua.es\/es\/exilio-republicano-africa\/3.-los-barcos-del-exilio.html https:\/\/alicantepedia.com\/fotografias\/maritima-pasajeros-y-tripulaci%C3%B3n https:\/\/en.wikipedia.org\/wiki\/International_Red_Aid https:\/\/www.ninosderusia.org\/project\/en-el-kooperatzia-imagenes\/ https:\/\/es.wikipedia.org\/wiki\/NKVD https:\/\/ca.wikipedia.org\/wiki\/Operaci%C3%B3_Barba-roja https:\/\/www.rutas10.com\/archivos\/201606\/ferghana3.jpg https:\/\/www.freepik.es\/search?format=search&amp;last_filter=selection&amp;last_value=1&amp;query=Odessa&amp;selection=1 Descubre Marsella: 20 datos curiosos sobre [&hellip;]<\/p>\n","protected":false},"author":71,"featured_media":0,"parent":0,"menu_order":0,"comment_status":"closed","ping_status":"closed","template":"","meta":{"iawp_total_views":1,"footnotes":""},"class_list":["post-74661","page","type-page","status-publish","hentry"],"_links":{"self":[{"href":"https:\/\/www.memoria.cat\/dolors-martinez-montserrat-planas\/wp-json\/wp\/v2\/pages\/74661","targetHints":{"allow":["GET"]}}],"collection":[{"href":"https:\/\/www.memoria.cat\/dolors-martinez-montserrat-planas\/wp-json\/wp\/v2\/pages"}],"about":[{"href":"https:\/\/www.memoria.cat\/dolors-martinez-montserrat-planas\/wp-json\/wp\/v2\/types\/page"}],"author":[{"embeddable":true,"href":"https:\/\/www.memoria.cat\/dolors-martinez-montserrat-planas\/wp-json\/wp\/v2\/users\/71"}],"replies":[{"embeddable":true,"href":"https:\/\/www.memoria.cat\/dolors-martinez-montserrat-planas\/wp-json\/wp\/v2\/comments?post=74661"}],"version-history":[{"count":5,"href":"https:\/\/www.memoria.cat\/dolors-martinez-montserrat-planas\/wp-json\/wp\/v2\/pages\/74661\/revisions"}],"predecessor-version":[{"id":74841,"href":"https:\/\/www.memoria.cat\/dolors-martinez-montserrat-planas\/wp-json\/wp\/v2\/pages\/74661\/revisions\/74841"}],"wp:attachment":[{"href":"https:\/\/www.memoria.cat\/dolors-martinez-montserrat-planas\/wp-json\/wp\/v2\/media?parent=74661"}],"curies":[{"name":"wp","href":"https:\/\/api.w.org\/{rel}","templated":true}]}}