{"id":74413,"date":"2025-10-05T09:26:09","date_gmt":"2025-10-05T08:26:09","guid":{"rendered":"https:\/\/www.memoria.cat\/dolors-martinez-montserrat-planas\/?page_id=74413"},"modified":"2025-10-21T09:41:13","modified_gmt":"2025-10-21T08:41:13","slug":"autobiografia-de-pedro-martinez-jimenez","status":"publish","type":"page","link":"https:\/\/www.memoria.cat\/dolors-martinez-montserrat-planas\/autobiografia-de-pedro-martinez-jimenez\/","title":{"rendered":"AUTOBIOGRAFIA DE PEDRO MART\u00cdNEZ JIM\u00c9NEZ"},"content":{"rendered":"<p style=\"text-align: justify\">Us presentem l&#8217;autobiografia escrita per Pedro Mart\u00ednez Jim\u00e9nez, que arriba fins a l&#8217;any 1945, data del naixement de la seva filla Dolors a Simfer\u00f2pol. A la darrera p\u00e0gina del document hi apareix un breu escrit del senyor Marcelino Pozuelo, membre del <i>bureau <\/i>pol\u00edtic del Partit Comunista d&#8217;Espanya a Moscou, que avala les dades de l&#8217;autobiografia del Pedro. Font: Col\u00b7lecci\u00f3 familiar.<\/p>\n<div id=\"jig1\" class=\"justified-image-grid jig-19f91bbfdeae8255ac16f0930fb71387 jig-preset-c2 jig-source-wp-gallery jig-rml-id-4\"><div class=\"jig-clearfix\"><\/div><noscript id=\"jig1-html\" class=\"justified-image-grid-html\" data-lazy-src=\"skiplazyload\" data-src=\"skipunveillazyload\"><ul><li><a href=\"https:\/\/www.memoria.cat\/dolors-martinez-montserrat-planas\/wp-content\/uploads\/sites\/212\/2025\/10\/PereMart__nez1b.jpg\" title=\"PereMart__nez1b\"><img decoding=\"async\" src=\"https:\/\/www.memoria.cat\/dolors-martinez-montserrat-planas\/wp-content\/uploads\/sites\/212\/2025\/10\/PereMart__nez1b.jpg\" alt=\"PereMart__nez1b\" width=\"156\" height=\"230\" \/><\/a><p class=\"jig-HTMLdescription\">PereMart__nez1b<\/p><\/li><li><a href=\"https:\/\/www.memoria.cat\/dolors-martinez-montserrat-planas\/wp-content\/uploads\/sites\/212\/2025\/10\/PereMart__nez2b.jpg\" title=\"PereMart__nez2b\"><img decoding=\"async\" src=\"https:\/\/www.memoria.cat\/dolors-martinez-montserrat-planas\/wp-content\/uploads\/sites\/212\/2025\/10\/PereMart__nez2b.jpg\" alt=\"PereMart__nez2b\" width=\"156\" height=\"230\" \/><\/a><p class=\"jig-HTMLdescription\">PereMart__nez2b<\/p><\/li><li><a href=\"https:\/\/www.memoria.cat\/dolors-martinez-montserrat-planas\/wp-content\/uploads\/sites\/212\/2025\/10\/PereMart__nez3b.jpg\" title=\"PereMart__nez3b\"><img decoding=\"async\" src=\"https:\/\/www.memoria.cat\/dolors-martinez-montserrat-planas\/wp-content\/uploads\/sites\/212\/2025\/10\/PereMart__nez3b.jpg\" alt=\"PereMart__nez3b\" width=\"157\" height=\"230\" \/><\/a><p class=\"jig-HTMLdescription\">PereMart__nez3b<\/p><\/li><li><a href=\"https:\/\/www.memoria.cat\/dolors-martinez-montserrat-planas\/wp-content\/uploads\/sites\/212\/2025\/10\/PereMart__nez4b.jpg\" title=\"PereMart__nez4b\"><img loading=\"lazy\" decoding=\"async\" src=\"https:\/\/www.memoria.cat\/dolors-martinez-montserrat-planas\/wp-content\/uploads\/sites\/212\/2025\/10\/PereMart__nez4b.jpg\" alt=\"PereMart__nez4b\" width=\"161\" height=\"230\" \/><\/a><p class=\"jig-HTMLdescription\">PereMart__nez4b<\/p><\/li><li><a href=\"https:\/\/www.memoria.cat\/dolors-martinez-montserrat-planas\/wp-content\/uploads\/sites\/212\/2025\/10\/PereMart__nez5b.jpg\" title=\"PereMart__nez5b\"><img loading=\"lazy\" decoding=\"async\" src=\"https:\/\/www.memoria.cat\/dolors-martinez-montserrat-planas\/wp-content\/uploads\/sites\/212\/2025\/10\/PereMart__nez5b.jpg\" alt=\"PereMart__nez5b\" width=\"161\" height=\"230\" \/><\/a><p class=\"jig-HTMLdescription\">PereMart__nez5b<\/p><\/li><li><a href=\"https:\/\/www.memoria.cat\/dolors-martinez-montserrat-planas\/wp-content\/uploads\/sites\/212\/2025\/10\/PereMart__nez7b.jpg\" title=\"PereMart__nez7b\"><img loading=\"lazy\" decoding=\"async\" src=\"https:\/\/www.memoria.cat\/dolors-martinez-montserrat-planas\/wp-content\/uploads\/sites\/212\/2025\/10\/PereMart__nez7b.jpg\" alt=\"PereMart__nez7b\" width=\"165\" height=\"230\" \/><\/a><p class=\"jig-HTMLdescription\">PereMart__nez7b<\/p><\/li><li><a href=\"https:\/\/www.memoria.cat\/dolors-martinez-montserrat-planas\/wp-content\/uploads\/sites\/212\/2025\/10\/PereMart__nez6b.jpg\" title=\"PereMart__nez6b\"><img loading=\"lazy\" decoding=\"async\" src=\"https:\/\/www.memoria.cat\/dolors-martinez-montserrat-planas\/wp-content\/uploads\/sites\/212\/2025\/10\/PereMart__nez6b.jpg\" alt=\"PereMart__nez6b\" width=\"166\" height=\"230\" \/><\/a><p class=\"jig-HTMLdescription\">PereMart__nez6b<\/p><\/li><li><a href=\"https:\/\/www.memoria.cat\/dolors-martinez-montserrat-planas\/wp-content\/uploads\/sites\/212\/2025\/10\/PereMart__nez8b.jpg\" title=\"PereMart__nez8b\"><img loading=\"lazy\" decoding=\"async\" src=\"https:\/\/www.memoria.cat\/dolors-martinez-montserrat-planas\/wp-content\/uploads\/sites\/212\/2025\/10\/PereMart__nez8b.jpg\" alt=\"PereMart__nez8b\" width=\"165\" height=\"230\" \/><\/a><p class=\"jig-HTMLdescription\">PereMart__nez8b<\/p><\/li><\/ul><\/noscript><\/div>\n","protected":false},"excerpt":{"rendered":"<p>Us presentem l&#8217;autobiografia escrita per Pedro Mart\u00ednez Jim\u00e9nez, que arriba fins a l&#8217;any 1945, data del naixement de la seva filla Dolors a Simfer\u00f2pol. A la darrera p\u00e0gina del document hi apareix un breu escrit del senyor Marcelino Pozuelo, membre del bureau pol\u00edtic del Partit Comunista d&#8217;Espanya a Moscou, que avala les dades de l&#8217;autobiografia [&hellip;]<\/p>\n","protected":false},"author":71,"featured_media":0,"parent":0,"menu_order":0,"comment_status":"closed","ping_status":"closed","template":"","meta":{"iawp_total_views":3,"footnotes":""},"class_list":["post-74413","page","type-page","status-publish","hentry"],"_links":{"self":[{"href":"https:\/\/www.memoria.cat\/dolors-martinez-montserrat-planas\/wp-json\/wp\/v2\/pages\/74413","targetHints":{"allow":["GET"]}}],"collection":[{"href":"https:\/\/www.memoria.cat\/dolors-martinez-montserrat-planas\/wp-json\/wp\/v2\/pages"}],"about":[{"href":"https:\/\/www.memoria.cat\/dolors-martinez-montserrat-planas\/wp-json\/wp\/v2\/types\/page"}],"author":[{"embeddable":true,"href":"https:\/\/www.memoria.cat\/dolors-martinez-montserrat-planas\/wp-json\/wp\/v2\/users\/71"}],"replies":[{"embeddable":true,"href":"https:\/\/www.memoria.cat\/dolors-martinez-montserrat-planas\/wp-json\/wp\/v2\/comments?post=74413"}],"version-history":[{"count":7,"href":"https:\/\/www.memoria.cat\/dolors-martinez-montserrat-planas\/wp-json\/wp\/v2\/pages\/74413\/revisions"}],"predecessor-version":[{"id":74446,"href":"https:\/\/www.memoria.cat\/dolors-martinez-montserrat-planas\/wp-json\/wp\/v2\/pages\/74413\/revisions\/74446"}],"wp:attachment":[{"href":"https:\/\/www.memoria.cat\/dolors-martinez-montserrat-planas\/wp-json\/wp\/v2\/media?parent=74413"}],"curies":[{"name":"wp","href":"https:\/\/api.w.org\/{rel}","templated":true}]}}