{"id":74373,"date":"2025-10-02T17:47:36","date_gmt":"2025-10-02T16:47:36","guid":{"rendered":"https:\/\/www.memoria.cat\/dolors-martinez-montserrat-planas\/?page_id=74373"},"modified":"2025-10-23T17:05:29","modified_gmt":"2025-10-23T16:05:29","slug":"la-integracio-de-la-dolors","status":"publish","type":"page","link":"https:\/\/www.memoria.cat\/dolors-martinez-montserrat-planas\/la-integracio-de-la-dolors\/","title":{"rendered":"La integraci\u00f3 de la Dolors"},"content":{"rendered":"<p>&nbsp;<\/p>\n<p>La Dolors va arribar a Manresa amb 11 anys. Per a ella marxar de l\u2019URSS va ser un fet molt traum\u00e0tic, ja que all\u00e0 hi tenia la seva vida, els seus amics, la seva escola\u2026 i hi havia estat molt feli\u00e7. Entenia perfectament el catal\u00e0 i parlava i entenia el castell\u00e0.<\/p>\n<h2>L&#8217;escola<\/h2>\n<p>Pocs dies despr\u00e9s d\u2019arribar va entrar a l\u2019Escola Renaixen\u00e7a per\u00f2 no s\u2019hi va sentir gens ben acollida. Els companys la marginaven al pati, li deien \u201cla russa\u201d. A la classe, la mestra no tractava els nens com ho feien a l\u2019URSS, aqu\u00ed els professors eren molt autoritaris, gens afectuosos ni comprensius. Les mat\u00e8ries que estudiava eren diferents, i trobava a faltar la dansa, l\u2019esport i, sobretot, el tracte de les seves mestres a l\u2019URSS. Al cap d\u2019uns quinze dies va arribar a casa plorant i va explicar a la mare que la mestra l\u2019havia pegat sense motiu. La Montserrat \u00a0la va treure de l\u2019escola.<\/p>\n<figure id=\"attachment_74395\" aria-describedby=\"caption-attachment-74395\" style=\"width: 361px\" class=\"wp-caption aligncenter\"><img fetchpriority=\"high\" decoding=\"async\" class=\" wp-image-74395\" src=\"https:\/\/www.memoria.cat\/dolors-martinez-montserrat-planas\/wp-content\/uploads\/sites\/212\/2025\/10\/Grupo-Escolar-Generalisimo-Franco-300x183.jpg\" alt=\"\" width=\"361\" height=\"220\" srcset=\"https:\/\/www.memoria.cat\/dolors-martinez-montserrat-planas\/wp-content\/uploads\/sites\/212\/2025\/10\/Grupo-Escolar-Generalisimo-Franco-300x183.jpg 300w, https:\/\/www.memoria.cat\/dolors-martinez-montserrat-planas\/wp-content\/uploads\/sites\/212\/2025\/10\/Grupo-Escolar-Generalisimo-Franco-1024x625.jpg 1024w, https:\/\/www.memoria.cat\/dolors-martinez-montserrat-planas\/wp-content\/uploads\/sites\/212\/2025\/10\/Grupo-Escolar-Generalisimo-Franco-768x469.jpg 768w, https:\/\/www.memoria.cat\/dolors-martinez-montserrat-planas\/wp-content\/uploads\/sites\/212\/2025\/10\/Grupo-Escolar-Generalisimo-Franco.jpg 1200w\" sizes=\"(max-width: 361px) 100vw, 361px\" \/><figcaption id=\"caption-attachment-74395\" class=\"wp-caption-text\">El Grup Escolar Renaixen\u00e7a rebatejat durant el franquisme amb el nom de \u201cGrupo Escolar General\u00edsimo Franco\u201d. Font: memoria.cat<\/figcaption><\/figure>\n<p>Poc temps despr\u00e9s i gr\u00e0cies a la intervenci\u00f3 d\u2019un company del sindicat que coneixia la mare, la Dolors va entrar a l\u2019Institut Llu\u00eds de Peguera. Va haver de fer una prova d\u2019acc\u00e9s que va aprovar, sobretot pel seu excel\u00b7lent nivell en la mat\u00e8ria de Matem\u00e0tiques. De totes maneres, tampoc no va sentir-se acceptada pels mestres i els companys. Molts dies arribava a casa trista.<\/p>\n<p>Al cap d\u2019uns mesos, la Teresa Llassera, antiga mestra de la Montserrat, va obrir una acad\u00e8mia al carrer d\u2019Urgell. La Dolors hi va assistir amb normalitat fins acabar-hi els estudis de Comer\u00e7, dels quals es va examinar a Barcelona amb \u00e8xit. Tenia 15 anys.<\/p>\n<h2>El treball i la integraci\u00f3<\/h2>\n<p>Va comen\u00e7ar a treballar amb el seu cos\u00ed, fill del germ\u00e0 gran de la fam\u00edlia, que tenia un taller mec\u00e0nic. Primer en deien Cal Planas i estava ubicat al carrer de Lleida i, m\u00e9s endavant, es va dir Motriauto, ubicat al carrer de Sobrerroca. Ella hi va treballar a l\u2019oficina, sense estar assegurada.<\/p>\n<p>La Dolors explica que va plorar mesos i mesos desitjant que la seva mare volgu\u00e9s tornar a Simfer\u00f2pol. Se sentia observada pel carrer, sabia que li deien \u201cla russa\u201d i que la gent murmurava quan ella passava. No es va sentir plenament acollida fins que es va casar amb el Josep Boixad\u00e9, la fam\u00edlia del qual la va acceptar plenament.<\/p>\n<figure id=\"attachment_74799\" aria-describedby=\"caption-attachment-74799\" style=\"width: 447px\" class=\"wp-caption aligncenter\"><img decoding=\"async\" class=\" wp-image-74799\" src=\"https:\/\/www.memoria.cat\/dolors-martinez-montserrat-planas\/wp-content\/uploads\/sites\/212\/2025\/10\/12-Fotoamb-Josepb-1-300x225.jpg\" alt=\"\" width=\"447\" height=\"335\" srcset=\"https:\/\/www.memoria.cat\/dolors-martinez-montserrat-planas\/wp-content\/uploads\/sites\/212\/2025\/10\/12-Fotoamb-Josepb-1-300x225.jpg 300w, https:\/\/www.memoria.cat\/dolors-martinez-montserrat-planas\/wp-content\/uploads\/sites\/212\/2025\/10\/12-Fotoamb-Josepb-1-1024x768.jpg 1024w, https:\/\/www.memoria.cat\/dolors-martinez-montserrat-planas\/wp-content\/uploads\/sites\/212\/2025\/10\/12-Fotoamb-Josepb-1-768x576.jpg 768w, https:\/\/www.memoria.cat\/dolors-martinez-montserrat-planas\/wp-content\/uploads\/sites\/212\/2025\/10\/12-Fotoamb-Josepb-1-1536x1152.jpg 1536w, https:\/\/www.memoria.cat\/dolors-martinez-montserrat-planas\/wp-content\/uploads\/sites\/212\/2025\/10\/12-Fotoamb-Josepb-1.jpg 2048w\" sizes=\"(max-width: 447px) 100vw, 447px\" \/><figcaption id=\"caption-attachment-74799\" class=\"wp-caption-text\">Fotografia de la Montserrat Planas i la Dolors Mart\u00ednez amb el seu marit Josep Boixad\u00e9 Bonsfills. Font: Col\u00b7lecci\u00f3 familiar.<\/figcaption><\/figure>\n<p>Va perdre la capacitat de parlar en l\u2019idioma de la seva infantesa, el rus, tot i que l\u2019havia parlat onze anys. Quan va arribar a Manresa, ning\u00fa el parlava. Potser, si hagu\u00e9s anat a viure a Barcelona, hauria tingut m\u00e9s possibilitats de practicar-lo i no l\u2019hauria perdut.<\/p>\n","protected":false},"excerpt":{"rendered":"<p>&nbsp; La Dolors va arribar a Manresa amb 11 anys. Per a ella marxar de l\u2019URSS va ser un fet molt traum\u00e0tic, ja que all\u00e0 hi tenia la seva vida, els seus amics, la seva escola\u2026 i hi havia estat molt feli\u00e7. Entenia perfectament el catal\u00e0 i parlava i entenia el castell\u00e0. L&#8217;escola Pocs dies [&hellip;]<\/p>\n","protected":false},"author":71,"featured_media":0,"parent":0,"menu_order":0,"comment_status":"closed","ping_status":"closed","template":"","meta":{"iawp_total_views":5,"footnotes":""},"class_list":["post-74373","page","type-page","status-publish","hentry"],"_links":{"self":[{"href":"https:\/\/www.memoria.cat\/dolors-martinez-montserrat-planas\/wp-json\/wp\/v2\/pages\/74373","targetHints":{"allow":["GET"]}}],"collection":[{"href":"https:\/\/www.memoria.cat\/dolors-martinez-montserrat-planas\/wp-json\/wp\/v2\/pages"}],"about":[{"href":"https:\/\/www.memoria.cat\/dolors-martinez-montserrat-planas\/wp-json\/wp\/v2\/types\/page"}],"author":[{"embeddable":true,"href":"https:\/\/www.memoria.cat\/dolors-martinez-montserrat-planas\/wp-json\/wp\/v2\/users\/71"}],"replies":[{"embeddable":true,"href":"https:\/\/www.memoria.cat\/dolors-martinez-montserrat-planas\/wp-json\/wp\/v2\/comments?post=74373"}],"version-history":[{"count":8,"href":"https:\/\/www.memoria.cat\/dolors-martinez-montserrat-planas\/wp-json\/wp\/v2\/pages\/74373\/revisions"}],"predecessor-version":[{"id":74800,"href":"https:\/\/www.memoria.cat\/dolors-martinez-montserrat-planas\/wp-json\/wp\/v2\/pages\/74373\/revisions\/74800"}],"wp:attachment":[{"href":"https:\/\/www.memoria.cat\/dolors-martinez-montserrat-planas\/wp-json\/wp\/v2\/media?parent=74373"}],"curies":[{"name":"wp","href":"https:\/\/api.w.org\/{rel}","templated":true}]}}