{"id":74332,"date":"2025-09-29T16:46:06","date_gmt":"2025-09-29T15:46:06","guid":{"rendered":"https:\/\/www.memoria.cat\/dolors-martinez-montserrat-planas\/?page_id=74332"},"modified":"2025-10-23T17:20:08","modified_gmt":"2025-10-23T16:20:08","slug":"la-mort-del-pedro-martinez","status":"publish","type":"page","link":"https:\/\/www.memoria.cat\/dolors-martinez-montserrat-planas\/la-mort-del-pedro-martinez\/","title":{"rendered":"La mort del Pedro Mart\u00ednez"},"content":{"rendered":"<h2>La mort del Pedro Mart\u00ednez<\/h2>\n<p>El Pedro tenia problemes de salut i tenia un nivell de discapacitat important, per la qual cosa la fam\u00edlia rebia un ajut econ\u00f2mic del govern. Ell va intentar arribar a la discapacitat m\u00e0xima sense \u00e8xit. El gener de l\u2019any 1952 va morir a l\u2019hospital on li havien fet una operaci\u00f3 de rony\u00f3. Malauradament, va tenir problemes en una art\u00e8ria pulmonar i no se\u2019n va sortir. Va ser un cop molt dur i van rebre molta solidaritat per part de tothom. La Montserrat va heretar el c\u00e0rrec al partit i va seguir fent les tasques de control i ajut als espanyols de la zona.<\/p>\n<figure id=\"attachment_74802\" aria-describedby=\"caption-attachment-74802\" style=\"width: 409px\" class=\"wp-caption aligncenter\"><img fetchpriority=\"high\" decoding=\"async\" class=\" wp-image-74802\" src=\"https:\/\/www.memoria.cat\/dolors-martinez-montserrat-planas\/wp-content\/uploads\/sites\/212\/2025\/10\/14-CertifDefuncioPedro-3-210x300.jpg\" alt=\"\" width=\"409\" height=\"584\" srcset=\"https:\/\/www.memoria.cat\/dolors-martinez-montserrat-planas\/wp-content\/uploads\/sites\/212\/2025\/10\/14-CertifDefuncioPedro-3-210x300.jpg 210w, https:\/\/www.memoria.cat\/dolors-martinez-montserrat-planas\/wp-content\/uploads\/sites\/212\/2025\/10\/14-CertifDefuncioPedro-3-718x1024.jpg 718w, https:\/\/www.memoria.cat\/dolors-martinez-montserrat-planas\/wp-content\/uploads\/sites\/212\/2025\/10\/14-CertifDefuncioPedro-3-768x1095.jpg 768w, https:\/\/www.memoria.cat\/dolors-martinez-montserrat-planas\/wp-content\/uploads\/sites\/212\/2025\/10\/14-CertifDefuncioPedro-3-1078x1536.jpg 1078w, https:\/\/www.memoria.cat\/dolors-martinez-montserrat-planas\/wp-content\/uploads\/sites\/212\/2025\/10\/14-CertifDefuncioPedro-3-1437x2048.jpg 1437w, https:\/\/www.memoria.cat\/dolors-martinez-montserrat-planas\/wp-content\/uploads\/sites\/212\/2025\/10\/14-CertifDefuncioPedro-3.jpg 1599w\" sizes=\"(max-width: 409px) 100vw, 409px\" \/><figcaption id=\"caption-attachment-74802\" class=\"wp-caption-text\">Certificat de defunci\u00f3 del Pedro Mart\u00ednez. 10\/02\/1952. Font: Col\u00b7lecci\u00f3 familiar.<\/figcaption><\/figure>\n","protected":false},"excerpt":{"rendered":"<p>La mort del Pedro Mart\u00ednez El Pedro tenia problemes de salut i tenia un nivell de discapacitat important, per la qual cosa la fam\u00edlia rebia un ajut econ\u00f2mic del govern. Ell va intentar arribar a la discapacitat m\u00e0xima sense \u00e8xit. El gener de l\u2019any 1952 va morir a l\u2019hospital on li havien fet una operaci\u00f3 [&hellip;]<\/p>\n","protected":false},"author":71,"featured_media":0,"parent":0,"menu_order":0,"comment_status":"closed","ping_status":"closed","template":"","meta":{"iawp_total_views":7,"footnotes":""},"class_list":["post-74332","page","type-page","status-publish","hentry"],"_links":{"self":[{"href":"https:\/\/www.memoria.cat\/dolors-martinez-montserrat-planas\/wp-json\/wp\/v2\/pages\/74332","targetHints":{"allow":["GET"]}}],"collection":[{"href":"https:\/\/www.memoria.cat\/dolors-martinez-montserrat-planas\/wp-json\/wp\/v2\/pages"}],"about":[{"href":"https:\/\/www.memoria.cat\/dolors-martinez-montserrat-planas\/wp-json\/wp\/v2\/types\/page"}],"author":[{"embeddable":true,"href":"https:\/\/www.memoria.cat\/dolors-martinez-montserrat-planas\/wp-json\/wp\/v2\/users\/71"}],"replies":[{"embeddable":true,"href":"https:\/\/www.memoria.cat\/dolors-martinez-montserrat-planas\/wp-json\/wp\/v2\/comments?post=74332"}],"version-history":[{"count":9,"href":"https:\/\/www.memoria.cat\/dolors-martinez-montserrat-planas\/wp-json\/wp\/v2\/pages\/74332\/revisions"}],"predecessor-version":[{"id":74803,"href":"https:\/\/www.memoria.cat\/dolors-martinez-montserrat-planas\/wp-json\/wp\/v2\/pages\/74332\/revisions\/74803"}],"wp:attachment":[{"href":"https:\/\/www.memoria.cat\/dolors-martinez-montserrat-planas\/wp-json\/wp\/v2\/media?parent=74332"}],"curies":[{"name":"wp","href":"https:\/\/api.w.org\/{rel}","templated":true}]}}