{"id":74329,"date":"2025-09-29T16:43:53","date_gmt":"2025-09-29T15:43:53","guid":{"rendered":"https:\/\/www.memoria.cat\/dolors-martinez-montserrat-planas\/?page_id=74329"},"modified":"2025-10-24T17:02:24","modified_gmt":"2025-10-24T16:02:24","slug":"lescola-les-colonies","status":"publish","type":"page","link":"https:\/\/www.memoria.cat\/dolors-martinez-montserrat-planas\/lescola-les-colonies\/","title":{"rendered":"L&#8217;escola. Les col\u00f2nies."},"content":{"rendered":"<h2>L\u2019Escola<\/h2>\n<p>L\u2019escola tamb\u00e9 els la proporcionava el partit i era gratu\u00efta. La Dolors va assistir primer a l\u2019escola dels petits, de 3 a 5 anys i, m\u00e9s endavant, a l\u2019escola dels pioners, de 6 a 14 anys.<\/p>\n<p>Pel que fa al l\u2019escola dels petits, en t\u00e9 molt bons records. Era mixta amb uns 15 nens per classe. L\u2019espai era ampli, ple de materials per jugar, encara que el mobiliari era senzill. Recorda que jugaven molt i feien gimn\u00e0stica, dansa i m\u00fasica. Tamb\u00e9 els ensenyaven les lletres i els n\u00fameros. Portaven una bata que els proporcionava l\u2019escola. S\u2019hi quedaven a dinar, i els servien una sopa molt bona, anomenada borsh, feta amb remolatxa, pastanaga, patata i col i, a vegades, tamb\u00e9 hi havia trossos de carn. Tamb\u00e9 els donaven cansalada fregida. Recorda jugar al pati i fer-hi gimn\u00e0stica, una mat\u00e8ria a la qual es donava molta import\u00e0ncia.<\/p>\n<figure id=\"attachment_74788\" aria-describedby=\"caption-attachment-74788\" style=\"width: 523px\" class=\"wp-caption aligncenter\"><img fetchpriority=\"high\" decoding=\"async\" class=\" wp-image-74788\" src=\"https:\/\/www.memoria.cat\/dolors-martinez-montserrat-planas\/wp-content\/uploads\/sites\/212\/2025\/10\/6-ImatgeClasseInfantilb-1-300x200.jpg\" alt=\"\" width=\"523\" height=\"348\" srcset=\"https:\/\/www.memoria.cat\/dolors-martinez-montserrat-planas\/wp-content\/uploads\/sites\/212\/2025\/10\/6-ImatgeClasseInfantilb-1-300x200.jpg 300w, https:\/\/www.memoria.cat\/dolors-martinez-montserrat-planas\/wp-content\/uploads\/sites\/212\/2025\/10\/6-ImatgeClasseInfantilb-1-768x512.jpg 768w, https:\/\/www.memoria.cat\/dolors-martinez-montserrat-planas\/wp-content\/uploads\/sites\/212\/2025\/10\/6-ImatgeClasseInfantilb-1.jpg 942w\" sizes=\"(max-width: 523px) 100vw, 523px\" \/><figcaption id=\"caption-attachment-74788\" class=\"wp-caption-text\">Foto de la classe de la Dolors a l&#8217;escola prim\u00e0ria. Simfer\u00f2pol. Font: Col\u00b7lecci\u00f3 familiar.<\/figcaption><\/figure>\n<p>&nbsp;<\/p>\n<figure id=\"attachment_74808\" aria-describedby=\"caption-attachment-74808\" style=\"width: 531px\" class=\"wp-caption aligncenter\"><img decoding=\"async\" class=\" wp-image-74808\" src=\"https:\/\/www.memoria.cat\/dolors-martinez-montserrat-planas\/wp-content\/uploads\/sites\/212\/2025\/10\/InformeEscolaPrim__riaD-300x130.jpg\" alt=\"\" width=\"531\" height=\"230\" srcset=\"https:\/\/www.memoria.cat\/dolors-martinez-montserrat-planas\/wp-content\/uploads\/sites\/212\/2025\/10\/InformeEscolaPrim__riaD-300x130.jpg 300w, https:\/\/www.memoria.cat\/dolors-martinez-montserrat-planas\/wp-content\/uploads\/sites\/212\/2025\/10\/InformeEscolaPrim__riaD-1024x443.jpg 1024w, https:\/\/www.memoria.cat\/dolors-martinez-montserrat-planas\/wp-content\/uploads\/sites\/212\/2025\/10\/InformeEscolaPrim__riaD-768x332.jpg 768w, https:\/\/www.memoria.cat\/dolors-martinez-montserrat-planas\/wp-content\/uploads\/sites\/212\/2025\/10\/InformeEscolaPrim__riaD-1536x664.jpg 1536w, https:\/\/www.memoria.cat\/dolors-martinez-montserrat-planas\/wp-content\/uploads\/sites\/212\/2025\/10\/InformeEscolaPrim__riaD.jpg 1547w\" sizes=\"(max-width: 531px) 100vw, 531px\" \/><figcaption id=\"caption-attachment-74808\" class=\"wp-caption-text\">Informa d&#8217;avaluaci\u00f3 de la Dolors escrit per la seva mestra i enviada a casa. Diu que ha treballat molt b\u00e9 i que els resultats obtinguts s\u00f3n molt bons. Font: Col\u00b7lecci\u00f3 familiar.<\/figcaption><\/figure>\n<p>L\u2019escola dels pioners era m\u00e9s gran i estava ubicada en un edifici de fusta molt antic. Tamb\u00e9 s\u2019hi quedaven a dinar, i recorda que el menjar era bo: gaireb\u00e9 sempre hi havia carn de porc i borsh. Era mixta i hi havia uns 25 alumnes per classe. S\u2019hi impartien totes les mat\u00e8ries convencionals, tot i que recorda treballar molt les matem\u00e0tiques, la m\u00fasica, la dansa i la gimn\u00e0stica.<\/p>\n<figure id=\"attachment_74789\" aria-describedby=\"caption-attachment-74789\" style=\"width: 452px\" class=\"wp-caption aligncenter\"><img decoding=\"async\" class=\" wp-image-74789\" src=\"https:\/\/www.memoria.cat\/dolors-martinez-montserrat-planas\/wp-content\/uploads\/sites\/212\/2025\/10\/5-Educaci__F__sicab-1-300x198.jpg\" alt=\"\" width=\"452\" height=\"298\" srcset=\"https:\/\/www.memoria.cat\/dolors-martinez-montserrat-planas\/wp-content\/uploads\/sites\/212\/2025\/10\/5-Educaci__F__sicab-1-300x198.jpg 300w, https:\/\/www.memoria.cat\/dolors-martinez-montserrat-planas\/wp-content\/uploads\/sites\/212\/2025\/10\/5-Educaci__F__sicab-1-1024x677.jpg 1024w, https:\/\/www.memoria.cat\/dolors-martinez-montserrat-planas\/wp-content\/uploads\/sites\/212\/2025\/10\/5-Educaci__F__sicab-1-768x508.jpg 768w, https:\/\/www.memoria.cat\/dolors-martinez-montserrat-planas\/wp-content\/uploads\/sites\/212\/2025\/10\/5-Educaci__F__sicab-1.jpg 1364w\" sizes=\"(max-width: 452px) 100vw, 452px\" \/><figcaption id=\"caption-attachment-74789\" class=\"wp-caption-text\">Fent classe de M\u00fasica. Font: Col\u00b7lecci\u00f3 familiar.<\/figcaption><\/figure>\n<p>Pel que fa a la m\u00fasica, podien triar l\u2019instrument i ella va escollir el piano. Utilitzaven llibres de text, dels quals en conserva un de gram\u00e0tica. No hi havia cap mat\u00e8ria dedicada espec\u00edficament a ensenyar pol\u00edtica, aquests temes s\u2019inclo\u00efen dins la mat\u00e8ria d\u2019Hist\u00f2ria. Recorda que es parlava molt del comunisme i de Stalin. La mat\u00e8ria de religi\u00f3 no existia.<\/p>\n<p>Recorda sortir al pati per fer molt esport i tamb\u00e9 assajar-hi taules gimn\u00e0stiques. En el seu temps lliure, a m\u00e9s de jugar amb els amics, tamb\u00e9 feia refor\u00e7 extraescolar;\u00a0 tenia dos professors particulars, un de piano, d\u2019origen espanyol, que es deia Cabestany, i una professora de castell\u00e0. El catal\u00e0 li ensenyava la seva mare.<\/p>\n<p>Tamb\u00e9 recorda participar en espectacles que s\u2019organitzaven pels pares. Hi havia un fort sentiment de comunitat escolar. Li agradava molt l\u2019escola, i hi era molt feli\u00e7. Gaireb\u00e9 un cop per setmana els portaven a veure teatre, a escoltar concerts de m\u00fasica o a espectacles de dansa.<\/p>\n<h2>Les Col\u00f2nies<\/h2>\n<p>Per\u00f2, els records m\u00e9s intensos i feli\u00e7os els guarda del temps que dedicaven als campaments o \u00a0col\u00f2nies escolars. Es realitzaven durant uns quinze dies despr\u00e9s d\u2019acabar el curs, al juny. Els mateixos professors de l\u2019escola n\u2019eren els organitzadors. Anaven a Odessa, a Ialta o a algun kholhoz de Crimea. Treballaven l\u2019autonomia individual i el treball en equip, es banyaven al mar, feien molta gimn\u00e0stica i s\u2019ho passaven molt b\u00e9.<\/p>\n<figure id=\"attachment_74790\" aria-describedby=\"caption-attachment-74790\" style=\"width: 428px\" class=\"wp-caption aligncenter\"><img loading=\"lazy\" decoding=\"async\" class=\" wp-image-74790\" src=\"https:\/\/www.memoria.cat\/dolors-martinez-montserrat-planas\/wp-content\/uploads\/sites\/212\/2025\/10\/1-A-col__nies1b-1-300x155.jpg\" alt=\"\" width=\"428\" height=\"221\" srcset=\"https:\/\/www.memoria.cat\/dolors-martinez-montserrat-planas\/wp-content\/uploads\/sites\/212\/2025\/10\/1-A-col__nies1b-1-300x155.jpg 300w, https:\/\/www.memoria.cat\/dolors-martinez-montserrat-planas\/wp-content\/uploads\/sites\/212\/2025\/10\/1-A-col__nies1b-1-1024x528.jpg 1024w, https:\/\/www.memoria.cat\/dolors-martinez-montserrat-planas\/wp-content\/uploads\/sites\/212\/2025\/10\/1-A-col__nies1b-1-768x396.jpg 768w, https:\/\/www.memoria.cat\/dolors-martinez-montserrat-planas\/wp-content\/uploads\/sites\/212\/2025\/10\/1-A-col__nies1b-1.jpg 1397w\" sizes=\"(max-width: 428px) 100vw, 428px\" \/><figcaption id=\"caption-attachment-74790\" class=\"wp-caption-text\">Fotografia d&#8217;un grup d&#8217;escolars a les col\u00f2nies d&#8217;estiu. Font: Col\u00b7lecci\u00f3 familiar.<\/figcaption><\/figure>\n<figure id=\"attachment_74791\" aria-describedby=\"caption-attachment-74791\" style=\"width: 415px\" class=\"wp-caption aligncenter\"><img loading=\"lazy\" decoding=\"async\" class=\" wp-image-74791\" src=\"https:\/\/www.memoria.cat\/dolors-martinez-montserrat-planas\/wp-content\/uploads\/sites\/212\/2025\/10\/2-A-les-col__nies-2b-1-300x242.jpg\" alt=\"\" width=\"415\" height=\"334\" srcset=\"https:\/\/www.memoria.cat\/dolors-martinez-montserrat-planas\/wp-content\/uploads\/sites\/212\/2025\/10\/2-A-les-col__nies-2b-1-300x242.jpg 300w, https:\/\/www.memoria.cat\/dolors-martinez-montserrat-planas\/wp-content\/uploads\/sites\/212\/2025\/10\/2-A-les-col__nies-2b-1-768x619.jpg 768w, https:\/\/www.memoria.cat\/dolors-martinez-montserrat-planas\/wp-content\/uploads\/sites\/212\/2025\/10\/2-A-les-col__nies-2b-1.jpg 875w\" sizes=\"(max-width: 415px) 100vw, 415px\" \/><figcaption id=\"caption-attachment-74791\" class=\"wp-caption-text\">Fent Educaci\u00f3 F\u00edsica a les col\u00f2nies d&#8217;estiu. Font: Col\u00b7lecci\u00f3 familiar.<\/figcaption><\/figure>\n<figure id=\"attachment_74792\" aria-describedby=\"caption-attachment-74792\" style=\"width: 407px\" class=\"wp-caption aligncenter\"><img loading=\"lazy\" decoding=\"async\" class=\" wp-image-74792\" src=\"https:\/\/www.memoria.cat\/dolors-martinez-montserrat-planas\/wp-content\/uploads\/sites\/212\/2025\/10\/3-A-les-col__nies-3b-1-300x223.jpg\" alt=\"\" width=\"407\" height=\"303\" srcset=\"https:\/\/www.memoria.cat\/dolors-martinez-montserrat-planas\/wp-content\/uploads\/sites\/212\/2025\/10\/3-A-les-col__nies-3b-1-300x223.jpg 300w, https:\/\/www.memoria.cat\/dolors-martinez-montserrat-planas\/wp-content\/uploads\/sites\/212\/2025\/10\/3-A-les-col__nies-3b-1-768x570.jpg 768w, https:\/\/www.memoria.cat\/dolors-martinez-montserrat-planas\/wp-content\/uploads\/sites\/212\/2025\/10\/3-A-les-col__nies-3b-1.jpg 871w\" sizes=\"(max-width: 407px) 100vw, 407px\" \/><figcaption id=\"caption-attachment-74792\" class=\"wp-caption-text\">Fotografia del dormitori amb els nens a punt d&#8217;anar a dormir en les col\u00f2nies escolars d&#8217;estiu, Font: Col\u00b7lecci\u00f3 familiar.<\/figcaption><\/figure>\n","protected":false},"excerpt":{"rendered":"<p>L\u2019Escola L\u2019escola tamb\u00e9 els la proporcionava el partit i era gratu\u00efta. La Dolors va assistir primer a l\u2019escola dels petits, de 3 a 5 anys i, m\u00e9s endavant, a l\u2019escola dels pioners, de 6 a 14 anys. Pel que fa al l\u2019escola dels petits, en t\u00e9 molt bons records. Era mixta amb uns 15 nens [&hellip;]<\/p>\n","protected":false},"author":71,"featured_media":0,"parent":0,"menu_order":0,"comment_status":"closed","ping_status":"closed","template":"","meta":{"iawp_total_views":9,"footnotes":""},"class_list":["post-74329","page","type-page","status-publish","hentry"],"_links":{"self":[{"href":"https:\/\/www.memoria.cat\/dolors-martinez-montserrat-planas\/wp-json\/wp\/v2\/pages\/74329","targetHints":{"allow":["GET"]}}],"collection":[{"href":"https:\/\/www.memoria.cat\/dolors-martinez-montserrat-planas\/wp-json\/wp\/v2\/pages"}],"about":[{"href":"https:\/\/www.memoria.cat\/dolors-martinez-montserrat-planas\/wp-json\/wp\/v2\/types\/page"}],"author":[{"embeddable":true,"href":"https:\/\/www.memoria.cat\/dolors-martinez-montserrat-planas\/wp-json\/wp\/v2\/users\/71"}],"replies":[{"embeddable":true,"href":"https:\/\/www.memoria.cat\/dolors-martinez-montserrat-planas\/wp-json\/wp\/v2\/comments?post=74329"}],"version-history":[{"count":17,"href":"https:\/\/www.memoria.cat\/dolors-martinez-montserrat-planas\/wp-json\/wp\/v2\/pages\/74329\/revisions"}],"predecessor-version":[{"id":74809,"href":"https:\/\/www.memoria.cat\/dolors-martinez-montserrat-planas\/wp-json\/wp\/v2\/pages\/74329\/revisions\/74809"}],"wp:attachment":[{"href":"https:\/\/www.memoria.cat\/dolors-martinez-montserrat-planas\/wp-json\/wp\/v2\/media?parent=74329"}],"curies":[{"name":"wp","href":"https:\/\/api.w.org\/{rel}","templated":true}]}}