{"id":74326,"date":"2025-09-29T16:42:29","date_gmt":"2025-09-29T15:42:29","guid":{"rendered":"https:\/\/www.memoria.cat\/dolors-martinez-montserrat-planas\/?page_id=74326"},"modified":"2025-11-03T06:19:23","modified_gmt":"2025-11-03T05:19:23","slug":"la-casa-on-vivien-la-vida-quotidiana","status":"publish","type":"page","link":"https:\/\/www.memoria.cat\/dolors-martinez-montserrat-planas\/la-casa-on-vivien-la-vida-quotidiana\/","title":{"rendered":"La casa on vivien. La vida quotidiana"},"content":{"rendered":"<p>&nbsp;<\/p>\n<h2>La casa on vivien<\/h2>\n<p>La fam\u00edlia vivia en un complex de cases adossades de fusta, de dos pisos d\u2019al\u00e7ada. Ells vivien al pis de dalt. Constava de dues habitacions i una cuina, que alhora era la sala d\u2019estar. Les cases feien un cercle amb un gran pati interior i al mig hi havia els lavabos comunitaris. Aquests pisos els els proporcionava el PCUS i no havien de pagar ni lloguer, ni llum, ni gas, ni aigua.<\/p>\n<p>Quan la Dolors tenia tres anys, va patir un accident a causa d\u2019un fogonet de petroli que va provocar \u00a0un incendi a casa. Va ser un gran ensurt per a tothom.<\/p>\n<p>Recorda jugar amb unes nines que tenien el cap de fusta i el cos i el vestit els havien de confeccionar les mares. Ella, encara, en conserva una, que es diu Katiuska. Tamb\u00e9 recorda baixar al pati del complex a jugar amb altres nens, a saltar a corda i a la xarranca. A l\u2019hivern, feia molt fred i nevava for\u00e7a.<\/p>\n<p>Al complex eren els \u00fanics espanyols. La pol\u00edtica del govern consistia a distribuir els refugiats per diferents barris i zones rurals per evitar la creaci\u00f3 de guetos.<\/p>\n<figure id=\"attachment_74783\" aria-describedby=\"caption-attachment-74783\" style=\"width: 352px\" class=\"wp-caption aligncenter\"><img fetchpriority=\"high\" decoding=\"async\" class=\" wp-image-74783\" src=\"https:\/\/www.memoria.cat\/dolors-martinez-montserrat-planas\/wp-content\/uploads\/sites\/212\/2025\/10\/3-DolorsiMontserratPlatja1949b-1-300x198.jpg\" alt=\"\" width=\"352\" height=\"232\" srcset=\"https:\/\/www.memoria.cat\/dolors-martinez-montserrat-planas\/wp-content\/uploads\/sites\/212\/2025\/10\/3-DolorsiMontserratPlatja1949b-1-300x198.jpg 300w, https:\/\/www.memoria.cat\/dolors-martinez-montserrat-planas\/wp-content\/uploads\/sites\/212\/2025\/10\/3-DolorsiMontserratPlatja1949b-1-768x507.jpg 768w, https:\/\/www.memoria.cat\/dolors-martinez-montserrat-planas\/wp-content\/uploads\/sites\/212\/2025\/10\/3-DolorsiMontserratPlatja1949b-1.jpg 887w\" sizes=\"(max-width: 352px) 100vw, 352px\" \/><figcaption id=\"caption-attachment-74783\" class=\"wp-caption-text\">La Montserrat Planas i la Dolors Mart\u00ednez a la platja. Any 1949. Font: Col\u00b7lecci\u00f3 familiar.<\/figcaption><\/figure>\n<figure id=\"attachment_74785\" aria-describedby=\"caption-attachment-74785\" style=\"width: 267px\" class=\"wp-caption aligncenter\"><img decoding=\"async\" class=\" wp-image-74785\" src=\"https:\/\/www.memoria.cat\/dolors-martinez-montserrat-planas\/wp-content\/uploads\/sites\/212\/2025\/10\/7-DolorsKatiuska1951b2-201x300.jpg\" alt=\"\" width=\"267\" height=\"399\" srcset=\"https:\/\/www.memoria.cat\/dolors-martinez-montserrat-planas\/wp-content\/uploads\/sites\/212\/2025\/10\/7-DolorsKatiuska1951b2-201x300.jpg 201w, https:\/\/www.memoria.cat\/dolors-martinez-montserrat-planas\/wp-content\/uploads\/sites\/212\/2025\/10\/7-DolorsKatiuska1951b2-687x1024.jpg 687w, https:\/\/www.memoria.cat\/dolors-martinez-montserrat-planas\/wp-content\/uploads\/sites\/212\/2025\/10\/7-DolorsKatiuska1951b2-768x1145.jpg 768w, https:\/\/www.memoria.cat\/dolors-martinez-montserrat-planas\/wp-content\/uploads\/sites\/212\/2025\/10\/7-DolorsKatiuska1951b2.jpg 897w\" sizes=\"(max-width: 267px) 100vw, 267px\" \/><figcaption id=\"caption-attachment-74785\" class=\"wp-caption-text\">La Dolors Mart\u00ednez amb la seva nina Katiuska. Any 1951. Font: Col\u00b7lecci\u00f3 familiar<\/figcaption><\/figure>\n<h2>La vida quotidiana<\/h2>\n<p>A casa no patien pen\u00faries, per\u00f2 tampoc gaudien de luxes. La Dolors recorda portar l\u2019esmorzar a l\u2019escola amb pa blanc i veure com altres nenes menjaven pa negre, i li demanaven que els el deix\u00e9s tastar. Com que els pares tenien c\u00e0rrecs pol\u00edtics, rebien moltes visites i, normalment, a cada visita els feien obsequis, que solien ser quelcom de menjar. Conserva records molt feli\u00e7os amb la fam\u00edlia, encara que el pare sovint havia de marxar de viatge per la regi\u00f3 visitant barris i <em>kholhozos<\/em> on hi havia espanyols.<\/p>\n<p>Celebraven intensament dues festes a l\u2019any: la de Cap d\u2019Any i la de la primavera. De la de Cap d\u2019Any recorda un ambient \u201cnadalenc\u201d, amb molts arbres adornats i tot ple de neu. A la primavera feien la festa dels lil\u00e0s.<\/p>\n<figure id=\"attachment_74786\" aria-describedby=\"caption-attachment-74786\" style=\"width: 349px\" class=\"wp-caption aligncenter\"><img decoding=\"async\" class=\" wp-image-74786\" src=\"https:\/\/www.memoria.cat\/dolors-martinez-montserrat-planas\/wp-content\/uploads\/sites\/212\/2025\/10\/4-ElNadal1b-1-197x300.jpg\" alt=\"\" width=\"349\" height=\"531\" srcset=\"https:\/\/www.memoria.cat\/dolors-martinez-montserrat-planas\/wp-content\/uploads\/sites\/212\/2025\/10\/4-ElNadal1b-1-197x300.jpg 197w, https:\/\/www.memoria.cat\/dolors-martinez-montserrat-planas\/wp-content\/uploads\/sites\/212\/2025\/10\/4-ElNadal1b-1.jpg 904w\" sizes=\"(max-width: 349px) 100vw, 349px\" \/><figcaption id=\"caption-attachment-74786\" class=\"wp-caption-text\">Fotografia de la Dolors amb un company i dues companyes durant la festa de Cap d&#8217;Any. Font: Col\u00b7lecci\u00f3 familiar.<\/figcaption><\/figure>\n<p>&nbsp;<\/p>\n<figure id=\"attachment_74810\" aria-describedby=\"caption-attachment-74810\" style=\"width: 572px\" class=\"wp-caption aligncenter\"><img loading=\"lazy\" decoding=\"async\" class=\" wp-image-74810\" src=\"https:\/\/www.memoria.cat\/dolors-martinez-montserrat-planas\/wp-content\/uploads\/sites\/212\/2025\/10\/TargetaFarbre1-300x148.jpg\" alt=\"\" width=\"572\" height=\"282\" srcset=\"https:\/\/www.memoria.cat\/dolors-martinez-montserrat-planas\/wp-content\/uploads\/sites\/212\/2025\/10\/TargetaFarbre1-300x148.jpg 300w, https:\/\/www.memoria.cat\/dolors-martinez-montserrat-planas\/wp-content\/uploads\/sites\/212\/2025\/10\/TargetaFarbre1-1024x504.jpg 1024w, https:\/\/www.memoria.cat\/dolors-martinez-montserrat-planas\/wp-content\/uploads\/sites\/212\/2025\/10\/TargetaFarbre1-768x378.jpg 768w, https:\/\/www.memoria.cat\/dolors-martinez-montserrat-planas\/wp-content\/uploads\/sites\/212\/2025\/10\/TargetaFarbre1-1536x756.jpg 1536w, https:\/\/www.memoria.cat\/dolors-martinez-montserrat-planas\/wp-content\/uploads\/sites\/212\/2025\/10\/TargetaFarbre1.jpg 1566w\" sizes=\"(max-width: 572px) 100vw, 572px\" \/><figcaption id=\"caption-attachment-74810\" class=\"wp-caption-text\">Targeta elaborada a l&#8217;escola per la festa de arbre. Font: Col\u00b7lecci\u00f3 familiar.<\/figcaption><\/figure>\n","protected":false},"excerpt":{"rendered":"<p>&nbsp; La casa on vivien La fam\u00edlia vivia en un complex de cases adossades de fusta, de dos pisos d\u2019al\u00e7ada. Ells vivien al pis de dalt. Constava de dues habitacions i una cuina, que alhora era la sala d\u2019estar. Les cases feien un cercle amb un gran pati interior i al mig hi havia els [&hellip;]<\/p>\n","protected":false},"author":71,"featured_media":0,"parent":0,"menu_order":0,"comment_status":"closed","ping_status":"closed","template":"","meta":{"iawp_total_views":10,"footnotes":""},"class_list":["post-74326","page","type-page","status-publish","hentry"],"_links":{"self":[{"href":"https:\/\/www.memoria.cat\/dolors-martinez-montserrat-planas\/wp-json\/wp\/v2\/pages\/74326","targetHints":{"allow":["GET"]}}],"collection":[{"href":"https:\/\/www.memoria.cat\/dolors-martinez-montserrat-planas\/wp-json\/wp\/v2\/pages"}],"about":[{"href":"https:\/\/www.memoria.cat\/dolors-martinez-montserrat-planas\/wp-json\/wp\/v2\/types\/page"}],"author":[{"embeddable":true,"href":"https:\/\/www.memoria.cat\/dolors-martinez-montserrat-planas\/wp-json\/wp\/v2\/users\/71"}],"replies":[{"embeddable":true,"href":"https:\/\/www.memoria.cat\/dolors-martinez-montserrat-planas\/wp-json\/wp\/v2\/comments?post=74326"}],"version-history":[{"count":14,"href":"https:\/\/www.memoria.cat\/dolors-martinez-montserrat-planas\/wp-json\/wp\/v2\/pages\/74326\/revisions"}],"predecessor-version":[{"id":74833,"href":"https:\/\/www.memoria.cat\/dolors-martinez-montserrat-planas\/wp-json\/wp\/v2\/pages\/74326\/revisions\/74833"}],"wp:attachment":[{"href":"https:\/\/www.memoria.cat\/dolors-martinez-montserrat-planas\/wp-json\/wp\/v2\/media?parent=74326"}],"curies":[{"name":"wp","href":"https:\/\/api.w.org\/{rel}","templated":true}]}}