{"id":74282,"date":"2025-09-26T17:22:32","date_gmt":"2025-09-26T16:22:32","guid":{"rendered":"https:\/\/www.memoria.cat\/dolors-martinez-montserrat-planas\/?page_id=74282"},"modified":"2025-10-16T18:48:29","modified_gmt":"2025-10-16T17:48:29","slug":"jarkiv-podolsk-moscou","status":"publish","type":"page","link":"https:\/\/www.memoria.cat\/dolors-martinez-montserrat-planas\/jarkiv-podolsk-moscou\/","title":{"rendered":"Leningrad-J\u00e0rkiv-Podolsk-Moscou"},"content":{"rendered":"<p>&nbsp;<\/p>\n<h2>Leningrad<\/h2>\n<p>En arribar a Leningrad, els va rebre una multitud que onejava mocadors blancs i banderes comunistes, de manera festiva, amb m\u00fasica i discursos de les autoritats russes. Van tenir una rebuda apote\u00f2sica com a herois de la lluita antifeixista. Se\u2019ls va facilitar roba, allotjament i assist\u00e8ncia m\u00e8dica; es van \u00a0fer revisions, \u00a0es van atendre els malalts i, si calia, es van hospitalitzar \u00a0i se\u2019ls va donar \u00a0medicaci\u00f3.<\/p>\n<h2>J\u00e0rkiv-Podolsk-Moscou<\/h2>\n<p>Al cap de pocs dies de l\u2019arribada a Leningrad, els van fer pujar a un tren per viatjar cap al sud, \u00a0fins a la ciutat de J\u00e0rkiv, a l\u2019est d\u2019Ucra\u00efna. Va ser un viatge de m\u00e9s de 1.900 km durant el qual van poder tenir una imatge del m\u00f3n rural sovi\u00e8tic i es van adonar de la gran pobresa que el caracteritzava, la senzillesa dels habitatges, dels vestits, les racions de menjar pobres i poc variades\u2026<\/p>\n<p>Un cop arribats a J\u00e0rkiv, a la majoria dels espanyols els portaven a fer una estada d\u2019un parell de mesos a Cases de Rep\u00f2s dels Sindicats Sovi\u00e8tics (gaireb\u00e9 totes situades a Zanki, a 60 quil\u00f2metres de J\u00e0rkiv). Despr\u00e9s, a la Montserrat li van assignar un allotjament a la ciutat i va comen\u00e7ar a treballar a la ind\u00fastria metal\u00b7l\u00fargica, fabricant armament per a l\u2019ex\u00e8rcit. J\u00e0rkiv era la cinquena ciutat industrial de l\u2019URSS darrera de Moscou, Leningrad, Stalingrad i K\u00ediv. Des del principi, la Montserrat va sol\u00b7licitar treballar a la ind\u00fastria t\u00e8xtil, sector que coneixia m\u00e9s b\u00e9, per\u00f2 no ho va aconseguir.<\/p>\n<p>El Pedro tamb\u00e9 va viure a J\u00e0rkiv, treballant a la ind\u00fastria de la guerra. El juliol del 1939 van enviar la Montserrat a la ciutat de Poddolsk, a les rodalies de Moscou, on va viure poques setmanes fins que la van traslladar a la mateixa capital. All\u00e0, el Pedro i la Montserrat van iniciar la seva relaci\u00f3.<\/p>\n<p>Finalment, a la capital ella va aconseguir canviar de feina i anar a treballar a una f\u00e0brica de llanes. La Montserrat recordava especialment el fred que va patir aquell hivern a Moscou, molt m\u00e9s dur i diferent dels hiverns mediterranis.<\/p>\n<figure id=\"attachment_74295\" aria-describedby=\"caption-attachment-74295\" style=\"width: 450px\" class=\"wp-caption aligncenter\"><img fetchpriority=\"high\" decoding=\"async\" class=\" wp-image-74295\" src=\"https:\/\/www.memoria.cat\/dolors-martinez-montserrat-planas\/wp-content\/uploads\/sites\/212\/2025\/09\/Placa-Roja-Moscou-300x209.jpg\" alt=\"\" width=\"450\" height=\"314\" srcset=\"https:\/\/www.memoria.cat\/dolors-martinez-montserrat-planas\/wp-content\/uploads\/sites\/212\/2025\/09\/Placa-Roja-Moscou-300x209.jpg 300w, https:\/\/www.memoria.cat\/dolors-martinez-montserrat-planas\/wp-content\/uploads\/sites\/212\/2025\/09\/Placa-Roja-Moscou-1024x712.jpg 1024w, https:\/\/www.memoria.cat\/dolors-martinez-montserrat-planas\/wp-content\/uploads\/sites\/212\/2025\/09\/Placa-Roja-Moscou-768x534.jpg 768w, https:\/\/www.memoria.cat\/dolors-martinez-montserrat-planas\/wp-content\/uploads\/sites\/212\/2025\/09\/Placa-Roja-Moscou.jpg 1142w\" sizes=\"(max-width: 450px) 100vw, 450px\" \/><figcaption id=\"caption-attachment-74295\" class=\"wp-caption-text\">Pla\u00e7a Roja de Moscou. Postal rebuda per la Dolors Mart\u00ednez des de l&#8217;URSS. Font: Col\u00b7lecci\u00f3 familiar.<\/figcaption><\/figure>\n","protected":false},"excerpt":{"rendered":"<p>&nbsp; Leningrad En arribar a Leningrad, els va rebre una multitud que onejava mocadors blancs i banderes comunistes, de manera festiva, amb m\u00fasica i discursos de les autoritats russes. Van tenir una rebuda apote\u00f2sica com a herois de la lluita antifeixista. Se\u2019ls va facilitar roba, allotjament i assist\u00e8ncia m\u00e8dica; es van \u00a0fer revisions, \u00a0es van [&hellip;]<\/p>\n","protected":false},"author":71,"featured_media":0,"parent":0,"menu_order":0,"comment_status":"closed","ping_status":"closed","template":"","meta":{"iawp_total_views":8,"footnotes":""},"class_list":["post-74282","page","type-page","status-publish","hentry"],"_links":{"self":[{"href":"https:\/\/www.memoria.cat\/dolors-martinez-montserrat-planas\/wp-json\/wp\/v2\/pages\/74282","targetHints":{"allow":["GET"]}}],"collection":[{"href":"https:\/\/www.memoria.cat\/dolors-martinez-montserrat-planas\/wp-json\/wp\/v2\/pages"}],"about":[{"href":"https:\/\/www.memoria.cat\/dolors-martinez-montserrat-planas\/wp-json\/wp\/v2\/types\/page"}],"author":[{"embeddable":true,"href":"https:\/\/www.memoria.cat\/dolors-martinez-montserrat-planas\/wp-json\/wp\/v2\/users\/71"}],"replies":[{"embeddable":true,"href":"https:\/\/www.memoria.cat\/dolors-martinez-montserrat-planas\/wp-json\/wp\/v2\/comments?post=74282"}],"version-history":[{"count":6,"href":"https:\/\/www.memoria.cat\/dolors-martinez-montserrat-planas\/wp-json\/wp\/v2\/pages\/74282\/revisions"}],"predecessor-version":[{"id":74650,"href":"https:\/\/www.memoria.cat\/dolors-martinez-montserrat-planas\/wp-json\/wp\/v2\/pages\/74282\/revisions\/74650"}],"wp:attachment":[{"href":"https:\/\/www.memoria.cat\/dolors-martinez-montserrat-planas\/wp-json\/wp\/v2\/media?parent=74282"}],"curies":[{"name":"wp","href":"https:\/\/api.w.org\/{rel}","templated":true}]}}