{"id":74239,"date":"2025-09-19T16:27:08","date_gmt":"2025-09-19T15:27:08","guid":{"rendered":"https:\/\/www.memoria.cat\/dolors-martinez-montserrat-planas\/?page_id=74239"},"modified":"2025-11-03T06:23:00","modified_gmt":"2025-11-03T05:23:00","slug":"cronologia-comparada-familia-catalunya-mon","status":"publish","type":"page","link":"https:\/\/www.memoria.cat\/dolors-martinez-montserrat-planas\/cronologia-comparada-familia-catalunya-mon\/","title":{"rendered":"CRONOLOGIA COMPARADA FAM\u00cdLIA-CATALUNYA-M\u00d3N"},"content":{"rendered":"<p>CRONOLOGIA COMPARADA: Hist\u00f2ria Familiar- Catalunya, Espanya, M\u00f3n<\/p>\n<table width=\"99%\">\n<tbody>\n<tr>\n<td width=\"4%\"><strong>ANY<\/strong><\/td>\n<td width=\"48%\">HIST\u00d2RIA FAMILIAR<\/td>\n<td width=\"47%\">ESDEVENIMENTS HIST\u00d2RICS<\/td>\n<\/tr>\n<tr>\n<td width=\"4%\"><strong>1936<\/strong><\/td>\n<td width=\"48%\">Mar\u00e7: El Pedro Mart\u00ednez fa cursos de formaci\u00f3 pol\u00edtica a l\u2019URSS.<\/p>\n<p>Abril: El Pedro Mart\u00ednez retorna i forma part del Comit\u00e8 provincial del PC a Ja\u00e9n.<\/p>\n<p>Octubre: La Montserrat s\u2019afilia al PSU<\/td>\n<td width=\"47%\">Catalunya: Decret de col\u00b7lectivitzacions<\/p>\n<p>Espanya: Vict\u00f2ria del Front Popular i inici de la guerra civil.<\/p>\n<p>Hitler i Mussolini reconeixen el govern de Franco<\/p>\n<p>M\u00f3n: Formaci\u00f3 de l\u2019Eix Roma-Berl\u00edn<\/td>\n<\/tr>\n<tr>\n<td width=\"4%\"><strong>1937<\/strong><\/td>\n<td width=\"48%\">Mar\u00e7: el Pedro \u00e9s escollit membre del Comit\u00e8 Central del PC (Val\u00e8ncia)<\/td>\n<td width=\"47%\">Catalunya: Fets de maig. Persecuci\u00f3 del POUM. Barcelona capital de la Rep\u00fablica<\/p>\n<p>Espanya: Govern de Negr\u00edn. Bombardeig de Guernika. Fi del Front del Nord<\/p>\n<p>M\u00f3n: Jap\u00f3 envaeix Xina.<\/td>\n<\/tr>\n<tr>\n<td width=\"4%\"><strong>1938<\/strong><\/td>\n<td width=\"48%\">Abril: La Montserrat \u00e9s escollida Regidora de la Propietat Urbana de Manresa.<\/td>\n<td width=\"47%\">Catalunya: Ocupaci\u00f3 de Lleida. Batalla de l\u2019Ebre. Abolici\u00f3 de l\u2019Estatut. Ofensiva final sobre Catalunya.<\/p>\n<p>Espanya: Conquesta de Terol. Ofensiva sobre Catalunya.<\/p>\n<p>M\u00f3n: Alemanya s\u2019annexiona \u00c0ustria. Confer\u00e8ncia de Munic.<\/td>\n<\/tr>\n<tr>\n<td width=\"4%\"><strong>1939<\/strong><\/td>\n<td width=\"48%\">Gener: La Montserrat marxa a l\u2019exili (Argelers)<\/p>\n<p>Mar\u00e7: El Pedro marxa cap a l\u2019exili (Or\u00e0)<\/p>\n<p>Maig: Tots dos marxen de Le Havre cap a Leningrad.<\/p>\n<p>Juny: Tots dos s\u2019instal\u00b7len a J\u00e0rkiv<\/p>\n<p>Juliol: La Montserrat es trasllada provisionalment a Poddolsk<\/p>\n<p>Juliol: El Pedro i la Montserrat viuran a Moscou i iniciaran la seva relaci\u00f3<\/td>\n<td width=\"47%\">Catalunya: Final de la guerra civil a Catalunya Formaci\u00f3 del Front Nacional i del Consell Nacional de Catalunya. Exili de milers de catalans \u201cLa Retirada\u201d.<\/p>\n<p>Espanya: Fi de la guerra civil. Decret de neutralitat espanyola a la guerra mundial. Inici del racionament.<\/p>\n<p>M\u00f3n: Pacte germanosovi\u00e8tic. Invasi\u00f3 de Pol\u00f2nia. Inici de la II guerra mundial.<\/td>\n<\/tr>\n<tr>\n<td width=\"4%\"><strong>1940<\/strong><\/td>\n<td width=\"48%\">La Montserrat i el Pedro viuen a Moscou<\/td>\n<td width=\"47%\">Catalunya: Execuci\u00f3 del president de la Generalitat Llu\u00eds Companys. J.Irla president de la Generalitat a l\u2019exili.<\/p>\n<p>Espanya: Espanya no bel\u00b7ligerant. Entrevista Franco-Hitler a Hendaya.<\/p>\n<p>M\u00f3n: Alemanya envaeix Dinamarca, Noruega, B\u00e8lgica, Holanda i Fran\u00e7a. Derrota brit\u00e0nica a Dunkerque i caiguda de Fran\u00e7a. Pacte tripartit Alemanya, It\u00e0lia i Jap\u00f3.<\/td>\n<\/tr>\n<tr>\n<td width=\"4%\"><strong>1941<\/strong><\/td>\n<td width=\"48%\">Juny-Juliol: La Montserrat i el Pedro viatgen fins a Kokand (Uzbekistan)<\/td>\n<td width=\"47%\">Catalunya: protagonisme dels maquis a la lluita antifranquista.<\/p>\n<p>Espanya: Entrevista Franco-Mussolini. Creaci\u00f3 de la <em>Divisi\u00f3n Azul<\/em>.<\/p>\n<p>M\u00f3n: Alemanya envaeix l\u2019URSS. Jap\u00f3 ataca Pearl Harbour, EEUU entra en guerra.<\/td>\n<\/tr>\n<tr>\n<td width=\"4%\"><strong>1942<\/strong><\/td>\n<td width=\"48%\">La Montserrat i el Pedro viuen a Kokand<\/td>\n<td width=\"47%\">Catalunya: Execuci\u00f3 de Joan Peir\u00f3, anarquista i ministre d\u2019Ind\u00fastria a la II Rep\u00fablica.<\/p>\n<p>Espanya: Creaci\u00f3 de <em>Las Cortes Espa\u00f1olas.<\/em><\/p>\n<p>M\u00f3n: Derrota japonesa a Midway. Desembarcament aliat al nord d\u2019\u00c0frica.<\/td>\n<\/tr>\n<tr>\n<td width=\"4%\"><strong>1943<\/strong><\/td>\n<td width=\"48%\">La Montserrat i el Pedro viuen a Kokand<\/td>\n<td width=\"47%\">Catalunya: Continua la forta repressi\u00f3.<\/p>\n<p>Espanya: <em>Ley de rebeli\u00f3n militar<\/em>. Espanya es declara pa\u00eds neutral.<\/p>\n<p>M\u00f3n: Derrota d\u2019Alemanya a Stalingrad. Desembarcament aliat a It\u00e0lia. Confer\u00e8ncia de Teheran (Churchill, Roosevelt i Stalin)<\/td>\n<\/tr>\n<tr>\n<td width=\"4%\"><strong>1944<\/strong><\/td>\n<td width=\"48%\">26 de Mar\u00e7 de 1944: Mort d\u2019Enric Castell\u00e0, primer marit de la Montserrat.<\/p>\n<p>Novembre: La Montserrat i el Pedro es traslladen a Simfer\u00f2pol<\/td>\n<td width=\"47%\">Catalunya: El Maquis ocupa la Vall d\u2019Aran.<\/p>\n<p>M\u00f3n: Stalin ordena la deportaci\u00f3 dels T\u00e0rtars de Crimea. Desembarcament de Normandia. Alliberament de Roma i Par\u00eds.<\/td>\n<\/tr>\n<tr>\n<td width=\"4%\"><strong>1945<\/strong><\/td>\n<td width=\"48%\">10 de Juliol: Naixement de la Dolors<\/td>\n<td width=\"47%\">Catalunya: Fundaci\u00f3 del Moviment Socialista de Catalunya.<\/p>\n<p>Espanya: Llei del <em>Fuero de los Espa\u00f1oles.<\/em><\/p>\n<p>M\u00f3n: Confer\u00e8ncia de Ialta. Caiguda d\u2019Alemanya. Confer\u00e8ncia de Postdam. Bombes at\u00f2miques sobre Hiroshima i Nagasaki. Fi de la II guerra Mundial. Creaci\u00f3 de l\u2019ONU.<\/td>\n<\/tr>\n<tr>\n<td width=\"4%\"><strong>1946<\/strong><\/td>\n<td width=\"48%\"><strong>\u00a0<\/strong><\/td>\n<td width=\"47%\">Catalunya: Vaga de la F\u00e0brica Bertrand i Serra de Manresa.<\/p>\n<p>Espanya: L\u2019ONU condemna el r\u00e8gim franquista.<\/p>\n<p>M\u00f3n: Inici de la Guerra Freda. Proc\u00e9s de Nuremberg.<\/td>\n<\/tr>\n<tr>\n<td width=\"4%\"><strong>1947<\/strong><\/td>\n<td width=\"48%\"><strong>\u00a0<\/strong><\/td>\n<td width=\"47%\">Catalunya: Evita Per\u00f3n, esposa del president d\u2019Argentina, visita Barcelona.<\/p>\n<p>Espanya: Refer\u00e8ndum per l\u2019aprovaci\u00f3 de la Ley de sucesi\u00f3n del Jefe del Estado.<\/p>\n<p>M\u00f3n: Doctrines Truman i Dj\u00e1nov. Pla Marshall. Independ\u00e8ncia de l\u2019\u00cdndia.<\/td>\n<\/tr>\n<tr>\n<td width=\"4%\"><strong>1948<\/strong><\/td>\n<td width=\"48%\"><strong>\u00a0<\/strong><\/td>\n<td width=\"47%\">M\u00f3n: Assassinat de Ghandi. Creaci\u00f3 de l\u2019Estat d\u2019Israel. Bloqueig sovi\u00e8tic a Berlin. Primera crisi araboisraeliana.<\/td>\n<\/tr>\n<tr>\n<td width=\"4%\"><strong>1949<\/strong><\/td>\n<td width=\"48%\"><strong>\u00a0<\/strong><\/td>\n<td width=\"47%\">Catalunya: Afusellament de membres del PSUC.<\/p>\n<p>M\u00f3n: Creaci\u00f3 del Consell d\u2019Europa i de l\u2019OTAN. Separaci\u00f3 entre RFA i RDA. Proclamaci\u00f3 de la Rep\u00fablica popular Xina.<\/td>\n<\/tr>\n<tr>\n<td width=\"4%\"><strong>1950<\/strong><\/td>\n<td width=\"48%\"><strong>\u00a0<\/strong><\/td>\n<td width=\"47%\">Espanya: retorn dels ambaixadors<\/p>\n<p>M\u00f3n: Inici de la Guerra de Corea<\/td>\n<\/tr>\n<tr>\n<td width=\"4%\"><strong>1951<\/strong><\/td>\n<td width=\"48%\">19 de desembre de 1951: La Montserrat i el Pedro es casen i obtenen la nacionalitat sovi\u00e8tica.<\/td>\n<td width=\"47%\">Catalunya: Vaga de tramvies a Barcelona.<\/p>\n<p>M\u00f3n: Creaci\u00f3 de l\u2019ACNUR.<\/td>\n<\/tr>\n<tr>\n<td width=\"4%\"><strong>1952<\/strong><\/td>\n<td width=\"48%\">Febrer: Mort del Pedro Mart\u00ednez<\/td>\n<td width=\"47%\">Catalunya: Congr\u00e9s Eucar\u00edstic a Barcelona.<\/p>\n<p>Espanya: Fi del racionament. Pla Badajoz<\/p>\n<p>M\u00f3n: Inici regnat Isabell II. Cop d\u2019estat de Nasser a Egipte.<\/td>\n<\/tr>\n<tr>\n<td width=\"4%\"><strong>1953<\/strong><\/td>\n<td width=\"48%\"><strong>\u00a0<\/strong><\/td>\n<td width=\"47%\">Espanya: Concordat amb la Santa Seu. Pacte EEUU-Espanya.<\/p>\n<p>M\u00f3n: Mort de Stalin. Conflictes a Berlin Oest i Txecoslov\u00e0quia. Final de la Guerra de Corea.<\/td>\n<\/tr>\n<tr>\n<td width=\"4%\"><strong>1954<\/strong><\/td>\n<td width=\"48%\"><strong>\u00a0<\/strong><\/td>\n<td width=\"47%\">Catalunya: Tarradellas president de la Generalitat a l\u2019exili<\/p>\n<p>Espanya: retorn dels presos de la Divisi\u00f3n Azul.<\/p>\n<p>M\u00f3n: Fran\u00e7a perd Indoxina. Inici del la guerra d\u2019Alger.<\/td>\n<\/tr>\n<tr>\n<td width=\"4%\"><strong>1955<\/strong><\/td>\n<td width=\"48%\"><strong>\u00a0<\/strong><\/td>\n<td width=\"47%\">Catalunya: aparici\u00f3 de CCOO.<\/p>\n<p>Espanya: ingr\u00e9s d\u2019Espanya a l\u2019ONU.<\/p>\n<p>M\u00f3n: Confer\u00e8ncia de Bandung (descolonitzaci\u00f3). Creaci\u00f3 del Pacte de Vars\u00f2via. Inici de la Guerra de Vietnam<\/td>\n<\/tr>\n<tr>\n<td width=\"4%\"><strong>1956<\/strong><\/td>\n<td width=\"48%\"><strong>\u00a0<\/strong><\/td>\n<td width=\"47%\">Catalunya: tancament temporal de la Universitat de Barcelona.<\/p>\n<p>Espanya: Independ\u00e8ncia del Marroc. Revolta universit\u00e0ria.<\/p>\n<p>M\u00f3n: Kruitxov denuncia l\u2019Estalinisme. Conflicte del Canal de Suez.<\/td>\n<\/tr>\n<tr>\n<td width=\"4%\"><strong>1957<\/strong><\/td>\n<td width=\"48%\">21 de febrer del 1957: Arribada de la Montserrat i la Dolors a Manresa<\/td>\n<td width=\"47%\">Catalunya: Porcioles alcalde de Barcelona. Assemblea lliure d\u2019estudiants a la Universitat de Barcelona.<\/p>\n<p>Espanya: Guerra de Sidi Ifni.<\/p>\n<p>M\u00f3n: Tractat de Roma, es crea la CEE.<\/td>\n<\/tr>\n<\/tbody>\n<\/table>\n<p>Font: Elaboraci\u00f3 pr\u00f2pia<\/p>\n","protected":false},"excerpt":{"rendered":"<p>CRONOLOGIA COMPARADA: Hist\u00f2ria Familiar- Catalunya, Espanya, M\u00f3n ANY HIST\u00d2RIA FAMILIAR ESDEVENIMENTS HIST\u00d2RICS 1936 Mar\u00e7: El Pedro Mart\u00ednez fa cursos de formaci\u00f3 pol\u00edtica a l\u2019URSS. Abril: El Pedro Mart\u00ednez retorna i forma part del Comit\u00e8 provincial del PC a Ja\u00e9n. Octubre: La Montserrat s\u2019afilia al PSU Catalunya: Decret de col\u00b7lectivitzacions Espanya: Vict\u00f2ria del Front Popular i [&hellip;]<\/p>\n","protected":false},"author":71,"featured_media":0,"parent":0,"menu_order":0,"comment_status":"closed","ping_status":"closed","template":"","meta":{"iawp_total_views":4,"footnotes":""},"class_list":["post-74239","page","type-page","status-publish","hentry"],"_links":{"self":[{"href":"https:\/\/www.memoria.cat\/dolors-martinez-montserrat-planas\/wp-json\/wp\/v2\/pages\/74239","targetHints":{"allow":["GET"]}}],"collection":[{"href":"https:\/\/www.memoria.cat\/dolors-martinez-montserrat-planas\/wp-json\/wp\/v2\/pages"}],"about":[{"href":"https:\/\/www.memoria.cat\/dolors-martinez-montserrat-planas\/wp-json\/wp\/v2\/types\/page"}],"author":[{"embeddable":true,"href":"https:\/\/www.memoria.cat\/dolors-martinez-montserrat-planas\/wp-json\/wp\/v2\/users\/71"}],"replies":[{"embeddable":true,"href":"https:\/\/www.memoria.cat\/dolors-martinez-montserrat-planas\/wp-json\/wp\/v2\/comments?post=74239"}],"version-history":[{"count":4,"href":"https:\/\/www.memoria.cat\/dolors-martinez-montserrat-planas\/wp-json\/wp\/v2\/pages\/74239\/revisions"}],"predecessor-version":[{"id":74670,"href":"https:\/\/www.memoria.cat\/dolors-martinez-montserrat-planas\/wp-json\/wp\/v2\/pages\/74239\/revisions\/74670"}],"wp:attachment":[{"href":"https:\/\/www.memoria.cat\/dolors-martinez-montserrat-planas\/wp-json\/wp\/v2\/media?parent=74239"}],"curies":[{"name":"wp","href":"https:\/\/api.w.org\/{rel}","templated":true}]}}