{"id":74229,"date":"2025-09-17T17:19:11","date_gmt":"2025-09-17T16:19:11","guid":{"rendered":"https:\/\/www.memoria.cat\/dolors-martinez-montserrat-planas\/?page_id=74229"},"modified":"2025-10-16T18:24:09","modified_gmt":"2025-10-16T17:24:09","slug":"documents","status":"publish","type":"page","link":"https:\/\/www.memoria.cat\/dolors-martinez-montserrat-planas\/documents\/","title":{"rendered":"DOCUMENTS"},"content":{"rendered":"<p>En aquest apartat exposem diversos documents relacionats amb la vida de la Montserrat el Pedro i la Dolors. Estan exposats de forma cronol\u00f2gica.<\/p>\n<p>En el primer subapartat hi trobem\u00a0<a href=\"https:\/\/www.memoria.cat\/dolors-martinez-montserrat-planas\/documents-familiars\/\"><u>documents d&#8217;ordre familiar<\/u><\/a>, generalment originats a la primera part de la vida de la Montserrat Planas i del Pedro Mart\u00ednez. Despr\u00e9s, presentem <a href=\"https:\/\/www.memoria.cat\/dolors-martinez-montserrat-planas\/documents-de-lurss\/\"><u>documentaci\u00f3 generada durant la seva estada a l&#8217;URSS. <\/u><\/a>Seguidament la <a href=\"https:\/\/www.memoria.cat\/dolors-martinez-montserrat-planas\/documents-del-viatge-de-tornada-i-dels-primers-temps-a-lestat-espanyol\/\"><u>documentaci\u00f3 del viatge de tornada i dels primers anys de la Montserrat i la Dolors a Manresa<\/u><\/a>.<\/p>\n<p>Tamb\u00e9 s&#8217;hi inclou una breu<a href=\"https:\/\/www.memoria.cat\/dolors-martinez-montserrat-planas\/autobiografia-de-pedro-martinez-jimenez\/\"> <u>autobiografia<\/u><\/a> in\u00e8dita redactada per Pedro Mart\u00ednez, avalada per un company del Partit Comunista, i\u00a0una imatge de <u>l&#8217;<a href=\"https:\/\/www.memoria.cat\/dolors-martinez-montserrat-planas\/entrevista-de-premsa-a-la-montserrat-planas-carbi\/\">entrevista realitzada a la Montserrat Planas<\/a><\/u> publicada al diari Regi\u00f37.<\/p>\n<p>&nbsp;<\/p>\n<p>&nbsp;<\/p>\n","protected":false},"excerpt":{"rendered":"<p>En aquest apartat exposem diversos documents relacionats amb la vida de la Montserrat el Pedro i la Dolors. Estan exposats de forma cronol\u00f2gica. En el primer subapartat hi trobem\u00a0documents d&#8217;ordre familiar, generalment originats a la primera part de la vida de la Montserrat Planas i del Pedro Mart\u00ednez. Despr\u00e9s, presentem documentaci\u00f3 generada durant la seva [&hellip;]<\/p>\n","protected":false},"author":71,"featured_media":0,"parent":0,"menu_order":0,"comment_status":"closed","ping_status":"closed","template":"","meta":{"iawp_total_views":8,"footnotes":""},"class_list":["post-74229","page","type-page","status-publish","hentry"],"_links":{"self":[{"href":"https:\/\/www.memoria.cat\/dolors-martinez-montserrat-planas\/wp-json\/wp\/v2\/pages\/74229","targetHints":{"allow":["GET"]}}],"collection":[{"href":"https:\/\/www.memoria.cat\/dolors-martinez-montserrat-planas\/wp-json\/wp\/v2\/pages"}],"about":[{"href":"https:\/\/www.memoria.cat\/dolors-martinez-montserrat-planas\/wp-json\/wp\/v2\/types\/page"}],"author":[{"embeddable":true,"href":"https:\/\/www.memoria.cat\/dolors-martinez-montserrat-planas\/wp-json\/wp\/v2\/users\/71"}],"replies":[{"embeddable":true,"href":"https:\/\/www.memoria.cat\/dolors-martinez-montserrat-planas\/wp-json\/wp\/v2\/comments?post=74229"}],"version-history":[{"count":10,"href":"https:\/\/www.memoria.cat\/dolors-martinez-montserrat-planas\/wp-json\/wp\/v2\/pages\/74229\/revisions"}],"predecessor-version":[{"id":74637,"href":"https:\/\/www.memoria.cat\/dolors-martinez-montserrat-planas\/wp-json\/wp\/v2\/pages\/74229\/revisions\/74637"}],"wp:attachment":[{"href":"https:\/\/www.memoria.cat\/dolors-martinez-montserrat-planas\/wp-json\/wp\/v2\/media?parent=74229"}],"curies":[{"name":"wp","href":"https:\/\/api.w.org\/{rel}","templated":true}]}}