{"id":74226,"date":"2025-09-17T17:18:31","date_gmt":"2025-09-17T16:18:31","guid":{"rendered":"https:\/\/www.memoria.cat\/dolors-martinez-montserrat-planas\/?page_id=74226"},"modified":"2025-10-20T22:18:20","modified_gmt":"2025-10-20T21:18:20","slug":"fotografies","status":"publish","type":"page","link":"https:\/\/www.memoria.cat\/dolors-martinez-montserrat-planas\/fotografies\/","title":{"rendered":"FOTOGRAFIES"},"content":{"rendered":"<h2>L&#8217;escola i les col\u00f2nies a Simfer\u00f2pol<\/h2>\n<div id=\"jig1\" class=\"justified-image-grid jig-f25c0b370b57e63aadaa7207d287e699 jig-preset-c1 jig-source-wp-gallery jig-rml-id-8\"><div class=\"jig-clearfix\"><\/div><noscript id=\"jig1-html\" class=\"justified-image-grid-html\" data-lazy-src=\"skiplazyload\" data-src=\"skipunveillazyload\"><ul><li><a href=\"https:\/\/www.memoria.cat\/dolors-martinez-montserrat-planas\/wp-content\/uploads\/sites\/212\/2025\/10\/1-A-col__nies1b.jpg\" title=\"Fotografia d&#039;un grup de nens i nenes fent activitats a l&#039;aire lliure durant les col\u00f2nies d&#039;estiu. Any 1950. Font: Col\u00b7lecci\u00f3 familiar.\"><img fetchpriority=\"high\" decoding=\"async\" src=\"https:\/\/www.memoria.cat\/dolors-martinez-montserrat-planas\/wp-content\/uploads\/sites\/212\/2025\/10\/1-A-col__nies1b.jpg\" alt=\"Fotografia d&#039;un grup de nens i nenes fent activitats a l&#039;aire lliure durant les col\u00f2nies d&#039;estiu. Any 1950. Font: Col\u00b7lecci\u00f3 familiar.\" width=\"446\" height=\"230\" \/><\/a><p class=\"jig-HTMLdescription\">Fotografia d'un grup de nens i nenes fent activitats a l'aire lliure durant les col\u00f2nies d'estiu. Any 1950. Font: Col\u00b7lecci\u00f3 familiar.<\/p><\/li><li><a href=\"https:\/\/www.memoria.cat\/dolors-martinez-montserrat-planas\/wp-content\/uploads\/sites\/212\/2025\/10\/2-A-les-col__nies-2b.jpg\" title=\"Fotografia d&#039;un grup de nens i nenes fent Educaci\u00f3 F\u00edsica durant les col\u00f2nies d&#039;estiu. Any 1950. Font: Col\u00b7lecci\u00f3 familiar.\"><img decoding=\"async\" src=\"https:\/\/www.memoria.cat\/dolors-martinez-montserrat-planas\/wp-content\/uploads\/sites\/212\/2025\/10\/2-A-les-col__nies-2b.jpg\" alt=\"Fotografia d&#039;un grup de nens i nenes fent Educaci\u00f3 F\u00edsica durant les col\u00f2nies d&#039;estiu. Any 1950. Font: Col\u00b7lecci\u00f3 familiar.\" width=\"285\" height=\"230\" \/><\/a><p class=\"jig-HTMLdescription\">Fotografia d'un grup de nens i nenes fent Educaci\u00f3 F\u00edsica durant les col\u00f2nies d'estiu. Any 1950. Font: Col\u00b7lecci\u00f3 familiar.<\/p><\/li><li><a href=\"https:\/\/www.memoria.cat\/dolors-martinez-montserrat-planas\/wp-content\/uploads\/sites\/212\/2025\/10\/3-A-les-col__nies-3b.jpg\" title=\"Fotografia del dormitori de les col\u00f2nies d&#039;estiu amb els nens i les nenes a punt d&#039;anar a dormir. Any 1950. Font: Col\u00b7lecci\u00f3 familiar.\"><img decoding=\"async\" src=\"https:\/\/www.memoria.cat\/dolors-martinez-montserrat-planas\/wp-content\/uploads\/sites\/212\/2025\/10\/3-A-les-col__nies-3b.jpg\" alt=\"Fotografia del dormitori de les col\u00f2nies d&#039;estiu amb els nens i les nenes a punt d&#039;anar a dormir. Any 1950. Font: Col\u00b7lecci\u00f3 familiar.\" width=\"310\" height=\"230\" \/><\/a><p class=\"jig-HTMLdescription\">Fotografia del dormitori de les col\u00f2nies d'estiu amb els nens i les nenes a punt d'anar a dormir. Any 1950. Font: Col\u00b7lecci\u00f3 familiar.<\/p><\/li><li><a href=\"https:\/\/www.memoria.cat\/dolors-martinez-montserrat-planas\/wp-content\/uploads\/sites\/212\/2025\/10\/6-ImatgeClasseInfantilb.jpg\" title=\"Fotografia del grup classe de la Dolors a l&#039;escola de prim\u00e0ria. Any 1949. Font: Col\u00b7lecci\u00f3 familiar.\"><img loading=\"lazy\" decoding=\"async\" src=\"https:\/\/www.memoria.cat\/dolors-martinez-montserrat-planas\/wp-content\/uploads\/sites\/212\/2025\/10\/6-ImatgeClasseInfantilb.jpg\" alt=\"Fotografia del grup classe de la Dolors a l&#039;escola de prim\u00e0ria. Any 1949. Font: Col\u00b7lecci\u00f3 familiar.\" width=\"345\" height=\"230\" \/><\/a><p class=\"jig-HTMLdescription\">Fotografia del grup classe de la Dolors a l'escola de prim\u00e0ria. Any 1949. Font: Col\u00b7lecci\u00f3 familiar.<\/p><\/li><li><a href=\"https:\/\/www.memoria.cat\/dolors-martinez-montserrat-planas\/wp-content\/uploads\/sites\/212\/2025\/10\/7-Foto-Primer-dia-Escolab.jpg\" title=\"Fotografia del grup classe de la Dolors amb els seus mestres el primer dia de curs del 1951. Font: Col\u00b7lecci\u00f3 familiar.\"><img loading=\"lazy\" decoding=\"async\" src=\"https:\/\/www.memoria.cat\/dolors-martinez-montserrat-planas\/wp-content\/uploads\/sites\/212\/2025\/10\/7-Foto-Primer-dia-Escolab.jpg\" alt=\"Fotografia del grup classe de la Dolors amb els seus mestres el primer dia de curs del 1951. Font: Col\u00b7lecci\u00f3 familiar.\" width=\"315\" height=\"230\" \/><\/a><p class=\"jig-HTMLdescription\">Fotografia del grup classe de la Dolors amb els seus mestres el primer dia de curs del 1951. Font: Col\u00b7lecci\u00f3 familiar.<\/p><\/li><li><a href=\"https:\/\/www.memoria.cat\/dolors-martinez-montserrat-planas\/wp-content\/uploads\/sites\/212\/2025\/10\/11-FotogupescolaDolors2aesquerrabaixb.jpg\" title=\"Fotografia del grup classe de la Dolors amb les seves mestres l&#039;any 1952. Font: Col\u00b7lecci\u00f3 familiar.\"><img loading=\"lazy\" decoding=\"async\" src=\"https:\/\/www.memoria.cat\/dolors-martinez-montserrat-planas\/wp-content\/uploads\/sites\/212\/2025\/10\/11-FotogupescolaDolors2aesquerrabaixb.jpg\" alt=\"Fotografia del grup classe de la Dolors amb les seves mestres l&#039;any 1952. Font: Col\u00b7lecci\u00f3 familiar.\" width=\"341\" height=\"230\" \/><\/a><p class=\"jig-HTMLdescription\">Fotografia del grup classe de la Dolors amb les seves mestres l'any 1952. Font: Col\u00b7lecci\u00f3 familiar.<\/p><\/li><li><a href=\"https:\/\/www.memoria.cat\/dolors-martinez-montserrat-planas\/wp-content\/uploads\/sites\/212\/2025\/10\/10-FotogrupescolaDolors4abaixdreta1954b.jpg\" title=\"Fotografia del grup classe de la Dolors amb les seves mestres l&#039;any 1952. Font: Col\u00b7lecci\u00f3 familiar.\"><img loading=\"lazy\" decoding=\"async\" src=\"https:\/\/www.memoria.cat\/dolors-martinez-montserrat-planas\/wp-content\/uploads\/sites\/212\/2025\/10\/10-FotogrupescolaDolors4abaixdreta1954b.jpg\" alt=\"Fotografia del grup classe de la Dolors amb les seves mestres l&#039;any 1952. Font: Col\u00b7lecci\u00f3 familiar.\" width=\"304\" height=\"230\" \/><\/a><p class=\"jig-HTMLdescription\">Fotografia del grup classe de la Dolors amb les seves mestres l'any 1952. Font: Col\u00b7lecci\u00f3 familiar.<\/p><\/li><li><a href=\"https:\/\/www.memoria.cat\/dolors-martinez-montserrat-planas\/wp-content\/uploads\/sites\/212\/2025\/10\/5-Educaci__F__sicab.jpg\" title=\"Fotografia d&#039;una sessi\u00f3 de classe de m\u00fasica amb la professora al piano. Font: Col\u00b7lecci\u00f3 familiar\"><img loading=\"lazy\" decoding=\"async\" src=\"https:\/\/www.memoria.cat\/dolors-martinez-montserrat-planas\/wp-content\/uploads\/sites\/212\/2025\/10\/5-Educaci__F__sicab.jpg\" alt=\"Fotografia d&#039;una sessi\u00f3 de classe de m\u00fasica amb la professora al piano. Font: Col\u00b7lecci\u00f3 familiar\" width=\"347\" height=\"230\" \/><\/a><p class=\"jig-HTMLdescription\">Fotografia d'una sessi\u00f3 de classe de m\u00fasica amb la professora al piano. Font: Col\u00b7lecci\u00f3 familiar<\/p><\/li><li><a href=\"https:\/\/www.memoria.cat\/dolors-martinez-montserrat-planas\/wp-content\/uploads\/sites\/212\/2025\/10\/8-BalletNadalb.jpg\" title=\"Fotografia de la Dolors amb dues companyes assajant un ballet per la festa de Cap d&#039;Any. Font: Col\u00b7lecci\u00f3 familiar.\"><img loading=\"lazy\" decoding=\"async\" src=\"https:\/\/www.memoria.cat\/dolors-martinez-montserrat-planas\/wp-content\/uploads\/sites\/212\/2025\/10\/8-BalletNadalb.jpg\" alt=\"Fotografia de la Dolors amb dues companyes assajant un ballet per la festa de Cap d&#039;Any. Font: Col\u00b7lecci\u00f3 familiar.\" width=\"168\" height=\"230\" \/><\/a><p class=\"jig-HTMLdescription\">Fotografia de la Dolors amb dues companyes assajant un ballet per la festa de Cap d'Any. Font: Col\u00b7lecci\u00f3 familiar.<\/p><\/li><li><a href=\"https:\/\/www.memoria.cat\/dolors-martinez-montserrat-planas\/wp-content\/uploads\/sites\/212\/2025\/10\/4-ElNadal1b.jpg\" title=\"Fotografia de la Dolors amb un company i dues companyes guarnits per la festa de Cap d&#039;Any. Font: Col\u00b7lecci\u00f3 familiar.\"><img loading=\"lazy\" decoding=\"async\" src=\"https:\/\/www.memoria.cat\/dolors-martinez-montserrat-planas\/wp-content\/uploads\/sites\/212\/2025\/10\/4-ElNadal1b.jpg\" alt=\"Fotografia de la Dolors amb un company i dues companyes guarnits per la festa de Cap d&#039;Any. Font: Col\u00b7lecci\u00f3 familiar.\" width=\"150\" height=\"230\" \/><\/a><p class=\"jig-HTMLdescription\">Fotografia de la Dolors amb un company i dues companyes guarnits per la festa de Cap d'Any. Font: Col\u00b7lecci\u00f3 familiar.<\/p><\/li><\/ul><\/noscript><\/div>\n<h2>Fotografies familiars<\/h2>\n<div id=\"jig2\" class=\"justified-image-grid jig-5c54ccffdc53769b980eb66902226918 jig-preset-c1 jig-source-wp-gallery jig-rml-id-9\"><div class=\"jig-clearfix\"><\/div><noscript id=\"jig2-html\" class=\"justified-image-grid-html\" data-lazy-src=\"skiplazyload\" data-src=\"skipunveillazyload\"><ul><li><a href=\"https:\/\/www.memoria.cat\/dolors-martinez-montserrat-planas\/wp-content\/uploads\/sites\/212\/2025\/10\/1-Montserrat1940b.jpg\" title=\"Fotografia de la Montserrat Planas a l&#039;URSS l&#039;any 1940. Font: Col\u00b7lecci\u00f3 familiar\"><img loading=\"lazy\" decoding=\"async\" src=\"https:\/\/www.memoria.cat\/dolors-martinez-montserrat-planas\/wp-content\/uploads\/sites\/212\/2025\/10\/1-Montserrat1940b.jpg\" alt=\"Fotografia de la Montserrat Planas a l&#039;URSS l&#039;any 1940. Font: Col\u00b7lecci\u00f3 familiar\" width=\"148\" height=\"230\" \/><\/a><p class=\"jig-HTMLdescription\">Fotografia de la Montserrat Planas a l'URSS l'any 1940. Font: Col\u00b7lecci\u00f3 familiar<\/p><\/li><li><a href=\"https:\/\/www.memoria.cat\/dolors-martinez-montserrat-planas\/wp-content\/uploads\/sites\/212\/2025\/10\/2-Dolors2anysb.jpg\" title=\"Fotografia de la Dolors Mart\u00ednez amb dos anys. Fonts: Col\u00b7lecci\u00f3 familiar.\"><img loading=\"lazy\" decoding=\"async\" src=\"https:\/\/www.memoria.cat\/dolors-martinez-montserrat-planas\/wp-content\/uploads\/sites\/212\/2025\/10\/2-Dolors2anysb.jpg\" alt=\"Fotografia de la Dolors Mart\u00ednez amb dos anys. Fonts: Col\u00b7lecci\u00f3 familiar.\" width=\"169\" height=\"230\" \/><\/a><p class=\"jig-HTMLdescription\">Fotografia de la Dolors Mart\u00ednez amb dos anys. Fonts: Col\u00b7lecci\u00f3 familiar.<\/p><\/li><li><a href=\"https:\/\/www.memoria.cat\/dolors-martinez-montserrat-planas\/wp-content\/uploads\/sites\/212\/2025\/10\/3-DolorsiMontserratPlatja1949b.jpg\" title=\"Fotografia de la Montserrat i la Dolors a la platja. Font: Col\u00b7lecci\u00f3 familiar.\"><img loading=\"lazy\" decoding=\"async\" src=\"https:\/\/www.memoria.cat\/dolors-martinez-montserrat-planas\/wp-content\/uploads\/sites\/212\/2025\/10\/3-DolorsiMontserratPlatja1949b.jpg\" alt=\"Fotografia de la Montserrat i la Dolors a la platja. Font: Col\u00b7lecci\u00f3 familiar.\" width=\"348\" height=\"230\" \/><\/a><p class=\"jig-HTMLdescription\">Fotografia de la Montserrat i la Dolors a la platja. Font: Col\u00b7lecci\u00f3 familiar.<\/p><\/li><li><a href=\"https:\/\/www.memoria.cat\/dolors-martinez-montserrat-planas\/wp-content\/uploads\/sites\/212\/2025\/10\/5-La-Dolors-amb-5-anysb.jpg\" title=\"Fotografia de la Dolors. Col\u00b7lecci\u00f3 familiar.\"><img loading=\"lazy\" decoding=\"async\" src=\"https:\/\/www.memoria.cat\/dolors-martinez-montserrat-planas\/wp-content\/uploads\/sites\/212\/2025\/10\/5-La-Dolors-amb-5-anysb.jpg\" alt=\"Fotografia de la Dolors. Col\u00b7lecci\u00f3 familiar.\" width=\"162\" height=\"230\" \/><\/a><p class=\"jig-HTMLdescription\">Fotografia de la Dolors. Col\u00b7lecci\u00f3 familiar.<\/p><\/li><li><a href=\"https:\/\/www.memoria.cat\/dolors-martinez-montserrat-planas\/wp-content\/uploads\/sites\/212\/2025\/10\/4-DolorsiMontserrat1950b.jpg\" title=\"Fotografia de la Montserrat i la Dolors enviada al seu germ\u00e0 Eliseu a Manresa. Darrera hi posa&quot; Para que nos tengas siempre contigo. Tu Lolita i Montse&quot;. Font: Col\u00b7lecci\u00f3 familiar.\"><img loading=\"lazy\" decoding=\"async\" src=\"https:\/\/www.memoria.cat\/dolors-martinez-montserrat-planas\/wp-content\/uploads\/sites\/212\/2025\/10\/4-DolorsiMontserrat1950b.jpg\" alt=\"Fotografia de la Montserrat i la Dolors enviada al seu germ\u00e0 Eliseu a Manresa. Darrera hi posa&quot; Para que nos tengas siempre contigo. Tu Lolita i Montse&quot;. Font: Col\u00b7lecci\u00f3 familiar.\" width=\"290\" height=\"230\" \/><\/a><p class=\"jig-HTMLdescription\">Fotografia de la Montserrat i la Dolors enviada al seu germ\u00e0 Eliseu a Manresa. Darrera hi posa\" Para que nos tengas siempre contigo. Tu Lolita i Montse\". Font: Col\u00b7lecci\u00f3 familiar.<\/p><\/li><li><a href=\"https:\/\/www.memoria.cat\/dolors-martinez-montserrat-planas\/wp-content\/uploads\/sites\/212\/2025\/10\/6-PedroLoliMontserrat1951b.jpg\" title=\"Fotografia del Pedro, la Dolors i la Montserrat. Es va enviar a l&#039;Eliseu a Manresa amb breus escrits de la mare i la germana, Montse i Lolita. Any 1952 Font: Col\u00b7lecci\u00f3 familiar.\"><img loading=\"lazy\" decoding=\"async\" src=\"https:\/\/www.memoria.cat\/dolors-martinez-montserrat-planas\/wp-content\/uploads\/sites\/212\/2025\/10\/6-PedroLoliMontserrat1951b.jpg\" alt=\"Fotografia del Pedro, la Dolors i la Montserrat. Es va enviar a l&#039;Eliseu a Manresa amb breus escrits de la mare i la germana, Montse i Lolita. Any 1952 Font: Col\u00b7lecci\u00f3 familiar.\" width=\"316\" height=\"230\" \/><\/a><p class=\"jig-HTMLdescription\">Fotografia del Pedro, la Dolors i la Montserrat. Es va enviar a l'Eliseu a Manresa amb breus escrits de la mare i la germana, Montse i Lolita. Any 1952 Font: Col\u00b7lecci\u00f3 familiar.<\/p><\/li><li><a href=\"https:\/\/www.memoria.cat\/dolors-martinez-montserrat-planas\/wp-content\/uploads\/sites\/212\/2025\/10\/7-DolorsKatiuska1951b.jpg\" title=\"Fotografia de la Dolors amb la seva nina Katiuska. Any 1951. Font: Col\u00b7lecci\u00f3 Familiar.\"><img loading=\"lazy\" decoding=\"async\" src=\"https:\/\/www.memoria.cat\/dolors-martinez-montserrat-planas\/wp-content\/uploads\/sites\/212\/2025\/10\/7-DolorsKatiuska1951b.jpg\" alt=\"Fotografia de la Dolors amb la seva nina Katiuska. Any 1951. Font: Col\u00b7lecci\u00f3 Familiar.\" width=\"154\" height=\"230\" \/><\/a><p class=\"jig-HTMLdescription\">Fotografia de la Dolors amb la seva nina Katiuska. Any 1951. Font: Col\u00b7lecci\u00f3 Familiar.<\/p><\/li><li><a href=\"https:\/\/www.memoria.cat\/dolors-martinez-montserrat-planas\/wp-content\/uploads\/sites\/212\/2025\/10\/8-PedroMb.jpg\" title=\"Fotografia del Pedro Mart\u00ednez. Font: Col\u00b7lecci\u00f3 Familiar.\"><img loading=\"lazy\" decoding=\"async\" src=\"https:\/\/www.memoria.cat\/dolors-martinez-montserrat-planas\/wp-content\/uploads\/sites\/212\/2025\/10\/8-PedroMb.jpg\" alt=\"Fotografia del Pedro Mart\u00ednez. Font: Col\u00b7lecci\u00f3 Familiar.\" width=\"153\" height=\"230\" \/><\/a><p class=\"jig-HTMLdescription\">Fotografia del Pedro Mart\u00ednez. Font: Col\u00b7lecci\u00f3 Familiar.<\/p><\/li><li><a href=\"https:\/\/www.memoria.cat\/dolors-martinez-montserrat-planas\/wp-content\/uploads\/sites\/212\/2025\/10\/9-MontserratDolorsgransb.jpg\" title=\"Fotografia de la Montserrat i la Dolors a Manresa, al Poble Nou, a finals dels anys seixanta. Font: Col\u00b7lecci\u00f3 familiar.\"><img loading=\"lazy\" decoding=\"async\" src=\"https:\/\/www.memoria.cat\/dolors-martinez-montserrat-planas\/wp-content\/uploads\/sites\/212\/2025\/10\/9-MontserratDolorsgransb.jpg\" alt=\"Fotografia de la Montserrat i la Dolors a Manresa, al Poble Nou, a finals dels anys seixanta. Font: Col\u00b7lecci\u00f3 familiar.\" width=\"154\" height=\"230\" \/><\/a><p class=\"jig-HTMLdescription\">Fotografia de la Montserrat i la Dolors a Manresa, al Poble Nou, a finals dels anys seixanta. Font: Col\u00b7lecci\u00f3 familiar.<\/p><\/li><li><a href=\"https:\/\/www.memoria.cat\/dolors-martinez-montserrat-planas\/wp-content\/uploads\/sites\/212\/2025\/10\/10-Planas-1981.jpg\" title=\"Fotografia de la Montserrat Planas a casa seva a Manresa durant l&#039;entrevista que li va fer l&#039;historiador Joaquim Aloy l&#039;any 1981. Font: Col\u00b7lecci\u00f3 familiar.\"><img loading=\"lazy\" decoding=\"async\" src=\"https:\/\/www.memoria.cat\/dolors-martinez-montserrat-planas\/wp-content\/uploads\/sites\/212\/2025\/10\/10-Planas-1981.jpg\" alt=\"Fotografia de la Montserrat Planas a casa seva a Manresa durant l&#039;entrevista que li va fer l&#039;historiador Joaquim Aloy l&#039;any 1981. Font: Col\u00b7lecci\u00f3 familiar.\" width=\"163\" height=\"230\" \/><\/a><p class=\"jig-HTMLdescription\">Fotografia de la Montserrat Planas a casa seva a Manresa durant l'entrevista que li va fer l'historiador Joaquim Aloy l'any 1981. Font: Col\u00b7lecci\u00f3 familiar.<\/p><\/li><li><a href=\"https:\/\/www.memoria.cat\/dolors-martinez-montserrat-planas\/wp-content\/uploads\/sites\/212\/2025\/10\/11-MontserratiNetsb.jpg\" title=\"Fotografia de la Montserrat Planas amb els seus nets Josep i Gemma a casa seva a Manresa durant l&#039;entrevista que li va fer l&#039;historiador Joaquim Aloy l&#039;any 1981. Font: Col\u00b7lecci\u00f3 familiar.\"><img loading=\"lazy\" decoding=\"async\" src=\"https:\/\/www.memoria.cat\/dolors-martinez-montserrat-planas\/wp-content\/uploads\/sites\/212\/2025\/10\/11-MontserratiNetsb.jpg\" alt=\"Fotografia de la Montserrat Planas amb els seus nets Josep i Gemma a casa seva a Manresa durant l&#039;entrevista que li va fer l&#039;historiador Joaquim Aloy l&#039;any 1981. Font: Col\u00b7lecci\u00f3 familiar.\" width=\"330\" height=\"230\" \/><\/a><p class=\"jig-HTMLdescription\">Fotografia de la Montserrat Planas amb els seus nets Josep i Gemma a casa seva a Manresa durant l'entrevista que li va fer l'historiador Joaquim Aloy l'any 1981. Font: Col\u00b7lecci\u00f3 familiar.<\/p><\/li><li><a href=\"https:\/\/www.memoria.cat\/dolors-martinez-montserrat-planas\/wp-content\/uploads\/sites\/212\/2025\/10\/12-Fotoamb-Josepb.jpg\" title=\"Fotografia de la Montserrat Planas amb la seva filla Dolors i el seu gendre Josep Boixad\u00e9. Manresa. Fonts: Col\u00b7lecci\u00f3 familiar.\"><img loading=\"lazy\" decoding=\"async\" src=\"https:\/\/www.memoria.cat\/dolors-martinez-montserrat-planas\/wp-content\/uploads\/sites\/212\/2025\/10\/12-Fotoamb-Josepb.jpg\" alt=\"Fotografia de la Montserrat Planas amb la seva filla Dolors i el seu gendre Josep Boixad\u00e9. Manresa. Fonts: Col\u00b7lecci\u00f3 familiar.\" width=\"306\" height=\"230\" \/><\/a><p class=\"jig-HTMLdescription\">Fotografia de la Montserrat Planas amb la seva filla Dolors i el seu gendre Josep Boixad\u00e9. Manresa. Fonts: Col\u00b7lecci\u00f3 familiar.<\/p><\/li><li><a href=\"https:\/\/www.memoria.cat\/dolors-martinez-montserrat-planas\/wp-content\/uploads\/sites\/212\/2025\/10\/13-Foto-amb-netsb.jpg\" title=\"Fotografia de la Montserrat amb els seus nets Josep i Gemma a Manresa. Font: Col\u00b7lecci\u00f3 familiar.\"><img loading=\"lazy\" decoding=\"async\" src=\"https:\/\/www.memoria.cat\/dolors-martinez-montserrat-planas\/wp-content\/uploads\/sites\/212\/2025\/10\/13-Foto-amb-netsb.jpg\" alt=\"Fotografia de la Montserrat amb els seus nets Josep i Gemma a Manresa. Font: Col\u00b7lecci\u00f3 familiar.\" width=\"306\" height=\"230\" \/><\/a><p class=\"jig-HTMLdescription\">Fotografia de la Montserrat amb els seus nets Josep i Gemma a Manresa. Font: Col\u00b7lecci\u00f3 familiar.<\/p><\/li><\/ul><\/noscript><\/div>\n","protected":false},"excerpt":{"rendered":"<p>L&#8217;escola i les col\u00f2nies a Simfer\u00f2pol Fotografies familiars<\/p>\n","protected":false},"author":71,"featured_media":0,"parent":0,"menu_order":0,"comment_status":"closed","ping_status":"closed","template":"","meta":{"iawp_total_views":20,"footnotes":""},"class_list":["post-74226","page","type-page","status-publish","hentry"],"_links":{"self":[{"href":"https:\/\/www.memoria.cat\/dolors-martinez-montserrat-planas\/wp-json\/wp\/v2\/pages\/74226","targetHints":{"allow":["GET"]}}],"collection":[{"href":"https:\/\/www.memoria.cat\/dolors-martinez-montserrat-planas\/wp-json\/wp\/v2\/pages"}],"about":[{"href":"https:\/\/www.memoria.cat\/dolors-martinez-montserrat-planas\/wp-json\/wp\/v2\/types\/page"}],"author":[{"embeddable":true,"href":"https:\/\/www.memoria.cat\/dolors-martinez-montserrat-planas\/wp-json\/wp\/v2\/users\/71"}],"replies":[{"embeddable":true,"href":"https:\/\/www.memoria.cat\/dolors-martinez-montserrat-planas\/wp-json\/wp\/v2\/comments?post=74226"}],"version-history":[{"count":6,"href":"https:\/\/www.memoria.cat\/dolors-martinez-montserrat-planas\/wp-json\/wp\/v2\/pages\/74226\/revisions"}],"predecessor-version":[{"id":74700,"href":"https:\/\/www.memoria.cat\/dolors-martinez-montserrat-planas\/wp-json\/wp\/v2\/pages\/74226\/revisions\/74700"}],"wp:attachment":[{"href":"https:\/\/www.memoria.cat\/dolors-martinez-montserrat-planas\/wp-json\/wp\/v2\/media?parent=74226"}],"curies":[{"name":"wp","href":"https:\/\/api.w.org\/{rel}","templated":true}]}}