{"id":74220,"date":"2025-09-17T17:16:50","date_gmt":"2025-09-17T16:16:50","guid":{"rendered":"https:\/\/www.memoria.cat\/dolors-martinez-montserrat-planas\/?page_id=74220"},"modified":"2025-10-15T15:38:17","modified_gmt":"2025-10-15T14:38:17","slug":"ladaptacio-de-la-montserrat-i-la-dolors-a-la-manresa-franquista","status":"publish","type":"page","link":"https:\/\/www.memoria.cat\/dolors-martinez-montserrat-planas\/ladaptacio-de-la-montserrat-i-la-dolors-a-la-manresa-franquista\/","title":{"rendered":"L\u2019ADAPTACI\u00d3 DE LA MONTSERRAT I LA DOLORS A LA MANRESA FRANQUISTA"},"content":{"rendered":"<p>&nbsp;<\/p>\n<p>&nbsp;<\/p>\n<p>&nbsp;<\/p>\n<p>L&#8217;adaptaci\u00f3 de la Montserrat Planas i la Dolors Mart\u00ednez a la Manresa franquista \u00e9s una hist\u00f2ria trista. El retorn a casa va representar l&#8217;inici d&#8217;una nova vida per a totes dues, \u00a0per\u00f2 molt diferent de la que s&#8217;esperaven. L&#8217;acollida i el suport familiar tampoc no van ser els que s\u2019havien imaginat.<\/p>\n<p>La vida a la Manresa franquista va ser m\u00e9s dif\u00edcil de la que tenien a Simfer\u00f2pol. Ni l&#8217;habitatge, ni l&#8217;alimentaci\u00f3, ni els serveis p\u00fablics de l&#8217;Espanya de finals dels cinquanta i principis dels seixanta eren millors del que els oferia l&#8217;URSS en aquells temps. A Simfer\u00f2pol gaudien d\u2019una situaci\u00f3 privilegiada pel fet de ser exiliades espanyoles i perqu\u00e8 la Montserrat tamb\u00e9 exercia un c\u00e0rrec en el Partit Comunista.<\/p>\n<p>En canvi, la societat manresana les mirava amb recel. La Montserrat era una antiga dirigent comunista, motiu pel qual la gent se\u2019n malfiava. La Dolors era una nena diferent, li deien &#8220;la russa&#8221; amb un to clarament de menyspreu. Li va costar molt adaptar-se a l&#8217;escola i va enyorar molt\u00edssim la seva escola de Simfer\u00f2pol, els amics i, en general, la vida que havia tingut all\u00e0.<\/p>\n<p>En aquest treball, us parlem, en un primer apartat, de <a href=\"https:\/\/www.memoria.cat\/dolors-martinez-montserrat-planas\/la-familia-lhabitatge-el-treball\/\"><u>la fam\u00edlia, l&#8217;habitatge i el treball<\/u><\/a>. En un altre, de<a href=\"https:\/\/www.memoria.cat\/dolors-martinez-montserrat-planas\/la-integracio-de-la-dolors\/\"> <u>la integraci\u00f3 de la Dolors<\/u><\/a>. I, en un darrer apartat, parlem de <a href=\"https:\/\/www.memoria.cat\/dolors-martinez-montserrat-planas\/les-amistats-de-lurss\/\"><u>les amistats que la Montserrat i la Dolors van fer a l&#8217;URSS<\/u><\/a> i que, com elles, tamb\u00e9 van fer el cam\u00ed de retorn a l&#8217;Estat espanyol i amb qui van mantenir una relaci\u00f3 d&#8217;amistat durant molts anys.<\/p>\n<figure id=\"attachment_74368\" aria-describedby=\"caption-attachment-74368\" style=\"width: 504px\" class=\"wp-caption aligncenter\"><img fetchpriority=\"high\" decoding=\"async\" class=\" wp-image-74368\" src=\"https:\/\/www.memoria.cat\/dolors-martinez-montserrat-planas\/wp-content\/uploads\/sites\/212\/2025\/10\/franquisme-missa-4-300x210.jpg\" alt=\"\" width=\"504\" height=\"353\" srcset=\"https:\/\/www.memoria.cat\/dolors-martinez-montserrat-planas\/wp-content\/uploads\/sites\/212\/2025\/10\/franquisme-missa-4-300x210.jpg 300w, https:\/\/www.memoria.cat\/dolors-martinez-montserrat-planas\/wp-content\/uploads\/sites\/212\/2025\/10\/franquisme-missa-4-768x538.jpg 768w, https:\/\/www.memoria.cat\/dolors-martinez-montserrat-planas\/wp-content\/uploads\/sites\/212\/2025\/10\/franquisme-missa-4.jpg 992w\" sizes=\"(max-width: 504px) 100vw, 504px\" \/><figcaption id=\"caption-attachment-74368\" class=\"wp-caption-text\">Imatge de la inauguraci\u00f3 del &#8220;Monumento a los Ca\u00eddos&#8221; a la pla\u00e7a de la Reforma. Any 1958. Font: memoria.cat<\/figcaption><\/figure>\n<p>&nbsp;<\/p>\n<p>&nbsp;<\/p>\n","protected":false},"excerpt":{"rendered":"<p>&nbsp; &nbsp; &nbsp; L&#8217;adaptaci\u00f3 de la Montserrat Planas i la Dolors Mart\u00ednez a la Manresa franquista \u00e9s una hist\u00f2ria trista. El retorn a casa va representar l&#8217;inici d&#8217;una nova vida per a totes dues, \u00a0per\u00f2 molt diferent de la que s&#8217;esperaven. L&#8217;acollida i el suport familiar tampoc no van ser els que s\u2019havien imaginat. La [&hellip;]<\/p>\n","protected":false},"author":71,"featured_media":0,"parent":0,"menu_order":0,"comment_status":"closed","ping_status":"closed","template":"","meta":{"iawp_total_views":15,"footnotes":""},"class_list":["post-74220","page","type-page","status-publish","hentry"],"_links":{"self":[{"href":"https:\/\/www.memoria.cat\/dolors-martinez-montserrat-planas\/wp-json\/wp\/v2\/pages\/74220","targetHints":{"allow":["GET"]}}],"collection":[{"href":"https:\/\/www.memoria.cat\/dolors-martinez-montserrat-planas\/wp-json\/wp\/v2\/pages"}],"about":[{"href":"https:\/\/www.memoria.cat\/dolors-martinez-montserrat-planas\/wp-json\/wp\/v2\/types\/page"}],"author":[{"embeddable":true,"href":"https:\/\/www.memoria.cat\/dolors-martinez-montserrat-planas\/wp-json\/wp\/v2\/users\/71"}],"replies":[{"embeddable":true,"href":"https:\/\/www.memoria.cat\/dolors-martinez-montserrat-planas\/wp-json\/wp\/v2\/comments?post=74220"}],"version-history":[{"count":9,"href":"https:\/\/www.memoria.cat\/dolors-martinez-montserrat-planas\/wp-json\/wp\/v2\/pages\/74220\/revisions"}],"predecessor-version":[{"id":74626,"href":"https:\/\/www.memoria.cat\/dolors-martinez-montserrat-planas\/wp-json\/wp\/v2\/pages\/74220\/revisions\/74626"}],"wp:attachment":[{"href":"https:\/\/www.memoria.cat\/dolors-martinez-montserrat-planas\/wp-json\/wp\/v2\/media?parent=74220"}],"curies":[{"name":"wp","href":"https:\/\/api.w.org\/{rel}","templated":true}]}}