{"id":74217,"date":"2025-09-17T17:15:29","date_gmt":"2025-09-17T16:15:29","guid":{"rendered":"https:\/\/www.memoria.cat\/dolors-martinez-montserrat-planas\/?page_id=74217"},"modified":"2025-10-30T23:43:19","modified_gmt":"2025-10-30T22:43:19","slug":"els-motius-per-tornar-i-el-viatge-de-tornada","status":"publish","type":"page","link":"https:\/\/www.memoria.cat\/dolors-martinez-montserrat-planas\/els-motius-per-tornar-i-el-viatge-de-tornada\/","title":{"rendered":"ELS MOTIUS PER TORNAR I EL VIATGE DE TORNADA"},"content":{"rendered":"<h2>Els motius per tornar<\/h2>\n<p>La Montserrat va tenir sempre la intenci\u00f3 de tornar a Manresa per retrobar-se amb el seu primer fill, l\u2019Eliseu Castell\u00e0. La mort del Pedro va intensificar el seu desig de retorn. A trav\u00e9s de la Creu Roja va poder rebre informaci\u00f3 peri\u00f2dicament sobre la situaci\u00f3 del noi des de l\u2019any 1942. Els canvis pol\u00edtics a Espanya, que a partir del 1955 va comen\u00e7ar a obrir-se a l\u2019exterior, van fer que la Montserrat inici\u00e9s les gestions per tornar a Manresa.<\/p>\n<p>El m\u00e9s important era aconseguir que uns manresans assumissin la responsabilitat de fer-se c\u00e0rrec d\u2019ella i de la seva filla. La seva germana, Sofia Planas, i el seu marit, Emilio Barris, van iniciar una flu\u00efda correpond\u00e8ncia amb la Montserrat i, finalment, va aconseguir el perm\u00eds per al retorn. La Sofia li va comentar que rebien les seves cartes obertes, per tant, la policia espanyola en controlava el contingut. En canvi, les cartes que arribaven a l\u2019URSS sempre les rebien tancades.<\/p>\n<p>La Montserrat sabia que des del 1955 ja havien sortit cinc vaixells plens d\u2019espanyols que feien el viatge de retorn. A \u00a0finals del 1956 van haver de viatjar a Moscou per tramitar tota la documentaci\u00f3 i, a principis de 1957, els van lliurar els bitllets i els papers per embarcar-se a la ciutat d\u2019Odessa. El govern de l\u2019URSS els va comunicar que nom\u00e9s podien sortir del pa\u00eds amb 300 pessetes. Pel que fa a objectes valuosos, es van emportar un aparell de r\u00e0dio, una c\u00e0mera de fotografia i uns prism\u00e0tics, tot per regalar-ho a la fam\u00edlia.<\/p>\n<h2>El viatge de tornada<\/h2>\n<p>La Montserrat i la Dolors van fer el viatge amb el vaixell <em>Krim <\/em>(Crimea), que va sortir del port d\u2019Odessa amb 600 espanyols, en direcci\u00f3 a Castell\u00f3 de la Plana. La Dolors recorda un viatge molt inc\u00f2mode, en un vaixell petit i vell i amb dies sencers de mala mar.<\/p>\n<figure id=\"attachment_74797\" aria-describedby=\"caption-attachment-74797\" style=\"width: 475px\" class=\"wp-caption aligncenter\"><img fetchpriority=\"high\" decoding=\"async\" class=\" wp-image-74797\" src=\"https:\/\/www.memoria.cat\/dolors-martinez-montserrat-planas\/wp-content\/uploads\/sites\/212\/2025\/10\/1-KrimBitllet-vaixell-2-300x154.jpg\" alt=\"\" width=\"475\" height=\"244\" srcset=\"https:\/\/www.memoria.cat\/dolors-martinez-montserrat-planas\/wp-content\/uploads\/sites\/212\/2025\/10\/1-KrimBitllet-vaixell-2-300x154.jpg 300w, https:\/\/www.memoria.cat\/dolors-martinez-montserrat-planas\/wp-content\/uploads\/sites\/212\/2025\/10\/1-KrimBitllet-vaixell-2-1024x526.jpg 1024w, https:\/\/www.memoria.cat\/dolors-martinez-montserrat-planas\/wp-content\/uploads\/sites\/212\/2025\/10\/1-KrimBitllet-vaixell-2-768x394.jpg 768w, https:\/\/www.memoria.cat\/dolors-martinez-montserrat-planas\/wp-content\/uploads\/sites\/212\/2025\/10\/1-KrimBitllet-vaixell-2.jpg 1192w\" sizes=\"(max-width: 475px) 100vw, 475px\" \/><figcaption id=\"caption-attachment-74797\" class=\"wp-caption-text\">Bitllet del vaixell Krim a nom de la Montserrat Planas. Trajecte: Odessa-Castell\u00f3 de la Plana. Any 1957. Font: Col\u00b7lecci\u00f3 familiar.<\/figcaption><\/figure>\n<p>En arribar, els van dur a una gran nau amb el terra ple de palla, on s\u2019hi van estar dos dies. Quan els van cridar, van haver d\u2019ensenyar la documentaci\u00f3 i, finalment, els van rebre la Sofia Planas i l\u2019Emilio Barris, que van signar conforme les acollien. Seguidament, van agafar un tren que els va portar fins a Barcelona i, despr\u00e9s d\u2019un viatge llarg i molt lent, van arribar a Manresa; segons la Dolors eren quarts de set de la tarda del 21 de gener. La Dolors t\u00e9 la imatge d\u2019una ciutat fosca i freda.<\/p>\n<figure id=\"attachment_74364\" aria-describedby=\"caption-attachment-74364\" style=\"width: 449px\" class=\"wp-caption aligncenter\"><img decoding=\"async\" class=\" wp-image-74364\" src=\"https:\/\/www.memoria.cat\/dolors-martinez-montserrat-planas\/wp-content\/uploads\/sites\/212\/2025\/10\/001-fotos-pont-vell-manresa-nova-1-300x205.jpg\" alt=\"\" width=\"449\" height=\"307\" srcset=\"https:\/\/www.memoria.cat\/dolors-martinez-montserrat-planas\/wp-content\/uploads\/sites\/212\/2025\/10\/001-fotos-pont-vell-manresa-nova-1-300x205.jpg 300w, https:\/\/www.memoria.cat\/dolors-martinez-montserrat-planas\/wp-content\/uploads\/sites\/212\/2025\/10\/001-fotos-pont-vell-manresa-nova-1-768x526.jpg 768w, https:\/\/www.memoria.cat\/dolors-martinez-montserrat-planas\/wp-content\/uploads\/sites\/212\/2025\/10\/001-fotos-pont-vell-manresa-nova-1.jpg 900w\" sizes=\"(max-width: 449px) 100vw, 449px\" \/><figcaption id=\"caption-attachment-74364\" class=\"wp-caption-text\">Fotografia del Pont Vell destru\u00eft l&#8217;any 1939. Font: memoria.cat<\/figcaption><\/figure>\n","protected":false},"excerpt":{"rendered":"<p>Els motius per tornar La Montserrat va tenir sempre la intenci\u00f3 de tornar a Manresa per retrobar-se amb el seu primer fill, l\u2019Eliseu Castell\u00e0. La mort del Pedro va intensificar el seu desig de retorn. A trav\u00e9s de la Creu Roja va poder rebre informaci\u00f3 peri\u00f2dicament sobre la situaci\u00f3 del noi des de l\u2019any 1942. [&hellip;]<\/p>\n","protected":false},"author":71,"featured_media":0,"parent":0,"menu_order":0,"comment_status":"closed","ping_status":"closed","template":"","meta":{"iawp_total_views":61,"footnotes":""},"class_list":["post-74217","page","type-page","status-publish","hentry"],"_links":{"self":[{"href":"https:\/\/www.memoria.cat\/dolors-martinez-montserrat-planas\/wp-json\/wp\/v2\/pages\/74217","targetHints":{"allow":["GET"]}}],"collection":[{"href":"https:\/\/www.memoria.cat\/dolors-martinez-montserrat-planas\/wp-json\/wp\/v2\/pages"}],"about":[{"href":"https:\/\/www.memoria.cat\/dolors-martinez-montserrat-planas\/wp-json\/wp\/v2\/types\/page"}],"author":[{"embeddable":true,"href":"https:\/\/www.memoria.cat\/dolors-martinez-montserrat-planas\/wp-json\/wp\/v2\/users\/71"}],"replies":[{"embeddable":true,"href":"https:\/\/www.memoria.cat\/dolors-martinez-montserrat-planas\/wp-json\/wp\/v2\/comments?post=74217"}],"version-history":[{"count":8,"href":"https:\/\/www.memoria.cat\/dolors-martinez-montserrat-planas\/wp-json\/wp\/v2\/pages\/74217\/revisions"}],"predecessor-version":[{"id":74826,"href":"https:\/\/www.memoria.cat\/dolors-martinez-montserrat-planas\/wp-json\/wp\/v2\/pages\/74217\/revisions\/74826"}],"wp:attachment":[{"href":"https:\/\/www.memoria.cat\/dolors-martinez-montserrat-planas\/wp-json\/wp\/v2\/media?parent=74217"}],"curies":[{"name":"wp","href":"https:\/\/api.w.org\/{rel}","templated":true}]}}