{"id":74214,"date":"2025-09-17T17:14:06","date_gmt":"2025-09-17T16:14:06","guid":{"rendered":"https:\/\/www.memoria.cat\/dolors-martinez-montserrat-planas\/?page_id=74214"},"modified":"2025-10-23T16:27:52","modified_gmt":"2025-10-23T15:27:52","slug":"els-recors-de-la-dolors-martinez-planas-la-vida-a-simferopol","status":"publish","type":"page","link":"https:\/\/www.memoria.cat\/dolors-martinez-montserrat-planas\/els-recors-de-la-dolors-martinez-planas-la-vida-a-simferopol\/","title":{"rendered":"ELS RECORDS DE LA DOLORS MART\u00cdNEZ PLANAS A SIMFER\u00d2POL"},"content":{"rendered":"<p>&nbsp;<\/p>\n<p>El 10 de juliol del 1945 va n\u00e9ixer la Dolors a l\u2019hospital de Simfer\u00f2pol. M\u00e9s endavant, la Montserrat i el Pedro es van casar, el 9 de desembre de 1951. Cal recordar la situaci\u00f3 familiar de la parella: el Pedro era una persona casada anteriorment i tenia un fill; la Montserrat era v\u00eddua d\u2019Enric Castell\u00e0, mort el 1944 a Toulouse, i tamb\u00e9 tenia un fill.<\/p>\n<figure id=\"attachment_74781\" aria-describedby=\"caption-attachment-74781\" style=\"width: 309px\" class=\"wp-caption aligncenter\"><img fetchpriority=\"high\" decoding=\"async\" class=\" wp-image-74781\" src=\"https:\/\/www.memoria.cat\/dolors-martinez-montserrat-planas\/wp-content\/uploads\/sites\/212\/2025\/10\/2-Dolors2anysb-1-221x300.jpg\" alt=\"\" width=\"309\" height=\"419\" srcset=\"https:\/\/www.memoria.cat\/dolors-martinez-montserrat-planas\/wp-content\/uploads\/sites\/212\/2025\/10\/2-Dolors2anysb-1-221x300.jpg 221w, https:\/\/www.memoria.cat\/dolors-martinez-montserrat-planas\/wp-content\/uploads\/sites\/212\/2025\/10\/2-Dolors2anysb-1.jpg 662w\" sizes=\"(max-width: 309px) 100vw, 309px\" \/><figcaption id=\"caption-attachment-74781\" class=\"wp-caption-text\">Fotografia de la Dolors Mart\u00ednez Planas. 10 de juliol de 1945. Font: Col\u00b7lecci\u00f3 familiar.<\/figcaption><\/figure>\n<p>Primerament us parlem dels records de la Dolors, <a href=\"https:\/\/www.memoria.cat\/dolors-martinez-montserrat-planas\/la-casa-on-vivien-la-vida-quotidiana\/\"><u>de la casa on vivien i la vida quotidiana a Simfer\u00f2pol<\/u><\/a>. Despr\u00e9s, de <a href=\"https:\/\/www.memoria.cat\/dolors-martinez-montserrat-planas\/lescola-les-colonies\/\"><u>l&#8217;escola i de les col\u00f2nies<\/u><\/a>. Finalment del dolor\u00f3s record de <u><a href=\"https:\/\/www.memoria.cat\/dolors-martinez-montserrat-planas\/la-mort-del-pedro-martinez\/\">la mort del seu pare, el Pedro Mart\u00ednez<\/a>.<\/u><\/p>\n","protected":false},"excerpt":{"rendered":"<p>&nbsp; El 10 de juliol del 1945 va n\u00e9ixer la Dolors a l\u2019hospital de Simfer\u00f2pol. M\u00e9s endavant, la Montserrat i el Pedro es van casar, el 9 de desembre de 1951. Cal recordar la situaci\u00f3 familiar de la parella: el Pedro era una persona casada anteriorment i tenia un fill; la Montserrat era v\u00eddua d\u2019Enric [&hellip;]<\/p>\n","protected":false},"author":71,"featured_media":0,"parent":0,"menu_order":0,"comment_status":"closed","ping_status":"closed","template":"","meta":{"iawp_total_views":23,"footnotes":""},"class_list":["post-74214","page","type-page","status-publish","hentry"],"_links":{"self":[{"href":"https:\/\/www.memoria.cat\/dolors-martinez-montserrat-planas\/wp-json\/wp\/v2\/pages\/74214","targetHints":{"allow":["GET"]}}],"collection":[{"href":"https:\/\/www.memoria.cat\/dolors-martinez-montserrat-planas\/wp-json\/wp\/v2\/pages"}],"about":[{"href":"https:\/\/www.memoria.cat\/dolors-martinez-montserrat-planas\/wp-json\/wp\/v2\/types\/page"}],"author":[{"embeddable":true,"href":"https:\/\/www.memoria.cat\/dolors-martinez-montserrat-planas\/wp-json\/wp\/v2\/users\/71"}],"replies":[{"embeddable":true,"href":"https:\/\/www.memoria.cat\/dolors-martinez-montserrat-planas\/wp-json\/wp\/v2\/comments?post=74214"}],"version-history":[{"count":16,"href":"https:\/\/www.memoria.cat\/dolors-martinez-montserrat-planas\/wp-json\/wp\/v2\/pages\/74214\/revisions"}],"predecessor-version":[{"id":74782,"href":"https:\/\/www.memoria.cat\/dolors-martinez-montserrat-planas\/wp-json\/wp\/v2\/pages\/74214\/revisions\/74782"}],"wp:attachment":[{"href":"https:\/\/www.memoria.cat\/dolors-martinez-montserrat-planas\/wp-json\/wp\/v2\/media?parent=74214"}],"curies":[{"name":"wp","href":"https:\/\/api.w.org\/{rel}","templated":true}]}}