{"id":74203,"date":"2025-09-17T16:41:45","date_gmt":"2025-09-17T15:41:45","guid":{"rendered":"https:\/\/www.memoria.cat\/dolors-martinez-montserrat-planas\/?page_id=74203"},"modified":"2025-11-03T06:14:34","modified_gmt":"2025-11-03T05:14:34","slug":"lacollida-a-lurrs-i-el-seu-periple-pel-pais","status":"publish","type":"page","link":"https:\/\/www.memoria.cat\/dolors-martinez-montserrat-planas\/lacollida-a-lurrs-i-el-seu-periple-pel-pais\/","title":{"rendered":"L&#8217;ACOLLIDA A L&#8217;URSS I EL SEU PERIPLE PEL PA\u00cdS"},"content":{"rendered":"<p>&nbsp;<\/p>\n<p>La Montserrat explicava que a l\u2019URSS la van tractar b\u00e9 i que l\u2019estada va ser positiva, malgrat la dificultat amb l\u2019idioma i les conseq\u00fc\u00e8ncies de l\u2019estat de guerra que, mesos m\u00e9s tard, va viure el pa\u00eds. El govern de l\u2019URSS sempre li va\u00a0 proporcionar habitatge, treball i una assignaci\u00f3 com a ajuda. En general, els espanyols van ser ben tractats i es consideraven privilegiats. Podem dir que el govern de l\u2019URSS els discriminava positivament; van rebre un tracte millor que els propis ciutadans sovi\u00e8tics fins i tot en el context de les pen\u00faries que es van viure, com a conseq\u00fc\u00e8ncia de la Segona Guerra Mundial.<\/p>\n<p>L\u2019Estada a l\u2019URSS va tenir dues fases: una primera en qu\u00e8 el context internacional estava marcat per la Segona Guerra Mundial (1939-1945), i una segona, situada en la darrera etapa de l\u2019estalinisme (1945-1953).<\/p>\n<p>La Internacional Comunista va ser la promotora de l\u2019acollida dels espanyols a l\u2019URSS. Els referents dels refugiats espanyols van ser, d\u2019una banda, la Creu Roja i el Socors Internacional i, de l\u2019altra, el PCUS (6), del qual formaven part nom\u00e9s per ser militants del PCE o del PSUC. En realitat, la NKVD (7) els va mantenir controlats. Va ser un control molt estricte de manera que centenars d\u2019espanyols van anar a parar a camps de treball i de c\u00e0stig per ser considerats perillosos i desafectes al r\u00e8gim comunista. Els motius podien ser molt diversos, per\u00f2 malauradament, en moltes ocasions va ser a causa de delacions provocades per conflictes entre els mateixos espanyols.<\/p>\n<p>A continuaci\u00f3 us fem la descripci\u00f3 de l\u2019itinerari i l\u2019estada de la Montserrat i el Pedro per diverses ciutats de l\u2019URSS. En una primera fase la Montserrat va viatjar i va fer estada a les ciutats de <a href=\"https:\/\/www.memoria.cat\/dolors-martinez-montserrat-planas\/jarkiv-podolsk-moscou\/\"><u>Leningrad, J\u00e0rkiv, Podolsk, Moscou<\/u><\/a>. Seguidament, expliquem com l&#8217;esclat de <a href=\"https:\/\/www.memoria.cat\/dolors-martinez-montserrat-planas\/la-segona-guerra-mundial-kokand\/\"><u>la Segona Guerra Mundial<\/u><\/a> va portar a la Montserrat i al Pedro cap a l&#8217;Uzbequist\u00e1n, concretament a la ciutat de <a href=\"https:\/\/www.memoria.cat\/dolors-martinez-montserrat-planas\/la-segona-guerra-mundial-kokand\/\"><u>Kokand<\/u>.<\/a> Finalment expliquem com, a la fi del conflicte b\u00e8l\u00b7lic, es van traslladar a Crimea, a la ciutat de <a href=\"https:\/\/www.memoria.cat\/dolors-martinez-montserrat-planas\/simferopol\/\"><u>Simfer\u00f2pol<\/u><\/a> on van comen\u00e7ar una nova vida.<\/p>\n<p><strong>7.PCUS. Partit Comunista de la Uni\u00f3 Sovi\u00e8tica, va tenir activitat entre el 1918 i el 1991, essent l\u2019\u00fanic partit pol\u00edtic legal a l\u2019URSS i una de les organitzacions comunistes m\u00e9s grans del m\u00f3n.<\/strong><\/p>\n<p><strong>8.NKVD. Comissariat del Poble per Assumptes Interns de la Uni\u00f3 Sovi\u00e8tica, era la policia secreta i pol\u00edtica del pa\u00eds (1934-46).<\/strong><\/p>\n","protected":false},"excerpt":{"rendered":"<p>&nbsp; La Montserrat explicava que a l\u2019URSS la van tractar b\u00e9 i que l\u2019estada va ser positiva, malgrat la dificultat amb l\u2019idioma i les conseq\u00fc\u00e8ncies de l\u2019estat de guerra que, mesos m\u00e9s tard, va viure el pa\u00eds. El govern de l\u2019URSS sempre li va\u00a0 proporcionar habitatge, treball i una assignaci\u00f3 com a ajuda. En general, [&hellip;]<\/p>\n","protected":false},"author":71,"featured_media":0,"parent":0,"menu_order":0,"comment_status":"closed","ping_status":"closed","template":"","meta":{"iawp_total_views":17,"footnotes":""},"class_list":["post-74203","page","type-page","status-publish","hentry"],"_links":{"self":[{"href":"https:\/\/www.memoria.cat\/dolors-martinez-montserrat-planas\/wp-json\/wp\/v2\/pages\/74203","targetHints":{"allow":["GET"]}}],"collection":[{"href":"https:\/\/www.memoria.cat\/dolors-martinez-montserrat-planas\/wp-json\/wp\/v2\/pages"}],"about":[{"href":"https:\/\/www.memoria.cat\/dolors-martinez-montserrat-planas\/wp-json\/wp\/v2\/types\/page"}],"author":[{"embeddable":true,"href":"https:\/\/www.memoria.cat\/dolors-martinez-montserrat-planas\/wp-json\/wp\/v2\/users\/71"}],"replies":[{"embeddable":true,"href":"https:\/\/www.memoria.cat\/dolors-martinez-montserrat-planas\/wp-json\/wp\/v2\/comments?post=74203"}],"version-history":[{"count":12,"href":"https:\/\/www.memoria.cat\/dolors-martinez-montserrat-planas\/wp-json\/wp\/v2\/pages\/74203\/revisions"}],"predecessor-version":[{"id":74830,"href":"https:\/\/www.memoria.cat\/dolors-martinez-montserrat-planas\/wp-json\/wp\/v2\/pages\/74203\/revisions\/74830"}],"wp:attachment":[{"href":"https:\/\/www.memoria.cat\/dolors-martinez-montserrat-planas\/wp-json\/wp\/v2\/media?parent=74203"}],"curies":[{"name":"wp","href":"https:\/\/api.w.org\/{rel}","templated":true}]}}