{"id":74199,"date":"2025-09-17T16:37:46","date_gmt":"2025-09-17T15:37:46","guid":{"rendered":"https:\/\/www.memoria.cat\/dolors-martinez-montserrat-planas\/?page_id=74199"},"modified":"2025-11-02T10:55:00","modified_gmt":"2025-11-02T09:55:00","slug":"els-motius-per-marxar","status":"publish","type":"page","link":"https:\/\/www.memoria.cat\/dolors-martinez-montserrat-planas\/els-motius-per-marxar\/","title":{"rendered":"ELS MOTIUS PER MARXAR"},"content":{"rendered":"<p>&nbsp;<\/p>\n<h2>La Montserrat Planas<\/h2>\n<p>El 23 de gener del 1939, les tropes franquistes eren a l\u2019entrada de la ciutat de Manresa. La derrota de les forces republicanes a la Batalla de l\u2019Ebre va ser el cop definitiu per a la Rep\u00fablica a Catalunya. La zona republicana es va partir en dos; amb un territori al sud de l\u2019Ebre controlat pels republicans, i la zona de Catalunya, amb una fugida en massa de l\u2019ex\u00e8rcit republic\u00e0 i de molts pol\u00edtics, sindicalistes i persones que, per haver-se significat durant la II Rep\u00fablica, temien qu\u00e8 els pogu\u00e9s passar amb l\u2019arribada del feixisme franquista. Va ser l\u2019anomenada \u201cRetirada\u201d, en la qual milers de ciutadans espanyols van travessar la frontera francesa.<\/p>\n<p>En aquell context, la Montserrat Planas podia patir repres\u00e0lies. La seva implicaci\u00f3 en el m\u00f3n sindical i pol\u00edtic -formant part del PSUC i arribant a ser regidora de l\u2019Ajuntament de Manresa- era prou important perqu\u00e8 les autoritats franquistes l\u2019haguessin empresonat o, potser, executat. Era una persona popular i coneguda per les seves intervencions a la f\u00e0brica, pels seus discursos en m\u00edtings, i per les seves reponsabilitats municipals.<\/p>\n<p>La decisi\u00f3 de marxar la va prendre en el darrer moment, el dia 23 de gener, el dia abans de l\u2019entrada de l\u2019ex\u00e8rcit franquista a Manresa. Va ser a l\u2019Ajuntament fins al final, essent la darrera persona del consistori a abandonar-lo. L\u2019arribada a l\u2019Ajuntament d\u2019un cotxe amb responsables de la seguretat del PSUC la va for\u00e7ar a prendre la decisi\u00f3. Ella no va ni passar per casa. A trav\u00e9s d\u2019una nota, va fer saber al seu marit que se l\u2019enduien cap a Fran\u00e7a i li va demanar que ell es qued\u00e9s\u00a0 per tenir cura \u00a0del seu fill.<\/p>\n<p>M\u00e9s endavant, va ser ell, l\u2019Enric Castell\u00e0, qui va decidir marxar tamb\u00e9 cap a Fran\u00e7a amb la intenci\u00f3 de trobar-la. I tamb\u00e9 va ser ell qui va decidir que el seu fill Eliseu s\u2019havia de quedar a casa d\u2019uns parents, a Navarcles, ja que el van conv\u00e8ncer que un viatge com aquell era massa perill\u00f3s per a un nen de set anys. \u00a0El cotxe que la va recollir davant l\u2019Ajuntament va portar\u00a0 la Montserrat fins a Fran\u00e7a, on va anar a parar al camp d\u2019Argelers.<\/p>\n<figure id=\"attachment_74272\" aria-describedby=\"caption-attachment-74272\" style=\"width: 358px\" class=\"wp-caption aligncenter\"><img fetchpriority=\"high\" decoding=\"async\" class=\" wp-image-74272\" src=\"https:\/\/www.memoria.cat\/dolors-martinez-montserrat-planas\/wp-content\/uploads\/sites\/212\/2025\/09\/1938.06.01-Consell-Municipal-241x300.jpg\" alt=\"\" width=\"358\" height=\"446\" srcset=\"https:\/\/www.memoria.cat\/dolors-martinez-montserrat-planas\/wp-content\/uploads\/sites\/212\/2025\/09\/1938.06.01-Consell-Municipal-241x300.jpg 241w, https:\/\/www.memoria.cat\/dolors-martinez-montserrat-planas\/wp-content\/uploads\/sites\/212\/2025\/09\/1938.06.01-Consell-Municipal-822x1024.jpg 822w, https:\/\/www.memoria.cat\/dolors-martinez-montserrat-planas\/wp-content\/uploads\/sites\/212\/2025\/09\/1938.06.01-Consell-Municipal-768x957.jpg 768w, https:\/\/www.memoria.cat\/dolors-martinez-montserrat-planas\/wp-content\/uploads\/sites\/212\/2025\/09\/1938.06.01-Consell-Municipal-1233x1536.jpg 1233w, https:\/\/www.memoria.cat\/dolors-martinez-montserrat-planas\/wp-content\/uploads\/sites\/212\/2025\/09\/1938.06.01-Consell-Municipal.jpg 1556w\" sizes=\"(max-width: 358px) 100vw, 358px\" \/><figcaption id=\"caption-attachment-74272\" class=\"wp-caption-text\">Retall del diari manres\u00e0 \u201cUGT\u201d de l\u20191 de maig de 1938, en qu\u00e8 s\u2019informa dels canvis en el consistori i on consta el nomenament de Montserrat Planas com a regidora de l\u2019Ajuntament. Font: Arxiu Comarcal del Bages.<\/figcaption><\/figure>\n<h2>El Pedro Mart\u00ednez<\/h2>\n<p>Pedro Mart\u00ednez va fugir el 29 d\u2019abril des d\u2019Alacant. En aquell moment, l\u2019ex\u00e8rcit franquista estava a punt de controlar tot el territori de l\u2019Estat espanyol. La ciutat d\u2019Alacant va ser sotmesa a intensos bombardejos i des del port embarcaven milers de persones que fugien de les possibles repres\u00e0lies dels franquistes. El dia 1 d\u2019abril es va acabar la guerra.<\/p>\n<p>Pedro Mart\u00ednez era una d\u2019aquelles persones amb molts motius per t\u00e9mer repres\u00e0lies del franquisme. Al seu passat revolucionari -havia participat en mobilitzacions importants com els fets d\u2019octubre del 1934, que el van portar a la clandestinitat i a un breu exili- s\u2019hi havien d\u2019afegir els diferents c\u00e0rrecs dirigents que va ostentar com a republic\u00e0 i comunista durant la guerra.<\/p>\n<p>La fugida li va organitzar el PCE. El 26 de mar\u00e7 de 1939, el Pedro, per ordre del Bureau Pol\u00edtic, va marxar cap a Alacant d\u2019on en va sortir el 29 de mar\u00e7 a bord del vaixell <em>Mar\u00edtima<\/em> en direcci\u00f3 a Or\u00e0. En arribar-hi, va ser internat en un camp de concentraci\u00f3.<\/p>\n<figure id=\"attachment_74523\" aria-describedby=\"caption-attachment-74523\" style=\"width: 391px\" class=\"wp-caption aligncenter\"><img decoding=\"async\" class=\" wp-image-74523\" src=\"https:\/\/www.memoria.cat\/dolors-martinez-montserrat-planas\/wp-content\/uploads\/sites\/212\/2025\/10\/barco-mercante-maritima-300x151.jpg\" alt=\"\" width=\"391\" height=\"197\" srcset=\"https:\/\/www.memoria.cat\/dolors-martinez-montserrat-planas\/wp-content\/uploads\/sites\/212\/2025\/10\/barco-mercante-maritima-300x151.jpg 300w, https:\/\/www.memoria.cat\/dolors-martinez-montserrat-planas\/wp-content\/uploads\/sites\/212\/2025\/10\/barco-mercante-maritima.jpg 600w\" sizes=\"(max-width: 391px) 100vw, 391px\" \/><figcaption id=\"caption-attachment-74523\" class=\"wp-caption-text\">Vaixell mercant Mar\u00edtima. Va salpar del port d&#8217;Alacant el 29 de mar\u00e7 de 1939 direcci\u00f3 Or\u00e0 ple d&#8217;exiliats espanyols. https:\/\/alicantepedia.com\/fotografias\/maritima-pasajeros-y-tripulaci%C3%B3n<\/figcaption><\/figure>\n","protected":false},"excerpt":{"rendered":"<p>&nbsp; La Montserrat Planas El 23 de gener del 1939, les tropes franquistes eren a l\u2019entrada de la ciutat de Manresa. La derrota de les forces republicanes a la Batalla de l\u2019Ebre va ser el cop definitiu per a la Rep\u00fablica a Catalunya. La zona republicana es va partir en dos; amb un territori al [&hellip;]<\/p>\n","protected":false},"author":71,"featured_media":0,"parent":0,"menu_order":0,"comment_status":"closed","ping_status":"closed","template":"","meta":{"iawp_total_views":13,"footnotes":""},"class_list":["post-74199","page","type-page","status-publish","hentry"],"_links":{"self":[{"href":"https:\/\/www.memoria.cat\/dolors-martinez-montserrat-planas\/wp-json\/wp\/v2\/pages\/74199","targetHints":{"allow":["GET"]}}],"collection":[{"href":"https:\/\/www.memoria.cat\/dolors-martinez-montserrat-planas\/wp-json\/wp\/v2\/pages"}],"about":[{"href":"https:\/\/www.memoria.cat\/dolors-martinez-montserrat-planas\/wp-json\/wp\/v2\/types\/page"}],"author":[{"embeddable":true,"href":"https:\/\/www.memoria.cat\/dolors-martinez-montserrat-planas\/wp-json\/wp\/v2\/users\/71"}],"replies":[{"embeddable":true,"href":"https:\/\/www.memoria.cat\/dolors-martinez-montserrat-planas\/wp-json\/wp\/v2\/comments?post=74199"}],"version-history":[{"count":10,"href":"https:\/\/www.memoria.cat\/dolors-martinez-montserrat-planas\/wp-json\/wp\/v2\/pages\/74199\/revisions"}],"predecessor-version":[{"id":74829,"href":"https:\/\/www.memoria.cat\/dolors-martinez-montserrat-planas\/wp-json\/wp\/v2\/pages\/74199\/revisions\/74829"}],"wp:attachment":[{"href":"https:\/\/www.memoria.cat\/dolors-martinez-montserrat-planas\/wp-json\/wp\/v2\/media?parent=74199"}],"curies":[{"name":"wp","href":"https:\/\/api.w.org\/{rel}","templated":true}]}}