{"id":74197,"date":"2025-09-17T16:37:16","date_gmt":"2025-09-17T15:37:16","guid":{"rendered":"https:\/\/www.memoria.cat\/dolors-martinez-montserrat-planas\/?page_id=74197"},"modified":"2025-10-30T23:37:47","modified_gmt":"2025-10-30T22:37:47","slug":"biografia-de-pedro-martinez","status":"publish","type":"page","link":"https:\/\/www.memoria.cat\/dolors-martinez-montserrat-planas\/biografia-de-pedro-martinez\/","title":{"rendered":"BIOGRAFIA DE PEDRO MART\u00cdNEZ"},"content":{"rendered":"<p>&nbsp;<\/p>\n<h2>Infantesa i joventud<\/h2>\n<p>Pedro Mart\u00ednez Jim\u00e9nez va n\u00e9ixer a Linares (Ja\u00e9n) el 29 de juny de 1907. Quan tenia 11 anys va tenir un accident a conseq\u00fc\u00e8ncia del qual va quedar coix i per aquest motiu no va haver d\u2019anar a la guerra. El seu ofici era sabater. L\u2019any 1928 va entrar a formar part del Partit Comunista d\u2019Espanya i de la UGT. De ben jove va participar en activitats revolucion\u00e0ries i, l\u2019any 1930, en les vagues que van precedir a la caiguda de la Dictadura del general Primo de Rivera i la posterior caiguda de la monarquia.<\/p>\n<h2>El comprom\u00eds pol\u00edtic<\/h2>\n<p>El desembre del 1931, va formar part del comit\u00e9 que va dirigir durant quatre mesos la vaga del sabaters de Madrid. L\u2019any 1932 va ser membre de la direcci\u00f3 del <em>Sindicato de Zapateros<\/em> de Madrid. Posteriorment es va traslladar a Linares i, com a membre del Comit\u00e8 Provincial del Partit Comunista d\u2019Espanya, va formar part de la direcci\u00f3 de les vagues que van protagonitzar els miners de la zona.<\/p>\n<p>Des del 1932 ja no va realizar cap altra feina que no fos la de reorganitzar i dirigir el PC a les prov\u00edncies de C\u00f2rdova i Ja\u00e9n, per la qual cosa va ser perseguit i fitxat, i va portar una vida al llindar de la legalitat. El novembre del 1933 va ser candidat a diputat a Corts pel PCE. El juny de 1934 va comen\u00e7ar a tot l\u2019Estat la vaga general dels camperols, i ell en va ser el principal dirigent a la prov\u00edncia de C\u00f2rdova. El 21 de juny va ser detingut i empresonat durant tres mesos fins que va ser alliberat per la pressi\u00f3 del sindicat.<\/p>\n<p>El 4 d\u2019octubre va comen\u00e7ar a Espanya una vaga general que, a Ast\u00faries, es va convertir en una revoluci\u00f3 socialista. A Catalunya, el president Llu\u00eds Compays va proclamar l\u2019Estat Catal\u00e0 i es va produir la detenci\u00f3 del govern. El Pedro va ser perseguit i va passar a la clandestinitat, fins que el Comit\u00e8 Central del PC li va facilitar la sortida a Fran\u00e7a on va romandre dos mesos de forma il\u00b7legal, fins que es va embarcar al port d\u2019Anvers en el vaixell \u201cRion\u201d en direcci\u00f3 a l\u2019URSS, on va arribar Novorossysk el mar\u00e7 de 1935.<\/p>\n<h2>La guerra civil<\/h2>\n<p>Va viure a l\u2019URSS fins al mar\u00e7 de 1936, concretament a Moscou, on va estudiar a l\u2019Escola Internacional Leninista. A l\u2019abril de 1936, amb el triomf del Front Popular, va tornar a Espanya i es va casar. Per indicaci\u00f3 del Comit\u00e8 Central va passar a formar part del Comit\u00e8 Provincial de Ja\u00e9n com a Secretari d\u2019Organitzaci\u00f3. El 18 de juliol de 1936 es va produir la sublevaci\u00f3 militar i, com a membre del Comit\u00e8 Provincial del Front Popular, va actuar a Ja\u00e9n per frenar-la, cosa que es va aconseguir.<\/p>\n<p>De juny de 1936 a juny de 1937 va ser conseller d\u2019Abastiments a la prov\u00edncia de Ja\u00e9n i, durant aquest per\u00edode, va n\u00e9ixer el seu fill. El mar\u00e7 de 1937 va ser escollit membre del Comit\u00e8 Central del PC i el mes de juny va passar a treballar a Val\u00e8ncia a la secretaria d\u2019organitzaci\u00f3 del partit. El 1938 el Bureau Pol\u00edtic del partit s\u2019ubic\u00e0 a Barcelona, i ell va ser destinat a Albacete en qualitat d\u2019instructor del Comit\u00e8 Central fins al 26 de mar\u00e7 quan, per ordre del Bureau Pol\u00edtic, va marxar cap a Alacant per sortir d\u2019Espanya.<\/p>\n<p>L&#8217;Exili: Alg\u00e8ria-l&#8217;URSS<\/p>\n<p>Va sortir d\u2019Alacant el 29 de mar\u00e7 de l\u2019any 1939. Va arribar a Or\u00e0 (Alg\u00e8ria francesa) el 2 d\u2019abril, on va ser internat en un camp de concentraci\u00f3 fins al 5 de maig, quan va ser reclamat per l\u2019embaixada sovi\u00e8tica per sortir cap a l\u2019URSS. Des d\u2019Or\u00e0 va viatjar cap a Marsella i d\u2019all\u00e0 amb tren cap al port de Le Havre, al nord de Fran\u00e7a, i a continuaci\u00f3 va viatjar fins a Leningrad. Des d\u2019all\u00e0 va passar a J\u00e1rkiv i despr\u00e9s a Moscou, on, des del juliol de 1939, va treballar per a la Junta Central del partit fins que l\u2019any 1941, a la capital, va iniciar la seva relaci\u00f3 amb la Montserrat Planas.<\/p>\n<p>A l\u2019octubre de 1941 va ser evacuat a Kokand (Uzbekistan). El novembre de 1944, tots els emigrants que vivien a Kokand van ser traslladats a Crimea. All\u00e0 va comen\u00e7ar a treballar en el sector agrari fins al juny de 1945, quan, per indicacions de la delegaci\u00f3 del PC d\u2019Espanya a Moscou i del Comit\u00e8 Central, es va traslladar a viure a Simfer\u00f2pol, on va treballar com a instructor del M.O.P.R. (4) fins al 1947. Va passar un temps formant-se a Moscou. Aquell mateix any va n\u00e9ixer la Dolors, la seva filla. El desembre de 1951 es va casar amb la Montserrat Planas. Va morir el gener de 1952.<\/p>\n<figure id=\"attachment_74779\" aria-describedby=\"caption-attachment-74779\" style=\"width: 270px\" class=\"wp-caption aligncenter\"><img fetchpriority=\"high\" decoding=\"async\" class=\" wp-image-74779\" src=\"https:\/\/www.memoria.cat\/dolors-martinez-montserrat-planas\/wp-content\/uploads\/sites\/212\/2025\/10\/8-PedroMb-1-201x300.jpg\" alt=\"\" width=\"270\" height=\"403\" srcset=\"https:\/\/www.memoria.cat\/dolors-martinez-montserrat-planas\/wp-content\/uploads\/sites\/212\/2025\/10\/8-PedroMb-1-201x300.jpg 201w, https:\/\/www.memoria.cat\/dolors-martinez-montserrat-planas\/wp-content\/uploads\/sites\/212\/2025\/10\/8-PedroMb-1.jpg 600w\" sizes=\"(max-width: 270px) 100vw, 270px\" \/><figcaption id=\"caption-attachment-74779\" class=\"wp-caption-text\">Fotografia de Pedro Mart\u00ednez Jim\u00e9nez. Font: Col\u00b7lecci\u00f3 familiar.<\/figcaption><\/figure>\n<h6>4.M.O.P.R. Organitzaci\u00f3 establerta per Komintern l\u2019any 1922 per coordinar el suport material i moral als anomenats \u201cPresoners de la guerra de classes\u201d arreu del m\u00f3n.<\/h6>\n","protected":false},"excerpt":{"rendered":"<p>&nbsp; Infantesa i joventud Pedro Mart\u00ednez Jim\u00e9nez va n\u00e9ixer a Linares (Ja\u00e9n) el 29 de juny de 1907. Quan tenia 11 anys va tenir un accident a conseq\u00fc\u00e8ncia del qual va quedar coix i per aquest motiu no va haver d\u2019anar a la guerra. El seu ofici era sabater. L\u2019any 1928 va entrar a formar [&hellip;]<\/p>\n","protected":false},"author":71,"featured_media":0,"parent":0,"menu_order":0,"comment_status":"closed","ping_status":"closed","template":"","meta":{"iawp_total_views":27,"footnotes":""},"class_list":["post-74197","page","type-page","status-publish","hentry"],"_links":{"self":[{"href":"https:\/\/www.memoria.cat\/dolors-martinez-montserrat-planas\/wp-json\/wp\/v2\/pages\/74197","targetHints":{"allow":["GET"]}}],"collection":[{"href":"https:\/\/www.memoria.cat\/dolors-martinez-montserrat-planas\/wp-json\/wp\/v2\/pages"}],"about":[{"href":"https:\/\/www.memoria.cat\/dolors-martinez-montserrat-planas\/wp-json\/wp\/v2\/types\/page"}],"author":[{"embeddable":true,"href":"https:\/\/www.memoria.cat\/dolors-martinez-montserrat-planas\/wp-json\/wp\/v2\/users\/71"}],"replies":[{"embeddable":true,"href":"https:\/\/www.memoria.cat\/dolors-martinez-montserrat-planas\/wp-json\/wp\/v2\/comments?post=74197"}],"version-history":[{"count":9,"href":"https:\/\/www.memoria.cat\/dolors-martinez-montserrat-planas\/wp-json\/wp\/v2\/pages\/74197\/revisions"}],"predecessor-version":[{"id":74824,"href":"https:\/\/www.memoria.cat\/dolors-martinez-montserrat-planas\/wp-json\/wp\/v2\/pages\/74197\/revisions\/74824"}],"wp:attachment":[{"href":"https:\/\/www.memoria.cat\/dolors-martinez-montserrat-planas\/wp-json\/wp\/v2\/media?parent=74197"}],"curies":[{"name":"wp","href":"https:\/\/api.w.org\/{rel}","templated":true}]}}